{"id":1002,"date":"2024-12-21T06:51:59","date_gmt":"2024-12-21T06:51:59","guid":{"rendered":"https:\/\/www.linkceramics.com\/?post_type=product&#038;p=1002"},"modified":"2024-12-21T06:52:00","modified_gmt":"2024-12-21T06:52:00","slug":"oriental-wholesale-crockery","status":"publish","type":"product","link":"https:\/\/www.linkceramics.com\/de\/product\/oriental-wholesale-crockery\/","title":{"rendered":"Orientalisches Gro\u00dfhandelsgeschirr, graues und gr\u00fcnes Bulk-Geschirr f\u00fcr Restaurant"},"content":{"rendered":"<div class=\"wp-block-columns is-layout-flex wp-container-core-columns-is-layout-9d6595d7 wp-block-columns-is-layout-flex\">\n<div class=\"wp-block-column is-layout-flow wp-block-column-is-layout-flow\">\n<h3 class=\"wp-block-heading\">Hochwertiges orientalisches Gro\u00dfhandelsgeschirr Eigenschaften:<\/h3>\n\n\n\n<ul class=\"wp-block-list\">\n<li><strong>Design im orientalischen Stil:\u00a0<\/strong>Inspiriert von der einfachen orientalischen \u00c4sthetik, nimmt unsere orientalische Geschirrserie das klassische Farbschema von Grau und Gr\u00fcn an, um einen frischen und nat\u00fcrlichen visuellen Effekt zu schaffen, der f\u00fcr alle Arten von Esstischumgebungen geeignet ist und dem Restaurant eine elegante Atmosph\u00e4re verleiht.<\/li>\n\n\n\n<li><strong>Hochwertige individuelle Handwerkskunst:\u00a0<\/strong>Die Glasur ist glatt und fein, was nicht nur die Haltbarkeit des Produkts verbessert, sondern auch jedem Geschirr eine einzigartige Textur und ein hochwertiges Aussehen verleiht.<\/li>\n\n\n\n<li><strong>Mehrere Spezifikationen zur Auswahl:\u00a0<\/strong>Unser orientalisches Gro\u00dfhandelsgeschirr bietet eine Vielzahl von Sch\u00fcsseln, Tellern und L\u00f6ffeln, die f\u00fcr verschiedene Arten von Gerichten geeignet sind, egal ob es sich um westliche, \u00f6stliche oder Fusionsk\u00fcche handelt, es kann leicht angepasst werden.<\/li>\n\n\n\n<li><strong>Hohe Haltbarkeit und leicht zu reinigen:\u00a0<\/strong>Dieses Massengeschirr ist nicht nur widerstandsf\u00e4hig gegen hohe Temperaturen, Kratzer und Abnutzung, sondern auch leicht zu reinigen. Das hochfeste keramische Material gew\u00e4hrleistet Sicherheit und Zuverl\u00e4ssigkeit f\u00fcr den langfristigen Gebrauch.<\/li>\n<\/ul>\n<\/div>\n\n\n\n<div class=\"wp-block-column is-layout-flow wp-block-column-is-layout-flow\">\n<figure class=\"wp-block-image size-full\"><img decoding=\"async\" width=\"800\" height=\"800\" src=\"https:\/\/www.linkceramics.com\/wp-content\/uploads\/2024\/12\/Oriental-Wholesale-Crockery-Bulk-Dinnerware-For-Restaurant-04.webp\" alt=\"Orientalischer-Gro\u00dfhandel-Geschirr-Gro\u00dfhandel-Geschirr-F\u00fcr-Restaurant-04\" class=\"wp-image-1003\" srcset=\"https:\/\/www.linkceramics.com\/wp-content\/uploads\/2024\/12\/Oriental-Wholesale-Crockery-Bulk-Dinnerware-For-Restaurant-04.webp 800w, https:\/\/www.linkceramics.com\/wp-content\/uploads\/2024\/12\/Oriental-Wholesale-Crockery-Bulk-Dinnerware-For-Restaurant-04-300x300.webp 300w, https:\/\/www.linkceramics.com\/wp-content\/uploads\/2024\/12\/Oriental-Wholesale-Crockery-Bulk-Dinnerware-For-Restaurant-04-150x150.webp 150w, https:\/\/www.linkceramics.com\/wp-content\/uploads\/2024\/12\/Oriental-Wholesale-Crockery-Bulk-Dinnerware-For-Restaurant-04-768x768.webp 768w, https:\/\/www.linkceramics.com\/wp-content\/uploads\/2024\/12\/Oriental-Wholesale-Crockery-Bulk-Dinnerware-For-Restaurant-04-600x600.webp 600w, https:\/\/www.linkceramics.com\/wp-content\/uploads\/2024\/12\/Oriental-Wholesale-Crockery-Bulk-Dinnerware-For-Restaurant-04-100x100.webp 100w\" sizes=\"(max-width: 800px) 100vw, 800px\" \/><\/figure>\n<\/div>\n<\/div>","protected":false},"excerpt":{"rendered":"<p>Willkommen zum Kauf von Massengeschirr. Unser orientalisches Gro\u00dfhandel Geschirr Serie nimmt eine einfache orientalischen Stil Design. Die graue und gr\u00fcne Farbe, die zusammenpasst, pr\u00e4sentiert eine elegante und nat\u00fcrliche Sch\u00f6nheit, die besonders f\u00fcr gehobene Esspl\u00e4tze wie Restaurants geeignet ist. Die Produkte sind mit fortschrittlicher Technologie hergestellt, mit glatten und zarten Glasur, langlebig und leicht zu reinigen, die Gew\u00e4hrleistung Komfort und langfristige Haltbarkeit im t\u00e4glichen Gebrauch.<\/p>\n<h2>Orientalischer Gro\u00dfhandel f\u00fcr Geschirr Parameter<\/h2>\n<table border=\"0\" width=\"309\" cellspacing=\"0\" cellpadding=\"0\">\n<tbody>\n<tr>\n<td width=\"120\" height=\"17\">Hersteller<\/td>\n<td width=\"189\">Yongjian<\/td>\n<\/tr>\n<tr>\n<td height=\"18\">Modell Nr.<\/td>\n<td width=\"189\">YJ-063<\/td>\n<\/tr>\n<tr>\n<td width=\"120\" height=\"18\">Essgeschirr Typ<\/td>\n<td width=\"189\">Platten, Teller, Schalen, L\u00f6ffel<\/td>\n<\/tr>\n<tr>\n<td height=\"17\">Technik<\/td>\n<td>Ofenglasur-Effekt<\/td>\n<\/tr>\n<tr>\n<td height=\"17\">Material<\/td>\n<td>Porzellan<\/td>\n<\/tr>\n<tr>\n<td height=\"36\">Anwendbar<\/td>\n<td width=\"189\">Sterilisator, Geschirrsp\u00fcler, Backofen, Mikrowelle<\/td>\n<\/tr>\n<tr>\n<td height=\"17\">Dimension<\/td>\n<td>Als Bild<\/td>\n<\/tr>\n<tr>\n<td height=\"17\">MOQ<\/td>\n<td>500St\u00fcck<\/td>\n<\/tr>\n<tr>\n<td height=\"17\">Benutzerdefiniert<\/td>\n<td>Farbe\/Gr\u00f6\u00dfe\/Logo\/Verpackung<\/td>\n<\/tr>\n<\/tbody>\n<\/table>","protected":false},"featured_media":1004,"comment_status":"open","ping_status":"closed","template":"","meta":{"_acf_changed":true},"certification":[63,64,66,58,65,61,60,62,57],"product_brand":[],"product_cat":[34,18],"product_tag":[],"class_list":{"0":"post-1002","1":"product","2":"type-product","3":"status-publish","4":"has-post-thumbnail","6":"certification-amfori","7":"certification-bsci","8":"certification-cnas","9":"certification-fda","10":"certification-iaf","11":"certification-iso-14001","12":"certification-iso-45001","13":"certification-iso-9001","14":"certification-lfgb","15":"product_cat-custom-household-ceramics","16":"product_cat-ceramic-tableware-wholesale","18":"first","19":"instock","20":"shipping-taxable","21":"product-type-simple"},"acf":[],"_links":{"self":[{"href":"https:\/\/www.linkceramics.com\/de\/wp-json\/wp\/v2\/product\/1002","targetHints":{"allow":["GET"]}}],"collection":[{"href":"https:\/\/www.linkceramics.com\/de\/wp-json\/wp\/v2\/product"}],"about":[{"href":"https:\/\/www.linkceramics.com\/de\/wp-json\/wp\/v2\/types\/product"}],"replies":[{"embeddable":true,"href":"https:\/\/www.linkceramics.com\/de\/wp-json\/wp\/v2\/comments?post=1002"}],"wp:featuredmedia":[{"embeddable":true,"href":"https:\/\/www.linkceramics.com\/de\/wp-json\/wp\/v2\/media\/1004"}],"wp:attachment":[{"href":"https:\/\/www.linkceramics.com\/de\/wp-json\/wp\/v2\/media?parent=1002"}],"wp:term":[{"taxonomy":"certification","embeddable":true,"href":"https:\/\/www.linkceramics.com\/de\/wp-json\/wp\/v2\/certification?post=1002"},{"taxonomy":"product_brand","embeddable":true,"href":"https:\/\/www.linkceramics.com\/de\/wp-json\/wp\/v2\/product_brand?post=1002"},{"taxonomy":"product_cat","embeddable":true,"href":"https:\/\/www.linkceramics.com\/de\/wp-json\/wp\/v2\/product_cat?post=1002"},{"taxonomy":"product_tag","embeddable":true,"href":"https:\/\/www.linkceramics.com\/de\/wp-json\/wp\/v2\/product_tag?post=1002"}],"curies":[{"name":"wp","href":"https:\/\/api.w.org\/{rel}","templated":true}]}}