{"id":1009,"date":"2024-12-21T06:52:38","date_gmt":"2024-12-21T06:52:38","guid":{"rendered":"https:\/\/www.linkceramics.com\/?post_type=product&#038;p=1009"},"modified":"2024-12-21T06:52:40","modified_gmt":"2024-12-21T06:52:40","slug":"bulk-dinnerware-sets","status":"publish","type":"product","link":"https:\/\/www.linkceramics.com\/de\/product\/bulk-dinnerware-sets\/","title":{"rendered":"Bulk-Geschirr-Sets, Diner-Sets im japanischen Stil f\u00fcr Izakayas"},"content":{"rendered":"<div class=\"wp-block-columns is-layout-flex wp-container-core-columns-is-layout-9d6595d7 wp-block-columns-is-layout-flex\">\n<div class=\"wp-block-column is-layout-flow wp-block-column-is-layout-flow\">\n<h3 class=\"wp-block-heading\">Premium Bulk-Geschirrsets Merkmale:<\/h3>\n\n\n\n<ul class=\"wp-block-list\">\n<li><strong>Japanischer Stil:\u00a0<\/strong>Diese gro\u00dfvolumigen Geschirrsets sind von japanischen Izakayas inspiriert und spiegeln mit ihrem schlichten und eleganten Design und den weichen Linien die Essenz der traditionellen japanischen \u00c4sthetik wider.<\/li>\n\n\n\n<li><strong>Robuste Textur:\u00a0<\/strong>Unsere Essgeschirre f\u00fcr den Gro\u00dfhandel sind aus hochwertiger Keramik gefertigt, mit einer robusten Struktur, hitzebest\u00e4ndig und langlebig. Die glatte Oberfl\u00e4che des Geschirrs ist nicht nur sch\u00f6n, sondern auch resistent gegen Kratzer und Abnutzung, so dass es auch nach langem Gebrauch noch wie neu aussieht.<\/li>\n\n\n\n<li><strong>Komplettes Tafelgeschirr:\u00a0<\/strong>Diese gro\u00dfen Geschirrsets umfassen eine Vielzahl von h\u00e4ufig verwendeten Geschirren wie Sch\u00fcsseln, Teller, So\u00dfenteller usw., die den verschiedenen Bed\u00fcrfnissen von Izakayas und t\u00e4glichen Familienessen gerecht werden, egal ob es sich um Sushi, Ramen oder japanische Beilagen handelt.<\/li>\n\n\n\n<li><strong>Leicht zu reinigen:<\/strong>\u00a0Die glatte Keramikoberfl\u00e4che unserer Gro\u00dfhandelssets ist leicht zu reinigen und kann Essensreste schnell entfernen. Es ist sehr bequem, ob es von Hand oder in der Sp\u00fclmaschine gewaschen wird.<\/li>\n<\/ul>\n<\/div>\n\n\n\n<div class=\"wp-block-column is-layout-flow wp-block-column-is-layout-flow\">\n<figure class=\"wp-block-image size-full\"><img decoding=\"async\" width=\"708\" height=\"708\" src=\"https:\/\/www.linkceramics.com\/wp-content\/uploads\/2024\/12\/Bulk-Dinnerware-Sets-Japanese-Style-Diner-Sets-For-Izakayas-4.webp\" alt=\"Bulk-Geschirr-Garnituren-Japaner-Stil-Diner-Garnituren-f\u00fcr-Izakayas-4\" class=\"wp-image-1010\" srcset=\"https:\/\/www.linkceramics.com\/wp-content\/uploads\/2024\/12\/Bulk-Dinnerware-Sets-Japanese-Style-Diner-Sets-For-Izakayas-4.webp 708w, https:\/\/www.linkceramics.com\/wp-content\/uploads\/2024\/12\/Bulk-Dinnerware-Sets-Japanese-Style-Diner-Sets-For-Izakayas-4-300x300.webp 300w, https:\/\/www.linkceramics.com\/wp-content\/uploads\/2024\/12\/Bulk-Dinnerware-Sets-Japanese-Style-Diner-Sets-For-Izakayas-4-150x150.webp 150w, https:\/\/www.linkceramics.com\/wp-content\/uploads\/2024\/12\/Bulk-Dinnerware-Sets-Japanese-Style-Diner-Sets-For-Izakayas-4-600x600.webp 600w, https:\/\/www.linkceramics.com\/wp-content\/uploads\/2024\/12\/Bulk-Dinnerware-Sets-Japanese-Style-Diner-Sets-For-Izakayas-4-100x100.webp 100w\" sizes=\"(max-width: 708px) 100vw, 708px\" \/><\/figure>\n<\/div>\n<\/div>","protected":false},"excerpt":{"rendered":"<p>Willkommen zum Kauf von Tafelsets im Gro\u00dfhandel. Unsere japanischen Geschirrsets haben ein elegantes Aussehen, eine hohe Haltbarkeit und Vielseitigkeit. Ob es f\u00fcr Izakayas, Restaurants oder Familienessen verwendet wird, kann es praktische und sch\u00f6ne L\u00f6sungen bieten, um das gesamte Esserlebnis zu verbessern.<\/p>\n<h2>Geschirrsets Parameter<\/h2>\n<table border=\"0\" width=\"309\" cellspacing=\"0\" cellpadding=\"0\">\n<tbody>\n<tr>\n<td class=\"et3\" width=\"120\" height=\"17\">Hersteller<\/td>\n<td class=\"et3\" width=\"189\">Yongjian<\/td>\n<\/tr>\n<tr>\n<td class=\"et3\" height=\"18\">Modell Nr.<\/td>\n<td class=\"et4\" width=\"189\">YJ-054<\/td>\n<\/tr>\n<tr>\n<td class=\"et5\" width=\"120\" height=\"18\">Essgeschirr Typ<\/td>\n<td class=\"et5\" width=\"189\">Teller, Platten, Schalen<\/td>\n<\/tr>\n<tr>\n<td class=\"et3\" height=\"17\">Technik<\/td>\n<td class=\"et3\">Ofenglasur-Effekt<\/td>\n<\/tr>\n<tr>\n<td class=\"et3\" height=\"17\">Material<\/td>\n<td class=\"et3\">Porzellan<\/td>\n<\/tr>\n<tr>\n<td class=\"et6\" height=\"36\">Anwendbar<\/td>\n<td class=\"et5\" width=\"189\">Sterilisator, Geschirrsp\u00fcler, Backofen, Mikrowelle<\/td>\n<\/tr>\n<tr>\n<td class=\"et3\" height=\"17\">Dimension<\/td>\n<td class=\"et3\">Als Bild<\/td>\n<\/tr>\n<tr>\n<td class=\"et3\" height=\"17\">MOQ<\/td>\n<td class=\"et3\">500St\u00fcck<\/td>\n<\/tr>\n<tr>\n<td class=\"et3\" height=\"17\">Benutzerdefiniert<\/td>\n<td class=\"et3\">Farbe\/Gr\u00f6\u00dfe\/Logo\/Verpackung<\/td>\n<\/tr>\n<\/tbody>\n<\/table>","protected":false},"featured_media":1012,"comment_status":"open","ping_status":"closed","template":"","meta":{"_acf_changed":true},"certification":[63,64,66,58,65,61,60,62,57],"product_brand":[],"product_cat":[34,18],"product_tag":[],"class_list":{"0":"post-1009","1":"product","2":"type-product","3":"status-publish","4":"has-post-thumbnail","6":"certification-amfori","7":"certification-bsci","8":"certification-cnas","9":"certification-fda","10":"certification-iaf","11":"certification-iso-14001","12":"certification-iso-45001","13":"certification-iso-9001","14":"certification-lfgb","15":"product_cat-custom-household-ceramics","16":"product_cat-ceramic-tableware-wholesale","18":"first","19":"instock","20":"shipping-taxable","21":"product-type-simple"},"acf":[],"_links":{"self":[{"href":"https:\/\/www.linkceramics.com\/de\/wp-json\/wp\/v2\/product\/1009","targetHints":{"allow":["GET"]}}],"collection":[{"href":"https:\/\/www.linkceramics.com\/de\/wp-json\/wp\/v2\/product"}],"about":[{"href":"https:\/\/www.linkceramics.com\/de\/wp-json\/wp\/v2\/types\/product"}],"replies":[{"embeddable":true,"href":"https:\/\/www.linkceramics.com\/de\/wp-json\/wp\/v2\/comments?post=1009"}],"wp:featuredmedia":[{"embeddable":true,"href":"https:\/\/www.linkceramics.com\/de\/wp-json\/wp\/v2\/media\/1012"}],"wp:attachment":[{"href":"https:\/\/www.linkceramics.com\/de\/wp-json\/wp\/v2\/media?parent=1009"}],"wp:term":[{"taxonomy":"certification","embeddable":true,"href":"https:\/\/www.linkceramics.com\/de\/wp-json\/wp\/v2\/certification?post=1009"},{"taxonomy":"product_brand","embeddable":true,"href":"https:\/\/www.linkceramics.com\/de\/wp-json\/wp\/v2\/product_brand?post=1009"},{"taxonomy":"product_cat","embeddable":true,"href":"https:\/\/www.linkceramics.com\/de\/wp-json\/wp\/v2\/product_cat?post=1009"},{"taxonomy":"product_tag","embeddable":true,"href":"https:\/\/www.linkceramics.com\/de\/wp-json\/wp\/v2\/product_tag?post=1009"}],"curies":[{"name":"wp","href":"https:\/\/api.w.org\/{rel}","templated":true}]}}