{"id":1026,"date":"2024-12-10T03:14:54","date_gmt":"2024-12-10T03:14:54","guid":{"rendered":"https:\/\/www.linkceramics.com\/?post_type=product&#038;p=1026"},"modified":"2024-12-10T03:14:55","modified_gmt":"2024-12-10T03:14:55","slug":"dinnerware-wholesale","status":"publish","type":"product","link":"https:\/\/www.linkceramics.com\/de\/product\/dinnerware-wholesale\/","title":{"rendered":"Modernes Essgeschirr Gro\u00dfhandel, Platten, Teller, Schalen &amp; Tassen"},"content":{"rendered":"<div class=\"wp-block-columns is-layout-flex wp-container-core-columns-is-layout-9d6595d7 wp-block-columns-is-layout-flex\">\n<div class=\"wp-block-column is-layout-flow wp-block-column-is-layout-flow\">\n<h3 class=\"wp-block-heading\">Premium-Geschirr Gro\u00dfhandel Merkmale:<\/h3>\n\n\n\n<ul class=\"wp-block-list\">\n<li><strong>Einzigartiges Design:<\/strong>\u00a0Unser modernes Geschirr der Serie Wheat Field hat die Textur von nat\u00fcrlichem Treibholz, mit einem echten Holzmaserungseffekt auf der Oberfl\u00e4che, kombiniert mit erdigen Braunt\u00f6nen, was dem Esstisch eine primitive und nat\u00fcrliche Atmosph\u00e4re verleiht und das Esserlebnis n\u00e4her an die Natur bringt.<\/li>\n\n\n\n<li><strong>Besonderes Jahresringmuster:<\/strong>\u00a0Die Teller und Sch\u00fcsseln dieser Geschirrserie f\u00fcr den Gro\u00dfhandel sind mit einem Baumringdesign versehen, das eine visuelle Schichtung und Kunstfertigkeit verleiht. Jedes St\u00fcck Geschirr ist wie ein Kunstwerk aus der Natur, geeignet f\u00fcr Restaurants und Familien, die einen nat\u00fcrlichen Stil hinzuf\u00fcgen m\u00f6chten.<\/li>\n\n\n\n<li><strong>Hohe Qualit\u00e4t:\u00a0<\/strong>Unser modernes Geschirr im Gro\u00dfhandel sieht nicht nur sch\u00f6n aus, sondern besteht auch aus hochwertiger Keramik mit hervorragender Hitzebest\u00e4ndigkeit, Kratzfestigkeit und Rissbest\u00e4ndigkeit, die Sicherheit und Haltbarkeit f\u00fcr den t\u00e4glichen Gebrauch gew\u00e4hrleistet.<\/li>\n\n\n\n<li><strong>Vielseitiges Set:\u00a0<\/strong>Unser Gro\u00dfhandelsgeschirr bietet eine Vielzahl von Optionen wie Tabletts, Servierplatten, Teller, Sch\u00fcsseln, Tassen und L\u00f6ffel, die den Bed\u00fcrfnissen verschiedener Anl\u00e4sse und Verwendungszwecke gerecht werden k\u00f6nnen, ob es sich um t\u00e4gliche Mahlzeiten, Familienfeiern oder formelle Bankette handelt, es kann leicht angepasst werden.<\/li>\n<\/ul>\n<\/div>\n\n\n\n<div class=\"wp-block-column is-layout-flow wp-block-column-is-layout-flow\">\n<figure class=\"wp-block-image size-full\"><img decoding=\"async\" width=\"800\" height=\"800\" src=\"https:\/\/www.linkceramics.com\/wp-content\/uploads\/2024\/12\/Modern-Dinnerware-Wholesale-Platters-Plates-Bowls-Cups-6.webp\" alt=\"Modernes-Geschirr-Gro\u00dfhandel-Teller-Teller-Sch\u00fcsseln-Tassen-6\" class=\"wp-image-1031\" srcset=\"https:\/\/www.linkceramics.com\/wp-content\/uploads\/2024\/12\/Modern-Dinnerware-Wholesale-Platters-Plates-Bowls-Cups-6.webp 800w, https:\/\/www.linkceramics.com\/wp-content\/uploads\/2024\/12\/Modern-Dinnerware-Wholesale-Platters-Plates-Bowls-Cups-6-300x300.webp 300w, https:\/\/www.linkceramics.com\/wp-content\/uploads\/2024\/12\/Modern-Dinnerware-Wholesale-Platters-Plates-Bowls-Cups-6-150x150.webp 150w, https:\/\/www.linkceramics.com\/wp-content\/uploads\/2024\/12\/Modern-Dinnerware-Wholesale-Platters-Plates-Bowls-Cups-6-768x768.webp 768w, https:\/\/www.linkceramics.com\/wp-content\/uploads\/2024\/12\/Modern-Dinnerware-Wholesale-Platters-Plates-Bowls-Cups-6-600x600.webp 600w, https:\/\/www.linkceramics.com\/wp-content\/uploads\/2024\/12\/Modern-Dinnerware-Wholesale-Platters-Plates-Bowls-Cups-6-100x100.webp 100w\" sizes=\"(max-width: 800px) 100vw, 800px\" \/><\/figure>\n<\/div>\n<\/div>","protected":false},"excerpt":{"rendered":"<p>Willkommen zum Kauf von Gro\u00dfhandelsgeschirr-Sets. Diese moderne Geschirrserie f\u00fcr den Gro\u00dfhandel bringt nat\u00fcrliche und rustikale Sch\u00f6nheit in die Essumgebung, indem sie die Textur von Treibholz in der Natur und das einzigartige Baumringdesign nachahmt. Nicht nur sch\u00f6n, sondern auch praktisch und langlebig, so dass es eine ideale Wahl f\u00fcr Restaurants und Haushalte.<\/p>\n<table border=\"0\" width=\"309\" cellspacing=\"0\" cellpadding=\"0\">\n<tbody>\n<tr>\n<td width=\"120\" height=\"17\">Hersteller<\/td>\n<td width=\"189\">Yongjian<\/td>\n<\/tr>\n<tr>\n<td height=\"18\">Modell Nr.<\/td>\n<td width=\"189\">YJ-052<\/td>\n<\/tr>\n<tr>\n<td height=\"17\">Geschirr-Serie<\/td>\n<td>Weizenfeld<\/td>\n<\/tr>\n<tr>\n<td width=\"120\" height=\"36\">Essgeschirr Typ<\/td>\n<td width=\"189\">Teller, Sch\u00fcsseln, L\u00f6ffel, Tassen<\/td>\n<\/tr>\n<tr>\n<td height=\"17\">Technik<\/td>\n<td>Ofenglasur-Effekt<\/td>\n<\/tr>\n<tr>\n<td height=\"17\">Material<\/td>\n<td>Porzellan<\/td>\n<\/tr>\n<tr>\n<td height=\"36\">Anwendbar<\/td>\n<td width=\"189\">Sterilisator, Geschirrsp\u00fcler, Backofen, Mikrowelle<\/td>\n<\/tr>\n<tr>\n<td height=\"17\">Dimension<\/td>\n<td>Als Bild<\/td>\n<\/tr>\n<tr>\n<td height=\"17\">MOQ<\/td>\n<td>500St\u00fcck<\/td>\n<\/tr>\n<tr>\n<td height=\"17\">Benutzerdefiniert<\/td>\n<td>Farbe\/Gr\u00f6\u00dfe\/Logo\/Verpackung<\/td>\n<\/tr>\n<\/tbody>\n<\/table>","protected":false},"featured_media":1030,"comment_status":"open","ping_status":"closed","template":"","meta":{"_acf_changed":true},"certification":[63,64,66,58,65,61,60,62,57],"product_brand":[],"product_cat":[34,18,19],"product_tag":[],"class_list":{"0":"post-1026","1":"product","2":"type-product","3":"status-publish","4":"has-post-thumbnail","6":"certification-amfori","7":"certification-bsci","8":"certification-cnas","9":"certification-fda","10":"certification-iaf","11":"certification-iso-14001","12":"certification-iso-45001","13":"certification-iso-9001","14":"certification-lfgb","15":"product_cat-custom-household-ceramics","16":"product_cat-ceramic-tableware-wholesale","17":"product_cat-ceramic-tea-set-wholesale","19":"first","20":"instock","21":"shipping-taxable","22":"product-type-simple"},"acf":[],"_links":{"self":[{"href":"https:\/\/www.linkceramics.com\/de\/wp-json\/wp\/v2\/product\/1026","targetHints":{"allow":["GET"]}}],"collection":[{"href":"https:\/\/www.linkceramics.com\/de\/wp-json\/wp\/v2\/product"}],"about":[{"href":"https:\/\/www.linkceramics.com\/de\/wp-json\/wp\/v2\/types\/product"}],"replies":[{"embeddable":true,"href":"https:\/\/www.linkceramics.com\/de\/wp-json\/wp\/v2\/comments?post=1026"}],"wp:featuredmedia":[{"embeddable":true,"href":"https:\/\/www.linkceramics.com\/de\/wp-json\/wp\/v2\/media\/1030"}],"wp:attachment":[{"href":"https:\/\/www.linkceramics.com\/de\/wp-json\/wp\/v2\/media?parent=1026"}],"wp:term":[{"taxonomy":"certification","embeddable":true,"href":"https:\/\/www.linkceramics.com\/de\/wp-json\/wp\/v2\/certification?post=1026"},{"taxonomy":"product_brand","embeddable":true,"href":"https:\/\/www.linkceramics.com\/de\/wp-json\/wp\/v2\/product_brand?post=1026"},{"taxonomy":"product_cat","embeddable":true,"href":"https:\/\/www.linkceramics.com\/de\/wp-json\/wp\/v2\/product_cat?post=1026"},{"taxonomy":"product_tag","embeddable":true,"href":"https:\/\/www.linkceramics.com\/de\/wp-json\/wp\/v2\/product_tag?post=1026"}],"curies":[{"name":"wp","href":"https:\/\/api.w.org\/{rel}","templated":true}]}}