{"id":1032,"date":"2024-12-10T03:15:23","date_gmt":"2024-12-10T03:15:23","guid":{"rendered":"https:\/\/www.linkceramics.com\/?post_type=product&#038;p=1032"},"modified":"2024-12-10T03:15:25","modified_gmt":"2024-12-10T03:15:25","slug":"tea-cups-with-saucers-wholesale","status":"publish","type":"product","link":"https:\/\/www.linkceramics.com\/de\/product\/tea-cups-with-saucers-wholesale\/","title":{"rendered":"Porzellan-Tee-Tassen mit Untertassen Gro\u00dfhandel, Kaffee-Tassen Bulk"},"content":{"rendered":"<div class=\"wp-block-columns is-layout-flex wp-container-core-columns-is-layout-9d6595d7 wp-block-columns-is-layout-flex\">\n<div class=\"wp-block-column is-layout-flow wp-block-column-is-layout-flow\">\n<h3 class=\"wp-block-heading\">Premium Tee Tassen mit Untertassen Gro\u00dfhandel Features:<\/h3>\n\n\n\n<ul class=\"wp-block-list\">\n<li><strong>Vielf\u00e4ltige Farboptionen:\u00a0<\/strong>Unsere Teetassen mit Untertassen Gro\u00dfhandel bieten 10 verschiedene Farboptionen, um die Bed\u00fcrfnisse der verschiedenen Kunden zu erf\u00fcllen, Hinzuf\u00fcgen von Farbe und Pers\u00f6nlichkeit auf den Esstisch, geeignet f\u00fcr eine Vielzahl von dekorativen Stilen und Gelegenheiten.<\/li>\n\n\n\n<li><strong>Ausgezeichnete Haltbarkeit:\u00a0<\/strong>Diese Gro\u00dfhandel Kaffeetassen bulk sind aus hochwertiger Keramik, mit ausgezeichneter Hitzebest\u00e4ndigkeit und Haltbarkeit, glatte und empfindliche Oberfl\u00e4che, nicht leicht zu zerkratzen oder zu verblassen, um sicherzustellen, dass sie so gut wie neu nach langfristigen Gebrauch bleiben.<\/li>\n\n\n\n<li><strong>Exquisites Design:\u00a0<\/strong>Unsere Teetassen mit Untertassen im Gro\u00dfhandel sind exquisit gestaltet und elegant geformt. Sie eignen sich f\u00fcr formelle Bankette und Caf\u00e9s, sind aber auch ideal f\u00fcr die t\u00e4gliche Tee- und Kaffeezeit zu Hause und verbessern das Esserlebnis.<\/li>\n\n\n\n<li><strong>Leicht zu reinigen und zu pflegen:\u00a0<\/strong>Die Oberfl\u00e4che dieser Gro\u00dfhandels-Kaffeebecher ist nicht leicht an Flecken haften, leicht zu reinigen, kann mit der Hand gewaschen oder in die Sp\u00fclmaschine gestellt werden, und die Wartung ist einfach und zeitsparend.<\/li>\n<\/ul>\n<\/div>\n\n\n\n<div class=\"wp-block-column is-layout-flow wp-block-column-is-layout-flow\">\n<figure class=\"wp-block-image size-full\"><img decoding=\"async\" width=\"800\" height=\"800\" src=\"https:\/\/www.linkceramics.com\/wp-content\/uploads\/2024\/12\/Porcelain-Tea-Cups-With-Saucers-Wholesale-Coffee-Cups-Bulk-4.webp\" alt=\"Porzellan-Tee-Tassen-mit-Untertassen-Gro\u00dfhandel-Kaffee-Tassen-Bulk-4\" class=\"wp-image-1036\" srcset=\"https:\/\/www.linkceramics.com\/wp-content\/uploads\/2024\/12\/Porcelain-Tea-Cups-With-Saucers-Wholesale-Coffee-Cups-Bulk-4.webp 800w, https:\/\/www.linkceramics.com\/wp-content\/uploads\/2024\/12\/Porcelain-Tea-Cups-With-Saucers-Wholesale-Coffee-Cups-Bulk-4-300x300.webp 300w, https:\/\/www.linkceramics.com\/wp-content\/uploads\/2024\/12\/Porcelain-Tea-Cups-With-Saucers-Wholesale-Coffee-Cups-Bulk-4-150x150.webp 150w, https:\/\/www.linkceramics.com\/wp-content\/uploads\/2024\/12\/Porcelain-Tea-Cups-With-Saucers-Wholesale-Coffee-Cups-Bulk-4-768x768.webp 768w, https:\/\/www.linkceramics.com\/wp-content\/uploads\/2024\/12\/Porcelain-Tea-Cups-With-Saucers-Wholesale-Coffee-Cups-Bulk-4-600x600.webp 600w, https:\/\/www.linkceramics.com\/wp-content\/uploads\/2024\/12\/Porcelain-Tea-Cups-With-Saucers-Wholesale-Coffee-Cups-Bulk-4-100x100.webp 100w\" sizes=\"(max-width: 800px) 100vw, 800px\" \/><\/figure>\n<\/div>\n<\/div>","protected":false},"excerpt":{"rendered":"<p>Willkommen in Keramik Kaffeetassen in der Masse zu kaufen. Diese Teetassen mit Untertassen Gro\u00dfhandel haben eine Vielzahl von Farboptionen, und das exquisite Design f\u00fcgt Eleganz und Stil, um die Essumgebung. Ob f\u00fcr den t\u00e4glichen Gebrauch oder kommerziellen Einsatz, k\u00f6nnen diese Tee-Tassen und Untertassen eine ausgezeichnete Erfahrung bieten.<\/p>\n<h2>Teetassen mit Untertassen Parameter<\/h2>\n<table border=\"0\" width=\"275\" cellspacing=\"0\" cellpadding=\"0\">\n<tbody>\n<tr>\n<td width=\"108\" height=\"17\">Hersteller<\/td>\n<td width=\"167\">Yongjian<\/td>\n<\/tr>\n<tr>\n<td height=\"18\">Modell Nr.<\/td>\n<td width=\"167\">YJ-048<\/td>\n<\/tr>\n<tr>\n<td height=\"17\">Produkttyp<\/td>\n<td>Tassen und Untertassen<\/td>\n<\/tr>\n<tr>\n<td height=\"17\">Material<\/td>\n<td>Porzellan<\/td>\n<\/tr>\n<tr>\n<td height=\"17\">Farbe<\/td>\n<td>Als Bild<\/td>\n<\/tr>\n<tr>\n<td height=\"36\">Dimension<\/td>\n<td width=\"167\">Becher:10.3*7<br \/>Untertasse:15*15<\/td>\n<\/tr>\n<tr>\n<td height=\"17\">MOQ<\/td>\n<td>500St\u00fcck<\/td>\n<\/tr>\n<tr>\n<td height=\"17\">Benutzerdefiniert<\/td>\n<td>Farbe\/Gr\u00f6\u00dfe\/Logo\/Verpackung<\/td>\n<\/tr>\n<\/tbody>\n<\/table>\n<p>&nbsp;<\/p>","protected":false},"featured_media":1035,"comment_status":"open","ping_status":"closed","template":"","meta":{"_acf_changed":true},"certification":[63,64,66,58,65,61,60,62,57],"product_brand":[],"product_cat":[34,19],"product_tag":[],"class_list":{"0":"post-1032","1":"product","2":"type-product","3":"status-publish","4":"has-post-thumbnail","6":"certification-amfori","7":"certification-bsci","8":"certification-cnas","9":"certification-fda","10":"certification-iaf","11":"certification-iso-14001","12":"certification-iso-45001","13":"certification-iso-9001","14":"certification-lfgb","15":"product_cat-custom-household-ceramics","16":"product_cat-ceramic-tea-set-wholesale","18":"first","19":"instock","20":"shipping-taxable","21":"product-type-simple"},"acf":[],"_links":{"self":[{"href":"https:\/\/www.linkceramics.com\/de\/wp-json\/wp\/v2\/product\/1032","targetHints":{"allow":["GET"]}}],"collection":[{"href":"https:\/\/www.linkceramics.com\/de\/wp-json\/wp\/v2\/product"}],"about":[{"href":"https:\/\/www.linkceramics.com\/de\/wp-json\/wp\/v2\/types\/product"}],"replies":[{"embeddable":true,"href":"https:\/\/www.linkceramics.com\/de\/wp-json\/wp\/v2\/comments?post=1032"}],"wp:featuredmedia":[{"embeddable":true,"href":"https:\/\/www.linkceramics.com\/de\/wp-json\/wp\/v2\/media\/1035"}],"wp:attachment":[{"href":"https:\/\/www.linkceramics.com\/de\/wp-json\/wp\/v2\/media?parent=1032"}],"wp:term":[{"taxonomy":"certification","embeddable":true,"href":"https:\/\/www.linkceramics.com\/de\/wp-json\/wp\/v2\/certification?post=1032"},{"taxonomy":"product_brand","embeddable":true,"href":"https:\/\/www.linkceramics.com\/de\/wp-json\/wp\/v2\/product_brand?post=1032"},{"taxonomy":"product_cat","embeddable":true,"href":"https:\/\/www.linkceramics.com\/de\/wp-json\/wp\/v2\/product_cat?post=1032"},{"taxonomy":"product_tag","embeddable":true,"href":"https:\/\/www.linkceramics.com\/de\/wp-json\/wp\/v2\/product_tag?post=1032"}],"curies":[{"name":"wp","href":"https:\/\/api.w.org\/{rel}","templated":true}]}}