{"id":1039,"date":"2024-12-21T06:54:59","date_gmt":"2024-12-21T06:54:59","guid":{"rendered":"https:\/\/www.linkceramics.com\/?post_type=product&#038;p=1039"},"modified":"2024-12-21T06:55:43","modified_gmt":"2024-12-21T06:55:43","slug":"bulk-soup-spoons","status":"publish","type":"product","link":"https:\/\/www.linkceramics.com\/de\/product\/bulk-soup-spoons\/","title":{"rendered":"Bulk-Suppenl\u00f6ffel, Catering-Keramikl\u00f6ffel zum Gro\u00dfhandelspreis"},"content":{"rendered":"<div class=\"wp-block-columns is-layout-flex wp-container-core-columns-is-layout-9d6595d7 wp-block-columns-is-layout-flex\">\n<div class=\"wp-block-column is-layout-flow wp-block-column-is-layout-flow\">\n<h3 class=\"wp-block-heading\">Premium Bulk Suppenl\u00f6ffel Eigenschaften:<\/h3>\n\n\n\n<ul class=\"wp-block-list\">\n<li><strong>Weich und zart:\u00a0<\/strong>Diese Suppenl\u00f6ffel sind aus hochwertiger Keramik gefertigt, haben eine ausgezeichnete Hitzebest\u00e4ndigkeit und Haltbarkeit, eine glatte und zarte Oberfl\u00e4che und behalten auch nach langem Gebrauch ihr gutes Aussehen und ihre Textur, was f\u00fcr die gewerbliche Gastronomie sehr geeignet ist.<\/li>\n\n\n\n<li><strong>Bequemer Halt:<\/strong>\u00a0Unsere Keramikl\u00f6ffel f\u00fcr den Gro\u00dfhandel sind ergonomisch geformt, haben eine moderate Griffl\u00e4nge und einen bequemen Griff, der das Sch\u00f6pfen und Genie\u00dfen verschiedener Suppen und Eint\u00f6pfe erleichtert und den Esskomfort verbessert.<\/li>\n\n\n\n<li><strong>Einfaches Design:\u00a0<\/strong>Diese Suppenl\u00f6ffel sind einfach und gro\u00dfz\u00fcgig im Design und eignen sich f\u00fcr verschiedene Anl\u00e4sse und Stile, sei es ein formelles Bankett oder ein t\u00e4gliches Essen.<\/li>\n\n\n\n<li><strong>Sp\u00fclmaschinenfest:\u00a0<\/strong>Unsere Keramikl\u00f6ffel f\u00fcr den Gro\u00dfhandel haben eine glatte Oberfl\u00e4che und hinterlassen nicht so leicht Essensreste. Sie sind leicht zu reinigen und zu pflegen und k\u00f6nnen von Hand und in der Sp\u00fclmaschine gereinigt werden. Sie sind ideal f\u00fcr stark frequentierte Catering-Umgebungen, um Hygienestandards zu gew\u00e4hrleisten.<\/li>\n<\/ul>\n<\/div>\n\n\n\n<div class=\"wp-block-column is-layout-flow wp-block-column-is-layout-flow\">\n<figure class=\"wp-block-image size-full\"><img decoding=\"async\" width=\"750\" height=\"750\" src=\"https:\/\/www.linkceramics.com\/wp-content\/uploads\/2024\/12\/Bulk-Soup-Spoons-Catering-Ceramic-Spoons-at-Wholesale-Price-7.webp\" alt=\"Lose Suppenl\u00f6ffel-Gastronomiel\u00f6ffel-Keramikl\u00f6ffel-zum-Gro\u00dfhandelspreis-7\" class=\"wp-image-1043\" srcset=\"https:\/\/www.linkceramics.com\/wp-content\/uploads\/2024\/12\/Bulk-Soup-Spoons-Catering-Ceramic-Spoons-at-Wholesale-Price-7.webp 750w, https:\/\/www.linkceramics.com\/wp-content\/uploads\/2024\/12\/Bulk-Soup-Spoons-Catering-Ceramic-Spoons-at-Wholesale-Price-7-300x300.webp 300w, https:\/\/www.linkceramics.com\/wp-content\/uploads\/2024\/12\/Bulk-Soup-Spoons-Catering-Ceramic-Spoons-at-Wholesale-Price-7-150x150.webp 150w, https:\/\/www.linkceramics.com\/wp-content\/uploads\/2024\/12\/Bulk-Soup-Spoons-Catering-Ceramic-Spoons-at-Wholesale-Price-7-600x600.webp 600w, https:\/\/www.linkceramics.com\/wp-content\/uploads\/2024\/12\/Bulk-Soup-Spoons-Catering-Ceramic-Spoons-at-Wholesale-Price-7-100x100.webp 100w\" sizes=\"(max-width: 750px) 100vw, 750px\" \/><\/figure>\n<\/div>\n<\/div>","protected":false},"excerpt":{"rendered":"<p>Willkommen zum Kauf von Keramikl\u00f6ffeln in gro\u00dfen Mengen. Diese Suppenl\u00f6ffel in gro\u00dfen Mengen sind mit ihren hochwertigen Materialien, ihrem komfortablen Design und ihrem schlichten und sch\u00f6nen Aussehen ideal f\u00fcr die Gastronomie und f\u00fcr den Hausgebrauch. Leicht zu reinigen und zu pflegen, ist es eine praktische und sch\u00f6ne Besteck Wahl.<\/p>\n<h2>Suppenl\u00f6ffel Parameter<\/h2>\n<table border=\"0\" width=\"275\" cellspacing=\"0\" cellpadding=\"0\">\n<tbody>\n<tr>\n<td width=\"108\" height=\"17\">Hersteller<\/td>\n<td width=\"167\">Yongjian<\/td>\n<\/tr>\n<tr>\n<td height=\"18\">Modell Nr.<\/td>\n<td width=\"167\">YJ-050<\/td>\n<\/tr>\n<tr>\n<td height=\"17\">Produkttyp<\/td>\n<td>Suppenl\u00f6ffel<\/td>\n<\/tr>\n<tr>\n<td height=\"17\">Material<\/td>\n<td>Porzellan<\/td>\n<\/tr>\n<tr>\n<td height=\"17\">Farbe<\/td>\n<td>Wei\u00df\/ Schwarz<\/td>\n<\/tr>\n<tr>\n<td height=\"17\">Dimension<\/td>\n<td>13.5*3.5<\/td>\n<\/tr>\n<tr>\n<td height=\"17\">MOQ<\/td>\n<td>500St\u00fcck<\/td>\n<\/tr>\n<tr>\n<td height=\"17\">Benutzerdefiniert<\/td>\n<td>Farbe\/Gr\u00f6\u00dfe\/Logo\/Verpackung<\/td>\n<\/tr>\n<\/tbody>\n<\/table>\n<p>&nbsp;<\/p>","protected":false},"featured_media":1042,"comment_status":"open","ping_status":"closed","template":"","meta":{"_acf_changed":true},"certification":[63,64,66,58,65,61,60,62,57],"product_brand":[],"product_cat":[34,18],"product_tag":[],"class_list":{"0":"post-1039","1":"product","2":"type-product","3":"status-publish","4":"has-post-thumbnail","6":"certification-amfori","7":"certification-bsci","8":"certification-cnas","9":"certification-fda","10":"certification-iaf","11":"certification-iso-14001","12":"certification-iso-45001","13":"certification-iso-9001","14":"certification-lfgb","15":"product_cat-custom-household-ceramics","16":"product_cat-ceramic-tableware-wholesale","18":"first","19":"instock","20":"shipping-taxable","21":"product-type-simple"},"acf":[],"_links":{"self":[{"href":"https:\/\/www.linkceramics.com\/de\/wp-json\/wp\/v2\/product\/1039","targetHints":{"allow":["GET"]}}],"collection":[{"href":"https:\/\/www.linkceramics.com\/de\/wp-json\/wp\/v2\/product"}],"about":[{"href":"https:\/\/www.linkceramics.com\/de\/wp-json\/wp\/v2\/types\/product"}],"replies":[{"embeddable":true,"href":"https:\/\/www.linkceramics.com\/de\/wp-json\/wp\/v2\/comments?post=1039"}],"wp:featuredmedia":[{"embeddable":true,"href":"https:\/\/www.linkceramics.com\/de\/wp-json\/wp\/v2\/media\/1042"}],"wp:attachment":[{"href":"https:\/\/www.linkceramics.com\/de\/wp-json\/wp\/v2\/media?parent=1039"}],"wp:term":[{"taxonomy":"certification","embeddable":true,"href":"https:\/\/www.linkceramics.com\/de\/wp-json\/wp\/v2\/certification?post=1039"},{"taxonomy":"product_brand","embeddable":true,"href":"https:\/\/www.linkceramics.com\/de\/wp-json\/wp\/v2\/product_brand?post=1039"},{"taxonomy":"product_cat","embeddable":true,"href":"https:\/\/www.linkceramics.com\/de\/wp-json\/wp\/v2\/product_cat?post=1039"},{"taxonomy":"product_tag","embeddable":true,"href":"https:\/\/www.linkceramics.com\/de\/wp-json\/wp\/v2\/product_tag?post=1039"}],"curies":[{"name":"wp","href":"https:\/\/api.w.org\/{rel}","templated":true}]}}