{"id":1616,"date":"2024-12-21T07:48:40","date_gmt":"2024-12-21T07:48:40","guid":{"rendered":"https:\/\/www.linkceramics.com\/?post_type=product&#038;p=1616"},"modified":"2024-12-24T10:07:37","modified_gmt":"2024-12-24T10:07:37","slug":"tea-cups-and-saucers-wholesale","status":"publish","type":"product","link":"https:\/\/www.linkceramics.com\/de\/product\/tea-cups-and-saucers-wholesale\/","title":{"rendered":"Premium-Keramik-Teebecher und Untertassen im Gro\u00dfhandel zu Gro\u00dfhandelspreisen"},"content":{"rendered":"<div class=\"wp-block-columns is-layout-flex wp-container-core-columns-is-layout-9d6595d7 wp-block-columns-is-layout-flex\">\n<div class=\"wp-block-column is-layout-flow wp-block-column-is-layout-flow\" style=\"flex-basis:66.66%\">\n<h3 class=\"wp-block-heading\">Premium Tee Tassen und Untertassen Gro\u00dfhandel Features:<\/h3>\n\n\n\n<ul class=\"wp-block-list\">\n<li><strong>Langlebig:<\/strong>&nbsp;Unsere Teetassen und Untertassen im Gro\u00dfhandel sind aus hochwertiger Keramik, die resistent gegen hohe Temperaturen und Risse ist, mit glatten und zarten Oberfl\u00e4chen, Anti-Fouling und leicht zu reinigen, und kann hell und neu nach langfristigen Gebrauch bleiben.<\/li>\n\n\n\n<li><strong>Exquisites Design:&nbsp;<\/strong>Das Design dieser fabrikm\u00e4\u00dfig hergestellten Teetassen achtet auf Details, mit eleganten und gro\u00dfz\u00fcgigen Formen, exquisit und einzigartig, und verleiht der Umgebung, in der man speist, Eleganz und Geschmack, und ist eine ideale Wahl f\u00fcr Familientreffen, Teezeremonien und formelle Bankette.<\/li>\n\n\n\n<li><strong>Bequemes Gef\u00fchl:&nbsp;<\/strong>Das Design unserer Teetassen und Untertassen Gro\u00dfhandel ist ergonomisch, bequem zu halten, und die Untertasse Gr\u00f6\u00dfe ist moderat, die leicht zu halten ist, bringen bessere Tee und Kaffee trinken Genuss.<\/li>\n\n\n\n<li><strong>Eine Vielzahl von Farben:&nbsp;<\/strong>Wir bieten eine Vielzahl von Farboptionen f\u00fcr lose Teetassen an, um die Bed\u00fcrfnisse verschiedener Stile und Anl\u00e4sse zu erf\u00fcllen, die f\u00fcr verschiedene Restaurant- und Heimdekorationsstile geeignet sind.<\/li>\n<\/ul>\n<\/div>\n\n\n\n<div class=\"wp-block-column is-layout-flow wp-block-column-is-layout-flow\" style=\"flex-basis:33.33%\">\n<figure class=\"wp-block-image size-full\"><img decoding=\"async\" width=\"800\" height=\"800\" src=\"https:\/\/www.linkceramics.com\/wp-content\/uploads\/2024\/12\/Premium-Ceramic-Tea-Cups-and-Saucers-Wholesale-at-Bulk-Price-3-1.webp\" alt=\"Premium-Keramik-Tee-Tassen-und-Untertassen-Gro\u00dfhandelspreis-3-1\" class=\"wp-image-1620\" srcset=\"https:\/\/www.linkceramics.com\/wp-content\/uploads\/2024\/12\/Premium-Ceramic-Tea-Cups-and-Saucers-Wholesale-at-Bulk-Price-3-1.webp 800w, https:\/\/www.linkceramics.com\/wp-content\/uploads\/2024\/12\/Premium-Ceramic-Tea-Cups-and-Saucers-Wholesale-at-Bulk-Price-3-1-300x300.webp 300w, https:\/\/www.linkceramics.com\/wp-content\/uploads\/2024\/12\/Premium-Ceramic-Tea-Cups-and-Saucers-Wholesale-at-Bulk-Price-3-1-150x150.webp 150w, https:\/\/www.linkceramics.com\/wp-content\/uploads\/2024\/12\/Premium-Ceramic-Tea-Cups-and-Saucers-Wholesale-at-Bulk-Price-3-1-768x768.webp 768w, https:\/\/www.linkceramics.com\/wp-content\/uploads\/2024\/12\/Premium-Ceramic-Tea-Cups-and-Saucers-Wholesale-at-Bulk-Price-3-1-600x600.webp 600w, https:\/\/www.linkceramics.com\/wp-content\/uploads\/2024\/12\/Premium-Ceramic-Tea-Cups-and-Saucers-Wholesale-at-Bulk-Price-3-1-100x100.webp 100w\" sizes=\"(max-width: 800px) 100vw, 800px\" \/><\/figure>\n<\/div>\n<\/div>","protected":false},"excerpt":{"rendered":"<div id=\"brxe-0ee1ca\" class=\"brxe-product-meta product_meta\">Willkommen zum Kauf von Keramiktassen und -untertassen. Unsere Teetassen und Untertassen Gro\u00dfhandel haben sich zu einem Must-Have f\u00fcr Teezeremonien, Caf\u00e9s und Catering mit ihren hochwertigen Materialien, exquisite Designs und vielf\u00e4ltige Farboptionen. Ob f\u00fcr den t\u00e4glichen Gebrauch zu Hause oder f\u00fcr Gro\u00dfeink\u00e4ufe in gehobenen Restaurants und Teeh\u00e4usern, sie k\u00f6nnen das Teetrinkerlebnis verbessern.<\/div>\n<div id=\"brxe-8c5ca9\" class=\"brxe-product-short-description\">\n<div class=\"woocommerce-product-details__short-description\">\n<h2>Teetassen und Untertassen Spezifikationen:<\/h2>\n<table border=\"0\" width=\"542\" cellspacing=\"0\" cellpadding=\"0\">\n<tbody>\n<tr>\n<td width=\"271\" height=\"24\">Hersteller<\/td>\n<td width=\"271\">Yongjian<\/td>\n<\/tr>\n<tr>\n<td width=\"271\" height=\"24\">Modell Nr.<\/td>\n<td width=\"271\">YJ-047<\/td>\n<\/tr>\n<tr>\n<td width=\"271\" height=\"24\">Produkttyp<\/td>\n<td width=\"271\">Tassen und Untertassen<\/td>\n<\/tr>\n<tr>\n<td width=\"271\" height=\"24\">Material<\/td>\n<td width=\"271\">Porzellan<\/td>\n<\/tr>\n<tr>\n<td height=\"24\">Farbe<\/td>\n<td>Als Bild<\/td>\n<\/tr>\n<tr>\n<td height=\"48\">Dimension<\/td>\n<td width=\"271\">Becher:10*6,5<br \/>Untertasse:17.8*14.7<\/td>\n<\/tr>\n<tr>\n<td height=\"24\">MOQ<\/td>\n<td>500St\u00fcck<\/td>\n<\/tr>\n<tr>\n<td height=\"24\">Benutzerdefiniert<\/td>\n<td>Farbe\/Gr\u00f6\u00dfe\/Logo\/Verpackung<\/td>\n<\/tr>\n<\/tbody>\n<\/table>\n<\/div>\n<\/div>","protected":false},"featured_media":1619,"comment_status":"open","ping_status":"closed","template":"","meta":{"_acf_changed":true},"certification":[63,64,66,58,65,61,60,62],"product_brand":[],"product_cat":[34,19],"product_tag":[],"class_list":{"0":"post-1616","1":"product","2":"type-product","3":"status-publish","4":"has-post-thumbnail","6":"certification-amfori","7":"certification-bsci","8":"certification-cnas","9":"certification-fda","10":"certification-iaf","11":"certification-iso-14001","12":"certification-iso-45001","13":"certification-iso-9001","14":"product_cat-custom-household-ceramics","15":"product_cat-ceramic-tea-set-wholesale","17":"first","18":"instock","19":"shipping-taxable","20":"product-type-simple"},"acf":[],"_links":{"self":[{"href":"https:\/\/www.linkceramics.com\/de\/wp-json\/wp\/v2\/product\/1616","targetHints":{"allow":["GET"]}}],"collection":[{"href":"https:\/\/www.linkceramics.com\/de\/wp-json\/wp\/v2\/product"}],"about":[{"href":"https:\/\/www.linkceramics.com\/de\/wp-json\/wp\/v2\/types\/product"}],"replies":[{"embeddable":true,"href":"https:\/\/www.linkceramics.com\/de\/wp-json\/wp\/v2\/comments?post=1616"}],"wp:featuredmedia":[{"embeddable":true,"href":"https:\/\/www.linkceramics.com\/de\/wp-json\/wp\/v2\/media\/1619"}],"wp:attachment":[{"href":"https:\/\/www.linkceramics.com\/de\/wp-json\/wp\/v2\/media?parent=1616"}],"wp:term":[{"taxonomy":"certification","embeddable":true,"href":"https:\/\/www.linkceramics.com\/de\/wp-json\/wp\/v2\/certification?post=1616"},{"taxonomy":"product_brand","embeddable":true,"href":"https:\/\/www.linkceramics.com\/de\/wp-json\/wp\/v2\/product_brand?post=1616"},{"taxonomy":"product_cat","embeddable":true,"href":"https:\/\/www.linkceramics.com\/de\/wp-json\/wp\/v2\/product_cat?post=1616"},{"taxonomy":"product_tag","embeddable":true,"href":"https:\/\/www.linkceramics.com\/de\/wp-json\/wp\/v2\/product_tag?post=1616"}],"curies":[{"name":"wp","href":"https:\/\/api.w.org\/{rel}","templated":true}]}}