{"id":1621,"date":"2024-12-21T07:51:04","date_gmt":"2024-12-21T07:51:04","guid":{"rendered":"https:\/\/www.linkceramics.com\/?post_type=product&#038;p=1621"},"modified":"2024-12-24T10:07:04","modified_gmt":"2024-12-24T10:07:04","slug":"wholesale-ramen-bowls","status":"publish","type":"product","link":"https:\/\/www.linkceramics.com\/de\/product\/wholesale-ramen-bowls\/","title":{"rendered":"9-Zoll-Gro\u00dfhandel Ramen-Schalen, Restaurant Versorgung Suppenschalen Bulk"},"content":{"rendered":"<div class=\"wp-block-columns is-layout-flex wp-container-core-columns-is-layout-9d6595d7 wp-block-columns-is-layout-flex\">\n<div class=\"wp-block-column is-layout-flow wp-block-column-is-layout-flow\" style=\"flex-basis:66.66%\">\n<h3 class=\"wp-block-heading\">Premium Gro\u00dfhandel Ramen Schalen Merkmale:<\/h3>\n\n\n\n<ul class=\"wp-block-list\">\n<li><strong>Praktisches Design mit 9 Zoll Fassungsverm\u00f6gen:<\/strong>&nbsp;Unsere Gro\u00dfhandel Ramen-Schalen haben eine tiefe Schale Design und eine ger\u00e4umige 8-Zoll-Gr\u00f6\u00dfe, die leicht halten k\u00f6nnen Ramen, Suppen, Udon und andere K\u00f6stlichkeiten. Geeignet f\u00fcr Restaurants, High-End-Bankette oder zu Hause essen.<\/li>\n\n\n\n<li><strong>Entwickelt f\u00fcr das Gastst\u00e4ttengewerbe:<\/strong>&nbsp;Diese Suppensch\u00fcsseln f\u00fcr den Restaurantbedarf haben eine pr\u00e4zise W\u00f6lbung, die das Umr\u00fchren und Essen erleichtert, und sind gleichzeitig sch\u00f6n und praktisch, so dass sie die perfekte Wahl f\u00fcr alle Arten von asiatischen Restaurants sind.<\/li>\n\n\n\n<li><strong>Hochwertiges keramisches Material:&nbsp;<\/strong>Unsere Gro\u00dfhandel Ramenschalen sind aus langlebiger Keramik mit ausgezeichneter Kratz- und Hitzebest\u00e4ndigkeit. Sie sind geeignet f\u00fcr Mikrowelle und Sp\u00fclmaschine, die bequem und zuverl\u00e4ssig ist.<\/li>\n\n\n\n<li><strong>Unterst\u00fctzung von Gro\u00dfhandel und kundenspezifischen Dienstleistungen:&nbsp;<\/strong>Diese Suppensch\u00fcsseln f\u00fcr die Gastronomie sind f\u00fcr die Lieferkette in der Gastronomie konzipiert und k\u00f6nnen in gro\u00dfen Mengen gekauft werden. Gleichzeitig unterst\u00fctzen sie kundenspezifische restaurant-spezifische Muster oder Markenlogos, um H\u00e4ndlern zu helfen, ihr professionelles Image zu verbessern.<\/li>\n<\/ul>\n<\/div>\n\n\n\n<div class=\"wp-block-column is-layout-flow wp-block-column-is-layout-flow\" style=\"flex-basis:33.33%\">\n<figure class=\"wp-block-image size-full\"><img decoding=\"async\" width=\"750\" height=\"750\" src=\"https:\/\/www.linkceramics.com\/wp-content\/uploads\/2024\/12\/9-Inch-Wholesale-Ramen-Bowls-Restaurant-Supply-Soup-Bowls-Bulk-2.webp\" alt=\"9-Zoll-Gro\u00dfhandel-Ramen-Schalen-Restaurant-Versorgung-Suppenschalen-Gro\u00dfpackung-2\" class=\"wp-image-1622\" srcset=\"https:\/\/www.linkceramics.com\/wp-content\/uploads\/2024\/12\/9-Inch-Wholesale-Ramen-Bowls-Restaurant-Supply-Soup-Bowls-Bulk-2.webp 750w, https:\/\/www.linkceramics.com\/wp-content\/uploads\/2024\/12\/9-Inch-Wholesale-Ramen-Bowls-Restaurant-Supply-Soup-Bowls-Bulk-2-300x300.webp 300w, https:\/\/www.linkceramics.com\/wp-content\/uploads\/2024\/12\/9-Inch-Wholesale-Ramen-Bowls-Restaurant-Supply-Soup-Bowls-Bulk-2-150x150.webp 150w, https:\/\/www.linkceramics.com\/wp-content\/uploads\/2024\/12\/9-Inch-Wholesale-Ramen-Bowls-Restaurant-Supply-Soup-Bowls-Bulk-2-600x600.webp 600w, https:\/\/www.linkceramics.com\/wp-content\/uploads\/2024\/12\/9-Inch-Wholesale-Ramen-Bowls-Restaurant-Supply-Soup-Bowls-Bulk-2-100x100.webp 100w\" sizes=\"(max-width: 750px) 100vw, 750px\" \/><\/figure>\n<\/div>\n<\/div>","protected":false},"excerpt":{"rendered":"<div id=\"brxe-0ee1ca\" class=\"brxe-product-meta product_meta\">Willkommen beim Kauf von Suppenschalen f\u00fcr Restaurants in gro\u00dfen Mengen. Unsere 9-Zoll-Gro\u00dfhandel Ramen Schalen kombinieren tiefe Sch\u00fcssel Design und hochwertige Materialien, geeignet f\u00fcr die Aufnahme verschiedener Suppe Nudeln, und sind ideal f\u00fcr Restaurants und Gro\u00dfh\u00e4ndler. Unterst\u00fctzung der Anpassung an unterschiedliche Bed\u00fcrfnisse.<\/div>\n<div id=\"brxe-8c5ca9\" class=\"brxe-product-short-description\">\n<div class=\"woocommerce-product-details__short-description\">\n<h2>Ramen-Schalen Spezifikationen:<\/h2>\n<table border=\"0\" width=\"542\" cellspacing=\"0\" cellpadding=\"0\">\n<tbody>\n<tr>\n<td width=\"271\" height=\"24\">Hersteller<\/td>\n<td width=\"271\">Yongjian<\/td>\n<\/tr>\n<tr>\n<td height=\"24\">Modell Nr.<\/td>\n<td>YJ-022<\/td>\n<\/tr>\n<tr>\n<td height=\"24\">Produkttyp<\/td>\n<td>Suppen- und Ramenschalen<\/td>\n<\/tr>\n<tr>\n<td height=\"24\">Material<\/td>\n<td>Porzellan<\/td>\n<\/tr>\n<tr>\n<td height=\"24\">Farbe<\/td>\n<td>Wei\u00df\/ Schwarz<\/td>\n<\/tr>\n<tr>\n<td height=\"24\">Dimension<\/td>\n<td>23*23*6.5<\/td>\n<\/tr>\n<tr>\n<td height=\"24\">MOQ<\/td>\n<td>500St\u00fcck<\/td>\n<\/tr>\n<tr>\n<td height=\"24\">Benutzerdefiniert<\/td>\n<td>Farbe\/Gr\u00f6\u00dfe\/Logo\/Verpackung<\/td>\n<\/tr>\n<\/tbody>\n<\/table>\n<p><\/div>\n<\/div>","protected":false},"featured_media":1623,"comment_status":"open","ping_status":"closed","template":"","meta":{"_acf_changed":true},"certification":[63,64,66,58,65,61,60,62],"product_brand":[],"product_cat":[34,18],"product_tag":[],"class_list":{"0":"post-1621","1":"product","2":"type-product","3":"status-publish","4":"has-post-thumbnail","6":"certification-amfori","7":"certification-bsci","8":"certification-cnas","9":"certification-fda","10":"certification-iaf","11":"certification-iso-14001","12":"certification-iso-45001","13":"certification-iso-9001","14":"product_cat-custom-household-ceramics","15":"product_cat-ceramic-tableware-wholesale","17":"first","18":"instock","19":"shipping-taxable","20":"product-type-simple"},"acf":[],"_links":{"self":[{"href":"https:\/\/www.linkceramics.com\/de\/wp-json\/wp\/v2\/product\/1621","targetHints":{"allow":["GET"]}}],"collection":[{"href":"https:\/\/www.linkceramics.com\/de\/wp-json\/wp\/v2\/product"}],"about":[{"href":"https:\/\/www.linkceramics.com\/de\/wp-json\/wp\/v2\/types\/product"}],"replies":[{"embeddable":true,"href":"https:\/\/www.linkceramics.com\/de\/wp-json\/wp\/v2\/comments?post=1621"}],"wp:featuredmedia":[{"embeddable":true,"href":"https:\/\/www.linkceramics.com\/de\/wp-json\/wp\/v2\/media\/1623"}],"wp:attachment":[{"href":"https:\/\/www.linkceramics.com\/de\/wp-json\/wp\/v2\/media?parent=1621"}],"wp:term":[{"taxonomy":"certification","embeddable":true,"href":"https:\/\/www.linkceramics.com\/de\/wp-json\/wp\/v2\/certification?post=1621"},{"taxonomy":"product_brand","embeddable":true,"href":"https:\/\/www.linkceramics.com\/de\/wp-json\/wp\/v2\/product_brand?post=1621"},{"taxonomy":"product_cat","embeddable":true,"href":"https:\/\/www.linkceramics.com\/de\/wp-json\/wp\/v2\/product_cat?post=1621"},{"taxonomy":"product_tag","embeddable":true,"href":"https:\/\/www.linkceramics.com\/de\/wp-json\/wp\/v2\/product_tag?post=1621"}],"curies":[{"name":"wp","href":"https:\/\/api.w.org\/{rel}","templated":true}]}}