{"id":1626,"date":"2024-12-21T08:03:23","date_gmt":"2024-12-21T08:03:23","guid":{"rendered":"https:\/\/www.linkceramics.com\/?post_type=product&#038;p=1626"},"modified":"2024-12-24T10:05:59","modified_gmt":"2024-12-24T10:05:59","slug":"ceramic-baking-dishes-wholesale","status":"publish","type":"product","link":"https:\/\/www.linkceramics.com\/de\/product\/ceramic-baking-dishes-wholesale\/","title":{"rendered":"Keramik-Backformen Gro\u00dfhandel mit Griffen, Bulk Auflaufformen"},"content":{"rendered":"<div class=\"wp-block-columns is-layout-flex wp-container-core-columns-is-layout-9d6595d7 wp-block-columns-is-layout-flex\">\n<div class=\"wp-block-column is-layout-flow wp-block-column-is-layout-flow\" style=\"flex-basis:66.66%\">\n<h3 class=\"wp-block-heading\">Premium-Keramik-Backformen Merkmale:<\/h3>\n\n\n\n<ul class=\"wp-block-list\">\n<li><strong>Geeignet f\u00fcr eine Vielzahl von Gerichten:<\/strong>&nbsp;Unsere keramischen Backformen Gro\u00dfhandel sind in zwei Gr\u00f6\u00dfen, 8,8 Zoll und 10 Zoll, die von moderater Gr\u00f6\u00dfe und geeignet f\u00fcr eine Vielzahl von Kochen Bed\u00fcrfnisse wie Backen, Braten, Schmoren, usw., ob es sich um t\u00e4gliche Familie Mahlzeiten oder Catering-Pl\u00e4tze.<\/li>\n\n\n\n<li><strong>Komfortables Griffdesign:&nbsp;<\/strong>Diese gro\u00dfvolumigen Auflaufformen sind mit einem Griff ausgestattet, der f\u00fcr mehr Stabilit\u00e4t und Komfort beim Wechsel zwischen Ofen und Esstisch sorgt, die Gefahr des Ausrutschens vermeidet und die Sicherheit und den Komfort bei der Verwendung verbessert.<\/li>\n\n\n\n<li><strong>Elegantes Schwarz und Wei\u00df:&nbsp;<\/strong>Diese keramischen Backformen im Gro\u00dfhandel sind in Schwarz und Wei\u00df erh\u00e4ltlich. Sie sind schlicht und elegant und passen zu allen Arten von Tischen und K\u00fcchenstilen, wobei sie optische Sch\u00f6nheit bieten, ohne an Funktionalit\u00e4t zu verlieren.<\/li>\n\n\n\n<li><strong>Hochtemperaturbest\u00e4ndig und leicht zu reinigen:&nbsp;<\/strong>Unsere gro\u00dfen Auflaufformen sind hitzebest\u00e4ndig und k\u00f6nnen direkt im Ofen oder in der Mikrowelle verwendet werden. Die Oberfl\u00e4che ist glatt und leicht zu reinigen und kann in der Sp\u00fclmaschine gereinigt werden, was f\u00fcr den t\u00e4glichen, h\u00e4ufigen Gebrauch geeignet ist und Reinigungszeit spart.<\/li>\n<\/ul>\n<\/div>\n\n\n\n<div class=\"wp-block-column is-layout-flow wp-block-column-is-layout-flow\" style=\"flex-basis:33.33%\">\n<figure class=\"wp-block-image size-full\"><img decoding=\"async\" width=\"750\" height=\"750\" src=\"https:\/\/www.linkceramics.com\/wp-content\/uploads\/2024\/12\/Ceramic-Baking-Dishes-Wholesale-With-Handles-3.webp\" alt=\"Keramik-Backformen Gro\u00dfhandel mit Griffen (3)\" class=\"wp-image-1629\" srcset=\"https:\/\/www.linkceramics.com\/wp-content\/uploads\/2024\/12\/Ceramic-Baking-Dishes-Wholesale-With-Handles-3.webp 750w, https:\/\/www.linkceramics.com\/wp-content\/uploads\/2024\/12\/Ceramic-Baking-Dishes-Wholesale-With-Handles-3-300x300.webp 300w, https:\/\/www.linkceramics.com\/wp-content\/uploads\/2024\/12\/Ceramic-Baking-Dishes-Wholesale-With-Handles-3-150x150.webp 150w, https:\/\/www.linkceramics.com\/wp-content\/uploads\/2024\/12\/Ceramic-Baking-Dishes-Wholesale-With-Handles-3-600x600.webp 600w, https:\/\/www.linkceramics.com\/wp-content\/uploads\/2024\/12\/Ceramic-Baking-Dishes-Wholesale-With-Handles-3-100x100.webp 100w\" sizes=\"(max-width: 750px) 100vw, 750px\" \/><\/figure>\n<\/div>\n<\/div>","protected":false},"excerpt":{"rendered":"<div id=\"brxe-0ee1ca\" class=\"brxe-product-meta product_meta\">Willkommen beim Einkauf von Keramik-Backformen im Gro\u00dfhandel. Unsere Bulk-Auflaufformen mit Griffen haben klassische schwarze und wei\u00dfe Farben und sind in 8,8-Zoll und 10-Zoll-Gr\u00f6\u00dfen erh\u00e4ltlich. Sie sind f\u00fcr eine Vielzahl von Kochzwecken geeignet und sind sowohl sch\u00f6n als auch praktisch. Hochwertiges Keramikmaterial ist hitzebest\u00e4ndig und leicht zu reinigen, was es zu einem idealen Utensil f\u00fcr Haushalte und Restaurants macht.<\/div>\n<div id=\"brxe-8c5ca9\" class=\"brxe-product-short-description\">\n<div class=\"woocommerce-product-details__short-description\">\n<h2>Keramik-Backformen Spezifikationen:<\/h2>\n<table border=\"0\" width=\"542\" cellspacing=\"0\" cellpadding=\"0\">\n<tbody>\n<tr>\n<td width=\"271\" height=\"24\">Hersteller<\/td>\n<td width=\"271\">Yongjian<\/td>\n<\/tr>\n<tr>\n<td width=\"271\" height=\"24\">Modell Nr.<\/td>\n<td width=\"271\">YJ-079\/YJ-080<\/td>\n<\/tr>\n<tr>\n<td width=\"271\" height=\"24\">Produkttyp<\/td>\n<td width=\"271\">Servierplatte, tiefer Teller<\/td>\n<\/tr>\n<tr>\n<td width=\"271\" height=\"24\">Material<\/td>\n<td width=\"271\">Porzellan<\/td>\n<\/tr>\n<tr>\n<td width=\"271\" height=\"24\">Farbe<\/td>\n<td width=\"271\">Wei\u00df\/ Schwarz<\/td>\n<\/tr>\n<tr>\n<td rowspan=\"2\" width=\"271\" height=\"48\">Dimension<\/td>\n<td width=\"271\">8,8 Zoll: 13,5*22*4,2<\/td>\n<\/tr>\n<tr>\n<td width=\"271\">10 Zoll: 14,5*25*4,5<\/td>\n<\/tr>\n<tr>\n<td width=\"271\" height=\"24\">MOQ<\/td>\n<td width=\"271\">500St\u00fcck<\/td>\n<\/tr>\n<tr>\n<td width=\"271\" height=\"24\">Benutzerdefiniert<\/td>\n<td width=\"271\">Farbe\/Gr\u00f6\u00dfe\/Logo\/Verpackung<\/td>\n<\/tr>\n<\/tbody>\n<\/table>\n<p><\/div>\n<\/div>","protected":false},"featured_media":1627,"comment_status":"open","ping_status":"closed","template":"","meta":{"_acf_changed":true},"certification":[63,64,66,58,65,61,60,62],"product_brand":[],"product_cat":[34,20],"product_tag":[],"class_list":{"0":"post-1626","1":"product","2":"type-product","3":"status-publish","4":"has-post-thumbnail","6":"certification-amfori","7":"certification-bsci","8":"certification-cnas","9":"certification-fda","10":"certification-iaf","11":"certification-iso-14001","12":"certification-iso-45001","13":"certification-iso-9001","14":"product_cat-custom-household-ceramics","15":"product_cat-ceramic-kitchenware-wholesale","17":"first","18":"instock","19":"shipping-taxable","20":"product-type-simple"},"acf":[],"_links":{"self":[{"href":"https:\/\/www.linkceramics.com\/de\/wp-json\/wp\/v2\/product\/1626","targetHints":{"allow":["GET"]}}],"collection":[{"href":"https:\/\/www.linkceramics.com\/de\/wp-json\/wp\/v2\/product"}],"about":[{"href":"https:\/\/www.linkceramics.com\/de\/wp-json\/wp\/v2\/types\/product"}],"replies":[{"embeddable":true,"href":"https:\/\/www.linkceramics.com\/de\/wp-json\/wp\/v2\/comments?post=1626"}],"wp:featuredmedia":[{"embeddable":true,"href":"https:\/\/www.linkceramics.com\/de\/wp-json\/wp\/v2\/media\/1627"}],"wp:attachment":[{"href":"https:\/\/www.linkceramics.com\/de\/wp-json\/wp\/v2\/media?parent=1626"}],"wp:term":[{"taxonomy":"certification","embeddable":true,"href":"https:\/\/www.linkceramics.com\/de\/wp-json\/wp\/v2\/certification?post=1626"},{"taxonomy":"product_brand","embeddable":true,"href":"https:\/\/www.linkceramics.com\/de\/wp-json\/wp\/v2\/product_brand?post=1626"},{"taxonomy":"product_cat","embeddable":true,"href":"https:\/\/www.linkceramics.com\/de\/wp-json\/wp\/v2\/product_cat?post=1626"},{"taxonomy":"product_tag","embeddable":true,"href":"https:\/\/www.linkceramics.com\/de\/wp-json\/wp\/v2\/product_tag?post=1626"}],"curies":[{"name":"wp","href":"https:\/\/api.w.org\/{rel}","templated":true}]}}