{"id":1630,"date":"2024-12-21T08:42:19","date_gmt":"2024-12-21T08:42:19","guid":{"rendered":"https:\/\/www.linkceramics.com\/?post_type=product&#038;p=1630"},"modified":"2024-12-24T10:06:03","modified_gmt":"2024-12-24T10:06:03","slug":"wholesale-ceramic-serving-bowls","status":"publish","type":"product","link":"https:\/\/www.linkceramics.com\/de\/product\/wholesale-ceramic-serving-bowls\/","title":{"rendered":"Gro\u00dfhandel Keramik servieren Schalen mit Griffen, Bulk Keramikschalen"},"content":{"rendered":"<div class=\"wp-block-columns is-layout-flex wp-container-core-columns-is-layout-9d6595d7 wp-block-columns-is-layout-flex\">\n<div class=\"wp-block-column is-layout-flow wp-block-column-is-layout-flow\" style=\"flex-basis:66.66%\">\n<h3 class=\"wp-block-heading\">Premium-Keramik-Servierschalen Merkmale:<\/h3>\n\n\n\n<ul class=\"wp-block-list\">\n<li><strong>Langlebig und kratzfest:&nbsp;<\/strong>Unsere Keramiksch\u00fcsseln f\u00fcr den Gro\u00dfhandel sind aus hochwertiger Keramik mit hervorragender Hitze- und Kratzfestigkeit. Sie k\u00f6nnen h\u00e4ufigen Servieranforderungen standhalten und gew\u00e4hrleisten, dass sie auch nach langem Gebrauch so hell und sauber wie neu bleiben. Sie sind ideale Utensilien f\u00fcr Restaurants und Bankette.<\/li>\n\n\n\n<li><strong>Erh\u00e4ltlich in mehreren Gr\u00f6\u00dfen:&nbsp;<\/strong>Diese gro\u00dfen Keramiksch\u00fcsseln sind in zwei Gr\u00f6\u00dfen erh\u00e4ltlich: 6,5 Zoll und 8,5 Zoll. Sie eignen sich zum Servieren von kleinen Beilagen bis hin zu Hauptgerichten und erf\u00fcllen die unterschiedlichen Bed\u00fcrfnisse verschiedener Speisesituationen. Die entsprechende Gr\u00f6\u00dfe Design kann flexibel auf die verschiedenen Bed\u00fcrfnisse der Abendessen von Familienfeiern, Restaurants und Bankette anzupassen.<\/li>\n\n\n\n<li><strong>Design des Griffs:&nbsp;<\/strong>Dank des Henkeldesigns k\u00f6nnen die Kellner die Gerichte leichter servieren und die Kunden k\u00f6nnen sie leichter nehmen. Selbst wenn sie mit hei\u00dfer Suppe gef\u00fcllt sind, k\u00f6nnen sie die Sicherheit gew\u00e4hrleisten und sind nicht leicht zu verrutschen, was die Sicherheit und Effizienz von Catering-Dienstleistungen erh\u00f6ht und den Kunden ein komfortables Esserlebnis bringt.<\/li>\n\n\n\n<li><strong>Vielseitige Restaurantstile:&nbsp;<\/strong>Unsere gro\u00dfen Keramikschalen sind in zwei klassischen Farben erh\u00e4ltlich: Schwarz und Wei\u00df. Sie sind stilvoll und schlicht und lassen sich perfekt in moderne und traditionelle Tischdekorationen integrieren. Schwarz ist elegant und Wei\u00df ist frisch und vielseitig, passt zu verschiedenen Restaurantthemen und verbessert die gesamte Essatmosph\u00e4re.<\/li>\n<\/ul>\n<\/div>\n\n\n\n<div class=\"wp-block-column is-layout-flow wp-block-column-is-layout-flow\" style=\"flex-basis:33.33%\">\n<figure class=\"wp-block-image size-full\"><img decoding=\"async\" width=\"750\" height=\"750\" src=\"https:\/\/www.linkceramics.com\/wp-content\/uploads\/2024\/12\/Wholesale-Serving-Bowls-With-Handles-Bulk-Ceramic-Bowls-7.webp\" alt=\"Gro\u00dfhandel-Keramik-Servierschalen-mit-Griff-Massen-Keramik-Schalen-7\" class=\"wp-image-1634\" srcset=\"https:\/\/www.linkceramics.com\/wp-content\/uploads\/2024\/12\/Wholesale-Serving-Bowls-With-Handles-Bulk-Ceramic-Bowls-7.webp 750w, https:\/\/www.linkceramics.com\/wp-content\/uploads\/2024\/12\/Wholesale-Serving-Bowls-With-Handles-Bulk-Ceramic-Bowls-7-300x300.webp 300w, https:\/\/www.linkceramics.com\/wp-content\/uploads\/2024\/12\/Wholesale-Serving-Bowls-With-Handles-Bulk-Ceramic-Bowls-7-150x150.webp 150w, https:\/\/www.linkceramics.com\/wp-content\/uploads\/2024\/12\/Wholesale-Serving-Bowls-With-Handles-Bulk-Ceramic-Bowls-7-600x600.webp 600w, https:\/\/www.linkceramics.com\/wp-content\/uploads\/2024\/12\/Wholesale-Serving-Bowls-With-Handles-Bulk-Ceramic-Bowls-7-100x100.webp 100w\" sizes=\"(max-width: 750px) 100vw, 750px\" \/><\/figure>\n<\/div>\n<\/div>","protected":false},"excerpt":{"rendered":"<div id=\"brxe-0ee1ca\" class=\"brxe-product-meta product_meta\">Willkommen in der Bulk-Keramik Servierschalen kaufen. Unsere Gro\u00dfhandel Keramik servieren Schalen sind in 6,5 und 8,5 Zoll und sind in klassischen schwarzen und wei\u00dfen Farben erh\u00e4ltlich. Geeignet f\u00fcr alle Arten von Suppen und Hauptgerichten. Hochwertiges keramisches Material und humanisierte Griff-Design sind sowohl sch\u00f6n und praktisch, so dass es eine gute Wahl f\u00fcr Restaurants und Bankette.<\/div>\n<div id=\"brxe-8c5ca9\" class=\"brxe-product-short-description\">\n<div class=\"woocommerce-product-details__short-description\">\n<h2>Servierschalen aus Keramik Spezifikationen:<\/h2>\n<table border=\"0\" width=\"542\" cellspacing=\"0\" cellpadding=\"0\">\n<tbody>\n<tr>\n<td width=\"271\" height=\"24\">Hersteller<\/td>\n<td width=\"271\">Yongjian<\/td>\n<\/tr>\n<tr>\n<td width=\"271\" height=\"24\">Modell Nr.<\/td>\n<td width=\"271\">YJ-093\/YJ-094<\/td>\n<\/tr>\n<tr>\n<td width=\"271\" height=\"48\">Produkttyp<\/td>\n<td width=\"271\">Schalen mit Henkel, Servier- und Salatsch\u00fcsseln<\/td>\n<\/tr>\n<tr>\n<td width=\"271\" height=\"24\">Material<\/td>\n<td width=\"271\">Porzellan<\/td>\n<\/tr>\n<tr>\n<td width=\"271\" height=\"24\">Farbe<\/td>\n<td width=\"271\">Wei\u00df\/ Schwarz<\/td>\n<\/tr>\n<tr>\n<td rowspan=\"2\" width=\"271\" height=\"48\">Dimension<\/td>\n<td width=\"271\">6,5 Zoll:17*17*8<\/td>\n<\/tr>\n<tr>\n<td width=\"271\">12 Zoll:23*23*8,5<\/td>\n<\/tr>\n<tr>\n<td width=\"271\" height=\"24\">MOQ<\/td>\n<td width=\"271\">500St\u00fcck<\/td>\n<\/tr>\n<tr>\n<td width=\"271\" height=\"24\">Benutzerdefiniert<\/td>\n<td width=\"271\">Farbe\/Gr\u00f6\u00dfe\/Logo\/Verpackung<\/td>\n<\/tr>\n<\/tbody>\n<\/table>\n<p><\/div>\n<\/div>","protected":false},"featured_media":1635,"comment_status":"open","ping_status":"closed","template":"","meta":{"_acf_changed":true},"certification":[63,64,66,58,65,61,60,62],"product_brand":[],"product_cat":[34,18],"product_tag":[],"class_list":{"0":"post-1630","1":"product","2":"type-product","3":"status-publish","4":"has-post-thumbnail","6":"certification-amfori","7":"certification-bsci","8":"certification-cnas","9":"certification-fda","10":"certification-iaf","11":"certification-iso-14001","12":"certification-iso-45001","13":"certification-iso-9001","14":"product_cat-custom-household-ceramics","15":"product_cat-ceramic-tableware-wholesale","17":"first","18":"instock","19":"shipping-taxable","20":"product-type-simple"},"acf":[],"_links":{"self":[{"href":"https:\/\/www.linkceramics.com\/de\/wp-json\/wp\/v2\/product\/1630","targetHints":{"allow":["GET"]}}],"collection":[{"href":"https:\/\/www.linkceramics.com\/de\/wp-json\/wp\/v2\/product"}],"about":[{"href":"https:\/\/www.linkceramics.com\/de\/wp-json\/wp\/v2\/types\/product"}],"replies":[{"embeddable":true,"href":"https:\/\/www.linkceramics.com\/de\/wp-json\/wp\/v2\/comments?post=1630"}],"wp:featuredmedia":[{"embeddable":true,"href":"https:\/\/www.linkceramics.com\/de\/wp-json\/wp\/v2\/media\/1635"}],"wp:attachment":[{"href":"https:\/\/www.linkceramics.com\/de\/wp-json\/wp\/v2\/media?parent=1630"}],"wp:term":[{"taxonomy":"certification","embeddable":true,"href":"https:\/\/www.linkceramics.com\/de\/wp-json\/wp\/v2\/certification?post=1630"},{"taxonomy":"product_brand","embeddable":true,"href":"https:\/\/www.linkceramics.com\/de\/wp-json\/wp\/v2\/product_brand?post=1630"},{"taxonomy":"product_cat","embeddable":true,"href":"https:\/\/www.linkceramics.com\/de\/wp-json\/wp\/v2\/product_cat?post=1630"},{"taxonomy":"product_tag","embeddable":true,"href":"https:\/\/www.linkceramics.com\/de\/wp-json\/wp\/v2\/product_tag?post=1630"}],"curies":[{"name":"wp","href":"https:\/\/api.w.org\/{rel}","templated":true}]}}