{"id":1636,"date":"2024-12-21T09:07:41","date_gmt":"2024-12-21T09:07:41","guid":{"rendered":"https:\/\/www.linkceramics.com\/?post_type=product&#038;p=1636"},"modified":"2024-12-21T10:02:23","modified_gmt":"2024-12-21T10:02:23","slug":"bulk-bathroom-accessories","status":"publish","type":"product","link":"https:\/\/www.linkceramics.com\/de\/product\/bulk-bathroom-accessories\/","title":{"rendered":"Bulk Bad-Accessoires, Premium Bulk Seifenspender"},"content":{"rendered":"<div class=\"wp-block-columns is-layout-flex wp-container-core-columns-is-layout-9d6595d7 wp-block-columns-is-layout-flex\">\n<div class=\"wp-block-column is-layout-flow wp-block-column-is-layout-flow\" style=\"flex-basis:50%\">\n<h3 class=\"wp-block-heading\">Premium Bulk-Badezimmer-Accessoires Merkmale:<\/h3>\n\n\n\n<ul class=\"wp-block-list\">\n<li><strong>Elegantes Design:<\/strong>\u00a0Diese keramischen Badaccessoires sind cremewei\u00df und sehen nicht nur sauber und ordentlich aus, sondern lassen sich auch mit verschiedenen Badezimmerdekorationen kombinieren, um die Gesamt\u00e4sthetik zu verbessern. Der Seifenspender hat eine spezielle Donut-Form, die zusammen mit einer runden Seifenschale und einem kugelf\u00f6rmigen Teelichthalter ein harmonisches Gesamtbild ergibt.<\/li>\n\n\n\n<li><strong>Langlebiges Material:<\/strong>\u00a0Aus hochwertigem Keramikmaterial gefertigt, sind diese Gro\u00dfhandels-Badezimmeraccessoires langlebig, kratzfest und unzerbrechlich.<\/li>\n\n\n\n<li><strong>Vollst\u00e4ndiger Satz:<\/strong>\u00a0Dieses Keramikset f\u00fcr das Badezimmer enth\u00e4lt 1 Seifenspender f\u00fcr verschiedene Arten von Fl\u00fcssigseife, 2 Keramikbecher f\u00fcr Zahnb\u00fcrsten, Zahnpasta oder Schminkpinsel usw., einen Teelichthalter und 1 Seifenschale, die sehr praktisch ist und f\u00fcr Ordnung im Badezimmer sorgt.<\/li>\n\n\n\n<li><strong>Umweltvertr\u00e4glich:<\/strong>\u00a0Diese gro\u00dfvolumigen Badaccessoires werden aus umweltfreundlichen keramischen Materialien hergestellt, die leicht zu reinigen und wiederverwendbar sind, wodurch der Einsatz von Plastik reduziert wird.<\/li>\n<\/ul>\n<\/div>\n\n\n\n<div class=\"wp-block-column is-layout-flow wp-block-column-is-layout-flow\" style=\"flex-basis:50%\">\n<figure class=\"wp-block-image size-full\"><img decoding=\"async\" width=\"1500\" height=\"1500\" src=\"https:\/\/www.linkceramics.com\/wp-content\/uploads\/2024\/12\/ceramic-bathroom-set-3.webp\" alt=\"bulk-bathroom-accessories-3\" class=\"wp-image-1640\" srcset=\"https:\/\/www.linkceramics.com\/wp-content\/uploads\/2024\/12\/ceramic-bathroom-set-3.webp 1500w, https:\/\/www.linkceramics.com\/wp-content\/uploads\/2024\/12\/ceramic-bathroom-set-3-300x300.webp 300w, https:\/\/www.linkceramics.com\/wp-content\/uploads\/2024\/12\/ceramic-bathroom-set-3-150x150.webp 150w, https:\/\/www.linkceramics.com\/wp-content\/uploads\/2024\/12\/ceramic-bathroom-set-3-768x768.webp 768w, https:\/\/www.linkceramics.com\/wp-content\/uploads\/2024\/12\/ceramic-bathroom-set-3-1200x1200.webp 1200w, https:\/\/www.linkceramics.com\/wp-content\/uploads\/2024\/12\/ceramic-bathroom-set-3-600x600.webp 600w, https:\/\/www.linkceramics.com\/wp-content\/uploads\/2024\/12\/ceramic-bathroom-set-3-100x100.webp 100w\" sizes=\"(max-width: 1500px) 100vw, 1500px\" \/><\/figure>\n<\/div>\n<\/div>\n\n\n\n<p><\/p>","protected":false},"excerpt":{"rendered":"<div class=\"elementor-element elementor-element-12826c1 elementor-widget elementor-widget-text-editor\" data-id=\"12826c1\" data-element_type=\"widget\" data-widget_type=\"text-editor.default\">\n<div class=\"elementor-widget-container\">Wir stellen Ihnen unser hochwertiges keramisches Badzubeh\u00f6r vor, das durch sein elegantes Design und die hochwertigen Keramikmaterialien langlebig und leicht zu reinigen ist. Jedes Produkt ist sorgf\u00e4ltig ausgew\u00e4hlt und mit seinem Bad Speicherfunktion konzipiert. Unterst\u00fctzung Gro\u00dfhandel Beschaffung und personalisierte Anpassung Dienstleistungen an Ihre unterschiedlichen Bed\u00fcrfnisse zu erf\u00fcllen.<\/p>\n<h2>Badezimmerzubeh\u00f6r Spezifikationen:<\/h2>\n<\/div>\n<\/div>\n<div data-id=\"bef26dc\" data-element_type=\"widget\" data-widget_type=\"text-editor.default\">\n<div data-id=\"bef26dc\" data-element_type=\"widget\" data-widget_type=\"text-editor.default\">\n<div>\n<table border=\"0\" width=\"582\" cellspacing=\"0\" cellpadding=\"0\">\n<tbody>\n<tr>\n<td width=\"229\" height=\"33\">Hersteller<\/td>\n<td width=\"353\">JINHUA<\/td>\n<\/tr>\n<tr>\n<td height=\"33\">Modell Nr.<\/td>\n<td>JHB29<\/td>\n<\/tr>\n<tr>\n<td height=\"33\">Gestaltung<\/td>\n<td>5-teiliges Set<\/td>\n<\/tr>\n<tr>\n<td height=\"33\">Material<\/td>\n<td>Keramik<\/td>\n<\/tr>\n<tr>\n<td height=\"33\">Farbe<\/td>\n<td width=\"353\">Wei\u00df<\/td>\n<\/tr>\n<tr>\n<td height=\"33\">Benutzerdefiniert<\/td>\n<td>Farbe\/Gr\u00f6\u00dfe\/Logo\/Verpackung<\/td>\n<\/tr>\n<tr>\n<td height=\"33\">MOQ<\/td>\n<td>500 S\u00e4tze<\/td>\n<\/tr>\n<tr>\n<td height=\"132\">Dimension<\/td>\n<td width=\"353\">Seifenflasche: 14.6*6.4*19.6cm<br \/>Tasse: 8.1*8.1*11.2cm<br \/>Seifenschale: 11,9*11,9*1,6cm<br \/>Kerzenhalter: 8.7*8.7*6.4cm<\/td>\n<\/tr>\n<\/tbody>\n<\/table>\n<\/div>\n<\/div>\n<\/div>","protected":false},"featured_media":1639,"comment_status":"open","ping_status":"closed","template":"","meta":{"_acf_changed":true},"certification":[63,64,66,58,65,61,60,62,57],"product_brand":[],"product_cat":[35,22],"product_tag":[],"class_list":{"0":"post-1636","1":"product","2":"type-product","3":"status-publish","4":"has-post-thumbnail","6":"certification-amfori","7":"certification-bsci","8":"certification-cnas","9":"certification-fda","10":"certification-iaf","11":"certification-iso-14001","12":"certification-iso-45001","13":"certification-iso-9001","14":"certification-lfgb","15":"product_cat-bathroom-ceramics-supply","16":"product_cat-ceramic-bathroom-set","18":"first","19":"instock","20":"shipping-taxable","21":"product-type-simple"},"acf":[],"_links":{"self":[{"href":"https:\/\/www.linkceramics.com\/de\/wp-json\/wp\/v2\/product\/1636","targetHints":{"allow":["GET"]}}],"collection":[{"href":"https:\/\/www.linkceramics.com\/de\/wp-json\/wp\/v2\/product"}],"about":[{"href":"https:\/\/www.linkceramics.com\/de\/wp-json\/wp\/v2\/types\/product"}],"replies":[{"embeddable":true,"href":"https:\/\/www.linkceramics.com\/de\/wp-json\/wp\/v2\/comments?post=1636"}],"wp:featuredmedia":[{"embeddable":true,"href":"https:\/\/www.linkceramics.com\/de\/wp-json\/wp\/v2\/media\/1639"}],"wp:attachment":[{"href":"https:\/\/www.linkceramics.com\/de\/wp-json\/wp\/v2\/media?parent=1636"}],"wp:term":[{"taxonomy":"certification","embeddable":true,"href":"https:\/\/www.linkceramics.com\/de\/wp-json\/wp\/v2\/certification?post=1636"},{"taxonomy":"product_brand","embeddable":true,"href":"https:\/\/www.linkceramics.com\/de\/wp-json\/wp\/v2\/product_brand?post=1636"},{"taxonomy":"product_cat","embeddable":true,"href":"https:\/\/www.linkceramics.com\/de\/wp-json\/wp\/v2\/product_cat?post=1636"},{"taxonomy":"product_tag","embeddable":true,"href":"https:\/\/www.linkceramics.com\/de\/wp-json\/wp\/v2\/product_tag?post=1636"}],"curies":[{"name":"wp","href":"https:\/\/api.w.org\/{rel}","templated":true}]}}