{"id":1663,"date":"2024-12-23T03:57:11","date_gmt":"2024-12-23T03:57:11","guid":{"rendered":"https:\/\/www.linkceramics.com\/?post_type=product&#038;p=1663"},"modified":"2024-12-23T04:02:55","modified_gmt":"2024-12-23T04:02:55","slug":"custom-baking-pans","status":"publish","type":"product","link":"https:\/\/www.linkceramics.com\/de\/product\/custom-baking-pans\/","title":{"rendered":"Benutzerdefinierte Backformen, Pie Pfannen Bulk, Runde Backformen Gro\u00dfhandel"},"content":{"rendered":"<div class=\"wp-block-columns is-layout-flex wp-container-core-columns-is-layout-9d6595d7 wp-block-columns-is-layout-flex\">\n<div class=\"wp-block-column is-layout-flow wp-block-column-is-layout-flow\" style=\"flex-basis:50%\">\n<h3 class=\"wp-block-heading\">Premium Custom-Backformen Merkmale:<\/h3>\n\n\n\n<ul class=\"wp-block-list\">\n<li><strong>Elegantes Beige:<\/strong>\u00a0Diese ma\u00dfgeschneiderten Backformen sind in einem sanften Beigeton gehalten, der schlicht und doch elegant ist. Sie passen perfekt zu verschiedenen K\u00fcchenstilen und eignen sich f\u00fcr den t\u00e4glichen Gebrauch oder die Pr\u00e4sentation zu besonderen Anl\u00e4ssen.<\/li>\n\n\n\n<li><strong>Exquisites Design mit gewelltem Rand:\u00a0<\/strong>Das wellenf\u00f6rmige Design der Kuchenformen erh\u00f6ht nicht nur die Sch\u00f6nheit, sondern kann auch eine k\u00fcnstlerische Atmosph\u00e4re schaffen, wenn die Speisen nach dem Backen pr\u00e4sentiert werden, was sich hervorragend f\u00fcr die Verbesserung des Essens eignet.<\/li>\n\n\n\n<li><strong>Multifunktions-Backform rund:<\/strong>\u00a0Unsere ma\u00dfgeschneiderte Backform ist f\u00fcr alle Arten von gebackenen Lebensmitteln, Kuchen, Torten und so weiter konzipiert. Ob Familientreffen oder Feiertagsfeier kann getan werden. Es ist praktisch und sch\u00f6n, den t\u00e4glichen Gebrauch und Festival besondere Verwendung zu erf\u00fcllen.<\/li>\n\n\n\n<li><strong>Temperaturbest\u00e4ndigkeit, bleifrei:<\/strong>\u00a0F\u00fcr die Herstellung dieser Kuchenformen wird hochwertige, bleifreie Keramik verwendet, um Gesundheit und Sicherheit zu gew\u00e4hrleisten. Sie sind f\u00fcr Mikrowellenherde und Back\u00f6fen geeignet. Es kann sehr hohen Temperaturen widerstehen, mit gleichm\u00e4\u00dfiger Erw\u00e4rmung, damit Sie leicht zu k\u00f6stlichen Kuchen, Torten und andere Lebensmittel zu kochen.<\/li>\n<\/ul>\n<\/div>\n\n\n\n<div class=\"wp-block-column is-layout-flow wp-block-column-is-layout-flow\" style=\"flex-basis:50%\">\n<figure class=\"wp-block-image size-full\"><img decoding=\"async\" width=\"1500\" height=\"1500\" src=\"https:\/\/www.linkceramics.com\/wp-content\/uploads\/2024\/12\/wholesale-bakeware-custom-baking-pans-2.webp\" alt=\"Gro\u00dfhandel-Backwaren-individuelle-Backformen-2\" class=\"wp-image-1667\" srcset=\"https:\/\/www.linkceramics.com\/wp-content\/uploads\/2024\/12\/wholesale-bakeware-custom-baking-pans-2.webp 1500w, https:\/\/www.linkceramics.com\/wp-content\/uploads\/2024\/12\/wholesale-bakeware-custom-baking-pans-2-300x300.webp 300w, https:\/\/www.linkceramics.com\/wp-content\/uploads\/2024\/12\/wholesale-bakeware-custom-baking-pans-2-150x150.webp 150w, https:\/\/www.linkceramics.com\/wp-content\/uploads\/2024\/12\/wholesale-bakeware-custom-baking-pans-2-768x768.webp 768w, https:\/\/www.linkceramics.com\/wp-content\/uploads\/2024\/12\/wholesale-bakeware-custom-baking-pans-2-1200x1200.webp 1200w, https:\/\/www.linkceramics.com\/wp-content\/uploads\/2024\/12\/wholesale-bakeware-custom-baking-pans-2-600x600.webp 600w, https:\/\/www.linkceramics.com\/wp-content\/uploads\/2024\/12\/wholesale-bakeware-custom-baking-pans-2-100x100.webp 100w\" sizes=\"(max-width: 1500px) 100vw, 1500px\" \/><\/figure>\n<\/div>\n<\/div>\n\n\n\n<p><\/p>","protected":false},"excerpt":{"rendered":"<div class=\"elementor-element elementor-element-12826c1 elementor-widget elementor-widget-text-editor\" data-id=\"12826c1\" data-element_type=\"widget\" data-widget_type=\"text-editor.default\">\n<div class=\"elementor-widget-container\">Willkommen beim Kauf von Keramikkuchenformen in gro\u00dfen Mengen. Diese beige Farbe benutzerdefinierte Backformen haben eine attraktive gewellten Rand Design und sind elegant und dennoch praktisch. Das runde Design eignet sich f\u00fcr viele andere Backbed\u00fcrfnisse und besteht aus hochwertiger bleifreier Keramik, die f\u00fcr Lebensmittelsicherheit sorgt. Ob man nun gelegentlich backt oder ein festliches Festmahl plant, diese Backformen sind eine sichere Erg\u00e4nzung f\u00fcr jede K\u00fcche.<\/p>\n<h2>Backformen Spezifikationen:<\/h2>\n<\/div>\n<\/div>\n<table border=\"0\" width=\"531\" cellspacing=\"0\" cellpadding=\"0\">\n<tbody>\n<tr>\n<td width=\"271\" height=\"24\">Hersteller<\/td>\n<td width=\"260\">JINHUA<\/td>\n<\/tr>\n<tr>\n<td width=\"271\" height=\"25\">Modell Nr.<\/td>\n<td width=\"260\">JHK-02<\/td>\n<\/tr>\n<tr>\n<td width=\"271\" height=\"24\">Gestaltung<\/td>\n<td width=\"260\">Runde Form mit Spitzendesign<\/td>\n<\/tr>\n<tr>\n<td width=\"271\" height=\"24\">Material<\/td>\n<td width=\"260\">Keramik<\/td>\n<\/tr>\n<tr>\n<td width=\"271\" height=\"24\">Farbe<\/td>\n<td width=\"260\">Wei\u00df, Hellbraun<\/td>\n<\/tr>\n<tr>\n<td width=\"271\" height=\"24\">Benutzerdefiniert<\/td>\n<td width=\"260\">Farbe\/Gr\u00f6\u00dfe\/Logo\/Verpackung<\/td>\n<\/tr>\n<tr>\n<td width=\"271\" height=\"24\">MOQ<\/td>\n<td width=\"260\">500 S\u00e4tze<\/td>\n<\/tr>\n<tr>\n<td width=\"271\" height=\"24\">Dimension<\/td>\n<td width=\"260\">26.7*26.7*6.4<\/td>\n<\/tr>\n<tr>\n<td width=\"271\" height=\"24\">N.W \/SET<\/td>\n<td width=\"260\">1,5\/Stk<\/td>\n<\/tr>\n<\/tbody>\n<\/table>","protected":false},"featured_media":1664,"comment_status":"open","ping_status":"closed","template":"","meta":{"_acf_changed":true},"certification":[63,64,66,58,65,61,60,62,57],"product_brand":[],"product_cat":[34,20],"product_tag":[],"class_list":{"0":"post-1663","1":"product","2":"type-product","3":"status-publish","4":"has-post-thumbnail","6":"certification-amfori","7":"certification-bsci","8":"certification-cnas","9":"certification-fda","10":"certification-iaf","11":"certification-iso-14001","12":"certification-iso-45001","13":"certification-iso-9001","14":"certification-lfgb","15":"product_cat-custom-household-ceramics","16":"product_cat-ceramic-kitchenware-wholesale","18":"first","19":"instock","20":"shipping-taxable","21":"product-type-simple"},"acf":[],"_links":{"self":[{"href":"https:\/\/www.linkceramics.com\/de\/wp-json\/wp\/v2\/product\/1663","targetHints":{"allow":["GET"]}}],"collection":[{"href":"https:\/\/www.linkceramics.com\/de\/wp-json\/wp\/v2\/product"}],"about":[{"href":"https:\/\/www.linkceramics.com\/de\/wp-json\/wp\/v2\/types\/product"}],"replies":[{"embeddable":true,"href":"https:\/\/www.linkceramics.com\/de\/wp-json\/wp\/v2\/comments?post=1663"}],"wp:featuredmedia":[{"embeddable":true,"href":"https:\/\/www.linkceramics.com\/de\/wp-json\/wp\/v2\/media\/1664"}],"wp:attachment":[{"href":"https:\/\/www.linkceramics.com\/de\/wp-json\/wp\/v2\/media?parent=1663"}],"wp:term":[{"taxonomy":"certification","embeddable":true,"href":"https:\/\/www.linkceramics.com\/de\/wp-json\/wp\/v2\/certification?post=1663"},{"taxonomy":"product_brand","embeddable":true,"href":"https:\/\/www.linkceramics.com\/de\/wp-json\/wp\/v2\/product_brand?post=1663"},{"taxonomy":"product_cat","embeddable":true,"href":"https:\/\/www.linkceramics.com\/de\/wp-json\/wp\/v2\/product_cat?post=1663"},{"taxonomy":"product_tag","embeddable":true,"href":"https:\/\/www.linkceramics.com\/de\/wp-json\/wp\/v2\/product_tag?post=1663"}],"curies":[{"name":"wp","href":"https:\/\/api.w.org\/{rel}","templated":true}]}}