{"id":1668,"date":"2024-12-23T06:20:30","date_gmt":"2024-12-23T06:20:30","guid":{"rendered":"https:\/\/www.linkceramics.com\/?post_type=product&#038;p=1668"},"modified":"2024-12-23T06:30:44","modified_gmt":"2024-12-23T06:30:44","slug":"ceramic-pie-pan-bulk","status":"publish","type":"product","link":"https:\/\/www.linkceramics.com\/de\/product\/ceramic-pie-pan-bulk\/","title":{"rendered":"Premium-Keramik-Kuchenform Bulk, benutzerdefinierte Backform Gro\u00dfhandel"},"content":{"rendered":"<div class=\"wp-block-columns is-layout-flex wp-container-core-columns-is-layout-9d6595d7 wp-block-columns-is-layout-flex\">\n<div class=\"wp-block-column is-layout-flow wp-block-column-is-layout-flow\" style=\"flex-basis:50%\">\n<h3 class=\"wp-block-heading\">Premium Ceramic Pie Pan Bulk Eigenschaften:<\/h3>\n\n\n\n<ul class=\"wp-block-list\">\n<li><strong>Elegantes Design aus beiger Spitze:<\/strong>\u00a0Das weiche Beige mit dem exquisiten Spitzendesign dieser Keramikkuchenform tr\u00e4gt nicht nur zum Aussehen und zur Haptik des Produkts selbst bei, sondern auch zur Eleganz Ihrer Backwerke bei jeder Gelegenheit.<\/li>\n\n\n\n<li><strong>Bleifreies Material, sicher und gesund:\u00a0<\/strong>Diese ma\u00dfgeschneiderte Backform ist aus bleifreiem Material hergestellt. Das bedeutet, dass jeder Gebrauch sicher und gesund ist, gem\u00e4\u00df den Anforderungen der Lebensmittelstandards, die die Gesundheit von Ihnen und Ihrer Familie sch\u00fctzen.<\/li>\n\n\n\n<li><strong>Multifunktionales Einsatzszenario:\u00a0<\/strong>Mit dieser Keramikkuchenform k\u00f6nnen verschiedene K\u00fcchenger\u00e4te wie Mikrowellenherde, Back\u00f6fen, Geschirrsp\u00fcler und K\u00fchlschr\u00e4nke problemlos zwischen Kochen und Aufbewahren wechseln.<\/li>\n\n\n\n<li><strong>Langlebigkeit und leichte Reinigung:\u00a0<\/strong>Unsere ma\u00dfgeschneiderte Backform besteht aus Qualit\u00e4tskeramik mit hervorragender Hitzebest\u00e4ndigkeit und eignet sich zum Backen bei hohen Temperaturen. Sie ist abwaschbar, kann in der Sp\u00fclmaschine gereinigt werden, spart Zeit und M\u00fche und verbessert den Komfort im t\u00e4glichen Gebrauch erheblich.<\/li>\n<\/ul>\n<\/div>\n\n\n\n<div class=\"wp-block-column is-layout-flow wp-block-column-is-layout-flow\" style=\"flex-basis:50%\">\n<figure class=\"wp-block-image size-full\"><img decoding=\"async\" width=\"1200\" height=\"1200\" src=\"https:\/\/www.linkceramics.com\/wp-content\/uploads\/2024\/12\/baking-dishes-1.webp\" alt=\"Keramik-Kuchenpfanne-Bulk-1\" class=\"wp-image-1671\" srcset=\"https:\/\/www.linkceramics.com\/wp-content\/uploads\/2024\/12\/baking-dishes-1.webp 1200w, https:\/\/www.linkceramics.com\/wp-content\/uploads\/2024\/12\/baking-dishes-1-300x300.webp 300w, https:\/\/www.linkceramics.com\/wp-content\/uploads\/2024\/12\/baking-dishes-1-150x150.webp 150w, https:\/\/www.linkceramics.com\/wp-content\/uploads\/2024\/12\/baking-dishes-1-768x768.webp 768w, https:\/\/www.linkceramics.com\/wp-content\/uploads\/2024\/12\/baking-dishes-1-600x600.webp 600w, https:\/\/www.linkceramics.com\/wp-content\/uploads\/2024\/12\/baking-dishes-1-100x100.webp 100w\" sizes=\"(max-width: 1200px) 100vw, 1200px\" \/><\/figure>\n<\/div>\n<\/div>\n\n\n\n<p><\/p>","protected":false},"excerpt":{"rendered":"<div class=\"elementor-element elementor-element-12826c1 elementor-widget elementor-widget-text-editor\" data-id=\"12826c1\" data-element_type=\"widget\" data-widget_type=\"text-editor.default\">\n<div class=\"elementor-widget-container\">Willkommen bei der ma\u00dfgeschneiderten Backform. Diese elegante beige Keramikkuchenform mit exquisitem Spitzendesign ist aus bleifreiem Material hergestellt, um Gesundheit und Sicherheit zu gew\u00e4hrleisten. Geeignet f\u00fcr Mikrowelle, Backofen, K\u00fchlschrank und Sp\u00fclmaschine, kann es leicht mit verschiedenen Bed\u00fcrfnissen vom Backen bis zur Lagerung zu bew\u00e4ltigen, so dass es eine ideale Wahl f\u00fcr private und professionelle K\u00fcchen.<\/p>\n<h2>Keramik-Kuchenform Spezifikationen:<\/h2>\n<\/div>\n<\/div>\n<div data-id=\"bef26dc\" data-element_type=\"widget\" data-widget_type=\"text-editor.default\">\n<div>\n<table border=\"0\" width=\"582\" cellspacing=\"0\" cellpadding=\"0\">\n<tbody>\n<tr>\n<td width=\"229\" height=\"33\">Hersteller<\/td>\n<td width=\"353\">JINHUA<\/td>\n<\/tr>\n<tr>\n<td height=\"33\">Modell Nr.<\/td>\n<td>JHB21<\/td>\n<\/tr>\n<tr>\n<td height=\"33\">Gestaltung<\/td>\n<td>Runde Form<\/td>\n<\/tr>\n<tr>\n<td height=\"33\">Material<\/td>\n<td>Keramik<\/td>\n<\/tr>\n<tr>\n<td height=\"33\">Farbe<\/td>\n<td width=\"353\">Wei\u00df<\/td>\n<\/tr>\n<tr>\n<td height=\"33\">Benutzerdefiniert<\/td>\n<td>Farbe\/Gr\u00f6\u00dfe\/Logo\/Verpackung<\/td>\n<\/tr>\n<tr>\n<td height=\"33\">MOQ<\/td>\n<td>500St\u00fcck<\/td>\n<\/tr>\n<tr>\n<td height=\"33\">Dimension<\/td>\n<td width=\"353\">26.9*26.9*4.3cm<\/td>\n<\/tr>\n<\/tbody>\n<\/table>\n<\/div>\n<\/div>","protected":false},"featured_media":1670,"comment_status":"open","ping_status":"closed","template":"","meta":{"_acf_changed":true},"certification":[63,64,66,58,65,61,60,62,57],"product_brand":[],"product_cat":[34,20],"product_tag":[],"class_list":{"0":"post-1668","1":"product","2":"type-product","3":"status-publish","4":"has-post-thumbnail","6":"certification-amfori","7":"certification-bsci","8":"certification-cnas","9":"certification-fda","10":"certification-iaf","11":"certification-iso-14001","12":"certification-iso-45001","13":"certification-iso-9001","14":"certification-lfgb","15":"product_cat-custom-household-ceramics","16":"product_cat-ceramic-kitchenware-wholesale","18":"first","19":"instock","20":"shipping-taxable","21":"product-type-simple"},"acf":[],"_links":{"self":[{"href":"https:\/\/www.linkceramics.com\/de\/wp-json\/wp\/v2\/product\/1668","targetHints":{"allow":["GET"]}}],"collection":[{"href":"https:\/\/www.linkceramics.com\/de\/wp-json\/wp\/v2\/product"}],"about":[{"href":"https:\/\/www.linkceramics.com\/de\/wp-json\/wp\/v2\/types\/product"}],"replies":[{"embeddable":true,"href":"https:\/\/www.linkceramics.com\/de\/wp-json\/wp\/v2\/comments?post=1668"}],"wp:featuredmedia":[{"embeddable":true,"href":"https:\/\/www.linkceramics.com\/de\/wp-json\/wp\/v2\/media\/1670"}],"wp:attachment":[{"href":"https:\/\/www.linkceramics.com\/de\/wp-json\/wp\/v2\/media?parent=1668"}],"wp:term":[{"taxonomy":"certification","embeddable":true,"href":"https:\/\/www.linkceramics.com\/de\/wp-json\/wp\/v2\/certification?post=1668"},{"taxonomy":"product_brand","embeddable":true,"href":"https:\/\/www.linkceramics.com\/de\/wp-json\/wp\/v2\/product_brand?post=1668"},{"taxonomy":"product_cat","embeddable":true,"href":"https:\/\/www.linkceramics.com\/de\/wp-json\/wp\/v2\/product_cat?post=1668"},{"taxonomy":"product_tag","embeddable":true,"href":"https:\/\/www.linkceramics.com\/de\/wp-json\/wp\/v2\/product_tag?post=1668"}],"curies":[{"name":"wp","href":"https:\/\/api.w.org\/{rel}","templated":true}]}}