{"id":1677,"date":"2024-12-23T07:29:29","date_gmt":"2024-12-23T07:29:29","guid":{"rendered":"https:\/\/www.linkceramics.com\/?post_type=product&#038;p=1677"},"modified":"2024-12-24T09:41:54","modified_gmt":"2024-12-24T09:41:54","slug":"ceramic-press-machine","status":"publish","type":"product","link":"https:\/\/www.linkceramics.com\/de\/product\/ceramic-press-machine\/","title":{"rendered":"Hochwertige 30T Keramikpresse f\u00fcr Keramikgeschirr Formung"},"content":{"rendered":"<div class=\"wp-block-columns is-layout-flex wp-container-core-columns-is-layout-9d6595d7 wp-block-columns-is-layout-flex\">\n<div class=\"wp-block-column is-layout-flow wp-block-column-is-layout-flow\">\n<h3 class=\"wp-block-heading\"><strong>Merkmale der Keramik-Pressmaschine<\/strong><\/h3>\n\n\n\n<p>Hochdruck-F\u00e4higkeit: Die Maschine ist mit einer Presskapazit\u00e4t von 30 Tonnen ausgestattet und erm\u00f6glicht die effiziente und effektive Komprimierung von keramischen Materialien in die gew\u00fcnschten Formen.<\/p>\n\n\n\n<p>Pr\u00e4zise Steuerung: Es bietet eine pr\u00e4zise Steuerung der Pressparameter wie Druck, Geschwindigkeit und Zeit und gew\u00e4hrleistet so Gleichm\u00e4\u00dfigkeit und Konsistenz bei der Herstellung von Keramikprodukten.<\/p>\n<\/div>\n\n\n\n<div class=\"wp-block-column is-layout-flow wp-block-column-is-layout-flow\">\n<figure class=\"wp-block-image size-full\"><img decoding=\"async\" width=\"678\" height=\"678\" src=\"https:\/\/www.linkceramics.com\/wp-content\/uploads\/2024\/12\/Ceramic-Press-Machine.webp\" alt=\"Keramik-Press-Maschine\" class=\"wp-image-1678\" srcset=\"https:\/\/www.linkceramics.com\/wp-content\/uploads\/2024\/12\/Ceramic-Press-Machine.webp 678w, https:\/\/www.linkceramics.com\/wp-content\/uploads\/2024\/12\/Ceramic-Press-Machine-300x300.webp 300w, https:\/\/www.linkceramics.com\/wp-content\/uploads\/2024\/12\/Ceramic-Press-Machine-150x150.webp 150w, https:\/\/www.linkceramics.com\/wp-content\/uploads\/2024\/12\/Ceramic-Press-Machine-600x600.webp 600w, https:\/\/www.linkceramics.com\/wp-content\/uploads\/2024\/12\/Ceramic-Press-Machine-100x100.webp 100w\" sizes=\"(max-width: 678px) 100vw, 678px\" \/><\/figure>\n<\/div>\n<\/div>","protected":false},"excerpt":{"rendered":"<div class=\"elementor-element elementor-element-e8e3df8 elementor-widget elementor-widget-woocommerce-product-short-description\" data-id=\"e8e3df8\" data-element_type=\"widget\" data-widget_type=\"woocommerce-product-short-description.default\">\n<div class=\"elementor-widget-container\">\n<div class=\"woocommerce-product-details__short-description\">\n<div class=\"elementor-element elementor-element-e8e3df8 elementor-widget elementor-widget-woocommerce-product-short-description\" data-id=\"e8e3df8\" data-element_type=\"widget\" data-widget_type=\"woocommerce-product-short-description.default\">\n<div class=\"elementor-widget-container\">\n<div class=\"woocommerce-product-details__short-description\">\n<div class=\"elementor-element elementor-element-e8e3df8 elementor-widget elementor-widget-woocommerce-product-short-description\" data-id=\"e8e3df8\" data-element_type=\"widget\" data-widget_type=\"woocommerce-product-short-description.default\">\n<div class=\"elementor-widget-container\">\n<div class=\"woocommerce-product-details__short-description\">\n<p>Als Hersteller von keramischen Formgebungsmaschinen bietet Yutai eine 30T-Hochdruck-Keramikpresse an, die speziell f\u00fcr die Herstellung von Tellern mit besonderen Formen, wie z.B. Putengerichte, gro\u00dfe Fischgerichte und quadratische Gerichte, verwendet wird.<\/p>\n<h2>Alles aus einer Hand f\u00fcr keramische Pressmaschinen :<\/h2>\n<ol>\n<li>Anpassung: Bei Bedarf k\u00f6nnen wir die Maschine an spezifische Produktionsanforderungen anpassen oder zus\u00e4tzliche Funktionen zur Leistungssteigerung integrieren.<\/li>\n<li>Installation und Inbetriebnahme: Unsere fachkundigen Techniker installieren die 30T-Keramikpresse in Ihrem Werk und nehmen sie in Betrieb, um die ordnungsgem\u00e4\u00dfe Einrichtung und Funktionalit\u00e4t sicherzustellen.<\/li>\n<li>Ersatzteilversorgung: Wir bieten eine breite Palette von Original-Ersatzteilen und Komponenten f\u00fcr die Maschine, um einen kontinuierlichen und ununterbrochenen Betrieb zu gew\u00e4hrleisten.<\/li>\n<\/ol>\n<\/div>\n<\/div>\n<\/div>\n<div class=\"elementor-element elementor-element-713ad46 elementor-widget elementor-widget-text-editor\" data-id=\"713ad46\" data-element_type=\"widget\" data-widget_type=\"text-editor.default\">\n<div class=\"elementor-widget-container\">\n<p>Als f\u00fchrender Hersteller von Keramikmaschinen widmet sich Yutai der Bereitstellung ausgezeichneter Keramikgeschirrmaschinen und Dienstleistungen, um den Erfolg seiner Kunden zu f\u00f6rdern.<\/p>\n<\/div>\n<\/div>\n<\/div>\n<\/div>\n<\/div>\n<\/div>\n<\/div>\n<\/div>","protected":false},"featured_media":1678,"comment_status":"open","ping_status":"closed","template":"","meta":{"_acf_changed":true},"certification":[59,61,60,62],"product_brand":[],"product_cat":[39,40],"product_tag":[],"class_list":{"0":"post-1677","1":"product","2":"type-product","3":"status-publish","4":"has-post-thumbnail","6":"certification-ce","7":"certification-iso-14001","8":"certification-iso-45001","9":"certification-iso-9001","10":"product_cat-ceramic-machinery","11":"product_cat-ceramic-machines","13":"first","14":"instock","15":"shipping-taxable","16":"product-type-simple"},"acf":[],"_links":{"self":[{"href":"https:\/\/www.linkceramics.com\/de\/wp-json\/wp\/v2\/product\/1677","targetHints":{"allow":["GET"]}}],"collection":[{"href":"https:\/\/www.linkceramics.com\/de\/wp-json\/wp\/v2\/product"}],"about":[{"href":"https:\/\/www.linkceramics.com\/de\/wp-json\/wp\/v2\/types\/product"}],"replies":[{"embeddable":true,"href":"https:\/\/www.linkceramics.com\/de\/wp-json\/wp\/v2\/comments?post=1677"}],"wp:featuredmedia":[{"embeddable":true,"href":"https:\/\/www.linkceramics.com\/de\/wp-json\/wp\/v2\/media\/1678"}],"wp:attachment":[{"href":"https:\/\/www.linkceramics.com\/de\/wp-json\/wp\/v2\/media?parent=1677"}],"wp:term":[{"taxonomy":"certification","embeddable":true,"href":"https:\/\/www.linkceramics.com\/de\/wp-json\/wp\/v2\/certification?post=1677"},{"taxonomy":"product_brand","embeddable":true,"href":"https:\/\/www.linkceramics.com\/de\/wp-json\/wp\/v2\/product_brand?post=1677"},{"taxonomy":"product_cat","embeddable":true,"href":"https:\/\/www.linkceramics.com\/de\/wp-json\/wp\/v2\/product_cat?post=1677"},{"taxonomy":"product_tag","embeddable":true,"href":"https:\/\/www.linkceramics.com\/de\/wp-json\/wp\/v2\/product_tag?post=1677"}],"curies":[{"name":"wp","href":"https:\/\/api.w.org\/{rel}","templated":true}]}}