{"id":1722,"date":"2024-12-24T08:32:48","date_gmt":"2024-12-24T08:32:48","guid":{"rendered":"https:\/\/www.linkceramics.com\/?post_type=product&#038;p=1722"},"modified":"2024-12-24T09:36:09","modified_gmt":"2024-12-24T09:36:09","slug":"bathroom-sinks-wholesale","status":"publish","type":"product","link":"https:\/\/www.linkceramics.com\/de\/product\/bathroom-sinks-wholesale\/","title":{"rendered":"Keramische Badezimmer Waschbecken Gro\u00dfhandel mit mattem Gold Finish"},"content":{"rendered":"<div class=\"wp-block-columns is-layout-flex wp-container-core-columns-is-layout-9d6595d7 wp-block-columns-is-layout-flex\">\n<div class=\"wp-block-column is-layout-flow wp-block-column-is-layout-flow\" style=\"flex-basis:50%\">\n<h3 class=\"wp-block-heading\">Premium-Badewannen Gro\u00dfhandel Merkmale:<\/h3>\n\n\n\n<ul class=\"wp-block-list\">\n<li><strong>Luxuri\u00f6ses Gold-Finish:&nbsp;<\/strong>Diese Waschbecken im Gro\u00dfhandel sind in mattem Gold gehalten, das Waschbecken besitzt einen zur\u00fcckhaltenden Luxus, der die Raffinesse des Badezimmers erh\u00f6ht und eine hochwertige Atmosph\u00e4re schafft.<\/li>\n\n\n\n<li><strong>Leicht zu reinigen und zu pflegen:&nbsp;<\/strong>Diese mattgoldenen Gro\u00dfhandelssp\u00fclen f\u00fcr Badezimmer sind leicht zu reinigen und zu pflegen, sch\u00f6n und einfach in der t\u00e4glichen Reinigung, was die langfristigen Wartungskosten reduziert.<\/li>\n\n\n\n<li><strong>Langlebig und zuverl\u00e4ssig:&nbsp;<\/strong>Unsere Waschbecken im Gro\u00dfhandel sind aus hochwertigen keramischen Materialien hergestellt, um sicherzustellen, dass das Waschbecken stark und langlebig ist, resistent gegen Flecken und Kratzer, und kann seine urspr\u00fcngliche Sch\u00f6nheit nach einer langen Zeit der Nutzung zu erhalten.<\/li>\n\n\n\n<li><strong>Gro\u00dfhandelsrabatt:&nbsp;<\/strong>Als Hersteller von Waschbecken f\u00fcr Badezimmer bieten wir Ihnen Vorzugspreise f\u00fcr Waschbecken im Gro\u00dfhandel, um Ihnen hochwertige Produkte im Rahmen des Projektbudgets zu garantieren.<\/li>\n<\/ul>\n<\/div>\n\n\n\n<div class=\"wp-block-column is-layout-flow wp-block-column-is-layout-flow\" style=\"flex-basis:50%\">\n<figure class=\"wp-block-image size-full\"><img decoding=\"async\" width=\"980\" height=\"1348\" src=\"https:\/\/www.linkceramics.com\/wp-content\/uploads\/2024\/12\/ceramic-bathroom-sinks-wholesale-with-matte-gold-finish-6.webp\" alt=\"Keramik-Badewannen-Gro\u00dfhandel-mit-Mattgold-Finish-6\" class=\"wp-image-1726\" srcset=\"https:\/\/www.linkceramics.com\/wp-content\/uploads\/2024\/12\/ceramic-bathroom-sinks-wholesale-with-matte-gold-finish-6.webp 980w, https:\/\/www.linkceramics.com\/wp-content\/uploads\/2024\/12\/ceramic-bathroom-sinks-wholesale-with-matte-gold-finish-6-218x300.webp 218w, https:\/\/www.linkceramics.com\/wp-content\/uploads\/2024\/12\/ceramic-bathroom-sinks-wholesale-with-matte-gold-finish-6-768x1056.webp 768w, https:\/\/www.linkceramics.com\/wp-content\/uploads\/2024\/12\/ceramic-bathroom-sinks-wholesale-with-matte-gold-finish-6-600x825.webp 600w\" sizes=\"(max-width: 980px) 100vw, 980px\" \/><\/figure>\n<\/div>\n<\/div>","protected":false},"excerpt":{"rendered":"<div id=\"brxe-0ee1ca\" class=\"brxe-product-meta product_meta\">\n<div id=\"brxe-0ee1ca\" class=\"brxe-product-meta product_meta\">Willkommen im Gro\u00dfhandel Keramik Waschbecken zu kaufen. Unsere Bad Waschbecken Gro\u00dfhandel verschmelzen den modernen Luxus der matten Gold-Finish mit der nat\u00fcrlichen Sch\u00f6nheit in der keramischen Material vorhanden. Neben dem \u00e4sthetischen Wert des Waschbeckens verleiht die mattgoldene Oberfl\u00e4che dem Lager ein zur\u00fcckhaltendes und edles Temperament. Wir bieten sehr wettbewerbsf\u00e4hige Preise, damit Sie Ihre Kosten f\u00fcr den Einkauf zu kontrollieren.<\/div>\n<\/div>\n<div id=\"brxe-8c5ca9\" class=\"brxe-product-short-description\">\n<div class=\"woocommerce-product-details__short-description\">\n<h2>Waschbecken f\u00fcr Badezimmer Spezifikationen:<\/h2>\n<table border=\"0\" width=\"531\" cellspacing=\"0\" cellpadding=\"0\">\n<tbody>\n<tr>\n<td width=\"271\" height=\"24\">Hersteller<\/td>\n<td width=\"260\">HanYu<\/td>\n<\/tr>\n<tr>\n<td width=\"271\" height=\"25\">Modell Nr.<\/td>\n<td width=\"260\">HY-8070MGS<\/td>\n<\/tr>\n<tr>\n<td width=\"271\" height=\"48\">Typ<\/td>\n<td width=\"260\">Galvanisiertes Becken, Mattes Becken, Aufsatzbecken<\/td>\n<\/tr>\n<tr>\n<td width=\"271\" height=\"24\">Form<\/td>\n<td width=\"260\">Runde Form<\/td>\n<\/tr>\n<tr>\n<td width=\"271\" height=\"24\">Farbe<\/td>\n<td width=\"260\">Mattschwarz + Gold geb\u00fcrstet<\/td>\n<\/tr>\n<tr>\n<td width=\"271\" height=\"24\">Dimension<\/td>\n<td width=\"260\">36*36*12<\/td>\n<\/tr>\n<tr>\n<td width=\"271\" height=\"24\">N.W \/SET<\/td>\n<td width=\"260\">8KGS\/PCS<\/td>\n<\/tr>\n<tr>\n<td width=\"271\" height=\"24\">MOQ<\/td>\n<td width=\"260\">20St\u00fcck<\/td>\n<\/tr>\n<tr>\n<td width=\"271\" height=\"48\">Benutzerdefinierte Option<\/td>\n<td width=\"260\">Farbe\/Muster\/Gr\u00f6\u00dfe\/Logo\/Verpackung<\/td>\n<\/tr>\n<\/tbody>\n<\/table>\n<p><\/div>\n<\/div>","protected":false},"featured_media":1725,"comment_status":"open","ping_status":"closed","template":"","meta":{"_acf_changed":true},"certification":[59,61,60,62],"product_brand":[],"product_cat":[35,21],"product_tag":[],"class_list":{"0":"post-1722","1":"product","2":"type-product","3":"status-publish","4":"has-post-thumbnail","6":"certification-ce","7":"certification-iso-14001","8":"certification-iso-45001","9":"certification-iso-9001","10":"product_cat-bathroom-ceramics-supply","11":"product_cat-wholesale-ceramic-basin","13":"first","14":"instock","15":"shipping-taxable","16":"product-type-simple"},"acf":[],"_links":{"self":[{"href":"https:\/\/www.linkceramics.com\/de\/wp-json\/wp\/v2\/product\/1722","targetHints":{"allow":["GET"]}}],"collection":[{"href":"https:\/\/www.linkceramics.com\/de\/wp-json\/wp\/v2\/product"}],"about":[{"href":"https:\/\/www.linkceramics.com\/de\/wp-json\/wp\/v2\/types\/product"}],"replies":[{"embeddable":true,"href":"https:\/\/www.linkceramics.com\/de\/wp-json\/wp\/v2\/comments?post=1722"}],"wp:featuredmedia":[{"embeddable":true,"href":"https:\/\/www.linkceramics.com\/de\/wp-json\/wp\/v2\/media\/1725"}],"wp:attachment":[{"href":"https:\/\/www.linkceramics.com\/de\/wp-json\/wp\/v2\/media?parent=1722"}],"wp:term":[{"taxonomy":"certification","embeddable":true,"href":"https:\/\/www.linkceramics.com\/de\/wp-json\/wp\/v2\/certification?post=1722"},{"taxonomy":"product_brand","embeddable":true,"href":"https:\/\/www.linkceramics.com\/de\/wp-json\/wp\/v2\/product_brand?post=1722"},{"taxonomy":"product_cat","embeddable":true,"href":"https:\/\/www.linkceramics.com\/de\/wp-json\/wp\/v2\/product_cat?post=1722"},{"taxonomy":"product_tag","embeddable":true,"href":"https:\/\/www.linkceramics.com\/de\/wp-json\/wp\/v2\/product_tag?post=1722"}],"curies":[{"name":"wp","href":"https:\/\/api.w.org\/{rel}","templated":true}]}}