{"id":1727,"date":"2024-12-24T08:46:04","date_gmt":"2024-12-24T08:46:04","guid":{"rendered":"https:\/\/www.linkceramics.com\/?post_type=product&#038;p=1727"},"modified":"2024-12-24T09:39:55","modified_gmt":"2024-12-24T09:39:55","slug":"wholesale-marble-wash-basins","status":"publish","type":"product","link":"https:\/\/www.linkceramics.com\/de\/product\/wholesale-marble-wash-basins\/","title":{"rendered":"Sch\u00f6ne Gro\u00dfhandel Marmor Waschbecken mit hoher Qualit\u00e4t"},"content":{"rendered":"<div class=\"wp-block-columns is-layout-flex wp-container-core-columns-is-layout-9d6595d7 wp-block-columns-is-layout-flex\">\n<div class=\"wp-block-column is-layout-flow wp-block-column-is-layout-flow\" style=\"flex-basis:50%\">\n<h3 class=\"wp-block-heading\">Premium Gro\u00dfhandel Marmor Waschbecken Merkmale:<\/h3>\n\n\n\n<ul class=\"wp-block-list\">\n<li><strong>Luxuri\u00f6ses Gef\u00fchl:&nbsp;<\/strong>Jedes unserer Gro\u00dfhandelsmarmorwaschbecken ist aus hochwertigem Naturmarmor gefertigt, mit einer einzigartigen Textur und Farbe, die direkt die hohe Qualit\u00e4t widerspiegelt.<\/li>\n\n\n\n<li><strong>Exquisites Handwerk:&nbsp;<\/strong>Dieses Gro\u00dfhandels-Waschbecken wurde fein poliert, um sicherzustellen, dass die Oberfl\u00e4che des Waschbeckens glatt und zart ist und die Kanten nicht scharf sind. Die Details sind ein Spiegelbild des handwerklichen K\u00f6nnens.<\/li>\n\n\n\n<li><strong>Eleganter Stil:<\/strong>&nbsp;Diese Marmorwaschbecken f\u00fcr den Gro\u00dfhandel vereinen modische und klassische Elemente in einem Designkonzept. Dieses Waschbecken selbst ist einfach, aber stilvoll. Es kann perfekt in verschiedene Badezimmerdekorationsstile eingepasst werden, was die Sch\u00f6nheit des Raumes effektiv verbessern kann.<\/li>\n\n\n\n<li><strong>Strenge Qualit\u00e4tskontrolle:<\/strong>&nbsp;Jedes unserer Gro\u00dfhandelssp\u00fclbecken wurde einer strengen Qualit\u00e4tskontrolle unterzogen, um seine Sch\u00f6nheit und Funktionalit\u00e4t auch nach langem Gebrauch zu erhalten.<\/li>\n<\/ul>\n<\/div>\n\n\n\n<div class=\"wp-block-column is-layout-flow wp-block-column-is-layout-flow\" style=\"flex-basis:50%\">\n<figure class=\"wp-block-image size-full\"><img decoding=\"async\" width=\"980\" height=\"1351\" src=\"https:\/\/www.linkceramics.com\/wp-content\/uploads\/2024\/12\/beautiful-wholesale-marble-wash-basins-with-high-quality-7.webp\" alt=\"sch\u00f6ne-gro\u00dfhandel-marmor-waschbecken-mit-hoher-qualit\u00e4t-7\" class=\"wp-image-1731\" srcset=\"https:\/\/www.linkceramics.com\/wp-content\/uploads\/2024\/12\/beautiful-wholesale-marble-wash-basins-with-high-quality-7.webp 980w, https:\/\/www.linkceramics.com\/wp-content\/uploads\/2024\/12\/beautiful-wholesale-marble-wash-basins-with-high-quality-7-218x300.webp 218w, https:\/\/www.linkceramics.com\/wp-content\/uploads\/2024\/12\/beautiful-wholesale-marble-wash-basins-with-high-quality-7-768x1059.webp 768w, https:\/\/www.linkceramics.com\/wp-content\/uploads\/2024\/12\/beautiful-wholesale-marble-wash-basins-with-high-quality-7-600x827.webp 600w\" sizes=\"(max-width: 980px) 100vw, 980px\" \/><\/figure>\n<\/div>\n<\/div>","protected":false},"excerpt":{"rendered":"<div id=\"brxe-0ee1ca\" class=\"brxe-product-meta product_meta\">\n<div id=\"brxe-0ee1ca\" class=\"brxe-product-meta product_meta\">Willkommen im Gro\u00dfhandel Gef\u00e4\u00df Waschbecken zu kaufen. Unsere Gro\u00dfhandel Marmor Waschbecken nehmen Wasser-Transfer-Technologie, um die nat\u00fcrliche Textur des Natursteins zu simulieren, die Kombination von Eleganz und Haltbarkeit, bringt ein h\u00f6heres Ma\u00df an \u00e4sthetischen Gef\u00fchlen im Bad. Bieten OEM\/ODM-Service f\u00fcr Ihre Projekte.<\/div>\n<\/div>\n<div id=\"brxe-8c5ca9\" class=\"brxe-product-short-description\">\n<div class=\"woocommerce-product-details__short-description\">\n<h2>Waschbecken aus Marmor Spezifikationen:<\/h2>\n<table border=\"0\" width=\"531\" cellspacing=\"0\" cellpadding=\"0\">\n<tbody>\n<tr>\n<td width=\"271\" height=\"24\">Hersteller<\/td>\n<td width=\"260\">HanYu<\/td>\n<\/tr>\n<tr>\n<td width=\"271\" height=\"25\">Modell Nr.<\/td>\n<td width=\"260\">HY-8064-55D127<\/td>\n<\/tr>\n<tr>\n<td width=\"271\" height=\"48\">Typ<\/td>\n<td width=\"260\">Becken in Marmorfarbe, Aufsatzbecken<\/td>\n<\/tr>\n<tr>\n<td width=\"271\" height=\"24\">Form<\/td>\n<td width=\"260\">Rechteckige Form<\/td>\n<\/tr>\n<tr>\n<td width=\"271\" height=\"24\">Farbe<\/td>\n<td width=\"260\">Blau<\/td>\n<\/tr>\n<tr>\n<td width=\"271\" height=\"24\">Dimension<\/td>\n<td width=\"260\">55*38*11<\/td>\n<\/tr>\n<tr>\n<td width=\"271\" height=\"24\">N.W \/SET<\/td>\n<td width=\"260\">12KGS\/PCS<\/td>\n<\/tr>\n<tr>\n<td width=\"271\" height=\"24\">MOQ<\/td>\n<td width=\"260\">20St\u00fcck<\/td>\n<\/tr>\n<tr>\n<td width=\"271\" height=\"48\">Benutzerdefinierte Option<\/td>\n<td width=\"260\">Farbe\/Muster\/Gr\u00f6\u00dfe\/Logo\/Verpackung<\/td>\n<\/tr>\n<\/tbody>\n<\/table>\n<\/div>\n<\/div>","protected":false},"featured_media":1730,"comment_status":"open","ping_status":"closed","template":"","meta":{"_acf_changed":true},"certification":[59,61,60,62],"product_brand":[],"product_cat":[35,21],"product_tag":[],"class_list":{"0":"post-1727","1":"product","2":"type-product","3":"status-publish","4":"has-post-thumbnail","6":"certification-ce","7":"certification-iso-14001","8":"certification-iso-45001","9":"certification-iso-9001","10":"product_cat-bathroom-ceramics-supply","11":"product_cat-wholesale-ceramic-basin","13":"first","14":"instock","15":"shipping-taxable","16":"product-type-simple"},"acf":[],"_links":{"self":[{"href":"https:\/\/www.linkceramics.com\/de\/wp-json\/wp\/v2\/product\/1727","targetHints":{"allow":["GET"]}}],"collection":[{"href":"https:\/\/www.linkceramics.com\/de\/wp-json\/wp\/v2\/product"}],"about":[{"href":"https:\/\/www.linkceramics.com\/de\/wp-json\/wp\/v2\/types\/product"}],"replies":[{"embeddable":true,"href":"https:\/\/www.linkceramics.com\/de\/wp-json\/wp\/v2\/comments?post=1727"}],"wp:featuredmedia":[{"embeddable":true,"href":"https:\/\/www.linkceramics.com\/de\/wp-json\/wp\/v2\/media\/1730"}],"wp:attachment":[{"href":"https:\/\/www.linkceramics.com\/de\/wp-json\/wp\/v2\/media?parent=1727"}],"wp:term":[{"taxonomy":"certification","embeddable":true,"href":"https:\/\/www.linkceramics.com\/de\/wp-json\/wp\/v2\/certification?post=1727"},{"taxonomy":"product_brand","embeddable":true,"href":"https:\/\/www.linkceramics.com\/de\/wp-json\/wp\/v2\/product_brand?post=1727"},{"taxonomy":"product_cat","embeddable":true,"href":"https:\/\/www.linkceramics.com\/de\/wp-json\/wp\/v2\/product_cat?post=1727"},{"taxonomy":"product_tag","embeddable":true,"href":"https:\/\/www.linkceramics.com\/de\/wp-json\/wp\/v2\/product_tag?post=1727"}],"curies":[{"name":"wp","href":"https:\/\/api.w.org\/{rel}","templated":true}]}}