{"id":1732,"date":"2024-12-24T09:35:15","date_gmt":"2024-12-24T09:35:15","guid":{"rendered":"https:\/\/www.linkceramics.com\/?post_type=product&#038;p=1732"},"modified":"2024-12-24T10:22:36","modified_gmt":"2024-12-24T10:22:36","slug":"gold-wash-basin-wholesale","status":"publish","type":"product","link":"https:\/\/www.linkceramics.com\/de\/product\/gold-wash-basin-wholesale\/","title":{"rendered":"Premium Custom Made Gold Wash Basin Gro\u00dfhandel f\u00fcr Eitelkeit"},"content":{"rendered":"<div class=\"wp-block-columns is-layout-flex wp-container-core-columns-is-layout-9d6595d7 wp-block-columns-is-layout-flex\">\n<div class=\"wp-block-column is-layout-flow wp-block-column-is-layout-flow\" style=\"flex-basis:50%\">\n<h3 class=\"wp-block-heading\">Premium Goldwaschbecken Gro\u00dfhandel Eigenschaften:<\/h3>\n\n\n\n<ul class=\"wp-block-list\">\n<li><strong>Luxuri\u00f6ses Gold-Finish:\u00a0<\/strong>Dieses goldene Waschbecken im Gro\u00dfhandel ist mit einer hochwertigen Goldgalvanisierung versehen, und jedes St\u00fcck wird sorgf\u00e4ltig angepasst, um dem Badezimmer ein Gef\u00fchl von Luxus zu verleihen.<\/li>\n\n\n\n<li><strong>Langlebig und sch\u00f6n:\u00a0<\/strong>Diese Goldwaschbecken Gro\u00dfhandel verwendet hochwertige keramische Materialien und Galvanik Oberfl\u00e4che, um sicherzustellen, dass das Waschbecken ist nicht nur wundersch\u00f6n im Aussehen, sondern auch robust und langlebig, und kann seinen Glanz nach langfristigen Einsatz zu erhalten.<\/li>\n\n\n\n<li><strong>Erf\u00fcllen Sie individuelle Anforderungen:<\/strong>\u00a0Wir sind ein professioneller Hersteller von Waschbecken f\u00fcr das Badezimmer, der einen Anpassungsservice anbietet und die Gr\u00f6\u00dfe entsprechend Ihren spezifischen Bed\u00fcrfnissen anpassen kann.<\/li>\n\n\n\n<li><strong>Beschaffung in gro\u00dfen Mengen, kosteng\u00fcnstig:\u00a0<\/strong>Wir bieten Ihnen Vorzugspreise bei der Beschaffung f\u00fcr Ihr Projekt, damit Sie in den Genuss hochwertiger Produkte kommen und gleichzeitig Ihr Projektbudget einhalten k\u00f6nnen.<\/li>\n<\/ul>\n<\/div>\n\n\n\n<div class=\"wp-block-column is-layout-flow wp-block-column-is-layout-flow\" style=\"flex-basis:50%\">\n<figure class=\"wp-block-image size-full\"><img decoding=\"async\" width=\"827\" height=\"1232\" src=\"https:\/\/www.linkceramics.com\/wp-content\/uploads\/2024\/12\/premium-custom-made-gold-wash-basin-wholesale-for-vanity-6.webp\" alt=\"Premium-Ma\u00dfanfertigung-Gold-Waschbecken-Gro\u00dfhandel-f\u00fcr-Vanity-6\" class=\"wp-image-1737\" srcset=\"https:\/\/www.linkceramics.com\/wp-content\/uploads\/2024\/12\/premium-custom-made-gold-wash-basin-wholesale-for-vanity-6.webp 827w, https:\/\/www.linkceramics.com\/wp-content\/uploads\/2024\/12\/premium-custom-made-gold-wash-basin-wholesale-for-vanity-6-201x300.webp 201w, https:\/\/www.linkceramics.com\/wp-content\/uploads\/2024\/12\/premium-custom-made-gold-wash-basin-wholesale-for-vanity-6-768x1144.webp 768w, https:\/\/www.linkceramics.com\/wp-content\/uploads\/2024\/12\/premium-custom-made-gold-wash-basin-wholesale-for-vanity-6-600x894.webp 600w\" sizes=\"(max-width: 827px) 100vw, 827px\" \/><\/figure>\n<\/div>\n<\/div>\n\n\n\n<p><\/p>","protected":false},"excerpt":{"rendered":"<div id=\"brxe-0ee1ca\" class=\"brxe-product-meta product_meta\">\n<div id=\"brxe-0ee1ca\" class=\"brxe-product-meta product_meta\">Dieses goldene Waschbecken im Gro\u00dfhandel verwendet hochwertige Keramikmaterialien und eine galvanische Oberfl\u00e4che, um sicherzustellen, dass das Waschbecken nicht nur wundersch\u00f6n aussieht, sondern auch robust und langlebig ist. Customization Service erm\u00f6glicht es uns, die Gr\u00f6\u00dfe und Form des Waschbeckens nach Ihren spezifischen Anforderungen anzupassen, um sicherzustellen, dass es nahtlos mit Ihrem Raum passt.<\/div>\n<\/div>\n<div id=\"brxe-8c5ca9\" class=\"brxe-product-short-description\">\n<div class=\"woocommerce-product-details__short-description\">\n<h2>Goldwaschbecken Spezifikationen:<\/h2>\n<table border=\"0\" width=\"531\" cellspacing=\"0\" cellpadding=\"0\">\n<tbody>\n<tr>\n<td width=\"271\" height=\"24\">Hersteller<\/td>\n<td width=\"260\">HanYu<\/td>\n<\/tr>\n<tr>\n<td width=\"271\" height=\"25\">Modell Nr.<\/td>\n<td width=\"260\">HY-8037GY<\/td>\n<\/tr>\n<tr>\n<td width=\"271\" height=\"48\">Typ<\/td>\n<td width=\"260\">Galvanisiertes Becken, Aufsatzbecken<\/td>\n<\/tr>\n<tr>\n<td width=\"271\" height=\"24\">Form<\/td>\n<td width=\"260\">Runde Form<\/td>\n<\/tr>\n<tr>\n<td width=\"271\" height=\"24\">Farbe<\/td>\n<td width=\"260\">Gold<\/td>\n<\/tr>\n<tr>\n<td width=\"271\" height=\"24\">Dimension<\/td>\n<td width=\"260\">41*41*15<\/td>\n<\/tr>\n<tr>\n<td width=\"271\" height=\"24\">N.W \/SET<\/td>\n<td width=\"260\">8KGS\/PCS<\/td>\n<\/tr>\n<tr>\n<td width=\"271\" height=\"24\">MOQ<\/td>\n<td width=\"260\">20St\u00fcck<\/td>\n<\/tr>\n<tr>\n<td width=\"271\" height=\"48\">Benutzerdefinierte Option<\/td>\n<td width=\"260\">Farbe\/Muster\/Gr\u00f6\u00dfe\/Logo\/Verpackung<\/td>\n<\/tr>\n<\/tbody>\n<\/table>\n<\/div>\n<\/div>","protected":false},"featured_media":1734,"comment_status":"open","ping_status":"closed","template":"","meta":{"_acf_changed":true},"certification":[59,61,60,62],"product_brand":[],"product_cat":[35,21],"product_tag":[],"class_list":{"0":"post-1732","1":"product","2":"type-product","3":"status-publish","4":"has-post-thumbnail","6":"certification-ce","7":"certification-iso-14001","8":"certification-iso-45001","9":"certification-iso-9001","10":"product_cat-bathroom-ceramics-supply","11":"product_cat-wholesale-ceramic-basin","13":"first","14":"instock","15":"shipping-taxable","16":"product-type-simple"},"acf":[],"_links":{"self":[{"href":"https:\/\/www.linkceramics.com\/de\/wp-json\/wp\/v2\/product\/1732","targetHints":{"allow":["GET"]}}],"collection":[{"href":"https:\/\/www.linkceramics.com\/de\/wp-json\/wp\/v2\/product"}],"about":[{"href":"https:\/\/www.linkceramics.com\/de\/wp-json\/wp\/v2\/types\/product"}],"replies":[{"embeddable":true,"href":"https:\/\/www.linkceramics.com\/de\/wp-json\/wp\/v2\/comments?post=1732"}],"wp:featuredmedia":[{"embeddable":true,"href":"https:\/\/www.linkceramics.com\/de\/wp-json\/wp\/v2\/media\/1734"}],"wp:attachment":[{"href":"https:\/\/www.linkceramics.com\/de\/wp-json\/wp\/v2\/media?parent=1732"}],"wp:term":[{"taxonomy":"certification","embeddable":true,"href":"https:\/\/www.linkceramics.com\/de\/wp-json\/wp\/v2\/certification?post=1732"},{"taxonomy":"product_brand","embeddable":true,"href":"https:\/\/www.linkceramics.com\/de\/wp-json\/wp\/v2\/product_brand?post=1732"},{"taxonomy":"product_cat","embeddable":true,"href":"https:\/\/www.linkceramics.com\/de\/wp-json\/wp\/v2\/product_cat?post=1732"},{"taxonomy":"product_tag","embeddable":true,"href":"https:\/\/www.linkceramics.com\/de\/wp-json\/wp\/v2\/product_tag?post=1732"}],"curies":[{"name":"wp","href":"https:\/\/api.w.org\/{rel}","templated":true}]}}