{"id":1738,"date":"2024-12-24T10:22:52","date_gmt":"2024-12-24T10:22:52","guid":{"rendered":"https:\/\/www.linkceramics.com\/?post_type=product&#038;p=1738"},"modified":"2024-12-24T10:30:09","modified_gmt":"2024-12-24T10:30:09","slug":"wholesale-glass-sinks","status":"publish","type":"product","link":"https:\/\/www.linkceramics.com\/de\/product\/wholesale-glass-sinks\/","title":{"rendered":"Exquisite Gro\u00dfhandel Glas Waschbecken mit verschiedenen Farben Optionen"},"content":{"rendered":"<div class=\"wp-block-columns is-layout-flex wp-container-core-columns-is-layout-9d6595d7 wp-block-columns-is-layout-flex\">\n<div class=\"wp-block-column is-layout-flow wp-block-column-is-layout-flow\" style=\"flex-basis:50%\">\n<h3 class=\"wp-block-heading\">Premium-Gro\u00dfhandel Glas Waschbecken Merkmale:<\/h3>\n\n\n\n<ul class=\"wp-block-list\">\n<li><strong>Exquisites Material:\u00a0<\/strong>Dieses Gro\u00dfhandelswaschbecken ist aus hochwertigem Glasmaterial hergestellt, mit hoher Transparenz und hellem Glanz, das einen einzigartigen visuellen Effekt und modernen Sinn zeigt.<\/li>\n\n\n\n<li><strong>Mehrere Farboptionen:\u00a0<\/strong>Unsere Glaswaschbecken f\u00fcr den Gro\u00dfhandel bieten eine Vielzahl von Farboptionen f\u00fcr unterschiedliche Einrichtungsstile und pers\u00f6nliche Vorlieben und verleihen dem Badezimmer Farbe und Pers\u00f6nlichkeit.<\/li>\n\n\n\n<li><strong>Modedesign:\u00a0<\/strong>Diese Gro\u00dfhandel Glas Waschbecken haben eine stilvolle und moderne Design-Stil, geeignet f\u00fcr verschiedene Bad Layouts, und verbessern die allgemeine Sch\u00f6nheit und Qualit\u00e4t des Raumes.<\/li>\n\n\n\n<li><strong>Leicht zu reinigen:\u00a0<\/strong>Die glatte Glasoberfl\u00e4che ist flecken- und schimmelbest\u00e4ndig, leicht zu reinigen und zu pflegen und gew\u00e4hrleistet Hygiene und Sauberkeit im t\u00e4glichen Gebrauch. Willkommen zu kaufen und benutzerdefinierte Glas Waschbecken.<\/li>\n<\/ul>\n<\/div>\n\n\n\n<div class=\"wp-block-column is-layout-flow wp-block-column-is-layout-flow\" style=\"flex-basis:50%\">\n<figure class=\"wp-block-image size-full\"><img decoding=\"async\" width=\"1031\" height=\"1375\" src=\"https:\/\/www.linkceramics.com\/wp-content\/uploads\/2024\/12\/exquisite-wholesale-glass-sinks-with-various-colors-options-8_\u526f\u672c.jpg\" alt=\"Exquisit-Gro\u00dfhandel-Glas-Sp\u00fclen-mit-verschiedenen-Farben-Optionen-8_\u526f\u672c\" class=\"wp-image-1742\" srcset=\"https:\/\/www.linkceramics.com\/wp-content\/uploads\/2024\/12\/exquisite-wholesale-glass-sinks-with-various-colors-options-8_\u526f\u672c.jpg 1031w, https:\/\/www.linkceramics.com\/wp-content\/uploads\/2024\/12\/exquisite-wholesale-glass-sinks-with-various-colors-options-8_\u526f\u672c-225x300.jpg 225w, https:\/\/www.linkceramics.com\/wp-content\/uploads\/2024\/12\/exquisite-wholesale-glass-sinks-with-various-colors-options-8_\u526f\u672c-768x1024.jpg 768w, https:\/\/www.linkceramics.com\/wp-content\/uploads\/2024\/12\/exquisite-wholesale-glass-sinks-with-various-colors-options-8_\u526f\u672c-600x800.jpg 600w\" sizes=\"(max-width: 1031px) 100vw, 1031px\" \/><\/figure>\n<\/div>\n<\/div>\n\n\n\n<p><\/p>","protected":false},"excerpt":{"rendered":"<div id=\"brxe-0ee1ca\" class=\"brxe-product-meta product_meta\">\n<div id=\"brxe-0ee1ca\" class=\"brxe-product-meta product_meta\">Unsere Gro\u00dfhandel Glas Waschbecken sind aus hochwertigem Glas Material, mit hoher Transparenz und hellen Glanz, zeigt eine einzigartige visuelle Wirkung und modernen Sinn. Bieten Sie eine Vielzahl von Farboptionen, um verschiedene Dekorationsstile zu erf\u00fcllen und f\u00fcgen Sie Farbe und Pers\u00f6nlichkeit zum Badezimmer hinzu.<\/div>\n<\/div>\n<div id=\"brxe-8c5ca9\" class=\"brxe-product-short-description\">\n<div class=\"woocommerce-product-details__short-description\">\n<h2>Glaswaschbecken Spezifikationen:<\/h2>\n<table border=\"0\" width=\"531\" cellspacing=\"0\" cellpadding=\"0\">\n<tbody>\n<tr>\n<td width=\"271\" height=\"24\">Hersteller<\/td>\n<td width=\"260\">HanYu<\/td>\n<\/tr>\n<tr>\n<td width=\"271\" height=\"25\">Modell Nr.<\/td>\n<td width=\"260\">HY-GL36\/ HY-GL36D<\/td>\n<\/tr>\n<tr>\n<td width=\"271\" height=\"24\">Typ<\/td>\n<td width=\"260\">Glas-Waschtisch<\/td>\n<\/tr>\n<tr>\n<td width=\"271\" height=\"24\">Form<\/td>\n<td width=\"260\">Runde Form<\/td>\n<\/tr>\n<tr>\n<td width=\"271\" height=\"48\">Farbe<\/td>\n<td width=\"260\">schwarz\/wei\u00df\/blau\/grau\/rosa\/gr\u00fcn\/braun\/khaki<\/td>\n<\/tr>\n<tr>\n<td width=\"271\" height=\"24\">Dimension<\/td>\n<td width=\"260\">36*36*11.5<\/td>\n<\/tr>\n<tr>\n<td width=\"271\" height=\"24\">\u00a0<\/td>\n<td width=\"260\">40*40*12.0<\/td>\n<\/tr>\n<tr>\n<td width=\"271\" height=\"24\">N.W \/SET<\/td>\n<td width=\"260\">7KGS\/PCS<\/td>\n<\/tr>\n<tr>\n<td width=\"271\" height=\"24\">MOQ<\/td>\n<td width=\"260\">20St\u00fcck<\/td>\n<\/tr>\n<tr>\n<td width=\"271\" height=\"48\">Benutzerdefinierte Option<\/td>\n<td width=\"260\">Farbe\/Muster\/Gr\u00f6\u00dfe\/Logo\/Verpackung<\/td>\n<\/tr>\n<\/tbody>\n<\/table>\n<p><\/div>\n<\/div>","protected":false},"featured_media":1743,"comment_status":"open","ping_status":"closed","template":"","meta":{"_acf_changed":false},"certification":[59,61,60,62],"product_brand":[],"product_cat":[35,21],"product_tag":[],"class_list":{"0":"post-1738","1":"product","2":"type-product","3":"status-publish","4":"has-post-thumbnail","6":"certification-ce","7":"certification-iso-14001","8":"certification-iso-45001","9":"certification-iso-9001","10":"product_cat-bathroom-ceramics-supply","11":"product_cat-wholesale-ceramic-basin","13":"first","14":"instock","15":"shipping-taxable","16":"product-type-simple"},"acf":[],"_links":{"self":[{"href":"https:\/\/www.linkceramics.com\/de\/wp-json\/wp\/v2\/product\/1738","targetHints":{"allow":["GET"]}}],"collection":[{"href":"https:\/\/www.linkceramics.com\/de\/wp-json\/wp\/v2\/product"}],"about":[{"href":"https:\/\/www.linkceramics.com\/de\/wp-json\/wp\/v2\/types\/product"}],"replies":[{"embeddable":true,"href":"https:\/\/www.linkceramics.com\/de\/wp-json\/wp\/v2\/comments?post=1738"}],"wp:featuredmedia":[{"embeddable":true,"href":"https:\/\/www.linkceramics.com\/de\/wp-json\/wp\/v2\/media\/1743"}],"wp:attachment":[{"href":"https:\/\/www.linkceramics.com\/de\/wp-json\/wp\/v2\/media?parent=1738"}],"wp:term":[{"taxonomy":"certification","embeddable":true,"href":"https:\/\/www.linkceramics.com\/de\/wp-json\/wp\/v2\/certification?post=1738"},{"taxonomy":"product_brand","embeddable":true,"href":"https:\/\/www.linkceramics.com\/de\/wp-json\/wp\/v2\/product_brand?post=1738"},{"taxonomy":"product_cat","embeddable":true,"href":"https:\/\/www.linkceramics.com\/de\/wp-json\/wp\/v2\/product_cat?post=1738"},{"taxonomy":"product_tag","embeddable":true,"href":"https:\/\/www.linkceramics.com\/de\/wp-json\/wp\/v2\/product_tag?post=1738"}],"curies":[{"name":"wp","href":"https:\/\/api.w.org\/{rel}","templated":true}]}}