{"id":1751,"date":"2024-12-25T06:58:43","date_gmt":"2024-12-25T06:58:43","guid":{"rendered":"https:\/\/www.linkceramics.com\/?post_type=product&#038;p=1751"},"modified":"2024-12-25T07:10:29","modified_gmt":"2024-12-25T07:10:29","slug":"wholesale-glass-vessel-sink","status":"publish","type":"product","link":"https:\/\/www.linkceramics.com\/de\/product\/wholesale-glass-vessel-sink\/","title":{"rendered":"Premium-Gro\u00dfhandel Glasgef\u00e4\u00df Waschbecken Schalen f\u00fcr B\u00e4der"},"content":{"rendered":"<div class=\"wp-block-columns is-layout-flex wp-container-core-columns-is-layout-9d6595d7 wp-block-columns-is-layout-flex\">\n<div class=\"wp-block-column is-layout-flow wp-block-column-is-layout-flow\" style=\"flex-basis:50%\">\n<h3 class=\"wp-block-heading\">Premium Gro\u00dfhandel Glas Gef\u00e4\u00df Waschbecken Merkmale:<\/h3>\n\n\n\n<ul class=\"wp-block-list\">\n<li><strong>Hochwertiges Glasmaterial:<\/strong>\u00a0Unser Gro\u00dfhandel Glasgef\u00e4\u00df Waschbecken ist aus hochwertigem Glas Material, leicht im Gewicht, und mit hoher Transparenz und Glanz, zeigt High-End-visuelle Wirkung und modernen Sinn, die Gew\u00e4hrleistung der Haltbarkeit und Sch\u00f6nheit des Produkts.<\/li>\n\n\n\n<li><strong>Vielfalt der Farben:\u00a0<\/strong>Verschiedene Farben sind f\u00fcr diese Glasschale Gef\u00e4\u00df Gro\u00dfhandel, beginnend von klassisch transparent zu bunt und modisch zu verschiedenen Bad Stile und pers\u00f6nlichen Vorlieben gerecht zu werden.<\/li>\n\n\n\n<li><strong>Exquisites Design:\u00a0<\/strong>Dieser Gro\u00dfhandel Glasgef\u00e4\u00df Waschbecken ist in einem modernen Stil gestaltet, mit sch\u00f6nen Linien und ordnungsgem\u00e4\u00dfe f\u00fcr alle Arten von Bad Layouts, die F\u00f6rderung der Sch\u00f6nheit Grad der Raum als Ganzes.<\/li>\n\n\n\n<li><strong>Leicht zu reinigen:\u00a0<\/strong>Mit seiner glatten Glasoberfl\u00e4che ist dieses Glasgef\u00e4\u00df im Gro\u00dfhandel resistent gegen Flecken und Schimmel, leicht zu reinigen und zu pflegen und gew\u00e4hrleistet Hygiene und Sauberkeit im t\u00e4glichen Gebrauch.<\/li>\n<\/ul>\n<\/div>\n\n\n\n<div class=\"wp-block-column is-layout-flow wp-block-column-is-layout-flow\" style=\"flex-basis:50%\">\n<figure class=\"wp-block-image size-full\"><img decoding=\"async\" width=\"975\" height=\"1300\" src=\"https:\/\/www.linkceramics.com\/wp-content\/uploads\/2024\/12\/premium-wholesale-glass-vessel-sink-bowls-for-bathrooms-9.webp\" alt=\"Premium-Gro\u00dfhandel-Glas-Waschtischbecken-f\u00fcr-Badezimmer-9\" class=\"wp-image-1756\" srcset=\"https:\/\/www.linkceramics.com\/wp-content\/uploads\/2024\/12\/premium-wholesale-glass-vessel-sink-bowls-for-bathrooms-9.webp 975w, https:\/\/www.linkceramics.com\/wp-content\/uploads\/2024\/12\/premium-wholesale-glass-vessel-sink-bowls-for-bathrooms-9-225x300.webp 225w, https:\/\/www.linkceramics.com\/wp-content\/uploads\/2024\/12\/premium-wholesale-glass-vessel-sink-bowls-for-bathrooms-9-768x1024.webp 768w, https:\/\/www.linkceramics.com\/wp-content\/uploads\/2024\/12\/premium-wholesale-glass-vessel-sink-bowls-for-bathrooms-9-600x800.webp 600w\" sizes=\"(max-width: 975px) 100vw, 975px\" \/><\/figure>\n<\/div>\n<\/div>\n\n\n\n<p><\/p>","protected":false},"excerpt":{"rendered":"<div id=\"brxe-0ee1ca\" class=\"brxe-product-meta product_meta\">\n<div id=\"brxe-0ee1ca\" class=\"brxe-product-meta product_meta\">Willkommen zum Kauf von Gef\u00e4\u00df Waschbecken Gro\u00dfhandel. Dieser Gro\u00dfhandel Glasgef\u00e4\u00df Waschbecken ist von hochwertigen Glasmaterial, hohe Transparenz und Hochglanz, die hochwertige visuelle Effekte und einen modernen Sinn zeigt. Mit einem modernen modischen Design und reichlich Farbauswahl, hat es die erste Wahl f\u00fcr hochwertige Bad Waschbecken geworden.<\/div>\n<\/div>\n<div id=\"brxe-8c5ca9\" class=\"brxe-product-short-description\">\n<div class=\"woocommerce-product-details__short-description\">\n<h2>Glasgef\u00e4\u00df Waschbecken Spezifikationen:<\/h2>\n<table border=\"0\" width=\"531\" cellspacing=\"0\" cellpadding=\"0\">\n<tbody>\n<tr>\n<td width=\"271\" height=\"24\">Hersteller<\/td>\n<td width=\"260\">HanYu<\/td>\n<\/tr>\n<tr>\n<td width=\"271\" height=\"25\">Modell Nr.<\/td>\n<td width=\"260\">HY-GL37<\/td>\n<\/tr>\n<tr>\n<td width=\"271\" height=\"24\">Typ<\/td>\n<td width=\"260\">Glas-Waschtisch<\/td>\n<\/tr>\n<tr>\n<td width=\"271\" height=\"24\">Form<\/td>\n<td width=\"260\">Runde Form<\/td>\n<\/tr>\n<tr>\n<td width=\"271\" height=\"48\">Farbe<\/td>\n<td width=\"260\">schwarz\/wei\u00df\/blau\/grau\/rosa\/gr\u00fcn\/braun\/khaki<\/td>\n<\/tr>\n<tr>\n<td width=\"271\" height=\"24\">Dimension<\/td>\n<td width=\"260\">46*46*12.5<\/td>\n<\/tr>\n<tr>\n<td width=\"271\" height=\"24\">N.W \/SET<\/td>\n<td width=\"260\">8KGS\/PCS<\/td>\n<\/tr>\n<tr>\n<td width=\"271\" height=\"24\">MOQ<\/td>\n<td width=\"260\">20St\u00fcck<\/td>\n<\/tr>\n<tr>\n<td width=\"271\" height=\"48\">Benutzerdefinierte Option<\/td>\n<td width=\"260\">Farbe\/Muster\/Gr\u00f6\u00dfe\/Logo\/Verpackung<\/td>\n<\/tr>\n<\/tbody>\n<\/table>\n<p><\/div>\n<\/div>","protected":false},"featured_media":1752,"comment_status":"open","ping_status":"closed","template":"","meta":{"_acf_changed":false},"certification":[59,61,60,62],"product_brand":[],"product_cat":[35,21],"product_tag":[],"class_list":{"0":"post-1751","1":"product","2":"type-product","3":"status-publish","4":"has-post-thumbnail","6":"certification-ce","7":"certification-iso-14001","8":"certification-iso-45001","9":"certification-iso-9001","10":"product_cat-bathroom-ceramics-supply","11":"product_cat-wholesale-ceramic-basin","13":"first","14":"instock","15":"shipping-taxable","16":"product-type-simple"},"acf":[],"_links":{"self":[{"href":"https:\/\/www.linkceramics.com\/de\/wp-json\/wp\/v2\/product\/1751","targetHints":{"allow":["GET"]}}],"collection":[{"href":"https:\/\/www.linkceramics.com\/de\/wp-json\/wp\/v2\/product"}],"about":[{"href":"https:\/\/www.linkceramics.com\/de\/wp-json\/wp\/v2\/types\/product"}],"replies":[{"embeddable":true,"href":"https:\/\/www.linkceramics.com\/de\/wp-json\/wp\/v2\/comments?post=1751"}],"wp:featuredmedia":[{"embeddable":true,"href":"https:\/\/www.linkceramics.com\/de\/wp-json\/wp\/v2\/media\/1752"}],"wp:attachment":[{"href":"https:\/\/www.linkceramics.com\/de\/wp-json\/wp\/v2\/media?parent=1751"}],"wp:term":[{"taxonomy":"certification","embeddable":true,"href":"https:\/\/www.linkceramics.com\/de\/wp-json\/wp\/v2\/certification?post=1751"},{"taxonomy":"product_brand","embeddable":true,"href":"https:\/\/www.linkceramics.com\/de\/wp-json\/wp\/v2\/product_brand?post=1751"},{"taxonomy":"product_cat","embeddable":true,"href":"https:\/\/www.linkceramics.com\/de\/wp-json\/wp\/v2\/product_cat?post=1751"},{"taxonomy":"product_tag","embeddable":true,"href":"https:\/\/www.linkceramics.com\/de\/wp-json\/wp\/v2\/product_tag?post=1751"}],"curies":[{"name":"wp","href":"https:\/\/api.w.org\/{rel}","templated":true}]}}