{"id":1757,"date":"2024-12-25T07:10:54","date_gmt":"2024-12-25T07:10:54","guid":{"rendered":"https:\/\/www.linkceramics.com\/?post_type=product&#038;p=1757"},"modified":"2024-12-25T07:17:09","modified_gmt":"2024-12-25T07:17:09","slug":"wholesale-vanity-basins","status":"publish","type":"product","link":"https:\/\/www.linkceramics.com\/de\/product\/wholesale-vanity-basins\/","title":{"rendered":"Gro\u00dfhandel Eitelkeit Becken, Gold Farbe Waschbecken f\u00fcr Badezimmer"},"content":{"rendered":"<div class=\"wp-block-columns is-layout-flex wp-container-core-columns-is-layout-9d6595d7 wp-block-columns-is-layout-flex\">\n<div class=\"wp-block-column is-layout-flow wp-block-column-is-layout-flow\" style=\"flex-basis:50%\">\n<h3 class=\"wp-block-heading\">Premium Gro\u00dfhandel Eitelkeit Becken Features:<\/h3>\n\n\n\n<ul class=\"wp-block-list\">\n<li><strong>Luxuri\u00f6se Farbabstimmung:\u00a0<\/strong>Diese traditionelle Farbkombination von Gold und Wei\u00df wird in diesen Gro\u00dfhandelswaschbecken verwendet. Der goldene Teil ist gl\u00e4nzend mit Linien, w\u00e4hrend der wei\u00dfe Teil rein und elegant ist. Es schafft eine luxuri\u00f6se und elegante Atmosph\u00e4re.<\/li>\n\n\n\n<li><strong>Modernes Design:\u00a0<\/strong>Dieses goldfarbene Waschbecken im Gro\u00dfhandel ist modern im Design. Das geschickte Zusammenspiel von Gold und Wei\u00df unterstreicht den Stil des gesamten Badezimmers.<\/li>\n\n\n\n<li><strong>Kosteneinsparung:<\/strong>\u00a0Unsere Waschbecken im Gro\u00dfhandel vereinen schlichtes Design mit praktischer Funktionalit\u00e4t und sind die ideale Wahl f\u00fcr stilvolle B\u00e4der. Gro\u00dfhandel Bad Waschbecken zu g\u00fcnstigen Preisen und schnelle Lieferung, um die gro\u00dfen Auftr\u00e4ge \"Bed\u00fcrfnisse zu erf\u00fcllen und gleichzeitig die Produktqualit\u00e4t.<\/li>\n\n\n\n<li><strong>Beschaffung in gro\u00dfen Mengen, kosteng\u00fcnstig:\u00a0<\/strong>Wir bieten bevorzugte Beschaffungspreise f\u00fcr diese goldene Farbe Waschbecken Gro\u00dfhandel, sicherzustellen, dass Sie qualitativ hochwertige Produkte genie\u00dfen, w\u00e4hrend Ihr Projekt Budget zu halten.<\/li>\n<\/ul>\n<\/div>\n\n\n\n<div class=\"wp-block-column is-layout-flow wp-block-column-is-layout-flow\" style=\"flex-basis:50%\">\n<figure class=\"wp-block-image size-full\"><img decoding=\"async\" width=\"800\" height=\"1214\" src=\"https:\/\/www.linkceramics.com\/wp-content\/uploads\/2024\/12\/Countertop-basin-manufacturer-Electroplated-Gold-Sinks-6.webp\" alt=\"Arbeitsplatten-Becken-Hersteller-Electroplated-Gold-Sinks-6\" class=\"wp-image-1761\" srcset=\"https:\/\/www.linkceramics.com\/wp-content\/uploads\/2024\/12\/Countertop-basin-manufacturer-Electroplated-Gold-Sinks-6.webp 800w, https:\/\/www.linkceramics.com\/wp-content\/uploads\/2024\/12\/Countertop-basin-manufacturer-Electroplated-Gold-Sinks-6-198x300.webp 198w, https:\/\/www.linkceramics.com\/wp-content\/uploads\/2024\/12\/Countertop-basin-manufacturer-Electroplated-Gold-Sinks-6-768x1165.webp 768w, https:\/\/www.linkceramics.com\/wp-content\/uploads\/2024\/12\/Countertop-basin-manufacturer-Electroplated-Gold-Sinks-6-600x911.webp 600w\" sizes=\"(max-width: 800px) 100vw, 800px\" \/><\/figure>\n<\/div>\n<\/div>\n\n\n\n<p><\/p>","protected":false},"excerpt":{"rendered":"<div id=\"brxe-0ee1ca\" class=\"brxe-product-meta product_meta\">\n<div id=\"brxe-0ee1ca\" class=\"brxe-product-meta product_meta\">Willkommen zum Kauf Gro\u00dfhandel Eitelkeit Waschbecken. Unsere Arbeitsplatte Gold Farbe Waschbecken Gro\u00dfhandel verbindet eine einfache Design-\u00c4sthetik mit praktischer Funktionalit\u00e4t, eine ideale Wahl f\u00fcr stilvolle Badezimmer. Gro\u00dfhandel Bad Waschbecken zu g\u00fcnstigen Preisen und schnelle Lieferung, um die gro\u00dfen Auftr\u00e4ge \"Bed\u00fcrfnisse zu erf\u00fcllen und gleichzeitig die Produktqualit\u00e4t.<\/div>\n<\/div>\n<div id=\"brxe-8c5ca9\" class=\"brxe-product-short-description\">\n<div class=\"woocommerce-product-details__short-description\">\n<h2>Waschtischbecken Spezifikationen:<\/h2>\n<table border=\"0\" width=\"531\" cellspacing=\"0\" cellpadding=\"0\">\n<tbody>\n<tr>\n<td width=\"271\" height=\"24\">Hersteller<\/td>\n<td width=\"260\">HanYu<\/td>\n<\/tr>\n<tr>\n<td width=\"271\" height=\"25\">Modell Nr.<\/td>\n<td width=\"260\">HY-8186GS<\/td>\n<\/tr>\n<tr>\n<td width=\"271\" height=\"24\">Typ<\/td>\n<td width=\"260\">Galvanische Sp\u00fclen<\/td>\n<\/tr>\n<tr>\n<td width=\"271\" height=\"24\">Form<\/td>\n<td width=\"260\">Ovale Form<\/td>\n<\/tr>\n<tr>\n<td width=\"271\" height=\"48\">Farbe<\/td>\n<td width=\"260\">schwarz\/wei\u00df\/blau\/grau\/rosa\/gr\u00fcn\/braun\/khaki<\/td>\n<\/tr>\n<tr>\n<td width=\"271\" height=\"24\">Dimension<\/td>\n<td width=\"260\">52*37*13<\/td>\n<\/tr>\n<tr>\n<td width=\"271\" height=\"24\">N.W \/SET<\/td>\n<td width=\"260\">9KGS\/PCS<\/td>\n<\/tr>\n<tr>\n<td width=\"271\" height=\"24\">MOQ<\/td>\n<td width=\"260\">20St\u00fcck<\/td>\n<\/tr>\n<tr>\n<td width=\"271\" height=\"48\">Benutzerdefinierte Option<\/td>\n<td width=\"260\">Farbe\/Muster\/Gr\u00f6\u00dfe\/Logo\/Verpackung<\/td>\n<\/tr>\n<\/tbody>\n<\/table>\n<\/div>\n<\/div>","protected":false},"featured_media":1759,"comment_status":"open","ping_status":"closed","template":"","meta":{"_acf_changed":false},"certification":[59,61,60,62],"product_brand":[],"product_cat":[35,21],"product_tag":[],"class_list":{"0":"post-1757","1":"product","2":"type-product","3":"status-publish","4":"has-post-thumbnail","6":"certification-ce","7":"certification-iso-14001","8":"certification-iso-45001","9":"certification-iso-9001","10":"product_cat-bathroom-ceramics-supply","11":"product_cat-wholesale-ceramic-basin","13":"first","14":"instock","15":"shipping-taxable","16":"product-type-simple"},"acf":[],"_links":{"self":[{"href":"https:\/\/www.linkceramics.com\/de\/wp-json\/wp\/v2\/product\/1757","targetHints":{"allow":["GET"]}}],"collection":[{"href":"https:\/\/www.linkceramics.com\/de\/wp-json\/wp\/v2\/product"}],"about":[{"href":"https:\/\/www.linkceramics.com\/de\/wp-json\/wp\/v2\/types\/product"}],"replies":[{"embeddable":true,"href":"https:\/\/www.linkceramics.com\/de\/wp-json\/wp\/v2\/comments?post=1757"}],"wp:featuredmedia":[{"embeddable":true,"href":"https:\/\/www.linkceramics.com\/de\/wp-json\/wp\/v2\/media\/1759"}],"wp:attachment":[{"href":"https:\/\/www.linkceramics.com\/de\/wp-json\/wp\/v2\/media?parent=1757"}],"wp:term":[{"taxonomy":"certification","embeddable":true,"href":"https:\/\/www.linkceramics.com\/de\/wp-json\/wp\/v2\/certification?post=1757"},{"taxonomy":"product_brand","embeddable":true,"href":"https:\/\/www.linkceramics.com\/de\/wp-json\/wp\/v2\/product_brand?post=1757"},{"taxonomy":"product_cat","embeddable":true,"href":"https:\/\/www.linkceramics.com\/de\/wp-json\/wp\/v2\/product_cat?post=1757"},{"taxonomy":"product_tag","embeddable":true,"href":"https:\/\/www.linkceramics.com\/de\/wp-json\/wp\/v2\/product_tag?post=1757"}],"curies":[{"name":"wp","href":"https:\/\/api.w.org\/{rel}","templated":true}]}}