{"id":1762,"date":"2024-12-25T07:22:56","date_gmt":"2024-12-25T07:22:56","guid":{"rendered":"https:\/\/www.linkceramics.com\/?post_type=product&#038;p=1762"},"modified":"2024-12-25T07:35:02","modified_gmt":"2024-12-25T07:35:02","slug":"custom-marble-sink","status":"publish","type":"product","link":"https:\/\/www.linkceramics.com\/de\/product\/custom-marble-sink\/","title":{"rendered":"Hochwertige Marmorsp\u00fcle mit k\u00fcnstlicher Textur"},"content":{"rendered":"<div class=\"wp-block-columns is-layout-flex wp-container-core-columns-is-layout-9d6595d7 wp-block-columns-is-layout-flex\">\n<div class=\"wp-block-column is-layout-flow wp-block-column-is-layout-flow\" style=\"flex-basis:50%\">\n<h3 class=\"wp-block-heading\">Premium Custom Marmorsp\u00fcle Merkmale:<\/h3>\n\n\n\n<ul class=\"wp-block-list\">\n<li><strong>Realistische Textur:\u00a0<\/strong>Unsere ma\u00dfgefertigten Marmorsp\u00fclbecken verwenden eine fortschrittliche Wassertransfertechnologie, um die nat\u00fcrliche Textur des Marmors genau nachzubilden, so dass die Oberfl\u00e4che des Sp\u00fclbeckens eine zarte und realistische Textur aufweist, genau wie echter Marmor.<\/li>\n\n\n\n<li><strong>Hochwertige Materialien:\u00a0<\/strong>Diese Kunstmarmorsp\u00fcle im Gro\u00dfhandel verwendet hochleistungsf\u00e4hige keramische Materialien, um sicherzustellen, dass die Sp\u00fcle eine ausgezeichnete Verschlei\u00dffestigkeit, Rissfestigkeit und Korrosionsbest\u00e4ndigkeit aufweist und eine lange Lebensdauer hat.<\/li>\n\n\n\n<li><strong>Kundenspezifisches Design:\u00a0<\/strong>Wir bieten ma\u00dfgeschneiderte Dienstleistungen f\u00fcr Marmorwaschbecken an und k\u00f6nnen Waschbecken in verschiedenen Gr\u00f6\u00dfen, Formen und Stilen nach den speziellen Anforderungen des Kunden anfertigen, um Ihre Markenanforderungen zu erf\u00fcllen.<\/li>\n\n\n\n<li><strong>Umweltfreundliche Materialien, sicher und gesund:\u00a0<\/strong>Unsere Badezimmerwaschbecken f\u00fcr den Gro\u00dfhandel verwenden umweltfreundliche und unbedenkliche Rohstoffe, entsprechen internationalen Sicherheitsstandards und gew\u00e4hrleisten, dass die Nutzer bei langfristigem Gebrauch keine Gesundheitsrisiken eingehen.<\/li>\n<\/ul>\n<\/div>\n\n\n\n<div class=\"wp-block-column is-layout-flow wp-block-column-is-layout-flow\" style=\"flex-basis:50%\">\n<figure class=\"wp-block-image size-full\"><img decoding=\"async\" width=\"915\" height=\"1214\" src=\"https:\/\/www.linkceramics.com\/wp-content\/uploads\/2024\/12\/high-quality-custom-marble-sink-with-artificial-texture-6.webp\" alt=\"Hochwertige-Marmorsp\u00fcle-mit-k\u00fcnstlicher-Textur-6\" class=\"wp-image-1766\" srcset=\"https:\/\/www.linkceramics.com\/wp-content\/uploads\/2024\/12\/high-quality-custom-marble-sink-with-artificial-texture-6.webp 915w, https:\/\/www.linkceramics.com\/wp-content\/uploads\/2024\/12\/high-quality-custom-marble-sink-with-artificial-texture-6-226x300.webp 226w, https:\/\/www.linkceramics.com\/wp-content\/uploads\/2024\/12\/high-quality-custom-marble-sink-with-artificial-texture-6-768x1019.webp 768w, https:\/\/www.linkceramics.com\/wp-content\/uploads\/2024\/12\/high-quality-custom-marble-sink-with-artificial-texture-6-600x796.webp 600w\" sizes=\"(max-width: 915px) 100vw, 915px\" \/><\/figure>\n<\/div>\n<\/div>\n\n\n\n<p><\/p>","protected":false},"excerpt":{"rendered":"<div id=\"brxe-0ee1ca\" class=\"brxe-product-meta product_meta\">\n<div id=\"brxe-0ee1ca\" class=\"brxe-product-meta product_meta\">Unsere ma\u00dfgefertigten Marmorwaschbecken nutzen die Technologie der Wasser\u00fcbertragung, um die nat\u00fcrliche Struktur des Marmors genau nachzubilden, und eignen sich f\u00fcr jede Art von Badezimmerdesign. Die ausgew\u00e4hlten Materialien sind nicht nur robust und langlebig, sondern auch umweltfreundlich und gesund.<\/div>\n<\/div>\n<div id=\"brxe-8c5ca9\" class=\"brxe-product-short-description\">\n<div class=\"woocommerce-product-details__short-description\">\n<h2>Marmorsp\u00fcle Spezifikationen:<\/h2>\n<table border=\"0\" width=\"311\" cellspacing=\"0\" cellpadding=\"0\">\n<tbody>\n<tr>\n<td width=\"108\" height=\"17\">Hersteller<\/td>\n<td width=\"202\">HanYu<\/td>\n<\/tr>\n<tr>\n<td height=\"17\">Modell Nr.<\/td>\n<td>HY-8065-55D106<\/td>\n<\/tr>\n<tr>\n<td height=\"36\">Typ<\/td>\n<td width=\"202\">Becken in Marmorfarbe, Aufsatzbecken<\/td>\n<\/tr>\n<tr>\n<td height=\"17\">Form<\/td>\n<td>Rechteckige Form<\/td>\n<\/tr>\n<tr>\n<td height=\"18\">Farbe<\/td>\n<td width=\"202\">Blau<\/td>\n<\/tr>\n<tr>\n<td height=\"18\">Dimension<\/td>\n<td width=\"202\">65*45*11<\/td>\n<\/tr>\n<tr>\n<td height=\"17\">N.W \/SET<\/td>\n<td>14.5KGS\/PCS<\/td>\n<\/tr>\n<tr>\n<td height=\"17\">MOQ<\/td>\n<td>20St\u00fcck<\/td>\n<\/tr>\n<tr>\n<td height=\"17\">Benutzerdefinierte Option<\/td>\n<td>Farbe\/Muster\/Gr\u00f6\u00dfe\/Logo\/Verpackung<\/td>\n<\/tr>\n<\/tbody>\n<\/table>\n<p><\/div>\n<\/div>","protected":false},"featured_media":1765,"comment_status":"open","ping_status":"closed","template":"","meta":{"_acf_changed":false},"certification":[59,61,60,62],"product_brand":[],"product_cat":[35,21],"product_tag":[],"class_list":{"0":"post-1762","1":"product","2":"type-product","3":"status-publish","4":"has-post-thumbnail","6":"certification-ce","7":"certification-iso-14001","8":"certification-iso-45001","9":"certification-iso-9001","10":"product_cat-bathroom-ceramics-supply","11":"product_cat-wholesale-ceramic-basin","13":"first","14":"instock","15":"shipping-taxable","16":"product-type-simple"},"acf":[],"_links":{"self":[{"href":"https:\/\/www.linkceramics.com\/de\/wp-json\/wp\/v2\/product\/1762","targetHints":{"allow":["GET"]}}],"collection":[{"href":"https:\/\/www.linkceramics.com\/de\/wp-json\/wp\/v2\/product"}],"about":[{"href":"https:\/\/www.linkceramics.com\/de\/wp-json\/wp\/v2\/types\/product"}],"replies":[{"embeddable":true,"href":"https:\/\/www.linkceramics.com\/de\/wp-json\/wp\/v2\/comments?post=1762"}],"wp:featuredmedia":[{"embeddable":true,"href":"https:\/\/www.linkceramics.com\/de\/wp-json\/wp\/v2\/media\/1765"}],"wp:attachment":[{"href":"https:\/\/www.linkceramics.com\/de\/wp-json\/wp\/v2\/media?parent=1762"}],"wp:term":[{"taxonomy":"certification","embeddable":true,"href":"https:\/\/www.linkceramics.com\/de\/wp-json\/wp\/v2\/certification?post=1762"},{"taxonomy":"product_brand","embeddable":true,"href":"https:\/\/www.linkceramics.com\/de\/wp-json\/wp\/v2\/product_brand?post=1762"},{"taxonomy":"product_cat","embeddable":true,"href":"https:\/\/www.linkceramics.com\/de\/wp-json\/wp\/v2\/product_cat?post=1762"},{"taxonomy":"product_tag","embeddable":true,"href":"https:\/\/www.linkceramics.com\/de\/wp-json\/wp\/v2\/product_tag?post=1762"}],"curies":[{"name":"wp","href":"https:\/\/api.w.org\/{rel}","templated":true}]}}