{"id":1767,"date":"2024-12-25T07:35:47","date_gmt":"2024-12-25T07:35:47","guid":{"rendered":"https:\/\/www.linkceramics.com\/?post_type=product&#038;p=1767"},"modified":"2024-12-31T03:21:34","modified_gmt":"2024-12-31T03:21:34","slug":"wash-basin-wholesale","status":"publish","type":"product","link":"https:\/\/www.linkceramics.com\/de\/product\/wash-basin-wholesale\/","title":{"rendered":"Luxus \u00fcber Counter Waschbecken Gro\u00dfhandel, Easy Clean Badezimmer Waschbecken"},"content":{"rendered":"<div class=\"wp-block-columns is-layout-flex wp-container-core-columns-is-layout-9d6595d7 wp-block-columns-is-layout-flex\">\n<div class=\"wp-block-column is-layout-flow wp-block-column-is-layout-flow\" style=\"flex-basis:50%\">\n<h3 class=\"wp-block-heading\">Premium-Waschtisch Gro\u00dfhandel Merkmale:<\/h3>\n\n\n\n<ul class=\"wp-block-list\">\n<li><strong>Farbenfroh:\u00a0<\/strong>Die Marmorfarbe wird durch einen Wassertransferprozess auf der Grundlage eines gew\u00f6hnlichen hellen wei\u00dfen Waschbeckens hergestellt, das sch\u00f6n und haltbar ist. Wir bieten mehr als 100 Farben und Muster zur Auswahl, und alle Waschbecken Gro\u00dfhandel Modelle k\u00f6nnen in Farbe und Textur angepasst werden.<\/li>\n\n\n\n<li><strong>Einfache Installation:<\/strong>\u00a0Diese f\u00fcr die Montage \u00fcber der Theke konzipierten Waschbecken sind einfach zu installieren und bieten eine problemlose L\u00f6sung f\u00fcr Neubauten und Badrenovierungen.<\/li>\n\n\n\n<li><strong>Sch\u00f6ne Oberfl\u00e4che:\u00a0<\/strong>Die Oberfl\u00e4che unseres Waschbeckens im Gro\u00dfhandel ist glatt und kann je nach Bedarf matt oder gl\u00e4nzend sein. Ber\u00fchren Sie es und f\u00fchlen Sie es, es ist seidig und exquisit.<\/li>\n\n\n\n<li><strong>Gro\u00dfe Produktionskapazit\u00e4t:<\/strong>\u00a0Unser gro\u00dfes Lager enth\u00e4lt verschiedene Arten von Gro\u00dfhandel Badezimmer Waschbecken. W\u00e4hlen Sie die Artikel, die auf Produktion sind, haben wir genug wei\u00dfe Becken, Marmor Farbe Becken zu machen, w\u00fcrde die Versandzeit viel k\u00fcrzer sein.<\/li>\n<\/ul>\n<\/div>\n\n\n\n<div class=\"wp-block-column is-layout-flow wp-block-column-is-layout-flow\" style=\"flex-basis:50%\">\n<figure class=\"wp-block-image size-full\"><img decoding=\"async\" width=\"980\" height=\"1352\" src=\"https:\/\/www.linkceramics.com\/wp-content\/uploads\/2024\/12\/Marble-Style-Ceramic-Rectangular-Design-Art-Sink-6-1.webp\" alt=\"Premium-Waschtisch Gro\u00dfhandel\" class=\"wp-image-1829\" srcset=\"https:\/\/www.linkceramics.com\/wp-content\/uploads\/2024\/12\/Marble-Style-Ceramic-Rectangular-Design-Art-Sink-6-1.webp 980w, https:\/\/www.linkceramics.com\/wp-content\/uploads\/2024\/12\/Marble-Style-Ceramic-Rectangular-Design-Art-Sink-6-1-217x300.webp 217w, https:\/\/www.linkceramics.com\/wp-content\/uploads\/2024\/12\/Marble-Style-Ceramic-Rectangular-Design-Art-Sink-6-1-768x1060.webp 768w, https:\/\/www.linkceramics.com\/wp-content\/uploads\/2024\/12\/Marble-Style-Ceramic-Rectangular-Design-Art-Sink-6-1-600x828.webp 600w\" sizes=\"(max-width: 980px) 100vw, 980px\" \/><\/figure>\n<\/div>\n<\/div>\n\n\n\n<p><\/p>","protected":false},"excerpt":{"rendered":"<div id=\"brxe-0ee1ca\" class=\"brxe-product-meta product_meta\">\n<div id=\"brxe-0ee1ca\" class=\"brxe-product-meta product_meta\">Unsere Marmor Farbe Waschbecken Gro\u00dfhandel ist durch ein Wasser-Transfer-Prozess auf der Grundlage einer normalen wei\u00dfen Keramik-Becken gemacht.  Einfache Installation auf \u00fcber Z\u00e4hler Montage. Wir haben genug wei\u00dfe Becken auf Lager, um Marmor Farbe Keramikbecken zu machen, so dass die Versandzeit w\u00e4re viel k\u00fcrzer.<\/div>\n<\/div>\n<div id=\"brxe-8c5ca9\" class=\"brxe-product-short-description\">\n<div class=\"woocommerce-product-details__short-description\">\n<h2>Waschtisch Spezifikationen:<\/h2>\n<table border=\"0\" width=\"478\" cellspacing=\"0\" cellpadding=\"0\">\n<tbody>\n<tr>\n<td width=\"166\" height=\"23\">Hersteller<\/td>\n<td width=\"312\">HanYu<\/td>\n<\/tr>\n<tr>\n<td height=\"23\">Modell Nr.<\/td>\n<td>HY-5104D119<\/td>\n<\/tr>\n<tr>\n<td height=\"23\">Typ<\/td>\n<td width=\"312\">Marmorsp\u00fcle, Aufsatzsp\u00fcle<\/td>\n<\/tr>\n<tr>\n<td height=\"24\">Form<\/td>\n<td>Rechteckige Form<\/td>\n<\/tr>\n<tr>\n<td height=\"46\">Farbe<\/td>\n<td width=\"312\">Schwarz und golden<\/td>\n<\/tr>\n<tr>\n<td height=\"24\">Dimension<\/td>\n<td width=\"312\">45*40*14.5<\/td>\n<\/tr>\n<tr>\n<td height=\"23\">N.W \/SET<\/td>\n<td>10KGS\/PCS<\/td>\n<\/tr>\n<tr>\n<td height=\"23\">MOQ<\/td>\n<td>20St\u00fcck<\/td>\n<\/tr>\n<tr>\n<td height=\"23\">Benutzerdefinierte Option<\/td>\n<td>Farbe\/Muster\/Gr\u00f6\u00dfe\/Logo\/Verpackung<\/td>\n<\/tr>\n<\/tbody>\n<\/table>\n<p><\/div>\n<\/div>","protected":false},"featured_media":1828,"comment_status":"open","ping_status":"closed","template":"","meta":{"_acf_changed":false},"certification":[59,61,60,62],"product_brand":[],"product_cat":[35,21],"product_tag":[],"class_list":{"0":"post-1767","1":"product","2":"type-product","3":"status-publish","4":"has-post-thumbnail","6":"certification-ce","7":"certification-iso-14001","8":"certification-iso-45001","9":"certification-iso-9001","10":"product_cat-bathroom-ceramics-supply","11":"product_cat-wholesale-ceramic-basin","13":"first","14":"instock","15":"shipping-taxable","16":"product-type-simple"},"acf":[],"_links":{"self":[{"href":"https:\/\/www.linkceramics.com\/de\/wp-json\/wp\/v2\/product\/1767","targetHints":{"allow":["GET"]}}],"collection":[{"href":"https:\/\/www.linkceramics.com\/de\/wp-json\/wp\/v2\/product"}],"about":[{"href":"https:\/\/www.linkceramics.com\/de\/wp-json\/wp\/v2\/types\/product"}],"replies":[{"embeddable":true,"href":"https:\/\/www.linkceramics.com\/de\/wp-json\/wp\/v2\/comments?post=1767"}],"wp:featuredmedia":[{"embeddable":true,"href":"https:\/\/www.linkceramics.com\/de\/wp-json\/wp\/v2\/media\/1828"}],"wp:attachment":[{"href":"https:\/\/www.linkceramics.com\/de\/wp-json\/wp\/v2\/media?parent=1767"}],"wp:term":[{"taxonomy":"certification","embeddable":true,"href":"https:\/\/www.linkceramics.com\/de\/wp-json\/wp\/v2\/certification?post=1767"},{"taxonomy":"product_brand","embeddable":true,"href":"https:\/\/www.linkceramics.com\/de\/wp-json\/wp\/v2\/product_brand?post=1767"},{"taxonomy":"product_cat","embeddable":true,"href":"https:\/\/www.linkceramics.com\/de\/wp-json\/wp\/v2\/product_cat?post=1767"},{"taxonomy":"product_tag","embeddable":true,"href":"https:\/\/www.linkceramics.com\/de\/wp-json\/wp\/v2\/product_tag?post=1767"}],"curies":[{"name":"wp","href":"https:\/\/api.w.org\/{rel}","templated":true}]}}