{"id":1769,"date":"2024-12-30T08:10:35","date_gmt":"2024-12-30T08:10:35","guid":{"rendered":"https:\/\/www.linkceramics.com\/?post_type=product&#038;p=1769"},"modified":"2024-12-30T08:39:02","modified_gmt":"2024-12-30T08:39:02","slug":"chinese-crockery-wholesale","status":"publish","type":"product","link":"https:\/\/www.linkceramics.com\/de\/product\/chinese-crockery-wholesale\/","title":{"rendered":"Stilvolles chinesisches Geschirr Gro\u00dfhandel, keramische Speiseteller Bulk"},"content":{"rendered":"<div class=\"wp-block-columns is-layout-flex wp-container-core-columns-is-layout-9d6595d7 wp-block-columns-is-layout-flex\">\n<div class=\"wp-block-column is-layout-flow wp-block-column-is-layout-flow\" style=\"flex-basis:66.66%\">\n<h3 class=\"wp-block-heading\">Premium Chinese Crockery Gro\u00dfhandel Merkmale:<\/h3>\n\n\n\n<p><strong>Schlicht und stilvoll, ein Muss f\u00fcr jeden modernen Esstisch:<\/strong> Die Serie des chinesischen Gro\u00dfhandels verwendet einfache Tupfen, Wellen und geometrische Muster. Das moderne und modische Design passt perfekt zum modernen Dekorationsstil sowohl in Privathaushalten als auch in Restaurants und verleiht dem Esstisch Sch\u00f6nheit und Geschmack.<\/p>\n\n\n\n<p><strong>Es stehen mehrere Formen zur Auswahl, und die Anpassung kann flexibel sein:<\/strong> Unsere gro\u00dfen Speiseteller bieten runde und quadratische Speiseteller sowie eine Vielzahl verschiedener Formen von Sch\u00fcsseln. Die Benutzer k\u00f6nnen sie je nach pers\u00f6nlichen Bed\u00fcrfnissen und Anl\u00e4ssen flexibel zusammenstellen, um den Anforderungen verschiedener Essensumgebungen gerecht zu werden.<\/p>\n\n\n\n<p><strong>Langlebige und sichere Qualit\u00e4tskeramik: <\/strong>Unser chinesisches Gro\u00dfhandelsgeschirr besteht aus bei hohen Temperaturen gebrannten keramischen Materialien, die eine ausgezeichnete Haltbarkeit und Stabilit\u00e4t des Geschirrs gew\u00e4hrleisten. Es ist ungiftig und geruchsfrei, erf\u00fcllt die Anforderungen an die Lebensmittelsicherheit und kann mit allen Arten von modernen K\u00fcchenger\u00e4ten, einschlie\u00dflich Mikrowellenherden und Geschirrsp\u00fclern, verwendet werden, was das Essen einfach und gesund macht.<\/p>\n\n\n\n<p><strong>Gro\u00dfhandelsvorteile, geeignet f\u00fcr Gro\u00dfeink\u00e4ufe:<\/strong> bieten sehr vorteilhafte Preise im Gro\u00dfhandelssegment f\u00fcr keramische Teller Schalen und Tasse Teekannen in loser Sch\u00fcttung und unterst\u00fctzen OEM \/ ODM Anpassungsdienste. Unabh\u00e4ngig von der Einzelh\u00e4ndler, Catering-Unternehmen, oder Gro\u00dfveranstaltungen, Muster, Gr\u00f6\u00dfe und Verpackung kann als kundenspezifische auf der Grundlage von Kundenanforderungen, die Ihre beste Wahl f\u00fcr die Aufwertung Ihres Markenimages ist getan werden.<\/p>\n<\/div>\n\n\n\n<div class=\"wp-block-column is-layout-flow wp-block-column-is-layout-flow\" style=\"flex-basis:33.33%\">\n<figure class=\"wp-block-image size-full\"><img decoding=\"async\" width=\"1200\" height=\"1200\" src=\"https:\/\/www.linkceramics.com\/wp-content\/uploads\/2024\/12\/Stylish-Chinese-Crockery-Wholesale-Ceramic-Dinner-Plates-Bulk-2.webp\" alt=\"Stilvolle-Chinesen-Crockery-Gro\u00dfhandel-Keramik-Speiseteller-Bulk-2\" class=\"wp-image-1772\" srcset=\"https:\/\/www.linkceramics.com\/wp-content\/uploads\/2024\/12\/Stylish-Chinese-Crockery-Wholesale-Ceramic-Dinner-Plates-Bulk-2.webp 1200w, https:\/\/www.linkceramics.com\/wp-content\/uploads\/2024\/12\/Stylish-Chinese-Crockery-Wholesale-Ceramic-Dinner-Plates-Bulk-2-300x300.webp 300w, https:\/\/www.linkceramics.com\/wp-content\/uploads\/2024\/12\/Stylish-Chinese-Crockery-Wholesale-Ceramic-Dinner-Plates-Bulk-2-150x150.webp 150w, https:\/\/www.linkceramics.com\/wp-content\/uploads\/2024\/12\/Stylish-Chinese-Crockery-Wholesale-Ceramic-Dinner-Plates-Bulk-2-768x768.webp 768w, https:\/\/www.linkceramics.com\/wp-content\/uploads\/2024\/12\/Stylish-Chinese-Crockery-Wholesale-Ceramic-Dinner-Plates-Bulk-2-600x600.webp 600w, https:\/\/www.linkceramics.com\/wp-content\/uploads\/2024\/12\/Stylish-Chinese-Crockery-Wholesale-Ceramic-Dinner-Plates-Bulk-2-100x100.webp 100w\" sizes=\"(max-width: 1200px) 100vw, 1200px\" \/><\/figure>\n<\/div>\n<\/div>","protected":false},"excerpt":{"rendered":"<div id=\"brxe-0ee1ca\" class=\"brxe-product-meta product_meta\">\n<div id=\"brxe-0ee1ca\" class=\"brxe-product-meta product_meta\">\n<div id=\"brxe-0ee1ca\" class=\"brxe-product-meta product_meta\">Willkommen zum Kauf von Keramiktellern, Sch\u00fcsseln, Tassen und Teekannen in gro\u00dfen Mengen. Diese stilvolle chinesische Geschirrserie f\u00fcr den Gro\u00dfhandel zeichnet sich durch ein einfaches und modisches Muster aus, das Punkte, Wellen und geometrische Formen kombiniert. Es zeigt einen modernen und einfachen Stil, der f\u00fcr Haushalte, Catering und Einzelh\u00e4ndler geeignet ist.<\/div>\n<\/div>\n<\/div>\n<div id=\"brxe-8c5ca9\" class=\"brxe-product-short-description\">\n<div class=\"woocommerce-product-details__short-description\">\n<h2>Premium Chinese Crockery Spezifikationen:<\/h2>\n<table border=\"0\" width=\"531\" cellspacing=\"0\" cellpadding=\"0\">\n<tbody>\n<tr>\n<td width=\"271\" height=\"24\">Hersteller<\/td>\n<td width=\"260\">Liebevolles Zuhause<\/td>\n<\/tr>\n<tr>\n<td width=\"271\" height=\"25\">Sammlung Name<\/td>\n<td width=\"260\">Azurblauer Mix<\/td>\n<\/tr>\n<tr>\n<td width=\"271\" height=\"24\">Verwendung<\/td>\n<td width=\"260\">Haus, Restaurant, Hotel<\/td>\n<\/tr>\n<tr>\n<td width=\"271\" height=\"72\">Essgeschirr Typ<\/td>\n<td width=\"260\">Teekanne, Zuckerkanne, Milchk\u00e4nnchen, Tasse und Untertasse, Tasse, Teller, Sch\u00fcssel, Vorratsglas<\/td>\n<\/tr>\n<tr>\n<td width=\"271\" height=\"24\">Material<\/td>\n<td width=\"260\">Dauerhaftes Porzellan<\/td>\n<\/tr>\n<tr>\n<td width=\"271\" height=\"24\">Dimension<\/td>\n<td width=\"260\">Wie Detailbild<\/td>\n<\/tr>\n<tr>\n<td width=\"271\" height=\"24\">Verkaufende Einheiten<\/td>\n<td width=\"260\">Einzelnes Element<\/td>\n<\/tr>\n<tr>\n<td width=\"271\" height=\"24\">MOQ<\/td>\n<td width=\"260\">1200\/St\u00fcck pro Artikel<\/td>\n<\/tr>\n<tr>\n<td width=\"271\" height=\"48\">Kundenspezifische Option<\/td>\n<td width=\"260\">Farbe\/Gr\u00f6\u00dfe\/Glasur\/Logo\/Verpackung<\/td>\n<\/tr>\n<\/tbody>\n<\/table>\n<\/div>\n<\/div>","protected":false},"featured_media":1771,"comment_status":"open","ping_status":"closed","template":"","meta":{"_acf_changed":true},"certification":[63,64,66,58,65,61,60,62],"product_brand":[],"product_cat":[34,18,19],"product_tag":[],"class_list":{"0":"post-1769","1":"product","2":"type-product","3":"status-publish","4":"has-post-thumbnail","6":"certification-amfori","7":"certification-bsci","8":"certification-cnas","9":"certification-fda","10":"certification-iaf","11":"certification-iso-14001","12":"certification-iso-45001","13":"certification-iso-9001","14":"product_cat-custom-household-ceramics","15":"product_cat-ceramic-tableware-wholesale","16":"product_cat-ceramic-tea-set-wholesale","18":"first","19":"instock","20":"shipping-taxable","21":"product-type-simple"},"acf":[],"_links":{"self":[{"href":"https:\/\/www.linkceramics.com\/de\/wp-json\/wp\/v2\/product\/1769","targetHints":{"allow":["GET"]}}],"collection":[{"href":"https:\/\/www.linkceramics.com\/de\/wp-json\/wp\/v2\/product"}],"about":[{"href":"https:\/\/www.linkceramics.com\/de\/wp-json\/wp\/v2\/types\/product"}],"replies":[{"embeddable":true,"href":"https:\/\/www.linkceramics.com\/de\/wp-json\/wp\/v2\/comments?post=1769"}],"wp:featuredmedia":[{"embeddable":true,"href":"https:\/\/www.linkceramics.com\/de\/wp-json\/wp\/v2\/media\/1771"}],"wp:attachment":[{"href":"https:\/\/www.linkceramics.com\/de\/wp-json\/wp\/v2\/media?parent=1769"}],"wp:term":[{"taxonomy":"certification","embeddable":true,"href":"https:\/\/www.linkceramics.com\/de\/wp-json\/wp\/v2\/certification?post=1769"},{"taxonomy":"product_brand","embeddable":true,"href":"https:\/\/www.linkceramics.com\/de\/wp-json\/wp\/v2\/product_brand?post=1769"},{"taxonomy":"product_cat","embeddable":true,"href":"https:\/\/www.linkceramics.com\/de\/wp-json\/wp\/v2\/product_cat?post=1769"},{"taxonomy":"product_tag","embeddable":true,"href":"https:\/\/www.linkceramics.com\/de\/wp-json\/wp\/v2\/product_tag?post=1769"}],"curies":[{"name":"wp","href":"https:\/\/api.w.org\/{rel}","templated":true}]}}