{"id":1776,"date":"2024-12-30T08:41:47","date_gmt":"2024-12-30T08:41:47","guid":{"rendered":"https:\/\/www.linkceramics.com\/?post_type=product&#038;p=1776"},"modified":"2024-12-30T08:49:01","modified_gmt":"2024-12-30T08:49:01","slug":"wholesale-kitchen-supplies","status":"publish","type":"product","link":"https:\/\/www.linkceramics.com\/de\/product\/wholesale-kitchen-supplies\/","title":{"rendered":"Exquisite Gro\u00dfhandel K\u00fcchenutensilien, keramische Backutensilien"},"content":{"rendered":"<div class=\"wp-block-columns is-layout-flex wp-container-core-columns-is-layout-9d6595d7 wp-block-columns-is-layout-flex\">\n<div class=\"wp-block-column is-layout-flow wp-block-column-is-layout-flow\" style=\"flex-basis:66.66%\">\n<h3 class=\"wp-block-heading\">Premium-Gro\u00dfhandel K\u00fcche liefert Eigenschaften:<\/h3>\n\n\n\n<ul class=\"wp-block-list\">\n<li><strong>Umfassendes K\u00fcchen-Backutensilien-Set:<\/strong> Sie umfasst alle praktischen K\u00fcchenutensilien, von Werkzeugregalen und Vorratsgl\u00e4sern bis hin zu Butterdosen und K\u00e4sebrettern usw., die f\u00fcr verschiedene Zwecke beim Backen und in der K\u00fcche eingesetzt werden.<\/li>\n\n\n\n<li><strong>Qualit\u00e4t der Materialien:<\/strong> Alle unsere keramischen Backutensilien Gro\u00dfhandel sind aus der besten Qualit\u00e4t Steingut Materialien, die hart, stark und widerstandsf\u00e4hig gegen hohe Temperaturen und Verschlei\u00df sind, was eine glatte Oberfl\u00e4che mit exquisiten gemacht.<\/li>\n\n\n\n<li><strong>Praktisch und sch\u00f6n: <\/strong>Der Gro\u00dfhandel f\u00fcr K\u00fcchenbedarf ist praktisch im Gebrauch und elegant im Aussehen. Von Butterdosen bis hin zu Brotk\u00e4sten - alle Produkte zeichnen sich durch ein detailgetreues Design aus und bringen Eleganz und Mode in die K\u00fcche.<\/li>\n\n\n\n<li><strong>Geeignet f\u00fcr kommerzielle Anwendungen:<\/strong> Unsere Gro\u00dfhandels-Keramik-Backutensilien sind f\u00fcr den Gro\u00dfhandelsmarkt konzipiert und bieten eine Reihe von Optionen, um den Gro\u00dfeinkaufsbedarf von Einzelh\u00e4ndlern, Restaurants und kommerziellen Projekten mit Qualit\u00e4ts- und Preisvorteilen zu erf\u00fcllen.<\/li>\n<\/ul>\n<\/div>\n\n\n\n<div class=\"wp-block-column is-layout-flow wp-block-column-is-layout-flow\" style=\"flex-basis:33.33%\">\n<figure class=\"wp-block-image size-full\"><img decoding=\"async\" width=\"1200\" height=\"1200\" src=\"https:\/\/www.linkceramics.com\/wp-content\/uploads\/2024\/12\/Exquisite-Wholesale-Kitchen-Supplies-Ceramic-Baking-Utensils-1.webp\" alt=\"Exquisit-Gro\u00dfhandel-K\u00fcchenbedarf-Keramik-Backutensilien-1\" class=\"wp-image-1777\" srcset=\"https:\/\/www.linkceramics.com\/wp-content\/uploads\/2024\/12\/Exquisite-Wholesale-Kitchen-Supplies-Ceramic-Baking-Utensils-1.webp 1200w, https:\/\/www.linkceramics.com\/wp-content\/uploads\/2024\/12\/Exquisite-Wholesale-Kitchen-Supplies-Ceramic-Baking-Utensils-1-300x300.webp 300w, https:\/\/www.linkceramics.com\/wp-content\/uploads\/2024\/12\/Exquisite-Wholesale-Kitchen-Supplies-Ceramic-Baking-Utensils-1-150x150.webp 150w, https:\/\/www.linkceramics.com\/wp-content\/uploads\/2024\/12\/Exquisite-Wholesale-Kitchen-Supplies-Ceramic-Baking-Utensils-1-768x768.webp 768w, https:\/\/www.linkceramics.com\/wp-content\/uploads\/2024\/12\/Exquisite-Wholesale-Kitchen-Supplies-Ceramic-Baking-Utensils-1-600x600.webp 600w, https:\/\/www.linkceramics.com\/wp-content\/uploads\/2024\/12\/Exquisite-Wholesale-Kitchen-Supplies-Ceramic-Baking-Utensils-1-100x100.webp 100w\" sizes=\"(max-width: 1200px) 100vw, 1200px\" \/><\/figure>\n<\/div>\n<\/div>","protected":false},"excerpt":{"rendered":"<div id=\"brxe-0ee1ca\" class=\"brxe-product-meta product_meta\">\n<div id=\"brxe-0ee1ca\" class=\"brxe-product-meta product_meta\">\n<div id=\"brxe-0ee1ca\" class=\"brxe-product-meta product_meta\">Willkommen zum Kauf Gro\u00dfhandel Keramik K\u00fcchenutensilien. Diese Gro\u00dfhandel K\u00fcchenbedarf geh\u00f6ren eine Vielzahl von K\u00fcche und Backen Werkzeuge, wie Werkzeugst\u00e4nder, Aufbewahrungsgl\u00e4ser, Butterdosen, Brotk\u00e4sten, etc., aus hochwertigen keramischen Materialien, sch\u00f6nes Design, komplette Funktionen, geeignet f\u00fcr Gro\u00dfeink\u00e4ufe.<\/div>\n<\/div>\n<\/div>\n<div id=\"brxe-8c5ca9\" class=\"brxe-product-short-description\">\n<div class=\"woocommerce-product-details__short-description\">\n<h2>K\u00fcchenzubeh\u00f6r Spezifikationen:<\/h2>\n<table border=\"0\" width=\"531\" cellspacing=\"0\" cellpadding=\"0\">\n<tbody>\n<tr>\n<td width=\"271\" height=\"24\">Hersteller<\/td>\n<td width=\"260\">Liebevolles Zuhause<\/td>\n<\/tr>\n<tr>\n<td width=\"271\" height=\"25\">Sammlung Name<\/td>\n<td width=\"260\">K\u00fcche Vintage<\/td>\n<\/tr>\n<tr>\n<td width=\"271\" height=\"24\">Verwendung<\/td>\n<td width=\"260\">Haus, Restaurant, Hotel<\/td>\n<\/tr>\n<tr>\n<td width=\"271\" height=\"144\">K\u00fcchenger\u00e4te Typ<\/td>\n<td width=\"260\">Werkzeughalter, Vorratsbeh\u00e4lter, Sch\u00fcssel, L\u00f6ffelhalter, Tassenhalter, Deckelhalter, Butterdose, Saftpresse, Sauciere, Chip &amp; Dip, Brotkasten, K\u00e4sebrett, Krug<\/td>\n<\/tr>\n<tr>\n<td width=\"271\" height=\"24\">Material<\/td>\n<td width=\"260\">Steingut<\/td>\n<\/tr>\n<tr>\n<td width=\"271\" height=\"24\">Dimension<\/td>\n<td width=\"260\">Wie Detailbild<\/td>\n<\/tr>\n<tr>\n<td width=\"271\" height=\"24\">Verkaufende Einheiten<\/td>\n<td width=\"260\">Einzelnes Element<\/td>\n<\/tr>\n<tr>\n<td width=\"271\" height=\"24\">MOQ<\/td>\n<td width=\"260\">1200\/St\u00fcck pro Artikel<\/td>\n<\/tr>\n<tr>\n<td width=\"271\" height=\"48\">Kundenspezifische Option<\/td>\n<td width=\"260\">Farbe\/Gr\u00f6\u00dfe\/Glasur\/Logo\/Verpackung<\/td>\n<\/tr>\n<\/tbody>\n<\/table>\n<\/div>\n<\/div>","protected":false},"featured_media":1778,"comment_status":"open","ping_status":"closed","template":"","meta":{"_acf_changed":false},"certification":[63,64,66,58,65,61,60,62],"product_brand":[],"product_cat":[34,20],"product_tag":[],"class_list":{"0":"post-1776","1":"product","2":"type-product","3":"status-publish","4":"has-post-thumbnail","6":"certification-amfori","7":"certification-bsci","8":"certification-cnas","9":"certification-fda","10":"certification-iaf","11":"certification-iso-14001","12":"certification-iso-45001","13":"certification-iso-9001","14":"product_cat-custom-household-ceramics","15":"product_cat-ceramic-kitchenware-wholesale","17":"first","18":"instock","19":"shipping-taxable","20":"product-type-simple"},"acf":[],"_links":{"self":[{"href":"https:\/\/www.linkceramics.com\/de\/wp-json\/wp\/v2\/product\/1776","targetHints":{"allow":["GET"]}}],"collection":[{"href":"https:\/\/www.linkceramics.com\/de\/wp-json\/wp\/v2\/product"}],"about":[{"href":"https:\/\/www.linkceramics.com\/de\/wp-json\/wp\/v2\/types\/product"}],"replies":[{"embeddable":true,"href":"https:\/\/www.linkceramics.com\/de\/wp-json\/wp\/v2\/comments?post=1776"}],"wp:featuredmedia":[{"embeddable":true,"href":"https:\/\/www.linkceramics.com\/de\/wp-json\/wp\/v2\/media\/1778"}],"wp:attachment":[{"href":"https:\/\/www.linkceramics.com\/de\/wp-json\/wp\/v2\/media?parent=1776"}],"wp:term":[{"taxonomy":"certification","embeddable":true,"href":"https:\/\/www.linkceramics.com\/de\/wp-json\/wp\/v2\/certification?post=1776"},{"taxonomy":"product_brand","embeddable":true,"href":"https:\/\/www.linkceramics.com\/de\/wp-json\/wp\/v2\/product_brand?post=1776"},{"taxonomy":"product_cat","embeddable":true,"href":"https:\/\/www.linkceramics.com\/de\/wp-json\/wp\/v2\/product_cat?post=1776"},{"taxonomy":"product_tag","embeddable":true,"href":"https:\/\/www.linkceramics.com\/de\/wp-json\/wp\/v2\/product_tag?post=1776"}],"curies":[{"name":"wp","href":"https:\/\/api.w.org\/{rel}","templated":true}]}}