{"id":1781,"date":"2024-12-30T08:50:15","date_gmt":"2024-12-30T08:50:15","guid":{"rendered":"https:\/\/www.linkceramics.com\/?post_type=product&#038;p=1781"},"modified":"2024-12-30T09:19:00","modified_gmt":"2024-12-30T09:19:00","slug":"wholesale-ceramic-dinnerware-set","status":"publish","type":"product","link":"https:\/\/www.linkceramics.com\/de\/product\/wholesale-ceramic-dinnerware-set\/","title":{"rendered":"Gro\u00dfhandel Keramik Geschirr Set Mandala Unique Multicolor"},"content":{"rendered":"<div class=\"wp-block-columns is-layout-flex wp-container-core-columns-is-layout-9d6595d7 wp-block-columns-is-layout-flex\">\n<div class=\"wp-block-column is-layout-flow wp-block-column-is-layout-flow\" style=\"flex-basis:50%\">\n<h3 class=\"wp-block-heading\">Keramik-Geschirrset Merkmale:<\/h3>\n\n\n\n<p><strong>Lebendiges Multicolor-Design<\/strong><br>Jedes einzelne St\u00fcck weist sehr sch\u00f6ne Mandala-Muster in verschiedenen Farben auf, die Ihrem gedeckten Tisch eine fr\u00f6hliche und k\u00fcnstlerische Note verleihen.<\/p>\n\n\n\n<p><strong>Einzigartige Kombination von Techniken<\/strong><br>Die Entw\u00fcrfe umfassen eingeglaste Abziehbilder, Farbglasuren und Handmalerei, um sicherzustellen, dass jedes St\u00fcck einzigartig und exquisit ist.<\/p>\n\n\n\n<p><strong>Vielseitige Kollektion<\/strong><br>Dieses Set ist komplett mit Geschirr, Teeservice, Servierutensilien, Backformen, K\u00fcchenutensilien und Dekorationen - einfach perfekt f\u00fcr jeden Anlass.<\/p>\n\n\n\n<p><strong>Strapazierf\u00e4hig und langlebig<\/strong><br>Hochwertiges Keramikgeschirr ist widerstandsf\u00e4hig gegen Absplittern und Verblassen, so dass Ihre Sammlung \u00fcber Jahre hinweg sch\u00f6n bleibt.<\/p>\n\n\n\n<p><strong>Perfekt f\u00fcr Unterhaltungszwecke<\/strong><br>Mit seinen leuchtenden Farben und einzigartigen Designs eignet sich das Geschirr perfekt f\u00fcr die Bewirtung von G\u00e4sten oder um Familienmahlzeiten ein besonderes Flair zu verleihen.<\/p>\n<\/div>\n\n\n\n<div class=\"wp-block-column is-layout-flow wp-block-column-is-layout-flow\" style=\"flex-basis:50%\">\n<figure class=\"wp-block-image size-full\"><img decoding=\"async\" width=\"536\" height=\"536\" src=\"https:\/\/www.linkceramics.com\/wp-content\/uploads\/2024\/12\/Wholesale-Mandala-Ceramic-Dinnerware-2.webp\" alt=\"Gro\u00dfhandel-Mandala-Keramik-Geschirr-2\" class=\"wp-image-1783\" srcset=\"https:\/\/www.linkceramics.com\/wp-content\/uploads\/2024\/12\/Wholesale-Mandala-Ceramic-Dinnerware-2.webp 536w, https:\/\/www.linkceramics.com\/wp-content\/uploads\/2024\/12\/Wholesale-Mandala-Ceramic-Dinnerware-2-300x300.webp 300w, https:\/\/www.linkceramics.com\/wp-content\/uploads\/2024\/12\/Wholesale-Mandala-Ceramic-Dinnerware-2-150x150.webp 150w, https:\/\/www.linkceramics.com\/wp-content\/uploads\/2024\/12\/Wholesale-Mandala-Ceramic-Dinnerware-2-100x100.webp 100w\" sizes=\"(max-width: 536px) 100vw, 536px\" \/><\/figure>\n<\/div>\n<\/div>","protected":false},"excerpt":{"rendered":"<p>Hochwertiges Mandala-Keramikgeschirr im Gro\u00dfhandel und nach Kundenwunsch, mit glasierten Abziehbildern und handgemalten Designs, perfekt f\u00fcr jeden Anlass. Lianyuan Hersteller bietet One-Stop benutzerdefinierte Geschirr-L\u00f6sungen, um einzigartige Markenprodukte f\u00fcr Sie zu schaffen.<\/p>\n<h2>Keramik-Geschirrset Parameter<\/h2>\n<table width=\"353\">\n<tbody>\n<tr>\n<td width=\"82\">Hersteller<\/td>\n<td width=\"270\">Lianyuan<\/td>\n<\/tr>\n<tr>\n<td>Produkttyp<\/td>\n<td width=\"270\">Essgeschirr, Tischgeschirr, Serviergeschirr, Teeservice<\/td>\n<\/tr>\n<tr>\n<td>Muster<\/td>\n<td>Mandala\u00a0<\/td>\n<\/tr>\n<tr>\n<td>Material<\/td>\n<td>Dauerhaftes Porzellan<\/td>\n<\/tr>\n<tr>\n<td>Handwerkliches K\u00f6nnen<\/td>\n<td>In-Glasur-Abziehbild, handbemalt\u00a0<\/td>\n<\/tr>\n<tr>\n<td>Anmeldung<\/td>\n<td>Mikrowellen- und sp\u00fclmaschinenfest, ofenfest<\/td>\n<\/tr>\n<tr>\n<td>Benutzerdefiniert<\/td>\n<td>Farbe\/Gr\u00f6\u00dfe\/Logo\/Verpackung<\/td>\n<\/tr>\n<\/tbody>\n<\/table>\n<p>&nbsp;<\/p>","protected":false},"featured_media":1782,"comment_status":"open","ping_status":"closed","template":"","meta":{"_acf_changed":true},"certification":[66,58,65,61,60,62,57],"product_brand":[],"product_cat":[34,18],"product_tag":[],"class_list":{"0":"post-1781","1":"product","2":"type-product","3":"status-publish","4":"has-post-thumbnail","6":"certification-cnas","7":"certification-fda","8":"certification-iaf","9":"certification-iso-14001","10":"certification-iso-45001","11":"certification-iso-9001","12":"certification-lfgb","13":"product_cat-custom-household-ceramics","14":"product_cat-ceramic-tableware-wholesale","16":"first","17":"instock","18":"shipping-taxable","19":"product-type-simple"},"acf":[],"_links":{"self":[{"href":"https:\/\/www.linkceramics.com\/de\/wp-json\/wp\/v2\/product\/1781","targetHints":{"allow":["GET"]}}],"collection":[{"href":"https:\/\/www.linkceramics.com\/de\/wp-json\/wp\/v2\/product"}],"about":[{"href":"https:\/\/www.linkceramics.com\/de\/wp-json\/wp\/v2\/types\/product"}],"replies":[{"embeddable":true,"href":"https:\/\/www.linkceramics.com\/de\/wp-json\/wp\/v2\/comments?post=1781"}],"wp:featuredmedia":[{"embeddable":true,"href":"https:\/\/www.linkceramics.com\/de\/wp-json\/wp\/v2\/media\/1782"}],"wp:attachment":[{"href":"https:\/\/www.linkceramics.com\/de\/wp-json\/wp\/v2\/media?parent=1781"}],"wp:term":[{"taxonomy":"certification","embeddable":true,"href":"https:\/\/www.linkceramics.com\/de\/wp-json\/wp\/v2\/certification?post=1781"},{"taxonomy":"product_brand","embeddable":true,"href":"https:\/\/www.linkceramics.com\/de\/wp-json\/wp\/v2\/product_brand?post=1781"},{"taxonomy":"product_cat","embeddable":true,"href":"https:\/\/www.linkceramics.com\/de\/wp-json\/wp\/v2\/product_cat?post=1781"},{"taxonomy":"product_tag","embeddable":true,"href":"https:\/\/www.linkceramics.com\/de\/wp-json\/wp\/v2\/product_tag?post=1781"}],"curies":[{"name":"wp","href":"https:\/\/api.w.org\/{rel}","templated":true}]}}