{"id":1784,"date":"2024-12-30T09:31:10","date_gmt":"2024-12-30T09:31:10","guid":{"rendered":"https:\/\/www.linkceramics.com\/?post_type=product&#038;p=1784"},"modified":"2024-12-30T09:38:21","modified_gmt":"2024-12-30T09:38:21","slug":"elegant-brown-ceramic-vases-wholesale","status":"publish","type":"product","link":"https:\/\/www.linkceramics.com\/de\/product\/elegant-brown-ceramic-vases-wholesale\/","title":{"rendered":"Elegante braune keramische Vasen Gro\u00dfhandel, Bulk sch\u00f6ne keramische glasierte Vase zu verkaufen"},"content":{"rendered":"<h3 class=\"wp-block-heading\">Parameter der eleganten braunen Keramikvase<\/h3>\n\n\n\n<figure class=\"wp-block-table\"><table class=\"has-fixed-layout\"><tbody><tr><td>Modell<\/td><td>Produktname<\/td><td>Farbe<\/td><td>Material<\/td><td>Verwendet<\/td><td>Abmessungen<\/td><td>Gewicht<\/td><\/tr><tr><td>A31846-LC17-A03<\/td><td>Elegantes Braun<\/td><td>Keramik<\/td><td>Heimdekoration, Wohnzimmer<\/td><td>Wohndekoration, Wohnaccessoires<\/td><td>T:19X25.5<\/td><td>1,8 kg\/St\u00fcck<\/td><\/tr><tr><td>A31846-LC17-A02<\/td><td>Elegantes Braun<\/td><td>Keramik<\/td><td>Heimdekoration, Wohnzimmer<\/td><td>Wohndekoration, Wohnaccessoires<\/td><td>T:22,5X30,5<\/td><td>2,5 kg\/St\u00fcck<\/td><\/tr><\/tbody><\/table><\/figure>\n\n\n\n<div class=\"wp-block-columns is-layout-flex wp-container-core-columns-is-layout-9d6595d7 wp-block-columns-is-layout-flex\">\n<div class=\"wp-block-column is-layout-flow wp-block-column-is-layout-flow\">\n<figure class=\"wp-block-image size-full\"><img decoding=\"async\" width=\"1500\" height=\"1250\" src=\"https:\/\/www.linkceramics.com\/wp-content\/uploads\/2024\/12\/Elegant-Brown-Ceramic-Vase-Detail-3.jpg.webp\" alt=\"Elegant-Braun-Keramik-Vase-Detail-3.jpg\" class=\"wp-image-1786\" srcset=\"https:\/\/www.linkceramics.com\/wp-content\/uploads\/2024\/12\/Elegant-Brown-Ceramic-Vase-Detail-3.jpg.webp 1500w, https:\/\/www.linkceramics.com\/wp-content\/uploads\/2024\/12\/Elegant-Brown-Ceramic-Vase-Detail-3.jpg-300x250.webp 300w, https:\/\/www.linkceramics.com\/wp-content\/uploads\/2024\/12\/Elegant-Brown-Ceramic-Vase-Detail-3.jpg-768x640.webp 768w, https:\/\/www.linkceramics.com\/wp-content\/uploads\/2024\/12\/Elegant-Brown-Ceramic-Vase-Detail-3.jpg-1200x1000.webp 1200w, https:\/\/www.linkceramics.com\/wp-content\/uploads\/2024\/12\/Elegant-Brown-Ceramic-Vase-Detail-3.jpg-600x500.webp 600w\" sizes=\"(max-width: 1500px) 100vw, 1500px\" \/><\/figure>\n<\/div>\n\n\n\n<div class=\"wp-block-column is-layout-flow wp-block-column-is-layout-flow\">\n<figure class=\"wp-block-image size-full\"><img decoding=\"async\" width=\"1500\" height=\"1250\" src=\"https:\/\/www.linkceramics.com\/wp-content\/uploads\/2024\/12\/Elegant-Brown-Ceramic-Vase-Detail-2.jpg.webp\" alt=\"Elegant-Braun-Keramik-Vase-Detail-2.jpg\" class=\"wp-image-1785\" srcset=\"https:\/\/www.linkceramics.com\/wp-content\/uploads\/2024\/12\/Elegant-Brown-Ceramic-Vase-Detail-2.jpg.webp 1500w, https:\/\/www.linkceramics.com\/wp-content\/uploads\/2024\/12\/Elegant-Brown-Ceramic-Vase-Detail-2.jpg-300x250.webp 300w, https:\/\/www.linkceramics.com\/wp-content\/uploads\/2024\/12\/Elegant-Brown-Ceramic-Vase-Detail-2.jpg-768x640.webp 768w, https:\/\/www.linkceramics.com\/wp-content\/uploads\/2024\/12\/Elegant-Brown-Ceramic-Vase-Detail-2.jpg-1200x1000.webp 1200w, https:\/\/www.linkceramics.com\/wp-content\/uploads\/2024\/12\/Elegant-Brown-Ceramic-Vase-Detail-2.jpg-600x500.webp 600w\" sizes=\"(max-width: 1500px) 100vw, 1500px\" \/><\/figure>\n<\/div>\n<\/div>","protected":false},"excerpt":{"rendered":"<div id=\"brxe-raacbk\" class=\"brxe-product-meta product_meta\">\n<p data-pm-slice=\"0 0 []\">Gro\u00dfhandel elegante braune Keramikvasen, diese Vase hat einen einzigartigen Glanz und geschichtete Textur, geeignet f\u00fcr Blumenarrangement und als Dekoration, ist es eine ideale Wahl f\u00fcr M\u00f6bel Dekoration und kommerziellen Raum Layout. Als Keramikvase Hersteller, bieten wir OEM &amp; ODM benutzerdefinierte Vase Dienstleistungen, willkommen, uns f\u00fcr Vorzugspreise zu kontaktieren.<\/p>\n<h2>Eigenschaften von Elegant Brown Ceramic Vase<\/h2>\n<p><strong>Elegantes Aussehen<\/strong>: Diese elegante braune Keramikvase zeichnet sich durch exquisite Handwerkskunst aus, die eine perfekte Kombination aus traditionellem Handwerk und modernem Design darstellt. Sie eignet sich als keramische Heimdekoration im Wohnzimmer, Arbeitszimmer und an anderen Orten.<\/p>\n<p><strong>Geeignet f\u00fcr verschiedene Arten von Blumenarrangements:<\/strong>\u00a0Das Design dieser Keramikvase ist vielseitig und kann perfekt mit frischen Blumen, Trockenblumen und Gr\u00fcnpflanzen kombiniert werden, um verschiedene Wohnatmosph\u00e4ren zu schaffen.<\/p>\n<p><strong>Starke Haltbarkeit:<\/strong>\u00a0Dies ist eine glasierte Keramikvase. Die Glasur erh\u00f6ht die Sch\u00f6nheit und Verschlei\u00dffestigkeit der Vase, sch\u00fctzt effektiv vor Kratzern und Besch\u00e4digungen und beh\u00e4lt ihren Glanz auch nach l\u00e4ngerer Aufstellung.<\/p>\n<p><strong>Umweltschutz und Gesundheit:<\/strong>\u00a0Der Ton und die Glasur, die f\u00fcr die Herstellung der Vase verwendet werden, entsprechen den Umweltschutznormen, sind umweltfreundlich und stellen keine Gefahr f\u00fcr die menschliche Gesundheit dar. Sie ist f\u00fcr den t\u00e4glichen Gebrauch in der Familie geeignet.<\/p>\n<p><strong>Ma\u00dfgeschneiderte Vasenl\u00f6sung:<\/strong>\u00a0Als Hersteller von Keramikvasen bieten wir OEM&amp;ODM-L\u00f6sungen f\u00fcr kundenspezifische Vasen aus einer Hand, einschlie\u00dflich kundenspezifischer Vasenmaterialien, Formen, Verpackungen und mehr.<\/p>\n<\/div>","protected":false},"featured_media":1787,"comment_status":"open","ping_status":"closed","template":"","meta":{"_acf_changed":true},"certification":[63,64,66,65,61,60,62],"product_brand":[],"product_cat":[37,17],"product_tag":[],"class_list":{"0":"post-1784","1":"product","2":"type-product","3":"status-publish","4":"has-post-thumbnail","6":"certification-amfori","7":"certification-bsci","8":"certification-cnas","9":"certification-iaf","10":"certification-iso-14001","11":"certification-iso-45001","12":"certification-iso-9001","13":"product_cat-decorative-ceramic-wholesale","14":"product_cat-ceramic-vases-wholesale","16":"first","17":"instock","18":"shipping-taxable","19":"product-type-simple"},"acf":[],"_links":{"self":[{"href":"https:\/\/www.linkceramics.com\/de\/wp-json\/wp\/v2\/product\/1784","targetHints":{"allow":["GET"]}}],"collection":[{"href":"https:\/\/www.linkceramics.com\/de\/wp-json\/wp\/v2\/product"}],"about":[{"href":"https:\/\/www.linkceramics.com\/de\/wp-json\/wp\/v2\/types\/product"}],"replies":[{"embeddable":true,"href":"https:\/\/www.linkceramics.com\/de\/wp-json\/wp\/v2\/comments?post=1784"}],"wp:featuredmedia":[{"embeddable":true,"href":"https:\/\/www.linkceramics.com\/de\/wp-json\/wp\/v2\/media\/1787"}],"wp:attachment":[{"href":"https:\/\/www.linkceramics.com\/de\/wp-json\/wp\/v2\/media?parent=1784"}],"wp:term":[{"taxonomy":"certification","embeddable":true,"href":"https:\/\/www.linkceramics.com\/de\/wp-json\/wp\/v2\/certification?post=1784"},{"taxonomy":"product_brand","embeddable":true,"href":"https:\/\/www.linkceramics.com\/de\/wp-json\/wp\/v2\/product_brand?post=1784"},{"taxonomy":"product_cat","embeddable":true,"href":"https:\/\/www.linkceramics.com\/de\/wp-json\/wp\/v2\/product_cat?post=1784"},{"taxonomy":"product_tag","embeddable":true,"href":"https:\/\/www.linkceramics.com\/de\/wp-json\/wp\/v2\/product_tag?post=1784"}],"curies":[{"name":"wp","href":"https:\/\/api.w.org\/{rel}","templated":true}]}}