{"id":1789,"date":"2024-12-30T09:54:12","date_gmt":"2024-12-30T09:54:12","guid":{"rendered":"https:\/\/www.linkceramics.com\/?post_type=product&#038;p=1789"},"modified":"2024-12-30T09:54:14","modified_gmt":"2024-12-30T09:54:14","slug":"wholesale-fiber-cement-planters","status":"publish","type":"product","link":"https:\/\/www.linkceramics.com\/de\/product\/wholesale-fiber-cement-planters\/","title":{"rendered":"Gro\u00dfhandel Faserzement-Pflanzgef\u00e4\u00dfe f\u00fcr \u00e4sthetische Gartenbau-L\u00f6sungen"},"content":{"rendered":"<h3 class=\"wp-block-heading\">Parameter der Faserzement-Pflanzmaschine<\/h3>\n\n\n\n<figure class=\"wp-block-table\"><table class=\"has-fixed-layout\"><tbody><tr><td>Modell<\/td><td>Produktname<\/td><td>Farbe<\/td><td>Material<\/td><td>Verwendet<\/td><td>Abmessungen<\/td><td>Gewicht<\/td><\/tr><tr><td>J37576-H910-A01<\/td><td>&nbsp; Garten Faserzement Pflanzer&nbsp;<\/td><td>Antike Dunkelheit<\/td><td>Faserzement<\/td><td>Wohnkultur, Wohnzimmer, Garten<\/td><td>T:37,5X44,5cm<\/td><td>8.6kg\/PC<\/td><\/tr><tr><td>J37576-H910-A02<\/td><td>&nbsp; Garten Faserzement Pflanzer&nbsp;<\/td><td>Antike Dunkelheit<\/td><td>Faserzement<\/td><td>Wohnkultur, Wohnzimmer, Garten<\/td><td>T:32X36,5 cm<\/td><td>5,6kg\/PC<\/td><\/tr><tr><td>J37576-H910-A03<\/td><td>&nbsp; Garten Faserzement Pflanzer&nbsp;<\/td><td>Antike Dunkelheit<\/td><td>Faserzement<\/td><td>Wohnkultur, Wohnzimmer, Garten<\/td><td>T:28X31 cm<\/td><td>4.1kg\/PC<\/td><\/tr><\/tbody><\/table><\/figure>\n\n\n\n<div class=\"wp-block-columns is-layout-flex wp-container-core-columns-is-layout-9d6595d7 wp-block-columns-is-layout-flex\">\n<div class=\"wp-block-column is-layout-flow wp-block-column-is-layout-flow\">\n<figure class=\"wp-block-image size-full\"><img decoding=\"async\" width=\"1500\" height=\"1250\" src=\"https:\/\/www.linkceramics.com\/wp-content\/uploads\/2024\/12\/Garden-Decor-Fiber-Cement-Planter-Detail-Display3.webp\" alt=\"Garten-Dekor-Faser-Zement-Planter-Detail-Display3\" class=\"wp-image-1790\" srcset=\"https:\/\/www.linkceramics.com\/wp-content\/uploads\/2024\/12\/Garden-Decor-Fiber-Cement-Planter-Detail-Display3.webp 1500w, https:\/\/www.linkceramics.com\/wp-content\/uploads\/2024\/12\/Garden-Decor-Fiber-Cement-Planter-Detail-Display3-300x250.webp 300w, https:\/\/www.linkceramics.com\/wp-content\/uploads\/2024\/12\/Garden-Decor-Fiber-Cement-Planter-Detail-Display3-768x640.webp 768w, https:\/\/www.linkceramics.com\/wp-content\/uploads\/2024\/12\/Garden-Decor-Fiber-Cement-Planter-Detail-Display3-1200x1000.webp 1200w, https:\/\/www.linkceramics.com\/wp-content\/uploads\/2024\/12\/Garden-Decor-Fiber-Cement-Planter-Detail-Display3-600x500.webp 600w\" sizes=\"(max-width: 1500px) 100vw, 1500px\" \/><\/figure>\n<\/div>\n\n\n\n<div class=\"wp-block-column is-layout-flow wp-block-column-is-layout-flow\">\n<figure class=\"wp-block-image size-full\"><img decoding=\"async\" width=\"1500\" height=\"1249\" src=\"https:\/\/www.linkceramics.com\/wp-content\/uploads\/2024\/12\/Garden-Decor-Fiber-Cement-Planter-Detail-Display5.webp\" alt=\"Garten-Dekor-Faser-Zement-Planter-Detail-Display5\" class=\"wp-image-1791\" srcset=\"https:\/\/www.linkceramics.com\/wp-content\/uploads\/2024\/12\/Garden-Decor-Fiber-Cement-Planter-Detail-Display5.webp 1500w, https:\/\/www.linkceramics.com\/wp-content\/uploads\/2024\/12\/Garden-Decor-Fiber-Cement-Planter-Detail-Display5-300x250.webp 300w, https:\/\/www.linkceramics.com\/wp-content\/uploads\/2024\/12\/Garden-Decor-Fiber-Cement-Planter-Detail-Display5-768x639.webp 768w, https:\/\/www.linkceramics.com\/wp-content\/uploads\/2024\/12\/Garden-Decor-Fiber-Cement-Planter-Detail-Display5-1200x999.webp 1200w, https:\/\/www.linkceramics.com\/wp-content\/uploads\/2024\/12\/Garden-Decor-Fiber-Cement-Planter-Detail-Display5-600x500.webp 600w\" sizes=\"(max-width: 1500px) 100vw, 1500px\" \/><\/figure>\n<\/div>\n<\/div>","protected":false},"excerpt":{"rendered":"<div id=\"brxe-raacbk\" class=\"brxe-product-meta product_meta\">\n<p>Gro\u00dfhandel Faserzement Pflanzgef\u00e4\u00dfe, die Faserzement Material hat eine gute Wetterbest\u00e4ndigkeit und kann in verschiedenen klimatischen Bedingungen stabil bleiben. Wir bieten 3 Gr\u00f6\u00dfen zur Auswahl, unterst\u00fctzen OEM- und ODM-Anpassungsdienste, begr\u00fc\u00dfen Gro\u00dfh\u00e4ndler, kommerzielle Landschaftsprojekte (wie Hotels, Einkaufszentren und B\u00fcrogeb\u00e4ude) und Parks, um uns zu kontaktieren, um Gro\u00dfhandel Pflanzer zu kaufen.<\/p>\n<h2>Eigenschaften von Fiber Cement Planter<\/h2>\n<p data-pm-slice=\"1 1 []\"><strong>Einzigartiges Design<\/strong>: Der Gro\u00dfhandel Pflanzgef\u00e4\u00dfe hat eine Rinde-wie Textur-Design auf seiner Oberfl\u00e4che, die ihnen eine nat\u00fcrliche und rustikale Atmosph\u00e4re und machen es gut geeignet, um die Outdoor-Garten-Umgebung angenommen.<\/p>\n<p><strong>Hochwertiges Material<\/strong>Der Gro\u00dfhandel Pflanzgef\u00e4\u00dfe ist aus Faserzement, es ist f\u00fcr Haltbarkeit und Stabilit\u00e4t bekannt, mit Eigenschaften wie nicht leicht verformt oder gebrochen werden, halten die Pflanzer sch\u00f6n und praktisch f\u00fcr eine lange Zeit.<\/p>\n<p><strong>Atmung<\/strong>: Das Faserzementmaterial hat auch eine gewisse Atmungsaktivit\u00e4t, die dem Wachstum und der Entwicklung der Pflanzen f\u00f6rderlich ist.<\/p>\n<p><strong>Drei optionale Gr\u00f6\u00dfen<\/strong>: Das Design des Pflanzgef\u00e4\u00dfes ist in verschiedenen Gr\u00f6\u00dfen erh\u00e4ltlich; es kann den Bed\u00fcrfnissen des Wachstums verschiedener Pflanzen und dekorativen Effekten gerecht werden und dem Garten Schichtung und Vielfalt verleihen.<\/p>\n<p><strong>Umweltschutz und Nachhaltigkeit<\/strong>: Der Umweltschutz und die Nachhaltigkeit von Faserzement machen das Material sehr umweltfreundlich, und seine Herstellung hat nur geringe Auswirkungen auf die Umwelt.<\/p>\n<p><strong>OEM- und ODM-Dienstleistungen<\/strong>: Als professioneller Hersteller von dekorativen Pflanzgef\u00e4\u00dfen k\u00f6nnen wir einen OEM&amp;ODM-Service f\u00fcr unsere professionellen Pflanzgef\u00e4\u00dfe anbieten, um ein Pflanzgef\u00e4\u00df zu produzieren, das den Anforderungen der Kunden an Marke, Design und Spezifikation entspricht.<\/p>\n<\/div>","protected":false},"featured_media":1792,"comment_status":"open","ping_status":"closed","template":"","meta":{"_acf_changed":true},"certification":[63,64,66,65,61,60,62],"product_brand":[],"product_cat":[37,38,17],"product_tag":[],"class_list":{"0":"post-1789","1":"product","2":"type-product","3":"status-publish","4":"has-post-thumbnail","6":"certification-amfori","7":"certification-bsci","8":"certification-cnas","9":"certification-iaf","10":"certification-iso-14001","11":"certification-iso-45001","12":"certification-iso-9001","13":"product_cat-decorative-ceramic-wholesale","14":"product_cat-custom-ceramic-ornament","15":"product_cat-ceramic-vases-wholesale","17":"first","18":"instock","19":"shipping-taxable","20":"product-type-simple"},"acf":[],"_links":{"self":[{"href":"https:\/\/www.linkceramics.com\/de\/wp-json\/wp\/v2\/product\/1789","targetHints":{"allow":["GET"]}}],"collection":[{"href":"https:\/\/www.linkceramics.com\/de\/wp-json\/wp\/v2\/product"}],"about":[{"href":"https:\/\/www.linkceramics.com\/de\/wp-json\/wp\/v2\/types\/product"}],"replies":[{"embeddable":true,"href":"https:\/\/www.linkceramics.com\/de\/wp-json\/wp\/v2\/comments?post=1789"}],"wp:featuredmedia":[{"embeddable":true,"href":"https:\/\/www.linkceramics.com\/de\/wp-json\/wp\/v2\/media\/1792"}],"wp:attachment":[{"href":"https:\/\/www.linkceramics.com\/de\/wp-json\/wp\/v2\/media?parent=1789"}],"wp:term":[{"taxonomy":"certification","embeddable":true,"href":"https:\/\/www.linkceramics.com\/de\/wp-json\/wp\/v2\/certification?post=1789"},{"taxonomy":"product_brand","embeddable":true,"href":"https:\/\/www.linkceramics.com\/de\/wp-json\/wp\/v2\/product_brand?post=1789"},{"taxonomy":"product_cat","embeddable":true,"href":"https:\/\/www.linkceramics.com\/de\/wp-json\/wp\/v2\/product_cat?post=1789"},{"taxonomy":"product_tag","embeddable":true,"href":"https:\/\/www.linkceramics.com\/de\/wp-json\/wp\/v2\/product_tag?post=1789"}],"curies":[{"name":"wp","href":"https:\/\/api.w.org\/{rel}","templated":true}]}}