{"id":1794,"date":"2024-12-30T10:09:20","date_gmt":"2024-12-30T10:09:20","guid":{"rendered":"https:\/\/www.linkceramics.com\/?post_type=product&#038;p=1794"},"modified":"2024-12-30T10:09:21","modified_gmt":"2024-12-30T10:09:21","slug":"wholesale-stoneware-utensils","status":"publish","type":"product","link":"https:\/\/www.linkceramics.com\/de\/product\/wholesale-stoneware-utensils\/","title":{"rendered":"Langlebige Gro\u00dfhandel Steingut Utensilien, Bulk K\u00fcchenutensilien"},"content":{"rendered":"<div class=\"wp-block-columns is-layout-flex wp-container-core-columns-is-layout-9d6595d7 wp-block-columns-is-layout-flex\">\n<div class=\"wp-block-column is-layout-flow wp-block-column-is-layout-flow\" style=\"flex-basis:66.66%\">\n<h3 class=\"wp-block-heading\">Premium Gro\u00dfhandel Steingut Utensilien Eigenschaften:<\/h3>\n\n\n\n<ul class=\"wp-block-list\">\n<li><strong>Hochwertig und langlebig:\u00a0<\/strong>Diese Gro\u00dfhandelsserie von Steingutgeschirr wird aus hochwertigen Steingutmaterialien hergestellt, die robust und langlebig sind, mit guter Hitzebest\u00e4ndigkeit und Verschlei\u00dffestigkeit, geeignet f\u00fcr den langfristigen Gebrauch, w\u00e4hrend sichergestellt wird, dass die glatte Glasur und das exquisite Aussehen jedes Produkts unver\u00e4ndert bleiben.<\/li>\n\n\n\n<li><strong>Multifunktionale Kombination:\u00a0<\/strong>Das gro\u00dfe K\u00fcchenutensilien-Set umfasst Keramikkessel, Tassen, Kaffeetassen, Utensilienhalter und Aufbewahrungsgl\u00e4ser, die voll funktionsf\u00e4hig sind und die verschiedenen Bed\u00fcrfnisse in der K\u00fcche und am Esstisch erf\u00fcllen k\u00f6nnen. Es ist eine ideale Wahl f\u00fcr die Aufbewahrung von K\u00fcchenutensilien und Geschirr.<\/li>\n\n\n\n<li><strong>Praktisch und sch\u00f6n:\u00a0<\/strong>Der keramische Werkzeughalter in diesem Gro\u00dfhandelsset f\u00fcr Steingutututensilien hat ein einfaches und elegantes Design. Er ist nicht nur praktisch und bequem, sondern kann auch Geschirr ordentlich aufbewahren. Es f\u00fcgt auch elegante Dekoration in der K\u00fcche und schafft eine saubere und geordnete K\u00fcche Umwelt.<\/li>\n\n\n\n<li><strong>Halten Sie die Zutaten frisch:\u00a0<\/strong>Der Gro\u00dfhandels-Keramikbeh\u00e4lter hat eine starke Dichtungseigenschaft und eignet sich f\u00fcr die Aufbewahrung trockener Waren wie Tee, Kaffeebohnen, Zucker usw. und hilft, Zutaten frisch zu halten. Es ist sowohl praktisch als auch sch\u00f6n und eignet sich f\u00fcr den Gebrauch zu Hause oder im Restaurant.<\/li>\n<\/ul>\n<\/div>\n\n\n\n<div class=\"wp-block-column is-layout-flow wp-block-column-is-layout-flow\" style=\"flex-basis:33.33%\">\n<figure class=\"wp-block-image size-full\"><img decoding=\"async\" width=\"1200\" height=\"1200\" src=\"https:\/\/www.linkceramics.com\/wp-content\/uploads\/2024\/12\/Durable-Wholesale-Stoneware-Utensils-Bulk-Kitchen-Utensils-1.webp\" alt=\"Dauerhaft-Gro\u00dfhandel-Steinzeug-Geschirr-Gro\u00dfhandel-K\u00fcchengeschirr-1\" class=\"wp-image-1796\" srcset=\"https:\/\/www.linkceramics.com\/wp-content\/uploads\/2024\/12\/Durable-Wholesale-Stoneware-Utensils-Bulk-Kitchen-Utensils-1.webp 1200w, https:\/\/www.linkceramics.com\/wp-content\/uploads\/2024\/12\/Durable-Wholesale-Stoneware-Utensils-Bulk-Kitchen-Utensils-1-300x300.webp 300w, https:\/\/www.linkceramics.com\/wp-content\/uploads\/2024\/12\/Durable-Wholesale-Stoneware-Utensils-Bulk-Kitchen-Utensils-1-150x150.webp 150w, https:\/\/www.linkceramics.com\/wp-content\/uploads\/2024\/12\/Durable-Wholesale-Stoneware-Utensils-Bulk-Kitchen-Utensils-1-768x768.webp 768w, https:\/\/www.linkceramics.com\/wp-content\/uploads\/2024\/12\/Durable-Wholesale-Stoneware-Utensils-Bulk-Kitchen-Utensils-1-600x600.webp 600w, https:\/\/www.linkceramics.com\/wp-content\/uploads\/2024\/12\/Durable-Wholesale-Stoneware-Utensils-Bulk-Kitchen-Utensils-1-100x100.webp 100w\" sizes=\"(max-width: 1200px) 100vw, 1200px\" \/><\/figure>\n<\/div>\n<\/div>","protected":false},"excerpt":{"rendered":"<div id=\"brxe-0ee1ca\" class=\"brxe-product-meta product_meta\">\n<div id=\"brxe-0ee1ca\" class=\"brxe-product-meta product_meta\">\n<div id=\"brxe-0ee1ca\" class=\"brxe-product-meta product_meta\">Willkommen zum Kauf von K\u00fcchenutensilien in gro\u00dfen Mengen. Unsere Gro\u00dfhandelskollektion von Steingutgeschirr ist ein langlebiges K\u00fcchenutensilienset aus Steingut, das Keramikkessel, Tassen, Kaffeetassen, Besteckhalter und Vorratsgl\u00e4ser umfasst. Hochwertige Steingutmaterialien sorgen daf\u00fcr, dass die Produkte langlebig, funktional und sch\u00f6n gestaltet sind, besonders geeignet f\u00fcr K\u00fcchen und Tische in Haushalten und Restaurants.<\/div>\n<\/div>\n<\/div>\n<div id=\"brxe-8c5ca9\" class=\"brxe-product-short-description\">\n<div class=\"woocommerce-product-details__short-description\">\n<h2>Steingutgeschirr Spezifikationen:<\/h2>\n<table border=\"0\" width=\"338\" cellspacing=\"0\" cellpadding=\"0\">\n<tbody>\n<tr>\n<td width=\"124\" height=\"18\">Hersteller<\/td>\n<td width=\"214\">Liebevolles Zuhause<\/td>\n<\/tr>\n<tr>\n<td width=\"124\" height=\"18\">Sammlung Name<\/td>\n<td width=\"214\">Magische K\u00fcche<\/td>\n<\/tr>\n<tr>\n<td width=\"124\" height=\"18\">Verwendung<\/td>\n<td width=\"214\">Haus, Restaurant, Hotel<\/td>\n<\/tr>\n<tr>\n<td width=\"124\" height=\"118\">K\u00fcchenger\u00e4te Typ<\/td>\n<td width=\"214\">Keramikkessel, Tassen, Kaffeetassen, Utensilienhalter, Vorratsgl\u00e4ser,<\/td>\n<\/tr>\n<tr>\n<td width=\"124\" height=\"36\">Material<\/td>\n<td>Steingut<\/td>\n<\/tr>\n<tr>\n<td width=\"124\" height=\"18\">Dimension<\/td>\n<td width=\"214\">Wie Detailbild<\/td>\n<\/tr>\n<tr>\n<td width=\"124\" height=\"18\">Verkaufende Einheiten<\/td>\n<td width=\"214\">Einzelnes Element<\/td>\n<\/tr>\n<tr>\n<td width=\"124\" height=\"18\">MOQ<\/td>\n<td width=\"214\">1200\/St\u00fcck pro Artikel<\/td>\n<\/tr>\n<tr>\n<td width=\"124\" height=\"18\">Kundenspezifische Option<\/td>\n<td width=\"214\">Farbe\/Gr\u00f6\u00dfe\/Glasur\/Logo\/Verpackung<\/td>\n<\/tr>\n<\/tbody>\n<\/table>\n<\/div>\n<\/div>","protected":false},"featured_media":1797,"comment_status":"open","ping_status":"closed","template":"","meta":{"_acf_changed":true},"certification":[63,64,66,58,65,61,60,62],"product_brand":[],"product_cat":[34,20,19],"product_tag":[],"class_list":{"0":"post-1794","1":"product","2":"type-product","3":"status-publish","4":"has-post-thumbnail","6":"certification-amfori","7":"certification-bsci","8":"certification-cnas","9":"certification-fda","10":"certification-iaf","11":"certification-iso-14001","12":"certification-iso-45001","13":"certification-iso-9001","14":"product_cat-custom-household-ceramics","15":"product_cat-ceramic-kitchenware-wholesale","16":"product_cat-ceramic-tea-set-wholesale","18":"first","19":"instock","20":"shipping-taxable","21":"product-type-simple"},"acf":[],"_links":{"self":[{"href":"https:\/\/www.linkceramics.com\/de\/wp-json\/wp\/v2\/product\/1794","targetHints":{"allow":["GET"]}}],"collection":[{"href":"https:\/\/www.linkceramics.com\/de\/wp-json\/wp\/v2\/product"}],"about":[{"href":"https:\/\/www.linkceramics.com\/de\/wp-json\/wp\/v2\/types\/product"}],"replies":[{"embeddable":true,"href":"https:\/\/www.linkceramics.com\/de\/wp-json\/wp\/v2\/comments?post=1794"}],"wp:featuredmedia":[{"embeddable":true,"href":"https:\/\/www.linkceramics.com\/de\/wp-json\/wp\/v2\/media\/1797"}],"wp:attachment":[{"href":"https:\/\/www.linkceramics.com\/de\/wp-json\/wp\/v2\/media?parent=1794"}],"wp:term":[{"taxonomy":"certification","embeddable":true,"href":"https:\/\/www.linkceramics.com\/de\/wp-json\/wp\/v2\/certification?post=1794"},{"taxonomy":"product_brand","embeddable":true,"href":"https:\/\/www.linkceramics.com\/de\/wp-json\/wp\/v2\/product_brand?post=1794"},{"taxonomy":"product_cat","embeddable":true,"href":"https:\/\/www.linkceramics.com\/de\/wp-json\/wp\/v2\/product_cat?post=1794"},{"taxonomy":"product_tag","embeddable":true,"href":"https:\/\/www.linkceramics.com\/de\/wp-json\/wp\/v2\/product_tag?post=1794"}],"curies":[{"name":"wp","href":"https:\/\/api.w.org\/{rel}","templated":true}]}}