{"id":1801,"date":"2024-12-31T01:15:28","date_gmt":"2024-12-31T01:15:28","guid":{"rendered":"https:\/\/www.linkceramics.com\/?post_type=product&#038;p=1801"},"modified":"2024-12-31T01:15:29","modified_gmt":"2024-12-31T01:15:29","slug":"bud-vases-wholesale","status":"publish","type":"product","link":"https:\/\/www.linkceramics.com\/de\/product\/bud-vases-wholesale\/","title":{"rendered":"K\u00fcnstlerische keramische Knospenvasen Gro\u00dfhandel, Bulk Blumenvasen"},"content":{"rendered":"<div class=\"wp-block-columns is-layout-flex wp-container-core-columns-is-layout-9d6595d7 wp-block-columns-is-layout-flex\">\n<div class=\"wp-block-column is-layout-flow wp-block-column-is-layout-flow\" style=\"flex-basis:66.66%\">\n<h3 class=\"wp-block-heading\">Premium Knospe Vasen Gro\u00dfhandel Features:<\/h3>\n\n\n\n<p><strong>Massenanpassungsdienst:\u00a0<\/strong>Unterst\u00fctzung der gro\u00df angelegten Anpassung von Blumenvasen in gro\u00dfen Mengen, geeignet f\u00fcr Einzelh\u00e4ndler oder die Beschaffung von Gro\u00dfprojekten. Wir k\u00f6nnen die Farbe, Gr\u00f6\u00dfe und Form entsprechend den Kundenbed\u00fcrfnissen anpassen, um ein individuelles Design und eine effiziente Lieferung zu gew\u00e4hrleisten.<\/p>\n\n\n\n<p><strong>Einzigartiges k\u00fcnstlerisches Design:\u00a0<\/strong>Diese Gro\u00dfhandelsserie von Keramikvasen ist von den Linien des menschlichen Gesichts im Picasso-Stil inspiriert, voll von abstrakter Kunst. Jede Vase zeigt einen einzigartigen k\u00fcnstlerischen Charme und wird der visuelle Fokus im Raum.<\/p>\n\n\n\n<p><strong>Vielf\u00e4ltige Formauswahl:\u00a0<\/strong>Diese gro\u00dfen Blumenvasen haben eine Vielzahl von Formen, von schlank und elegant bis hin zu rund und voll, passend zu verschiedenen Einrichtungsstilen, und k\u00f6nnen verschiedenen R\u00e4umen eine pers\u00f6nliche k\u00fcnstlerische Atmosph\u00e4re verleihen.<\/p>\n\n\n\n<p><strong>Reiche Farbabstimmung:\u00a0<\/strong>Unsere keramischen Knospenvasen im Gro\u00dfhandel bieten eine Vielzahl von Farboptionen, einschlie\u00dflich weicher, neutraler T\u00f6ne und heller, moderner Farben, die es den Kunden erm\u00f6glichen, sich nach ihren Vorlieben und ihrer Umgebung zu richten und einen einzigartigen Stil zu zeigen.<\/p>\n<\/div>\n\n\n\n<div class=\"wp-block-column is-layout-flow wp-block-column-is-layout-flow\" style=\"flex-basis:33.33%\">\n<figure class=\"wp-block-image size-full\"><img decoding=\"async\" width=\"1200\" height=\"1200\" src=\"https:\/\/www.linkceramics.com\/wp-content\/uploads\/2024\/12\/Artistic-Ceramic-Bud-Vases-Wholesale-Bulk-Flower-Vases-80.webp\" alt=\"Kunstvolle-Keramik-Knospenvasen-Gro\u00dfhandel-Gro\u00dfblumenvasen-80\" class=\"wp-image-1806\" srcset=\"https:\/\/www.linkceramics.com\/wp-content\/uploads\/2024\/12\/Artistic-Ceramic-Bud-Vases-Wholesale-Bulk-Flower-Vases-80.webp 1200w, https:\/\/www.linkceramics.com\/wp-content\/uploads\/2024\/12\/Artistic-Ceramic-Bud-Vases-Wholesale-Bulk-Flower-Vases-80-300x300.webp 300w, https:\/\/www.linkceramics.com\/wp-content\/uploads\/2024\/12\/Artistic-Ceramic-Bud-Vases-Wholesale-Bulk-Flower-Vases-80-150x150.webp 150w, https:\/\/www.linkceramics.com\/wp-content\/uploads\/2024\/12\/Artistic-Ceramic-Bud-Vases-Wholesale-Bulk-Flower-Vases-80-768x768.webp 768w, https:\/\/www.linkceramics.com\/wp-content\/uploads\/2024\/12\/Artistic-Ceramic-Bud-Vases-Wholesale-Bulk-Flower-Vases-80-600x600.webp 600w, https:\/\/www.linkceramics.com\/wp-content\/uploads\/2024\/12\/Artistic-Ceramic-Bud-Vases-Wholesale-Bulk-Flower-Vases-80-100x100.webp 100w\" sizes=\"(max-width: 1200px) 100vw, 1200px\" \/><\/figure>\n<\/div>\n<\/div>","protected":false},"excerpt":{"rendered":"<div id=\"brxe-0ee1ca\" class=\"brxe-product-meta product_meta\">\n<div id=\"brxe-0ee1ca\" class=\"brxe-product-meta product_meta\">\n<div id=\"brxe-0ee1ca\" class=\"brxe-product-meta product_meta\">Willkommen im Gro\u00dfhandel Blumenvasen zu kaufen. Picasso-Stil menschlichen Gesicht Linien inspirieren diese Gro\u00dfhandel Serie von Keramik Knospe Vasen. Es ist voll von k\u00fcnstlerischen Sinn, mit einer Vielzahl von Formen und Farben zur Auswahl, geeignet f\u00fcr eine Vielzahl von Inneneinrichtung braucht. Durch die Unterst\u00fctzung der Massenanpassung ist es eine ideale Wahl f\u00fcr Einzelh\u00e4ndler und Projektbeschaffung und kann eine einzigartige k\u00fcnstlerische Atmosph\u00e4re in den Raum bringen.<\/div>\n<\/div>\n<\/div>\n<div id=\"brxe-8c5ca9\" class=\"brxe-product-short-description\">\n<div class=\"woocommerce-product-details__short-description\">\n<h2>Premium Knospenvasen Spezifikationen:<\/h2>\n<table border=\"0\" width=\"338\" cellspacing=\"0\" cellpadding=\"0\">\n<tbody>\n<tr>\n<td width=\"124\" height=\"18\">Hersteller<\/td>\n<td width=\"214\">Liebevolles Zuhause<\/td>\n<\/tr>\n<tr>\n<td width=\"124\" height=\"18\">Produkttyp<\/td>\n<td width=\"214\">Blumenvasen<\/td>\n<\/tr>\n<tr>\n<td width=\"124\" height=\"18\">Material<\/td>\n<td width=\"214\">Dauerhaftes Porzellan<\/td>\n<\/tr>\n<tr>\n<td width=\"124\" height=\"18\">Dimension<\/td>\n<td width=\"214\">Wie Detailbild<\/td>\n<\/tr>\n<tr>\n<td width=\"124\" height=\"18\">Verkaufende Einheiten<\/td>\n<td width=\"214\">Einzelnes Element<\/td>\n<\/tr>\n<tr>\n<td width=\"124\" height=\"18\">MOQ<\/td>\n<td width=\"214\">1200\/St\u00fcck pro Artikel<\/td>\n<\/tr>\n<tr>\n<td width=\"124\" height=\"18\">Kundenspezifische Option<\/td>\n<td width=\"214\">Farbe\/Gr\u00f6\u00dfe\/Glasur\/Logo\/Verpackung<\/td>\n<\/tr>\n<\/tbody>\n<\/table>\n<\/div>\n<\/div>","protected":false},"featured_media":1802,"comment_status":"open","ping_status":"closed","template":"","meta":{"_acf_changed":true},"certification":[63,64,66,58,65,61,60,62],"product_brand":[],"product_cat":[37,38,17],"product_tag":[],"class_list":{"0":"post-1801","1":"product","2":"type-product","3":"status-publish","4":"has-post-thumbnail","6":"certification-amfori","7":"certification-bsci","8":"certification-cnas","9":"certification-fda","10":"certification-iaf","11":"certification-iso-14001","12":"certification-iso-45001","13":"certification-iso-9001","14":"product_cat-decorative-ceramic-wholesale","15":"product_cat-custom-ceramic-ornament","16":"product_cat-ceramic-vases-wholesale","18":"first","19":"instock","20":"shipping-taxable","21":"product-type-simple"},"acf":[],"_links":{"self":[{"href":"https:\/\/www.linkceramics.com\/de\/wp-json\/wp\/v2\/product\/1801","targetHints":{"allow":["GET"]}}],"collection":[{"href":"https:\/\/www.linkceramics.com\/de\/wp-json\/wp\/v2\/product"}],"about":[{"href":"https:\/\/www.linkceramics.com\/de\/wp-json\/wp\/v2\/types\/product"}],"replies":[{"embeddable":true,"href":"https:\/\/www.linkceramics.com\/de\/wp-json\/wp\/v2\/comments?post=1801"}],"wp:featuredmedia":[{"embeddable":true,"href":"https:\/\/www.linkceramics.com\/de\/wp-json\/wp\/v2\/media\/1802"}],"wp:attachment":[{"href":"https:\/\/www.linkceramics.com\/de\/wp-json\/wp\/v2\/media?parent=1801"}],"wp:term":[{"taxonomy":"certification","embeddable":true,"href":"https:\/\/www.linkceramics.com\/de\/wp-json\/wp\/v2\/certification?post=1801"},{"taxonomy":"product_brand","embeddable":true,"href":"https:\/\/www.linkceramics.com\/de\/wp-json\/wp\/v2\/product_brand?post=1801"},{"taxonomy":"product_cat","embeddable":true,"href":"https:\/\/www.linkceramics.com\/de\/wp-json\/wp\/v2\/product_cat?post=1801"},{"taxonomy":"product_tag","embeddable":true,"href":"https:\/\/www.linkceramics.com\/de\/wp-json\/wp\/v2\/product_tag?post=1801"}],"curies":[{"name":"wp","href":"https:\/\/api.w.org\/{rel}","templated":true}]}}