{"id":1807,"date":"2024-12-31T01:48:26","date_gmt":"2024-12-31T01:48:26","guid":{"rendered":"https:\/\/www.linkceramics.com\/?post_type=product&#038;p=1807"},"modified":"2024-12-31T01:48:27","modified_gmt":"2024-12-31T01:48:27","slug":"wholesale-plant-pots","status":"publish","type":"product","link":"https:\/\/www.linkceramics.com\/de\/product\/wholesale-plant-pots\/","title":{"rendered":"Premium Gro\u00dfhandel Pflanze T\u00f6pfe mit Streifen-Muster-Design"},"content":{"rendered":"<div class=\"wp-block-columns is-layout-flex wp-container-core-columns-is-layout-9d6595d7 wp-block-columns-is-layout-flex\">\n<div class=\"wp-block-column is-layout-flow wp-block-column-is-layout-flow\" style=\"flex-basis:66.66%\">\n<h3 class=\"wp-block-heading\">Premium Gro\u00dfhandel Pflanze T\u00f6pfe Merkmale:<\/h3>\n\n\n\n<p><strong>Geeignet f\u00fcr Gro\u00dfeink\u00e4ufe:\u00a0<\/strong>Wir bieten erschwingliche Preise f\u00fcr Gro\u00dfhandelst\u00f6pfe f\u00fcr Pflanzen und gew\u00e4hrleisten gleichzeitig hochwertige Qualit\u00e4t, die f\u00fcr eine Vielzahl von kommerziellen Anwendungen geeignet ist.<\/p>\n\n\n\n<p><strong>Einfaches und elegantes Design:\u00a0<\/strong>Diese Gro\u00dfhandelspflanzgef\u00e4\u00dfe sind aus wei\u00dfer Keramik mit erhabenen Streifen und zeigen einen modernen und einfachen Stil, der zu einer Vielzahl von Einrichtungsstilen passt.<\/p>\n\n\n\n<p><strong>Vielf\u00e4ltige Gr\u00f6\u00dfen- und Formoptionen:\u00a0<\/strong>Wir bieten eine Vielzahl von Gr\u00f6\u00dfen und Formen f\u00fcr Gro\u00dfhandel T\u00f6pfe f\u00fcr Pflanzen, um die Bed\u00fcrfnisse der verschiedenen Pflanzen und Platzierung R\u00e4ume zu erf\u00fcllen.<\/p>\n\n\n\n<p><strong>Hochwertiges keramisches Material:\u00a0<\/strong>Unsere Gro\u00dfhandels-Pflanzt\u00f6pfe sind aus hochwertiger Keramik, die robust und langlebig ist, mit guter Luftdurchl\u00e4ssigkeit, die Pflanzen gesund wachsen hilft.<\/p>\n<\/div>\n\n\n\n<div class=\"wp-block-column is-layout-flow wp-block-column-is-layout-flow\" style=\"flex-basis:33.33%\">\n<figure class=\"wp-block-image size-full\"><img decoding=\"async\" width=\"1200\" height=\"1200\" src=\"https:\/\/www.linkceramics.com\/wp-content\/uploads\/2024\/12\/Premium-Wholesale-Plant-Pots-With-Stripe-Pattern-Design-8.webp\" alt=\"Premium-Gro\u00dfhandel-Pflanzent\u00f6pfe-mit-Streifen-Muster-Design-8\" class=\"wp-image-1811\" srcset=\"https:\/\/www.linkceramics.com\/wp-content\/uploads\/2024\/12\/Premium-Wholesale-Plant-Pots-With-Stripe-Pattern-Design-8.webp 1200w, https:\/\/www.linkceramics.com\/wp-content\/uploads\/2024\/12\/Premium-Wholesale-Plant-Pots-With-Stripe-Pattern-Design-8-300x300.webp 300w, https:\/\/www.linkceramics.com\/wp-content\/uploads\/2024\/12\/Premium-Wholesale-Plant-Pots-With-Stripe-Pattern-Design-8-150x150.webp 150w, https:\/\/www.linkceramics.com\/wp-content\/uploads\/2024\/12\/Premium-Wholesale-Plant-Pots-With-Stripe-Pattern-Design-8-768x768.webp 768w, https:\/\/www.linkceramics.com\/wp-content\/uploads\/2024\/12\/Premium-Wholesale-Plant-Pots-With-Stripe-Pattern-Design-8-600x600.webp 600w, https:\/\/www.linkceramics.com\/wp-content\/uploads\/2024\/12\/Premium-Wholesale-Plant-Pots-With-Stripe-Pattern-Design-8-100x100.webp 100w\" sizes=\"(max-width: 1200px) 100vw, 1200px\" \/><\/figure>\n<\/div>\n<\/div>","protected":false},"excerpt":{"rendered":"<div id=\"brxe-0ee1ca\" class=\"brxe-product-meta product_meta\">\n<div id=\"brxe-0ee1ca\" class=\"brxe-product-meta product_meta\">\n<div id=\"brxe-0ee1ca\" class=\"brxe-product-meta product_meta\">Unsere Gro\u00dfhandels-Pflanzent\u00f6pfe Serie ist eine elegante und einfache Keramik Blumentopf mit wei\u00dfen und erhabenen Streifen Design, erh\u00e4ltlich in einer Vielzahl von Gr\u00f6\u00dfen und Formen, geeignet f\u00fcr alle Arten von Inneneinrichtung. Hochwertiges keramisches Material sorgt f\u00fcr Haltbarkeit und Atmungsaktivit\u00e4t, so dass es eine ideale Gro\u00dfhandel Wahl.<\/div>\n<\/div>\n<\/div>\n<div id=\"brxe-8c5ca9\" class=\"brxe-product-short-description\">\n<div class=\"woocommerce-product-details__short-description\">\n<h2>Premium-Pflanzt\u00f6pfe Spezifikationen:<\/h2>\n<table border=\"0\" width=\"338\" cellspacing=\"0\" cellpadding=\"0\">\n<tbody>\n<tr>\n<td width=\"124\" height=\"18\">Hersteller<\/td>\n<td width=\"214\">Liebevolles Zuhause<\/td>\n<\/tr>\n<tr>\n<td width=\"124\" height=\"18\">Produkttyp<\/td>\n<td width=\"214\">Pflanzent\u00f6pfe<\/td>\n<\/tr>\n<tr>\n<td width=\"124\" height=\"18\">Material<\/td>\n<td width=\"214\">Dauerhaftes Porzellan<\/td>\n<\/tr>\n<tr>\n<td width=\"124\" height=\"18\">Dimension<\/td>\n<td width=\"214\">Wie Detailbild<\/td>\n<\/tr>\n<tr>\n<td width=\"124\" height=\"18\">Verkaufende Einheiten<\/td>\n<td width=\"214\">Einzelnes Element<\/td>\n<\/tr>\n<tr>\n<td width=\"124\" height=\"18\">MOQ<\/td>\n<td width=\"214\">1200\/St\u00fcck pro Artikel<\/td>\n<\/tr>\n<tr>\n<td width=\"124\" height=\"18\">Kundenspezifische Option<\/td>\n<td width=\"214\">Farbe\/Gr\u00f6\u00dfe\/Glasur\/Logo\/Verpackung<\/td>\n<\/tr>\n<\/tbody>\n<\/table>\n<\/div>\n<\/div>","protected":false},"featured_media":1808,"comment_status":"open","ping_status":"closed","template":"","meta":{"_acf_changed":true},"certification":[63,64,66,58,65,61,60,62],"product_brand":[],"product_cat":[37,17],"product_tag":[],"class_list":{"0":"post-1807","1":"product","2":"type-product","3":"status-publish","4":"has-post-thumbnail","6":"certification-amfori","7":"certification-bsci","8":"certification-cnas","9":"certification-fda","10":"certification-iaf","11":"certification-iso-14001","12":"certification-iso-45001","13":"certification-iso-9001","14":"product_cat-decorative-ceramic-wholesale","15":"product_cat-ceramic-vases-wholesale","17":"first","18":"instock","19":"shipping-taxable","20":"product-type-simple"},"acf":[],"_links":{"self":[{"href":"https:\/\/www.linkceramics.com\/de\/wp-json\/wp\/v2\/product\/1807","targetHints":{"allow":["GET"]}}],"collection":[{"href":"https:\/\/www.linkceramics.com\/de\/wp-json\/wp\/v2\/product"}],"about":[{"href":"https:\/\/www.linkceramics.com\/de\/wp-json\/wp\/v2\/types\/product"}],"replies":[{"embeddable":true,"href":"https:\/\/www.linkceramics.com\/de\/wp-json\/wp\/v2\/comments?post=1807"}],"wp:featuredmedia":[{"embeddable":true,"href":"https:\/\/www.linkceramics.com\/de\/wp-json\/wp\/v2\/media\/1808"}],"wp:attachment":[{"href":"https:\/\/www.linkceramics.com\/de\/wp-json\/wp\/v2\/media?parent=1807"}],"wp:term":[{"taxonomy":"certification","embeddable":true,"href":"https:\/\/www.linkceramics.com\/de\/wp-json\/wp\/v2\/certification?post=1807"},{"taxonomy":"product_brand","embeddable":true,"href":"https:\/\/www.linkceramics.com\/de\/wp-json\/wp\/v2\/product_brand?post=1807"},{"taxonomy":"product_cat","embeddable":true,"href":"https:\/\/www.linkceramics.com\/de\/wp-json\/wp\/v2\/product_cat?post=1807"},{"taxonomy":"product_tag","embeddable":true,"href":"https:\/\/www.linkceramics.com\/de\/wp-json\/wp\/v2\/product_tag?post=1807"}],"curies":[{"name":"wp","href":"https:\/\/api.w.org\/{rel}","templated":true}]}}