{"id":1813,"date":"2024-12-31T02:09:45","date_gmt":"2024-12-31T02:09:45","guid":{"rendered":"https:\/\/www.linkceramics.com\/?post_type=product&#038;p=1813"},"modified":"2024-12-31T02:09:46","modified_gmt":"2024-12-31T02:09:46","slug":"resin-candle-holder-wholesale","status":"publish","type":"product","link":"https:\/\/www.linkceramics.com\/de\/product\/resin-candle-holder-wholesale\/","title":{"rendered":"Durable Harz Kerze Halter Gro\u00dfhandel f\u00fcr Home Decoration"},"content":{"rendered":"<h3 class=\"wp-block-heading\">Parameter des Kerzenhalters aus Harz<\/h3>\n\n\n\n<figure class=\"wp-block-table\"><table class=\"has-fixed-layout\"><tbody><tr><td>Modell<\/td><td>Produktname<\/td><td>Farbe<\/td><td>Material<\/td><td>Verwendet<\/td><td>Abmessungen<\/td><td>Gewicht<\/td><\/tr><tr><td>E37590-H885-A01<\/td><td>Kerzenst\u00e4nder aus Harz<\/td><td>Antikes Hellbraun<\/td><td>Harz<\/td><td>Wohnkultur, Wohnzimmer, Garten<\/td><td>T:11.5X13.5cm<\/td><td>0,5 kg\/PC<\/td><\/tr><tr><td>E37590-H885-A02<\/td><td>Kerzenst\u00e4nder aus Harz<\/td><td>Antikes Hellbraun<\/td><td>Harz<\/td><td>Wohnkultur, Wohnzimmer, Garten<\/td><td>T:10X12cm<\/td><td>0,3kg\/PC<\/td><\/tr><tr><td>E37590-H885-A03<\/td><td>Kerzenst\u00e4nder aus Harz<\/td><td>Antikes Hellbraun<\/td><td>Harz<\/td><td>Wohnkultur, Wohnzimmer, Garten<\/td><td>T:6,5X8,5cm<\/td><td>0,14kg\/PC<\/td><\/tr><\/tbody><\/table><\/figure>\n\n\n\n<div class=\"wp-block-columns is-layout-flex wp-container-core-columns-is-layout-9d6595d7 wp-block-columns-is-layout-flex\">\n<div class=\"wp-block-column is-layout-flow wp-block-column-is-layout-flow\">\n<figure class=\"wp-block-image size-full\"><img decoding=\"async\" width=\"768\" height=\"640\" src=\"https:\/\/www.linkceramics.com\/wp-content\/uploads\/2024\/12\/Home-Decoration-Resin-Candle-Holder-4-768x640.jpg.webp\" alt=\"Haus-Dekoration-Harz-Kerzenhalter-4-768x640.jpg\" class=\"wp-image-1817\" srcset=\"https:\/\/www.linkceramics.com\/wp-content\/uploads\/2024\/12\/Home-Decoration-Resin-Candle-Holder-4-768x640.jpg.webp 768w, https:\/\/www.linkceramics.com\/wp-content\/uploads\/2024\/12\/Home-Decoration-Resin-Candle-Holder-4-768x640.jpg-300x250.webp 300w, https:\/\/www.linkceramics.com\/wp-content\/uploads\/2024\/12\/Home-Decoration-Resin-Candle-Holder-4-768x640.jpg-600x500.webp 600w\" sizes=\"(max-width: 768px) 100vw, 768px\" \/><\/figure>\n<\/div>\n\n\n\n<div class=\"wp-block-column is-layout-flow wp-block-column-is-layout-flow\">\n<figure class=\"wp-block-image size-full\"><img decoding=\"async\" width=\"768\" height=\"640\" src=\"https:\/\/www.linkceramics.com\/wp-content\/uploads\/2024\/12\/Home-Decoration-Resin-Candle-Holder-5-768x640.jpg.webp\" alt=\"Haus-Dekoration-Harz-Kerzenst\u00e4nder-5-768x640.jpg\" class=\"wp-image-1818\" srcset=\"https:\/\/www.linkceramics.com\/wp-content\/uploads\/2024\/12\/Home-Decoration-Resin-Candle-Holder-5-768x640.jpg.webp 768w, https:\/\/www.linkceramics.com\/wp-content\/uploads\/2024\/12\/Home-Decoration-Resin-Candle-Holder-5-768x640.jpg-300x250.webp 300w, https:\/\/www.linkceramics.com\/wp-content\/uploads\/2024\/12\/Home-Decoration-Resin-Candle-Holder-5-768x640.jpg-600x500.webp 600w\" sizes=\"(max-width: 768px) 100vw, 768px\" \/><\/figure>\n<\/div>\n<\/div>\n\n\n\n<p><\/p>","protected":false},"excerpt":{"rendered":"<div id=\"brxe-raacbk\" class=\"brxe-product-meta product_meta\">\n<p data-pm-slice=\"0 0 []\">Gro\u00dfhandel Harz Kerzenhalter f\u00fcr Wohnkultur, ist dieser Kerzenhalter aus strapazierf\u00e4higem Harz Material hergestellt. Sein einfacher und moderner Stil kann perfekt in verschiedene Einrichtungsstile integriert werden, ob es ein Wohnzimmer, Schlafzimmer oder Esstisch ist. Wir bieten einen professionellen Gro\u00dfhandelsservice f\u00fcr Kerzenhalter an, der sich f\u00fcr Einzelh\u00e4ndler, Einrichtungsh\u00e4user und Inneneinrichtungsprojekte eignet und Ihnen hilft, die individuellen Bed\u00fcrfnisse verschiedener Kunden zu erf\u00fcllen. Kontaktieren Sie uns f\u00fcr ein Angebot.<\/p>\n<h2>Eigenschaften von Kerzenst\u00e4nder aus Harz<\/h2>\n<p><strong>Nat\u00fcrliches Design<\/strong>: Inspiriert von nat\u00fcrlichen Elementen, die Textur und Form des Harzes Kerzenhalter sind wie die Form der B\u00e4ume, so dass die Menschen ein Gef\u00fchl f\u00fcr die urspr\u00fcngliche Sch\u00f6nheit der Natur, die sehr geeignet f\u00fcr den Landhausstil oder Natur-Themen Wohnkultur ist.<\/p>\n<p><strong>Leicht und langlebig<\/strong>: Der Kerzenhalter ist aus hochwertigem Harzmaterial hergestellt, das leicht, aber robust ist, sich f\u00fcr den langfristigen Gebrauch eignet und nicht leicht besch\u00e4digt oder verformt werden kann.<\/p>\n<p><strong>Vielseitigkeit<\/strong>: Die Serie umfasst Kerzenhalter in verschiedenen H\u00f6hen, die f\u00fcr Kerzen unterschiedlicher Gr\u00f6\u00dfe und Art verwendet werden k\u00f6nnen, um den Bed\u00fcrfnissen verschiedener Anl\u00e4sse gerecht zu werden, wie z.B. dekorative Einrichtung oder funktionelle Beleuchtung.<\/p>\n<p><strong>Geeignet f\u00fcr eine Vielzahl von Anl\u00e4ssen<\/strong>: Egal, ob dieser Kerzenhalter im Wohnzimmer, im Schlafzimmer, am Esstisch oder auf dem Balkon platziert wird, dieser Kerzenhalter kann den dekorativen Geschmack des Raumes verbessern und eine warme und nat\u00fcrliche Atmosph\u00e4re schaffen.<\/p>\n<p><strong>Gro\u00dfhandelsdienstleistung<\/strong>: SANTAI Keramik Heimdekor Hersteller bieten professionelle Kerzenhalter Gro\u00dfhandel Dienstleistungen, die Design, schnelle Proben, Produktion und Lieferung, helfen Gro\u00dfh\u00e4ndler und Einzelh\u00e4ndler, um qualitativ hochwertige Produkte zu wettbewerbsf\u00e4higen Preisen zu bringen Kunden.<\/p>\n<\/div>","protected":false},"featured_media":1814,"comment_status":"open","ping_status":"closed","template":"","meta":{"_acf_changed":true},"certification":[63,64,66,65,61,60,62],"product_brand":[],"product_cat":[37,16],"product_tag":[],"class_list":{"0":"post-1813","1":"product","2":"type-product","3":"status-publish","4":"has-post-thumbnail","6":"certification-amfori","7":"certification-bsci","8":"certification-cnas","9":"certification-iaf","10":"certification-iso-14001","11":"certification-iso-45001","12":"certification-iso-9001","13":"product_cat-decorative-ceramic-wholesale","14":"product_cat-ceramic-candle-holder","16":"first","17":"instock","18":"shipping-taxable","19":"product-type-simple"},"acf":[],"_links":{"self":[{"href":"https:\/\/www.linkceramics.com\/de\/wp-json\/wp\/v2\/product\/1813","targetHints":{"allow":["GET"]}}],"collection":[{"href":"https:\/\/www.linkceramics.com\/de\/wp-json\/wp\/v2\/product"}],"about":[{"href":"https:\/\/www.linkceramics.com\/de\/wp-json\/wp\/v2\/types\/product"}],"replies":[{"embeddable":true,"href":"https:\/\/www.linkceramics.com\/de\/wp-json\/wp\/v2\/comments?post=1813"}],"wp:featuredmedia":[{"embeddable":true,"href":"https:\/\/www.linkceramics.com\/de\/wp-json\/wp\/v2\/media\/1814"}],"wp:attachment":[{"href":"https:\/\/www.linkceramics.com\/de\/wp-json\/wp\/v2\/media?parent=1813"}],"wp:term":[{"taxonomy":"certification","embeddable":true,"href":"https:\/\/www.linkceramics.com\/de\/wp-json\/wp\/v2\/certification?post=1813"},{"taxonomy":"product_brand","embeddable":true,"href":"https:\/\/www.linkceramics.com\/de\/wp-json\/wp\/v2\/product_brand?post=1813"},{"taxonomy":"product_cat","embeddable":true,"href":"https:\/\/www.linkceramics.com\/de\/wp-json\/wp\/v2\/product_cat?post=1813"},{"taxonomy":"product_tag","embeddable":true,"href":"https:\/\/www.linkceramics.com\/de\/wp-json\/wp\/v2\/product_tag?post=1813"}],"curies":[{"name":"wp","href":"https:\/\/api.w.org\/{rel}","templated":true}]}}