{"id":1819,"date":"2024-12-31T02:50:14","date_gmt":"2024-12-31T02:50:14","guid":{"rendered":"https:\/\/www.linkceramics.com\/?post_type=product&#038;p=1819"},"modified":"2024-12-31T02:50:16","modified_gmt":"2024-12-31T02:50:16","slug":"bulk-animal-ornaments","status":"publish","type":"product","link":"https:\/\/www.linkceramics.com\/de\/product\/bulk-animal-ornaments\/","title":{"rendered":"Benutzerdefinierte Katze Ornamente zu verkaufen, Bulk Tier Ornamente Fabrik Direktvertrieb"},"content":{"rendered":"<h3 class=\"wp-block-heading\">Parameter von Katzenornamenten<\/h3>\n\n\n\n<figure class=\"wp-block-table\"><table class=\"has-fixed-layout\"><tbody><tr><td>Modell<\/td><td>Produktname<\/td><td>Farbe<\/td><td>Material<\/td><td>Verwendet<\/td><td>Abmessungen<\/td><td>Gewicht<\/td><\/tr><tr><td>E37136-H851-A01<\/td><td>Tierisches Ornament - Sitzende Katze<\/td><td>Antik Braun&nbsp;<\/td><td>Harz<\/td><td>Wohnkultur, Wohnzimmer<\/td><td>16.5X8.5X13cm<\/td><td>0,5 kg\/PC<\/td><\/tr><tr><td>E37137-H851-A01<\/td><td>Tierische Ornamente - Laufende Katze<\/td><td>Antik Braun&nbsp;<\/td><td>Harz<\/td><td>Wohnkultur, Wohnzimmer<\/td><td>14,5X10X16cm<\/td><td>0,6kg\/PC<\/td><\/tr><\/tbody><\/table><\/figure>\n\n\n\n<div class=\"wp-block-columns is-layout-flex wp-container-core-columns-is-layout-9d6595d7 wp-block-columns-is-layout-flex\">\n<div class=\"wp-block-column is-layout-flow wp-block-column-is-layout-flow\">\n<figure class=\"wp-block-image size-full\"><img decoding=\"async\" width=\"768\" height=\"640\" src=\"https:\/\/www.linkceramics.com\/wp-content\/uploads\/2024\/12\/Animal-Ornaments-Walking-cat-4-768x640.jpg.webp\" alt=\"Tier-Ornamente-Wandernde-Katze-4-768x640.jpg\" class=\"wp-image-1823\" srcset=\"https:\/\/www.linkceramics.com\/wp-content\/uploads\/2024\/12\/Animal-Ornaments-Walking-cat-4-768x640.jpg.webp 768w, https:\/\/www.linkceramics.com\/wp-content\/uploads\/2024\/12\/Animal-Ornaments-Walking-cat-4-768x640.jpg-300x250.webp 300w, https:\/\/www.linkceramics.com\/wp-content\/uploads\/2024\/12\/Animal-Ornaments-Walking-cat-4-768x640.jpg-600x500.webp 600w\" sizes=\"(max-width: 768px) 100vw, 768px\" \/><\/figure>\n<\/div>\n\n\n\n<div class=\"wp-block-column is-layout-flow wp-block-column-is-layout-flow\">\n<figure class=\"wp-block-image size-full\"><img decoding=\"async\" width=\"768\" height=\"640\" src=\"https:\/\/www.linkceramics.com\/wp-content\/uploads\/2024\/12\/Animal-Ornaments-Setting-Cat-4-768x640.jpg.webp\" alt=\"Tier-Ornamente-Setting-Katze-4-768x640.jpg\" class=\"wp-image-1822\" srcset=\"https:\/\/www.linkceramics.com\/wp-content\/uploads\/2024\/12\/Animal-Ornaments-Setting-Cat-4-768x640.jpg.webp 768w, https:\/\/www.linkceramics.com\/wp-content\/uploads\/2024\/12\/Animal-Ornaments-Setting-Cat-4-768x640.jpg-300x250.webp 300w, https:\/\/www.linkceramics.com\/wp-content\/uploads\/2024\/12\/Animal-Ornaments-Setting-Cat-4-768x640.jpg-600x500.webp 600w\" sizes=\"(max-width: 768px) 100vw, 768px\" \/><\/figure>\n<\/div>\n<\/div>","protected":false},"excerpt":{"rendered":"<div id=\"brxe-raacbk\" class=\"brxe-product-meta product_meta\">\n<p data-pm-slice=\"0 0 []\">Wir bieten Tierornamente im Gro\u00dfhandel und individuelle Ornamentl\u00f6sungen. Diese tierischen Ornamente f\u00fcgen Vitalit\u00e4t und Spa\u00df zu Ihrem Raum. Exquisite Tier Ornamente k\u00f6nnen nicht nur schm\u00fccken Ihr Zuhause Umwelt, sondern auch als Geschenke an Verwandte und Freunde, geeignet f\u00fcr verschiedene Anl\u00e4sse gegeben werden. Wir laden Gro\u00dfh\u00e4ndler und Distributoren ein, mit uns Kontakt aufzunehmen. SANTAI Keramik Home Decor Hersteller bietet Ihnen mit wettbewerbsf\u00e4higen Preisen.<\/p>\n<h2>Merkmale von Tierornamenten<\/h2>\n<p><strong>Niedliches und charmantes Design<\/strong>: Die Katze Ornamente nimmt eine Farbkombination von hellbraunen und wei\u00dfen Flecken, die warm und niedlich aussieht. Diese Farbkombination l\u00e4sst sich nicht nur leicht in verschiedene Einrichtungsstile integrieren, sondern verleiht der Wohnumgebung auch eine lebendige und fr\u00f6hliche Note.<\/p>\n<p><strong>Kreative Tierornamente<\/strong>: Niedliche Tierornamente regen die Kreativit\u00e4t und Fantasie der Menschen an. Ob im Arbeitszimmer oder im Wohnzimmer, es kann eine sehr sch\u00f6ne Dekoration werden.<\/p>\n<p><strong>Hochwertige Produktionstechnik<\/strong>: Die K\u00e4tzchen Ornamente sind aus hochwertigem Harz Materialien, mit exquisiten Handwerkskunst und ordnungsgem\u00e4\u00dfe Detailverarbeitung gemacht. Ob es die Umrisse der Ornamente oder die Textur der Oberfl\u00e4che ist, es zeigt ein hochwertiges Produktionsniveau.<\/p>\n<p><strong>Leicht zuzuordnen und zu platzieren<\/strong>: Die beiden Tierfiguren k\u00f6nnen einzeln oder kombiniert aufgestellt werden. Sie sind nicht nur f\u00fcr Innenr\u00e4ume wie Arbeitszimmer und Wohnzimmer geeignet, sondern k\u00f6nnen auch als Dekoration f\u00fcr G\u00e4rten oder Balkone im Freien verwendet werden.<\/p>\n<p><strong>Professioneller Gro\u00dfhandel f\u00fcr Heimdekoration<\/strong>: SANTAI ist ein f\u00fchrender Hersteller von keramischen Wohnaccessoires aus China. Wir bieten eine breite Palette von Gro\u00dfhandel M\u00f6bel Dekoration, Tier Ornamente und wettbewerbsf\u00e4higen Preisen. B2B-K\u00e4ufer sind willkommen, uns zu kontaktieren.<\/p>\n<\/div>","protected":false},"featured_media":1824,"comment_status":"open","ping_status":"closed","template":"","meta":{"_acf_changed":true},"certification":[63,64,66,65,61,60,62],"product_brand":[],"product_cat":[37,38],"product_tag":[],"class_list":{"0":"post-1819","1":"product","2":"type-product","3":"status-publish","4":"has-post-thumbnail","6":"certification-amfori","7":"certification-bsci","8":"certification-cnas","9":"certification-iaf","10":"certification-iso-14001","11":"certification-iso-45001","12":"certification-iso-9001","13":"product_cat-decorative-ceramic-wholesale","14":"product_cat-custom-ceramic-ornament","16":"first","17":"instock","18":"shipping-taxable","19":"product-type-simple"},"acf":[],"_links":{"self":[{"href":"https:\/\/www.linkceramics.com\/de\/wp-json\/wp\/v2\/product\/1819","targetHints":{"allow":["GET"]}}],"collection":[{"href":"https:\/\/www.linkceramics.com\/de\/wp-json\/wp\/v2\/product"}],"about":[{"href":"https:\/\/www.linkceramics.com\/de\/wp-json\/wp\/v2\/types\/product"}],"replies":[{"embeddable":true,"href":"https:\/\/www.linkceramics.com\/de\/wp-json\/wp\/v2\/comments?post=1819"}],"wp:featuredmedia":[{"embeddable":true,"href":"https:\/\/www.linkceramics.com\/de\/wp-json\/wp\/v2\/media\/1824"}],"wp:attachment":[{"href":"https:\/\/www.linkceramics.com\/de\/wp-json\/wp\/v2\/media?parent=1819"}],"wp:term":[{"taxonomy":"certification","embeddable":true,"href":"https:\/\/www.linkceramics.com\/de\/wp-json\/wp\/v2\/certification?post=1819"},{"taxonomy":"product_brand","embeddable":true,"href":"https:\/\/www.linkceramics.com\/de\/wp-json\/wp\/v2\/product_brand?post=1819"},{"taxonomy":"product_cat","embeddable":true,"href":"https:\/\/www.linkceramics.com\/de\/wp-json\/wp\/v2\/product_cat?post=1819"},{"taxonomy":"product_tag","embeddable":true,"href":"https:\/\/www.linkceramics.com\/de\/wp-json\/wp\/v2\/product_tag?post=1819"}],"curies":[{"name":"wp","href":"https:\/\/api.w.org\/{rel}","templated":true}]}}