{"id":1830,"date":"2025-01-04T08:55:36","date_gmt":"2025-01-04T08:55:36","guid":{"rendered":"https:\/\/www.linkceramics.com\/?post_type=product&#038;p=1830"},"modified":"2025-01-04T08:55:37","modified_gmt":"2025-01-04T08:55:37","slug":"wholesale-scented-candles","status":"publish","type":"product","link":"https:\/\/www.linkceramics.com\/de\/product\/wholesale-scented-candles\/","title":{"rendered":"Premium-Gro\u00dfhandel Duftkerzen in Luxus-Keramik-Gl\u00e4ser"},"content":{"rendered":"<div class=\"wp-block-columns is-layout-flex wp-container-core-columns-is-layout-9d6595d7 wp-block-columns-is-layout-flex\">\n<div class=\"wp-block-column is-layout-flow wp-block-column-is-layout-flow\" style=\"flex-basis:66.66%\">\n<h3 class=\"wp-block-heading\">Premium-Gro\u00dfhandel duftende Kerzen Eigenschaften:<\/h3>\n\n\n\n<p><strong>Vielseitigkeit und umweltfreundliche Materialien:\u00a0<\/strong>Die Keramikgef\u00e4\u00dfe unserer Duftkerzen sind nicht nur wiederverwendbar, sondern k\u00f6nnen auch als Vorratsgef\u00e4\u00dfe oder zur Dekoration verwendet werden, um Abfall zu vermeiden, umweltfreundlich und praktisch.<\/p>\n\n\n\n<p><strong>Retro-Keramik-Glas-Design:\u00a0<\/strong>Diese Gro\u00dfhandelsduftkerzen verwenden Keramikgef\u00e4\u00dfe im Retrostil mit hochwertiger Textur. Es ist nicht nur ein praktisches Aromatherapie-Produkt, sondern auch eine elegante Dekoration, die die Sch\u00f6nheit Ihres Hauses zu verbessern.<\/p>\n\n\n\n<p><strong>Zwei Stile stehen zur Auswahl:\u00a0<\/strong>Wir bieten diese Duftkerzen in zwei Ausf\u00fchrungen an: mit und ohne Deckel. Die Ausf\u00fchrung mit Deckel sorgt daf\u00fcr, dass der Duft lange anh\u00e4lt, und die Ausf\u00fchrung ohne Deckel ist bequem zu verwenden, um die Bed\u00fcrfnisse verschiedener Anl\u00e4sse zu erf\u00fcllen.<\/p>\n\n\n\n<p><strong>Hochwertige Aromatherapie-Erfahrung:\u00a0<\/strong>Unsere Gro\u00dfhandels-Duftkerzen sind aus hochwertigem Sojawachs und nat\u00fcrlichen Duftstoffen hergestellt. Wenn sie brennen, verstr\u00f6men sie ein beruhigendes Aroma und schaffen eine angenehme und entspannende Atmosph\u00e4re. Sie sind ideal f\u00fcr die Aromatherapie in Innenr\u00e4umen.<\/p>\n<\/div>\n\n\n\n<div class=\"wp-block-column is-layout-flow wp-block-column-is-layout-flow\" style=\"flex-basis:33.33%\">\n<figure class=\"wp-block-image size-full\"><img decoding=\"async\" width=\"1200\" height=\"1200\" src=\"https:\/\/www.linkceramics.com\/wp-content\/uploads\/2025\/01\/Premium-Wholesale-Scented-Candles-In-Luxury-Ceramic-Jars-8.webp\" alt=\"Premium-Gro\u00dfhandel-Duftkerzen-In-Luxus-Keramik-Gl\u00e4sern-8\" class=\"wp-image-1835\" srcset=\"https:\/\/www.linkceramics.com\/wp-content\/uploads\/2025\/01\/Premium-Wholesale-Scented-Candles-In-Luxury-Ceramic-Jars-8.webp 1200w, https:\/\/www.linkceramics.com\/wp-content\/uploads\/2025\/01\/Premium-Wholesale-Scented-Candles-In-Luxury-Ceramic-Jars-8-300x300.webp 300w, https:\/\/www.linkceramics.com\/wp-content\/uploads\/2025\/01\/Premium-Wholesale-Scented-Candles-In-Luxury-Ceramic-Jars-8-150x150.webp 150w, https:\/\/www.linkceramics.com\/wp-content\/uploads\/2025\/01\/Premium-Wholesale-Scented-Candles-In-Luxury-Ceramic-Jars-8-768x768.webp 768w, https:\/\/www.linkceramics.com\/wp-content\/uploads\/2025\/01\/Premium-Wholesale-Scented-Candles-In-Luxury-Ceramic-Jars-8-600x600.webp 600w, https:\/\/www.linkceramics.com\/wp-content\/uploads\/2025\/01\/Premium-Wholesale-Scented-Candles-In-Luxury-Ceramic-Jars-8-100x100.webp 100w\" sizes=\"(max-width: 1200px) 100vw, 1200px\" \/><\/figure>\n<\/div>\n<\/div>","protected":false},"excerpt":{"rendered":"<div id=\"brxe-0ee1ca\" class=\"brxe-product-meta product_meta\">\n<div id=\"brxe-0ee1ca\" class=\"brxe-product-meta product_meta\">\n<div id=\"brxe-0ee1ca\" class=\"brxe-product-meta product_meta\">Diese luxuri\u00f6sen Duftkerzen f\u00fcr den Gro\u00dfhandel haben ein Retro-Keramikglas-Design und sind in zwei Varianten erh\u00e4ltlich: mit und ohne Deckel. Durch die Verwendung von hochwertigem Sojawachs und nat\u00fcrlichen D\u00fcften bieten sie ein elegantes Dufterlebnis und sind die perfekte Wahl, um die Atmosph\u00e4re zu Hause zu verbessern.<\/div>\n<\/div>\n<\/div>\n<div id=\"brxe-8c5ca9\" class=\"brxe-product-short-description\">\n<div class=\"woocommerce-product-details__short-description\">\n<h2>Premium-Duftkerzen Spezifikationen:<\/h2>\n<table border=\"0\" width=\"338\" cellspacing=\"0\" cellpadding=\"0\">\n<tbody>\n<tr>\n<td width=\"124\" height=\"18\">Hersteller<\/td>\n<td width=\"214\">Liebevolles Zuhause<\/td>\n<\/tr>\n<tr>\n<td width=\"124\" height=\"18\">Sammlung Name<\/td>\n<td width=\"214\">Duftkerze<\/td>\n<\/tr>\n<tr>\n<td width=\"124\" height=\"18\">Design-Stil<\/td>\n<td width=\"214\">Europa<\/td>\n<\/tr>\n<tr>\n<td width=\"124\" height=\"18\">Verwendung<\/td>\n<td width=\"214\">Haus, Restaurant, Hotel<\/td>\n<\/tr>\n<tr>\n<td width=\"124\" height=\"18\">Kerze Typ<\/td>\n<td width=\"214\">Glaskerze, Duftkerze<\/td>\n<\/tr>\n<tr>\n<td width=\"124\" height=\"18\">Material<\/td>\n<td width=\"214\">Dauerhaftes Porzellan<\/td>\n<\/tr>\n<tr>\n<td width=\"124\" height=\"18\">Dimension<\/td>\n<td width=\"214\">Wie Detailbild<\/td>\n<\/tr>\n<tr>\n<td width=\"124\" height=\"18\">Verkaufende Einheiten<\/td>\n<td width=\"214\">Einzelnes Element<\/td>\n<\/tr>\n<tr>\n<td width=\"124\" height=\"18\">MOQ<\/td>\n<td width=\"214\">1200\/St\u00fcck pro Artikel<\/td>\n<\/tr>\n<tr>\n<td width=\"124\" height=\"18\">Kundenspezifische Option<\/td>\n<td width=\"214\">Farbe\/Gr\u00f6\u00dfe\/Glasur\/Logo\/Verpackung<\/td>\n<\/tr>\n<\/tbody>\n<\/table>\n<\/div>\n<\/div>","protected":false},"featured_media":1831,"comment_status":"open","ping_status":"closed","template":"","meta":{"_acf_changed":true},"certification":[63,64,66,58,65,61,60,62],"product_brand":[],"product_cat":[37,16,38],"product_tag":[],"class_list":{"0":"post-1830","1":"product","2":"type-product","3":"status-publish","4":"has-post-thumbnail","6":"certification-amfori","7":"certification-bsci","8":"certification-cnas","9":"certification-fda","10":"certification-iaf","11":"certification-iso-14001","12":"certification-iso-45001","13":"certification-iso-9001","14":"product_cat-decorative-ceramic-wholesale","15":"product_cat-ceramic-candle-holder","16":"product_cat-custom-ceramic-ornament","18":"first","19":"instock","20":"shipping-taxable","21":"product-type-simple"},"acf":[],"_links":{"self":[{"href":"https:\/\/www.linkceramics.com\/de\/wp-json\/wp\/v2\/product\/1830","targetHints":{"allow":["GET"]}}],"collection":[{"href":"https:\/\/www.linkceramics.com\/de\/wp-json\/wp\/v2\/product"}],"about":[{"href":"https:\/\/www.linkceramics.com\/de\/wp-json\/wp\/v2\/types\/product"}],"replies":[{"embeddable":true,"href":"https:\/\/www.linkceramics.com\/de\/wp-json\/wp\/v2\/comments?post=1830"}],"wp:featuredmedia":[{"embeddable":true,"href":"https:\/\/www.linkceramics.com\/de\/wp-json\/wp\/v2\/media\/1831"}],"wp:attachment":[{"href":"https:\/\/www.linkceramics.com\/de\/wp-json\/wp\/v2\/media?parent=1830"}],"wp:term":[{"taxonomy":"certification","embeddable":true,"href":"https:\/\/www.linkceramics.com\/de\/wp-json\/wp\/v2\/certification?post=1830"},{"taxonomy":"product_brand","embeddable":true,"href":"https:\/\/www.linkceramics.com\/de\/wp-json\/wp\/v2\/product_brand?post=1830"},{"taxonomy":"product_cat","embeddable":true,"href":"https:\/\/www.linkceramics.com\/de\/wp-json\/wp\/v2\/product_cat?post=1830"},{"taxonomy":"product_tag","embeddable":true,"href":"https:\/\/www.linkceramics.com\/de\/wp-json\/wp\/v2\/product_tag?post=1830"}],"curies":[{"name":"wp","href":"https:\/\/api.w.org\/{rel}","templated":true}]}}