{"id":1836,"date":"2025-01-04T09:05:50","date_gmt":"2025-01-04T09:05:50","guid":{"rendered":"https:\/\/www.linkceramics.com\/?post_type=product&#038;p=1836"},"modified":"2025-01-04T09:05:52","modified_gmt":"2025-01-04T09:05:52","slug":"bul-classical-patterned-ceramic-vase","status":"publish","type":"product","link":"https:\/\/www.linkceramics.com\/de\/product\/bul-classical-patterned-ceramic-vase\/","title":{"rendered":"Gro\u00dfhandel chinesischen klassischen gemusterten keramischen Vase, traditionelle elegante Home Decor Vase"},"content":{"rendered":"<h3 class=\"wp-block-heading\">Parameter der klassisch gemusterten Keramikvase<\/h3>\n\n\n\n<figure class=\"wp-block-table\"><table class=\"has-fixed-layout\"><tbody><tr><td>Modell<\/td><td>Produktname<\/td><td>Farbe<\/td><td>Material<\/td><td>Verwendet<\/td><td>Abmessungen<\/td><td>Gewicht<\/td><\/tr><tr><td>A32067-LC17-A01<\/td><td>Keramische Blumenvase<\/td><td>Elegantes Braun<\/td><td>Keramik<\/td><td>Wohnkultur, Wohnzimmer<\/td><td>30X16X18.5<\/td><td>2,1 kg\/St\u00fcck<\/td><\/tr><\/tbody><\/table><\/figure>\n\n\n\n<div class=\"wp-block-columns is-layout-flex wp-container-core-columns-is-layout-9d6595d7 wp-block-columns-is-layout-flex\">\n<div class=\"wp-block-column is-layout-flow wp-block-column-is-layout-flow\">\n<figure class=\"wp-block-image size-full\"><img decoding=\"async\" width=\"1500\" height=\"1250\" src=\"https:\/\/www.linkceramics.com\/wp-content\/uploads\/2025\/01\/Chinese-Classical-Patterned-Ceramic-Vase-2-1.jpg.webp\" alt=\"Chinesisch-Klassisch Gemusterte-Keramik-Vase-2-1.jpg\" class=\"wp-image-1837\" srcset=\"https:\/\/www.linkceramics.com\/wp-content\/uploads\/2025\/01\/Chinese-Classical-Patterned-Ceramic-Vase-2-1.jpg.webp 1500w, https:\/\/www.linkceramics.com\/wp-content\/uploads\/2025\/01\/Chinese-Classical-Patterned-Ceramic-Vase-2-1.jpg-300x250.webp 300w, https:\/\/www.linkceramics.com\/wp-content\/uploads\/2025\/01\/Chinese-Classical-Patterned-Ceramic-Vase-2-1.jpg-768x640.webp 768w, https:\/\/www.linkceramics.com\/wp-content\/uploads\/2025\/01\/Chinese-Classical-Patterned-Ceramic-Vase-2-1.jpg-1200x1000.webp 1200w, https:\/\/www.linkceramics.com\/wp-content\/uploads\/2025\/01\/Chinese-Classical-Patterned-Ceramic-Vase-2-1.jpg-600x500.webp 600w\" sizes=\"(max-width: 1500px) 100vw, 1500px\" \/><\/figure>\n<\/div>\n\n\n\n<div class=\"wp-block-column is-layout-flow wp-block-column-is-layout-flow\">\n<figure class=\"wp-block-image size-full\"><img decoding=\"async\" width=\"1500\" height=\"1250\" src=\"https:\/\/www.linkceramics.com\/wp-content\/uploads\/2025\/01\/Chinese-Classical-Patterned-Ceramic-Vase-1-1.jpg.webp\" alt=\"Chinesische Keramikvase mit klassischem Muster-1-1.jpg\" class=\"wp-image-1839\" srcset=\"https:\/\/www.linkceramics.com\/wp-content\/uploads\/2025\/01\/Chinese-Classical-Patterned-Ceramic-Vase-1-1.jpg.webp 1500w, https:\/\/www.linkceramics.com\/wp-content\/uploads\/2025\/01\/Chinese-Classical-Patterned-Ceramic-Vase-1-1.jpg-300x250.webp 300w, https:\/\/www.linkceramics.com\/wp-content\/uploads\/2025\/01\/Chinese-Classical-Patterned-Ceramic-Vase-1-1.jpg-768x640.webp 768w, https:\/\/www.linkceramics.com\/wp-content\/uploads\/2025\/01\/Chinese-Classical-Patterned-Ceramic-Vase-1-1.jpg-1200x1000.webp 1200w, https:\/\/www.linkceramics.com\/wp-content\/uploads\/2025\/01\/Chinese-Classical-Patterned-Ceramic-Vase-1-1.jpg-600x500.webp 600w\" sizes=\"(max-width: 1500px) 100vw, 1500px\" \/><\/figure>\n<\/div>\n<\/div>","protected":false},"excerpt":{"rendered":"<div id=\"brxe-raacbk\" class=\"brxe-product-meta product_meta\">\n<p data-pm-slice=\"0 0 []\">Gro\u00dfhandel klassische Keramikvasen, aus nat\u00fcrlichem Ton, haben einzigartige Textur und Glasur Farbe, chinesische Muster und einzigartige Form Design. Diese klassische Vase kann perfekt mit einer Vielzahl von Wohnstilen integriert werden. Sie kann als unabh\u00e4ngige Kunstdekoration oder f\u00fcr Blumenarrangements verwendet werden. Wir bieten professionelle Gro\u00dfhandel und kundenspezifische Keramik-Vase Dienstleistungen, kontaktieren Sie uns bitte.<\/p>\n<h2>Merkmale der Keramikvase mit klassischem Muster<\/h2>\n<p><strong>Klassisches chinesisches Design:<\/strong>\u00a0Die klassische Vase greift traditionelle chinesische Muster auf, integriert reiche kulturelle Elemente und k\u00fcnstlerische Ausdrucksformen und zeigt eine tiefgreifende chinesische \u00c4sthetik.<\/p>\n<p><strong>Leicht zuzuordnen:<\/strong>\u00a0Diese Keramikvase mit klassischem Muster l\u00e4sst sich perfekt in eine Vielzahl von Einrichtungsstilen integrieren und verleiht einfachen und traditionellen M\u00f6beln eine einzigartige k\u00fcnstlerische Atmosph\u00e4re.<\/p>\n<p><strong>Langlebig und sch\u00f6n:<\/strong>\u00a0Diese klassische Vase wird aus nat\u00fcrlichem Ton hergestellt und bei hoher Temperatur gebrannt, um ihre Haltbarkeit und ihren Glanz zu gew\u00e4hrleisten.<\/p>\n<p><strong>Hochwertige Materialien:<\/strong>\u00a0Durch die Auswahl von hochwertigem Ton und die exquisite handwerkliche Verarbeitung hat diese Keramikvase mit klassischem Muster eine glatte Oberfl\u00e4che, eine gute Haptik, ist verschlei\u00dffest und langlebig und beh\u00e4lt auch nach langem Gebrauch ihren perfekten Glanz.<\/p>\n<p><strong>OEM- und ODM-Service:<\/strong>\u00a0Als Hersteller von T\u00f6pferwaren f\u00fcr den Wohnbereich bieten wir oem- und odm-Sonderanfertigungen f\u00fcr Gro\u00dfauftr\u00e4ge an, die kundenspezifische Materialien, Formen, Gr\u00f6\u00dfen und mehr umfassen.<\/p>\n<\/div>","protected":false},"featured_media":1839,"comment_status":"open","ping_status":"closed","template":"","meta":{"_acf_changed":true},"certification":[63,64,66,65,61,60,62],"product_brand":[],"product_cat":[37,38,17],"product_tag":[],"class_list":{"0":"post-1836","1":"product","2":"type-product","3":"status-publish","4":"has-post-thumbnail","6":"certification-amfori","7":"certification-bsci","8":"certification-cnas","9":"certification-iaf","10":"certification-iso-14001","11":"certification-iso-45001","12":"certification-iso-9001","13":"product_cat-decorative-ceramic-wholesale","14":"product_cat-custom-ceramic-ornament","15":"product_cat-ceramic-vases-wholesale","17":"first","18":"instock","19":"shipping-taxable","20":"product-type-simple"},"acf":[],"_links":{"self":[{"href":"https:\/\/www.linkceramics.com\/de\/wp-json\/wp\/v2\/product\/1836","targetHints":{"allow":["GET"]}}],"collection":[{"href":"https:\/\/www.linkceramics.com\/de\/wp-json\/wp\/v2\/product"}],"about":[{"href":"https:\/\/www.linkceramics.com\/de\/wp-json\/wp\/v2\/types\/product"}],"replies":[{"embeddable":true,"href":"https:\/\/www.linkceramics.com\/de\/wp-json\/wp\/v2\/comments?post=1836"}],"wp:featuredmedia":[{"embeddable":true,"href":"https:\/\/www.linkceramics.com\/de\/wp-json\/wp\/v2\/media\/1839"}],"wp:attachment":[{"href":"https:\/\/www.linkceramics.com\/de\/wp-json\/wp\/v2\/media?parent=1836"}],"wp:term":[{"taxonomy":"certification","embeddable":true,"href":"https:\/\/www.linkceramics.com\/de\/wp-json\/wp\/v2\/certification?post=1836"},{"taxonomy":"product_brand","embeddable":true,"href":"https:\/\/www.linkceramics.com\/de\/wp-json\/wp\/v2\/product_brand?post=1836"},{"taxonomy":"product_cat","embeddable":true,"href":"https:\/\/www.linkceramics.com\/de\/wp-json\/wp\/v2\/product_cat?post=1836"},{"taxonomy":"product_tag","embeddable":true,"href":"https:\/\/www.linkceramics.com\/de\/wp-json\/wp\/v2\/product_tag?post=1836"}],"curies":[{"name":"wp","href":"https:\/\/api.w.org\/{rel}","templated":true}]}}