{"id":1846,"date":"2025-01-04T09:18:37","date_gmt":"2025-01-04T09:18:37","guid":{"rendered":"https:\/\/www.linkceramics.com\/?post_type=product&#038;p=1846"},"modified":"2025-01-04T09:18:39","modified_gmt":"2025-01-04T09:18:39","slug":"custom-pink-tea-sets","status":"publish","type":"product","link":"https:\/\/www.linkceramics.com\/de\/product\/custom-pink-tea-sets\/","title":{"rendered":"Benutzerdefinierte rosa Tee-Sets Herz Flamingo Keramikgeschirr"},"content":{"rendered":"<div class=\"wp-block-columns is-layout-flex wp-container-core-columns-is-layout-9d6595d7 wp-block-columns-is-layout-flex\">\n<div class=\"wp-block-column is-layout-flow wp-block-column-is-layout-flow\" style=\"flex-basis:50%\">\n<h3 class=\"wp-block-heading\">Rosa Teesets Eigenschaften:<\/h3>\n\n\n\n<p><strong>Niedlich und rosa Design:<\/strong><br>Dieses Geschirrset mit dem h\u00fcbschen rosa Herz- und Flamingomuster eignet sich perfekt f\u00fcr Teepartys oder zwanglose Abendessen.<\/p>\n\n\n\n<p><strong>Hochwertiges, langlebiges Porzellan:<\/strong><br>Sie ist aus strapazierf\u00e4higem Porzellan gefertigt, bruchsicher und langlebig genug, um dem t\u00e4glichen Gebrauch standzuhalten und dabei ihr Aussehen zu bewahren.<\/p>\n\n\n\n<p><strong>Vielseitig und praktisch f\u00fcr Teeliebhaber:<\/strong><br>Dieses sch\u00f6ne Geschirrset besteht aus einem Teeservice (Tassen, Untertassen, Teekannen) sowie Schalen und Tellern im gleichen Design. Es kann f\u00fcr Desserts, Snacks oder leichte Mahlzeiten verwendet werden und eignet sich f\u00fcr eine Vielzahl von Anl\u00e4ssen und Zwecken.<\/p>\n\n\n\n<p><strong>Perfekt f\u00fcr Unterhaltungszwecke<\/strong><br>Mit seinen leuchtenden Farben und einzigartigen Designs eignet sich das Geschirr perfekt f\u00fcr die Bewirtung von G\u00e4sten oder um Familienmahlzeiten ein besonderes Flair zu verleihen.<\/p>\n<\/div>\n\n\n\n<div class=\"wp-block-column is-layout-flow wp-block-column-is-layout-flow\" style=\"flex-basis:50%\">\n<figure class=\"wp-block-image size-full\"><img decoding=\"async\" width=\"616\" height=\"617\" src=\"https:\/\/www.linkceramics.com\/wp-content\/uploads\/2025\/01\/pink-tea-set-wholesale-dinnerware-sets-3.webp\" alt=\"rosa-tee-set-gro\u00dfhandel-geschirr-sets-3\" class=\"wp-image-1848\" srcset=\"https:\/\/www.linkceramics.com\/wp-content\/uploads\/2025\/01\/pink-tea-set-wholesale-dinnerware-sets-3.webp 616w, https:\/\/www.linkceramics.com\/wp-content\/uploads\/2025\/01\/pink-tea-set-wholesale-dinnerware-sets-3-300x300.webp 300w, https:\/\/www.linkceramics.com\/wp-content\/uploads\/2025\/01\/pink-tea-set-wholesale-dinnerware-sets-3-150x150.webp 150w, https:\/\/www.linkceramics.com\/wp-content\/uploads\/2025\/01\/pink-tea-set-wholesale-dinnerware-sets-3-600x601.webp 600w, https:\/\/www.linkceramics.com\/wp-content\/uploads\/2025\/01\/pink-tea-set-wholesale-dinnerware-sets-3-100x100.webp 100w\" sizes=\"(max-width: 616px) 100vw, 616px\" \/><\/figure>\n<\/div>\n<\/div>","protected":false},"excerpt":{"rendered":"<p>Kundenspezifisches rosa Teegeschirr, einschlie\u00dflich Teekanne und Untertasse, Teetasse, Keramikteller und -schale usw. Niedliches Herz und Flamingo-Design, ein beliebter Stil f\u00fcr modische M\u00e4dchen. Direkte Versorgung aus China Keramik-Geschirr Hersteller, Unterst\u00fctzung Gro\u00dfhandel Optionen, willkommen zu erkundigen!<\/p>\n<h2>Rosa Teesets Parameter<\/h2>\n<table border=\"0\" width=\"618\" cellspacing=\"0\" cellpadding=\"0\">\n<tbody>\n<tr>\n<td width=\"180\" height=\"26\">Hersteller<\/td>\n<td width=\"438\">Lianyuan<\/td>\n<\/tr>\n<tr>\n<td height=\"26\">Produkttyp<\/td>\n<td>Teekanne, Teller, Tasse &amp; Untertasse, Zucker &amp; Milchk\u00e4nnchen, Becher, Schale<\/td>\n<\/tr>\n<tr>\n<td height=\"26\">Muster<\/td>\n<td>Herz, Flamingo<\/td>\n<\/tr>\n<tr>\n<td height=\"26\">Farbe<\/td>\n<td>Rosa, Gold, Wei\u00df<\/td>\n<\/tr>\n<tr>\n<td height=\"26\">Material<\/td>\n<td>Dauerhaftes Porzellan<\/td>\n<\/tr>\n<tr>\n<td height=\"26\">Handwerkliches K\u00f6nnen<\/td>\n<td>Einglasiertes Abziehbild und Handbemalung<\/td>\n<\/tr>\n<tr>\n<td height=\"26\">Anmeldung<\/td>\n<td>Mikrowellen- und sp\u00fclmaschinenfest, ofenfest<\/td>\n<\/tr>\n<tr>\n<td height=\"26\">Benutzerdefiniert<\/td>\n<td>Farbe\/Gr\u00f6\u00dfe\/Logo\/Verpackung<\/td>\n<\/tr>\n<\/tbody>\n<\/table>","protected":false},"featured_media":1848,"comment_status":"open","ping_status":"closed","template":"","meta":{"_acf_changed":true},"certification":[66,58,65,61,60,62,57],"product_brand":[],"product_cat":[34,19],"product_tag":[],"class_list":{"0":"post-1846","1":"product","2":"type-product","3":"status-publish","4":"has-post-thumbnail","6":"certification-cnas","7":"certification-fda","8":"certification-iaf","9":"certification-iso-14001","10":"certification-iso-45001","11":"certification-iso-9001","12":"certification-lfgb","13":"product_cat-custom-household-ceramics","14":"product_cat-ceramic-tea-set-wholesale","16":"first","17":"instock","18":"shipping-taxable","19":"product-type-simple"},"acf":[],"_links":{"self":[{"href":"https:\/\/www.linkceramics.com\/de\/wp-json\/wp\/v2\/product\/1846","targetHints":{"allow":["GET"]}}],"collection":[{"href":"https:\/\/www.linkceramics.com\/de\/wp-json\/wp\/v2\/product"}],"about":[{"href":"https:\/\/www.linkceramics.com\/de\/wp-json\/wp\/v2\/types\/product"}],"replies":[{"embeddable":true,"href":"https:\/\/www.linkceramics.com\/de\/wp-json\/wp\/v2\/comments?post=1846"}],"wp:featuredmedia":[{"embeddable":true,"href":"https:\/\/www.linkceramics.com\/de\/wp-json\/wp\/v2\/media\/1848"}],"wp:attachment":[{"href":"https:\/\/www.linkceramics.com\/de\/wp-json\/wp\/v2\/media?parent=1846"}],"wp:term":[{"taxonomy":"certification","embeddable":true,"href":"https:\/\/www.linkceramics.com\/de\/wp-json\/wp\/v2\/certification?post=1846"},{"taxonomy":"product_brand","embeddable":true,"href":"https:\/\/www.linkceramics.com\/de\/wp-json\/wp\/v2\/product_brand?post=1846"},{"taxonomy":"product_cat","embeddable":true,"href":"https:\/\/www.linkceramics.com\/de\/wp-json\/wp\/v2\/product_cat?post=1846"},{"taxonomy":"product_tag","embeddable":true,"href":"https:\/\/www.linkceramics.com\/de\/wp-json\/wp\/v2\/product_tag?post=1846"}],"curies":[{"name":"wp","href":"https:\/\/api.w.org\/{rel}","templated":true}]}}