{"id":1907,"date":"2025-02-24T03:27:16","date_gmt":"2025-02-24T03:27:16","guid":{"rendered":"https:\/\/www.linkceramics.com\/?post_type=product&#038;p=1907"},"modified":"2025-02-24T03:27:17","modified_gmt":"2025-02-24T03:27:17","slug":"custom-vintage-dinnerware","status":"publish","type":"product","link":"https:\/\/www.linkceramics.com\/de\/product\/custom-vintage-dinnerware\/","title":{"rendered":"Benutzerdefinierte Vintage Geschirr Keramik Tee-Set blau und wei\u00df"},"content":{"rendered":"<div class=\"wp-block-columns is-layout-flex wp-container-core-columns-is-layout-9d6595d7 wp-block-columns-is-layout-flex\">\n<div class=\"wp-block-column is-layout-flow wp-block-column-is-layout-flow\" style=\"flex-basis:50%\">\n<h3 class=\"wp-block-heading\">Benutzerdefiniertes Vintage-Geschirr Merkmale:<\/h3>\n\n\n\n<p><strong>Sicheres und langlebiges Porzellan<br><\/strong>Dieses benutzerdefinierte Vintage-Geschirr ist aus lebensmittelechtem, haltbarem Porzellan und unzerbrechlich. Hochtemperatur-Brennen sorgt f\u00fcr hervorragende Rissfestigkeit und Haltbarkeit.<\/p>\n\n\n\n<p><strong>Blaues und wei\u00dfes Vintage-Design<\/strong><br>Unser Teeservice Gro\u00dfhandel elegante blaue Blume Kombination pr\u00e4sentiert Eleganz und klassische Sch\u00f6nheit. Der braune Griff unterstreicht das Niveau des Designs und erh\u00f6ht den Griffkomfort.<\/p>\n\n\n\n<p><strong>Exquisite Qualit\u00e4tsdetails<\/strong><br>Unser Teeservice im Gro\u00dfhandel ist handbemalt und in die Glasur appliziert, was das Muster resistent gegen Abbl\u00e4ttern und die Farben langlebig macht, die k\u00fcnstlerischen Details widerspiegelt und Sch\u00f6nheit und Qualit\u00e4t vereint.<\/p>\n\n\n\n<p><strong>Komplettes Besteckset<\/strong><br>Dieses benutzerdefinierte Vintage-Geschirr umfasst Essteller, Schalen, Besteck, Teekanne, Teetassen und Untertassen f\u00fcr das t\u00e4gliche Teetrinken, f\u00fcr Partys oder formelle Anl\u00e4sse.<\/p>\n<\/div>\n\n\n\n<div class=\"wp-block-column is-layout-flow wp-block-column-is-layout-flow\" style=\"flex-basis:50%\">\n<figure class=\"wp-block-image size-full\"><img decoding=\"async\" width=\"2580\" height=\"2295\" src=\"https:\/\/www.linkceramics.com\/wp-content\/uploads\/2025\/02\/vintage-dinnerware-wholesale-1.webp\" alt=\"individuelles-altmodisches-geschirr-gro\u00dfhandel-1\" class=\"wp-image-1908\" srcset=\"https:\/\/www.linkceramics.com\/wp-content\/uploads\/2025\/02\/vintage-dinnerware-wholesale-1.webp 2580w, https:\/\/www.linkceramics.com\/wp-content\/uploads\/2025\/02\/vintage-dinnerware-wholesale-1-300x267.webp 300w, https:\/\/www.linkceramics.com\/wp-content\/uploads\/2025\/02\/vintage-dinnerware-wholesale-1-768x683.webp 768w, https:\/\/www.linkceramics.com\/wp-content\/uploads\/2025\/02\/vintage-dinnerware-wholesale-1-1200x1067.webp 1200w, https:\/\/www.linkceramics.com\/wp-content\/uploads\/2025\/02\/vintage-dinnerware-wholesale-1-600x534.webp 600w\" sizes=\"(max-width: 2580px) 100vw, 2580px\" \/><\/figure>\n<\/div>\n<\/div>","protected":false},"excerpt":{"rendered":"<p>Kundenspezifisches Vintage-Geschirr und Teesets im Gro\u00dfhandel, hochwertiges und elegantes Design, komplette Geschirrsets, einschlie\u00dflich Teller, Schalen, Teekannen, Teetassen, Becher usw. Ob Sie eine individuelle Verpackung oder ein Logo w\u00fcnschen, Lianyuan Tableware Factory kann Ihnen die kosteng\u00fcnstigsten und qualitativ hochwertigsten L\u00f6sungen anbieten.<\/p>\n<h2>Individuelles Vintage-Geschirr Parameter<\/h2>\n<table border=\"0\" width=\"618\" cellspacing=\"0\" cellpadding=\"0\">\n<tbody>\n<tr>\n<td width=\"180\" height=\"26\">Hersteller<\/td>\n<td width=\"438\">Lianyuan<\/td>\n<\/tr>\n<tr>\n<td height=\"26\">Produkttyp<\/td>\n<td>Teller, Blasen, Teekanne, Teetasse, Serviergeschirr<\/td>\n<\/tr>\n<tr>\n<td height=\"26\">Muster<\/td>\n<td>Blumen<\/td>\n<\/tr>\n<tr>\n<td height=\"26\">Farbe<\/td>\n<td>Blau, Wei\u00df, Braun<\/td>\n<\/tr>\n<tr>\n<td height=\"26\">Material<\/td>\n<td>Dauerhaftes Porzellan<\/td>\n<\/tr>\n<tr>\n<td height=\"26\">Handwerkliches K\u00f6nnen<\/td>\n<td>Mattglasur, In-Glasur-Abziehbild, Handbemalung<\/td>\n<\/tr>\n<tr>\n<td height=\"26\">Anmeldung<\/td>\n<td>Mikrowellen- und sp\u00fclmaschinenfest, ofenfest<\/td>\n<\/tr>\n<tr>\n<td height=\"26\">Benutzerdefiniert<\/td>\n<td>Farbe\/Gr\u00f6\u00dfe\/Logo\/Verpackung<\/td>\n<\/tr>\n<\/tbody>\n<\/table>","protected":false},"featured_media":1910,"comment_status":"open","ping_status":"closed","template":"","meta":{"_acf_changed":true},"certification":[66,58,65,61,60,62,57],"product_brand":[],"product_cat":[34,18,19],"product_tag":[],"class_list":{"0":"post-1907","1":"product","2":"type-product","3":"status-publish","4":"has-post-thumbnail","6":"certification-cnas","7":"certification-fda","8":"certification-iaf","9":"certification-iso-14001","10":"certification-iso-45001","11":"certification-iso-9001","12":"certification-lfgb","13":"product_cat-custom-household-ceramics","14":"product_cat-ceramic-tableware-wholesale","15":"product_cat-ceramic-tea-set-wholesale","17":"first","18":"instock","19":"shipping-taxable","20":"product-type-simple"},"acf":[],"_links":{"self":[{"href":"https:\/\/www.linkceramics.com\/de\/wp-json\/wp\/v2\/product\/1907","targetHints":{"allow":["GET"]}}],"collection":[{"href":"https:\/\/www.linkceramics.com\/de\/wp-json\/wp\/v2\/product"}],"about":[{"href":"https:\/\/www.linkceramics.com\/de\/wp-json\/wp\/v2\/types\/product"}],"replies":[{"embeddable":true,"href":"https:\/\/www.linkceramics.com\/de\/wp-json\/wp\/v2\/comments?post=1907"}],"wp:featuredmedia":[{"embeddable":true,"href":"https:\/\/www.linkceramics.com\/de\/wp-json\/wp\/v2\/media\/1910"}],"wp:attachment":[{"href":"https:\/\/www.linkceramics.com\/de\/wp-json\/wp\/v2\/media?parent=1907"}],"wp:term":[{"taxonomy":"certification","embeddable":true,"href":"https:\/\/www.linkceramics.com\/de\/wp-json\/wp\/v2\/certification?post=1907"},{"taxonomy":"product_brand","embeddable":true,"href":"https:\/\/www.linkceramics.com\/de\/wp-json\/wp\/v2\/product_brand?post=1907"},{"taxonomy":"product_cat","embeddable":true,"href":"https:\/\/www.linkceramics.com\/de\/wp-json\/wp\/v2\/product_cat?post=1907"},{"taxonomy":"product_tag","embeddable":true,"href":"https:\/\/www.linkceramics.com\/de\/wp-json\/wp\/v2\/product_tag?post=1907"}],"curies":[{"name":"wp","href":"https:\/\/api.w.org\/{rel}","templated":true}]}}