{"id":1911,"date":"2025-02-24T03:29:13","date_gmt":"2025-02-24T03:29:13","guid":{"rendered":"https:\/\/www.linkceramics.com\/?post_type=product&#038;p=1911"},"modified":"2025-02-24T03:37:07","modified_gmt":"2025-02-24T03:37:07","slug":"wholesale-ceramic-vase","status":"publish","type":"product","link":"https:\/\/www.linkceramics.com\/de\/product\/wholesale-ceramic-vase\/","title":{"rendered":"Gro\u00dfhandel keramische Vase, Floar Home Decor in Bulk"},"content":{"rendered":"<div class=\"wp-block-columns is-layout-flex wp-container-core-columns-is-layout-9d6595d7 wp-block-columns-is-layout-flex\">\n<div class=\"wp-block-column is-layout-flow wp-block-column-is-layout-flow\" style=\"flex-basis:50%\">\n<h3 class=\"wp-block-heading\">Gro\u00dfhandel Keramik Vase Merkmale:<\/h3>\n\n\n\n<p><strong>Langlebige Keramik:<\/strong> Dieser Gro\u00dfhandel Keramik-Vase ist aus strapazierf\u00e4higem Porzellan, stark und haltbar f\u00fcr lange Zeit verwenden.<\/p>\n\n\n\n<p><strong>Eine Vielzahl von Blumenmustern: <\/strong>Unser Flohdekor in loser Sch\u00fcttung bietet eine gro\u00dfe Auswahl an floralen Mustern in satten und sch\u00f6nen Farben, um den Bed\u00fcrfnissen verschiedener Dekorationsstile gerecht zu werden.<\/p>\n\n\n\n<p><strong>Gepr\u00e4gte Textur und hervorragende Handwerkskunst:<\/strong> Diese Gro\u00dfhandels-Keramikvase kombiniert In-Glasur-Applikationen mit handgemalter Handwerkskunst und gepr\u00e4gter Haptik, jede Vase ist ein einzigartiges Kunstwerk.<\/p>\n\n\n\n<p><strong>Exquisite Wohnkultur: <\/strong>Unser Flohdekor in loser Sch\u00fcttung ist wundersch\u00f6n gestaltet und kann als Vase oder Geschenk verwendet werden, geeignet f\u00fcr die Dekoration von Wohn- oder Gesch\u00e4ftsr\u00e4umen.<\/p>\n<\/div>\n\n\n\n<div class=\"wp-block-column is-layout-flow wp-block-column-is-layout-flow\" style=\"flex-basis:50%\">\n<figure class=\"wp-block-image size-full\"><img decoding=\"async\" width=\"4160\" height=\"6240\" src=\"https:\/\/www.linkceramics.com\/wp-content\/uploads\/2025\/02\/wholesale-ceramic-vase-1.webp\" alt=\"Gro\u00dfhandel-Keramik-Vase-1\" class=\"wp-image-1913\" srcset=\"https:\/\/www.linkceramics.com\/wp-content\/uploads\/2025\/02\/wholesale-ceramic-vase-1.webp 4160w, https:\/\/www.linkceramics.com\/wp-content\/uploads\/2025\/02\/wholesale-ceramic-vase-1-200x300.webp 200w, https:\/\/www.linkceramics.com\/wp-content\/uploads\/2025\/02\/wholesale-ceramic-vase-1-768x1152.webp 768w, https:\/\/www.linkceramics.com\/wp-content\/uploads\/2025\/02\/wholesale-ceramic-vase-1-1200x1800.webp 1200w, https:\/\/www.linkceramics.com\/wp-content\/uploads\/2025\/02\/wholesale-ceramic-vase-1-600x900.webp 600w\" sizes=\"(max-width: 4160px) 100vw, 4160px\" \/><\/figure>\n<\/div>\n<\/div>","protected":false},"excerpt":{"rendered":"<p>Willkommen im Gro\u00dfhandel Keramikvasen, mit verschiedenen floralen Mustern und Formen, exquisite Handwerkskunst und k\u00fcnstlerischen Sinn, geeignet f\u00fcr Haus und kommerzielle Dekoration. Fabrikpreise, und bieten die besten Rabatte f\u00fcr Bulk-Zoll, kontaktieren Sie uns heute!<\/p>\n<h2>Gro\u00dfhandel Keramik Vase Parameter<\/h2>\n<table border=\"0\" width=\"618\" cellspacing=\"0\" cellpadding=\"0\">\n<tbody>\n<tr>\n<td width=\"180\" height=\"26\">Hersteller<\/td>\n<td width=\"438\">Lianyuan<\/td>\n<\/tr>\n<tr>\n<td height=\"26\">Produkttyp<\/td>\n<td>Teller, Schalen, Teetasse, Teekanne<\/td>\n<\/tr>\n<tr>\n<td height=\"26\">Muster<\/td>\n<td>Pure Farbe Einfachheit<\/td>\n<\/tr>\n<tr>\n<td height=\"26\">Farbe<\/td>\n<td>Multi<\/td>\n<\/tr>\n<tr>\n<td height=\"26\">Material<\/td>\n<td>Dauerhaftes Porzellan<\/td>\n<\/tr>\n<tr>\n<td height=\"26\">Handwerkliches K\u00f6nnen<\/td>\n<td>In-Glasiertes Abziehbild, Handbemalung<\/td>\n<\/tr>\n<tr>\n<td height=\"26\">Anmeldung<\/td>\n<td>Mikrowellen- und sp\u00fclmaschinenfest, ofenfest<\/td>\n<\/tr>\n<tr>\n<td height=\"26\">Benutzerdefiniert<\/td>\n<td>Farbe\/Gr\u00f6\u00dfe\/Logo\/Verpackung<\/td>\n<\/tr>\n<\/tbody>\n<\/table>","protected":false},"featured_media":1912,"comment_status":"open","ping_status":"closed","template":"","meta":{"_acf_changed":true},"certification":[66,58,65,61,60,62,57],"product_brand":[],"product_cat":[37,17],"product_tag":[],"class_list":{"0":"post-1911","1":"product","2":"type-product","3":"status-publish","4":"has-post-thumbnail","6":"certification-cnas","7":"certification-fda","8":"certification-iaf","9":"certification-iso-14001","10":"certification-iso-45001","11":"certification-iso-9001","12":"certification-lfgb","13":"product_cat-decorative-ceramic-wholesale","14":"product_cat-ceramic-vases-wholesale","16":"first","17":"instock","18":"shipping-taxable","19":"product-type-simple"},"acf":[],"_links":{"self":[{"href":"https:\/\/www.linkceramics.com\/de\/wp-json\/wp\/v2\/product\/1911","targetHints":{"allow":["GET"]}}],"collection":[{"href":"https:\/\/www.linkceramics.com\/de\/wp-json\/wp\/v2\/product"}],"about":[{"href":"https:\/\/www.linkceramics.com\/de\/wp-json\/wp\/v2\/types\/product"}],"replies":[{"embeddable":true,"href":"https:\/\/www.linkceramics.com\/de\/wp-json\/wp\/v2\/comments?post=1911"}],"wp:featuredmedia":[{"embeddable":true,"href":"https:\/\/www.linkceramics.com\/de\/wp-json\/wp\/v2\/media\/1912"}],"wp:attachment":[{"href":"https:\/\/www.linkceramics.com\/de\/wp-json\/wp\/v2\/media?parent=1911"}],"wp:term":[{"taxonomy":"certification","embeddable":true,"href":"https:\/\/www.linkceramics.com\/de\/wp-json\/wp\/v2\/certification?post=1911"},{"taxonomy":"product_brand","embeddable":true,"href":"https:\/\/www.linkceramics.com\/de\/wp-json\/wp\/v2\/product_brand?post=1911"},{"taxonomy":"product_cat","embeddable":true,"href":"https:\/\/www.linkceramics.com\/de\/wp-json\/wp\/v2\/product_cat?post=1911"},{"taxonomy":"product_tag","embeddable":true,"href":"https:\/\/www.linkceramics.com\/de\/wp-json\/wp\/v2\/product_tag?post=1911"}],"curies":[{"name":"wp","href":"https:\/\/api.w.org\/{rel}","templated":true}]}}