{"id":1915,"date":"2025-03-03T02:06:56","date_gmt":"2025-03-03T02:06:56","guid":{"rendered":"https:\/\/www.linkceramics.com\/?post_type=product&#038;p=1915"},"modified":"2025-03-24T03:31:05","modified_gmt":"2025-03-24T03:31:05","slug":"wholesale-porcelain-dinnerware","status":"publish","type":"product","link":"https:\/\/www.linkceramics.com\/de\/product\/wholesale-porcelain-dinnerware\/","title":{"rendered":"Gro\u00dfhandel Porzellangeschirr Tee Set Elegant Wei\u00df Floral"},"content":{"rendered":"<div class=\"wp-block-columns is-layout-flex wp-container-core-columns-is-layout-9d6595d7 wp-block-columns-is-layout-flex\">\n<div class=\"wp-block-column is-layout-flow wp-block-column-is-layout-flow\" style=\"flex-basis:50%\">\n<h3 class=\"wp-block-heading\">Gro\u00dfhandel Porzellangeschirr Eigenschaften:<\/h3>\n\n\n\n<p><strong>Hochwertiges Porzellan: <\/strong>Unser Porzellangeschirr f\u00fcr den Gro\u00dfhandel ist aus haltbarem, fein strukturiertem Porzellan gefertigt, das robust und verschlei\u00dffest ist. Es ist auch umweltfreundlich und sicher, bleifrei, ungiftig und f\u00fcr den t\u00e4glichen Gebrauch geeignet.<\/p>\n\n\n\n<p><strong>Elegantes und modisches Design: <\/strong>Dieses ma\u00dfgeschneiderte Teeservice in nat\u00fcrlichem und elegantem Wei\u00df, verziert mit sch\u00f6nen kleinen Blumenmustern, vermittelt die Sch\u00f6nheit der Natur und Komfort.<\/p>\n\n\n\n<p><strong>Unregelm\u00e4\u00dfig geformtes Design:<\/strong> Unser Gro\u00dfhandelsporzellangeschirr bricht mit der traditionellen Form; das Design ist einzigartig, verleiht dem Tisch einen k\u00fcnstlerischen Sinn und erh\u00f6ht die Attraktivit\u00e4t des Gedecks.<\/p>\n\n\n\n<p><strong>Essgeschirr und Teeservice: <\/strong>Zum Abdecken von Tellern, Sch\u00fcsseln, Teetassen, Teekannen usw., geeignet f\u00fcr Nachmittagstee, Familienessen, Restaurant-Hotel-Catering, usw.<\/p>\n<\/div>\n\n\n\n<div class=\"wp-block-column is-layout-flow wp-block-column-is-layout-flow\" style=\"flex-basis:50%\">\n<figure class=\"wp-block-image size-full\"><img decoding=\"async\" width=\"2472\" height=\"2472\" src=\"https:\/\/www.linkceramics.com\/wp-content\/uploads\/2025\/03\/wholesale-porcelain-dinnerware-tea-set-5.webp\" alt=\"gro\u00dfhandel-porzellan-geschirr-tee-set-5\" class=\"wp-image-1919\" srcset=\"https:\/\/www.linkceramics.com\/wp-content\/uploads\/2025\/03\/wholesale-porcelain-dinnerware-tea-set-5.webp 2472w, https:\/\/www.linkceramics.com\/wp-content\/uploads\/2025\/03\/wholesale-porcelain-dinnerware-tea-set-5-300x300.webp 300w, https:\/\/www.linkceramics.com\/wp-content\/uploads\/2025\/03\/wholesale-porcelain-dinnerware-tea-set-5-150x150.webp 150w, https:\/\/www.linkceramics.com\/wp-content\/uploads\/2025\/03\/wholesale-porcelain-dinnerware-tea-set-5-768x768.webp 768w, https:\/\/www.linkceramics.com\/wp-content\/uploads\/2025\/03\/wholesale-porcelain-dinnerware-tea-set-5-1200x1200.webp 1200w, https:\/\/www.linkceramics.com\/wp-content\/uploads\/2025\/03\/wholesale-porcelain-dinnerware-tea-set-5-600x600.webp 600w, https:\/\/www.linkceramics.com\/wp-content\/uploads\/2025\/03\/wholesale-porcelain-dinnerware-tea-set-5-100x100.webp 100w\" sizes=\"(max-width: 2472px) 100vw, 2472px\" \/><\/figure>\n<\/div>\n<\/div>","protected":false},"excerpt":{"rendered":"<p>Willkommen im Gro\u00dfhandel Porzellangeschirr und Tee-Sets, elegante und nat\u00fcrliche Blumen versch\u00f6nern wei\u00dfe Teller, unregelm\u00e4\u00dfige Form Design, einzigartig und sch\u00f6n. F\u00fcr Fabrikpreise und kundenspezifische Dienstleistungen, kontaktieren Sie uns bitte f\u00fcr weitere Informationen \u00fcber feines Porzellangeschirr.<\/p>\n<h2>Gro\u00dfhandel Porzellangeschirr Parameter<\/h2>\n<table border=\"0\" width=\"618\" cellspacing=\"0\" cellpadding=\"0\">\n<tbody>\n<tr>\n<td width=\"180\" height=\"26\">Hersteller<\/td>\n<td width=\"438\">Lianyuan<\/td>\n<\/tr>\n<tr>\n<td height=\"26\">Produkttyp<\/td>\n<td>Teller, Schalen, Serviergeschirr, Teetasse, Teekanne, Vasse<\/td>\n<\/tr>\n<tr>\n<td height=\"26\">Muster<\/td>\n<td>Blumen<\/td>\n<\/tr>\n<tr>\n<td height=\"26\">Farbe<\/td>\n<td>Buntes<\/td>\n<\/tr>\n<tr>\n<td height=\"26\">Material<\/td>\n<td>Dauerhaftes Porzellan<\/td>\n<\/tr>\n<tr>\n<td height=\"26\">Handwerkliches K\u00f6nnen<\/td>\n<td>In-Glasiertes Abziehbild, Handbemalung<\/td>\n<\/tr>\n<tr>\n<td height=\"26\">Anmeldung<\/td>\n<td>Mikrowellen- und sp\u00fclmaschinenfest, ofenfest<\/td>\n<\/tr>\n<tr>\n<td height=\"26\">Benutzerdefiniert<\/td>\n<td>Farbe\/Gr\u00f6\u00dfe\/Logo\/Verpackung<\/td>\n<\/tr>\n<\/tbody>\n<\/table>","protected":false},"featured_media":1918,"comment_status":"open","ping_status":"closed","template":"","meta":{"_acf_changed":true},"certification":[66,58,65,61,60,62,57],"product_brand":[],"product_cat":[34,18,19],"product_tag":[],"class_list":{"0":"post-1915","1":"product","2":"type-product","3":"status-publish","4":"has-post-thumbnail","6":"certification-cnas","7":"certification-fda","8":"certification-iaf","9":"certification-iso-14001","10":"certification-iso-45001","11":"certification-iso-9001","12":"certification-lfgb","13":"product_cat-custom-household-ceramics","14":"product_cat-ceramic-tableware-wholesale","15":"product_cat-ceramic-tea-set-wholesale","17":"first","18":"instock","19":"shipping-taxable","20":"product-type-simple"},"acf":[],"_links":{"self":[{"href":"https:\/\/www.linkceramics.com\/de\/wp-json\/wp\/v2\/product\/1915","targetHints":{"allow":["GET"]}}],"collection":[{"href":"https:\/\/www.linkceramics.com\/de\/wp-json\/wp\/v2\/product"}],"about":[{"href":"https:\/\/www.linkceramics.com\/de\/wp-json\/wp\/v2\/types\/product"}],"replies":[{"embeddable":true,"href":"https:\/\/www.linkceramics.com\/de\/wp-json\/wp\/v2\/comments?post=1915"}],"wp:featuredmedia":[{"embeddable":true,"href":"https:\/\/www.linkceramics.com\/de\/wp-json\/wp\/v2\/media\/1918"}],"wp:attachment":[{"href":"https:\/\/www.linkceramics.com\/de\/wp-json\/wp\/v2\/media?parent=1915"}],"wp:term":[{"taxonomy":"certification","embeddable":true,"href":"https:\/\/www.linkceramics.com\/de\/wp-json\/wp\/v2\/certification?post=1915"},{"taxonomy":"product_brand","embeddable":true,"href":"https:\/\/www.linkceramics.com\/de\/wp-json\/wp\/v2\/product_brand?post=1915"},{"taxonomy":"product_cat","embeddable":true,"href":"https:\/\/www.linkceramics.com\/de\/wp-json\/wp\/v2\/product_cat?post=1915"},{"taxonomy":"product_tag","embeddable":true,"href":"https:\/\/www.linkceramics.com\/de\/wp-json\/wp\/v2\/product_tag?post=1915"}],"curies":[{"name":"wp","href":"https:\/\/api.w.org\/{rel}","templated":true}]}}