{"id":1920,"date":"2025-03-03T03:02:25","date_gmt":"2025-03-03T03:02:25","guid":{"rendered":"https:\/\/www.linkceramics.com\/?post_type=product&#038;p=1920"},"modified":"2025-03-03T03:02:26","modified_gmt":"2025-03-03T03:02:26","slug":"custom-ceramic-food-storage-container","status":"publish","type":"product","link":"https:\/\/www.linkceramics.com\/de\/product\/custom-ceramic-food-storage-container\/","title":{"rendered":"Kundenspezifische keramische Lebensmittelbeh\u00e4lter mit Deckel in loser Sch\u00fcttung"},"content":{"rendered":"<div class=\"wp-block-columns is-layout-flex wp-container-core-columns-is-layout-9d6595d7 wp-block-columns-is-layout-flex\">\n<div class=\"wp-block-column is-layout-flow wp-block-column-is-layout-flow\" style=\"flex-basis:50%\">\n<h3 class=\"wp-block-heading\">Kundenspezifische keramische Lebensmittelbeh\u00e4lter Merkmale:<\/h3>\n\n\n\n<p><strong>Hochwertiges, langlebiges Porzellan:<\/strong> Unsere keramischen Lebensmittelbeh\u00e4lter sind aus ungiftigem und sicherem Porzellan hergestellt. Es ist haltbarer, widerstandsf\u00e4hig gegen hohe Temperaturen und kann sicher in Mikrowellen, \u00d6fen und K\u00fchlschr\u00e4nken verwendet werden.<\/p>\n\n\n\n<p><strong>Einzigartiges und exquisites Design:<\/strong> Das Blumen- und Pflanzenmuster ist ein neuer und nat\u00fcrlicher Stil. Die handgemalte Arbeit und Glasur Abziehbilder bilden die Muster als hell und lebendig, und die Oberfl\u00e4che ist spiegelnde und glatt, die den Esstisch oder K\u00fcche mit einem Gef\u00fchl der Raffinesse.<\/p>\n\n\n\n<p><strong>Auslaufsichere Konstruktion:<\/strong> Unsere ma\u00dfgefertigten Keramikbeh\u00e4lter zur Aufbewahrung von Lebensmitteln verf\u00fcgen \u00fcber einen versiegelten Deckel, der ein Auslaufen des Inhalts verhindert; er hemmt wirksam das Bakterienwachstum und eignet sich f\u00fcr eine langfristige Lagerung.<\/p>\n\n\n\n<p><strong>Leicht zu reinigen:<\/strong> Die Oberfl\u00e4che ist glatt, nimmt nicht so leicht Essensreste auf und ist leicht zu reinigen.<\/p>\n\n\n\n<p><strong>Sicherheitszertifizierung: <\/strong>Unsere kundenspezifischen Keramikbeh\u00e4lter zur Aufbewahrung von Lebensmitteln entsprechen den Normen der California Proposition 65 und sind ungiftig und umweltfreundlich, was die Sicherheit der Lebensmittelaufbewahrung gew\u00e4hrleistet.<\/p>\n<\/div>\n\n\n\n<div class=\"wp-block-column is-layout-flow wp-block-column-is-layout-flow\" style=\"flex-basis:50%\">\n<figure class=\"wp-block-image size-full\"><img decoding=\"async\" width=\"3528\" height=\"3528\" src=\"https:\/\/www.linkceramics.com\/wp-content\/uploads\/2025\/03\/custom-ceramic-food-storage-containers-bulk-28.webp\" alt=\"keramische-lebensmittel-aufbewahrungsbeh\u00e4lter-bulk-28\" class=\"wp-image-1922\" srcset=\"https:\/\/www.linkceramics.com\/wp-content\/uploads\/2025\/03\/custom-ceramic-food-storage-containers-bulk-28.webp 3528w, https:\/\/www.linkceramics.com\/wp-content\/uploads\/2025\/03\/custom-ceramic-food-storage-containers-bulk-28-300x300.webp 300w, https:\/\/www.linkceramics.com\/wp-content\/uploads\/2025\/03\/custom-ceramic-food-storage-containers-bulk-28-150x150.webp 150w, https:\/\/www.linkceramics.com\/wp-content\/uploads\/2025\/03\/custom-ceramic-food-storage-containers-bulk-28-768x768.webp 768w, https:\/\/www.linkceramics.com\/wp-content\/uploads\/2025\/03\/custom-ceramic-food-storage-containers-bulk-28-1200x1200.webp 1200w, https:\/\/www.linkceramics.com\/wp-content\/uploads\/2025\/03\/custom-ceramic-food-storage-containers-bulk-28-600x600.webp 600w, https:\/\/www.linkceramics.com\/wp-content\/uploads\/2025\/03\/custom-ceramic-food-storage-containers-bulk-28-100x100.webp 100w\" sizes=\"(max-width: 3528px) 100vw, 3528px\" \/><\/figure>\n<\/div>\n<\/div>","protected":false},"excerpt":{"rendered":"<p>Individuelle Keramikbeh\u00e4lter zur Aufbewahrung von Lebensmitteln mit luftdichten Deckeln und sch\u00f6nem Blumendesign. Erh\u00e4ltlich in verschiedenen Gr\u00f6\u00dfen und Formen (rechteckig, quadratisch, rund), direkt vom Hersteller geliefert, beste Rabatte f\u00fcr Gro\u00dfhandelsbestellungen, willkommen zu erkundigen heute!<\/p>\n<h2>Benutzerdefinierte keramische Lebensmittelbeh\u00e4lter Parameter<\/h2>\n<table width=\"353\">\n<tbody>\n<tr>\n<td width=\"82\">Hersteller<\/td>\n<td width=\"270\">Lianyuan<\/td>\n<\/tr>\n<tr>\n<td>Produkttyp<\/td>\n<td width=\"270\">Lebensmittelbeh\u00e4lter, Aufbewahrungsbox<\/td>\n<\/tr>\n<tr>\n<td>Muster<\/td>\n<td>Blumen, Pflanzen<\/td>\n<\/tr>\n<tr>\n<td>Farbe<\/td>\n<td>\n<p>Mehrfarbig<\/p>\n<\/td>\n<\/tr>\n<tr>\n<td>Material<\/td>\n<td>Dauerhaftes Porzellan<\/td>\n<\/tr>\n<tr>\n<td>Handwerkliches K\u00f6nnen<\/td>\n<td>In-Glasur-Abziehbild, handbemalt\u00a0<\/td>\n<\/tr>\n<tr>\n<td>Anmeldung<\/td>\n<td>Mikrowellen- und sp\u00fclmaschinenfest, ofen- und gefrierschrankfest<\/td>\n<\/tr>\n<tr>\n<td>Benutzerdefiniert<\/td>\n<td>Farbe\/Gr\u00f6\u00dfe\/Logo\/Verpackung<\/td>\n<\/tr>\n<\/tbody>\n<\/table>","protected":false},"featured_media":1923,"comment_status":"open","ping_status":"closed","template":"","meta":{"_acf_changed":true},"certification":[66,58,65,61,60,62,57],"product_brand":[],"product_cat":[34,20],"product_tag":[],"class_list":{"0":"post-1920","1":"product","2":"type-product","3":"status-publish","4":"has-post-thumbnail","6":"certification-cnas","7":"certification-fda","8":"certification-iaf","9":"certification-iso-14001","10":"certification-iso-45001","11":"certification-iso-9001","12":"certification-lfgb","13":"product_cat-custom-household-ceramics","14":"product_cat-ceramic-kitchenware-wholesale","16":"first","17":"instock","18":"shipping-taxable","19":"product-type-simple"},"acf":[],"_links":{"self":[{"href":"https:\/\/www.linkceramics.com\/de\/wp-json\/wp\/v2\/product\/1920","targetHints":{"allow":["GET"]}}],"collection":[{"href":"https:\/\/www.linkceramics.com\/de\/wp-json\/wp\/v2\/product"}],"about":[{"href":"https:\/\/www.linkceramics.com\/de\/wp-json\/wp\/v2\/types\/product"}],"replies":[{"embeddable":true,"href":"https:\/\/www.linkceramics.com\/de\/wp-json\/wp\/v2\/comments?post=1920"}],"wp:featuredmedia":[{"embeddable":true,"href":"https:\/\/www.linkceramics.com\/de\/wp-json\/wp\/v2\/media\/1923"}],"wp:attachment":[{"href":"https:\/\/www.linkceramics.com\/de\/wp-json\/wp\/v2\/media?parent=1920"}],"wp:term":[{"taxonomy":"certification","embeddable":true,"href":"https:\/\/www.linkceramics.com\/de\/wp-json\/wp\/v2\/certification?post=1920"},{"taxonomy":"product_brand","embeddable":true,"href":"https:\/\/www.linkceramics.com\/de\/wp-json\/wp\/v2\/product_brand?post=1920"},{"taxonomy":"product_cat","embeddable":true,"href":"https:\/\/www.linkceramics.com\/de\/wp-json\/wp\/v2\/product_cat?post=1920"},{"taxonomy":"product_tag","embeddable":true,"href":"https:\/\/www.linkceramics.com\/de\/wp-json\/wp\/v2\/product_tag?post=1920"}],"curies":[{"name":"wp","href":"https:\/\/api.w.org\/{rel}","templated":true}]}}