{"id":1935,"date":"2025-03-10T03:51:18","date_gmt":"2025-03-10T03:51:18","guid":{"rendered":"https:\/\/www.linkceramics.com\/?post_type=product&#038;p=1935"},"modified":"2025-03-10T03:51:20","modified_gmt":"2025-03-10T03:51:20","slug":"customize-bathroom-sets","status":"publish","type":"product","link":"https:\/\/www.linkceramics.com\/de\/product\/customize-bathroom-sets\/","title":{"rendered":"4-teilige Badezimmer-Sets, keramische Bad-Accessoires Bulk Customize"},"content":{"rendered":"<div class=\"wp-block-columns is-layout-flex wp-container-core-columns-is-layout-9d6595d7 wp-block-columns-is-layout-flex\">\n<div class=\"wp-block-column is-layout-flow wp-block-column-is-layout-flow\" style=\"flex-basis:50%\">\n<h3 class=\"wp-block-heading\">Premium Customize Badezimmer-Sets Eigenschaften:<\/h3>\n\n\n\n<ul class=\"wp-block-list\">\n<li><strong>Elegantes Design:<\/strong> Diese ma\u00dfgeschneiderten Badezimmersets sind wei\u00df und haben eine sechseckige Textur auf der Oberfl\u00e4che. Das Design kann mit allen Arten von dekorativen Stilen abgestimmt werden, egal ob Ihr Badezimmer im minimalistischen, nordischen oder sogar modernen Stil gehalten ist. Dies k\u00f6nnte die Sch\u00f6nheit und den Luxus des gesamten Badezimmers unterstreichen.<\/li>\n\n\n\n<li><strong>Hochwertiges keramisches Material:<\/strong> Diese keramischen Bad-Accessoires in loser Sch\u00fcttung bestehen aus hochwertigem Material, das sie robust und langlebig genug macht, um Verschlei\u00df und Besch\u00e4digungen standzuhalten und eine l\u00e4ngere Lebenserwartung zu gew\u00e4hrleisten. Au\u00dferdem ist die \u00e4u\u00dfere Oberfl\u00e4che der Keramik glatt und leicht zu reinigen.<\/li>\n\n\n\n<li><strong>Vollst\u00e4ndiger Satz: <\/strong>Mit einem Seifenspender, einem Zahnb\u00fcrstenhalter, einem Mundwasserbecher und einer Seifenschale erf\u00fcllen diese 4-teiligen Keramiksets die Anforderungen an die Aufbewahrung und Reinigung des Badezimmers und sorgen f\u00fcr Ordnung im Bad.<\/li>\n\n\n\n<li><strong>Durchdachtes Design: <\/strong>Der Seifenspender f\u00fcr den Gro\u00dfhandel verf\u00fcgt \u00fcber eine breite \u00d6ffnung, die ein schnelles und problemloses Nachf\u00fcllen erm\u00f6glicht. Der gro\u00dfz\u00fcgig bemessene Pumpenkopf ist f\u00fcr m\u00fcheloses Dr\u00fccken ausgelegt. Die Seifenschale ist mit erh\u00f6hten F\u00fc\u00dfen ausgestattet, die Wasseransammlungen verhindern und die Stabilit\u00e4t erh\u00f6hen. Die erh\u00f6hten Streifen in der Mitte sorgen f\u00fcr zus\u00e4tzliche Reibung, halten die Seife sicher an ihrem Platz und verhindern ein unerw\u00fcnschtes Verrutschen.<\/li>\n<\/ul>\n<\/div>\n\n\n\n<div class=\"wp-block-column is-layout-flow wp-block-column-is-layout-flow\" style=\"flex-basis:50%\">\n<figure class=\"wp-block-image size-full\"><img decoding=\"async\" width=\"1600\" height=\"1600\" src=\"https:\/\/www.linkceramics.com\/wp-content\/uploads\/2025\/03\/4-Piece-Designer-Bathroom-Sets-Wholesale-Ceramic-Bathroom-Supplies.webp\" alt=\"4-teilige Badezimmer-Sets, keramische Bad-Accessoires Bulk-1\" class=\"wp-image-1936\" srcset=\"https:\/\/www.linkceramics.com\/wp-content\/uploads\/2025\/03\/4-Piece-Designer-Bathroom-Sets-Wholesale-Ceramic-Bathroom-Supplies.webp 1600w, https:\/\/www.linkceramics.com\/wp-content\/uploads\/2025\/03\/4-Piece-Designer-Bathroom-Sets-Wholesale-Ceramic-Bathroom-Supplies-300x300.webp 300w, https:\/\/www.linkceramics.com\/wp-content\/uploads\/2025\/03\/4-Piece-Designer-Bathroom-Sets-Wholesale-Ceramic-Bathroom-Supplies-150x150.webp 150w, https:\/\/www.linkceramics.com\/wp-content\/uploads\/2025\/03\/4-Piece-Designer-Bathroom-Sets-Wholesale-Ceramic-Bathroom-Supplies-768x768.webp 768w, https:\/\/www.linkceramics.com\/wp-content\/uploads\/2025\/03\/4-Piece-Designer-Bathroom-Sets-Wholesale-Ceramic-Bathroom-Supplies-1200x1200.webp 1200w, https:\/\/www.linkceramics.com\/wp-content\/uploads\/2025\/03\/4-Piece-Designer-Bathroom-Sets-Wholesale-Ceramic-Bathroom-Supplies-600x600.webp 600w, https:\/\/www.linkceramics.com\/wp-content\/uploads\/2025\/03\/4-Piece-Designer-Bathroom-Sets-Wholesale-Ceramic-Bathroom-Supplies-100x100.webp 100w\" sizes=\"(max-width: 1600px) 100vw, 1600px\" \/><\/figure>\n<\/div>\n<\/div>\n\n\n\n<p><\/p>","protected":false},"excerpt":{"rendered":"<div class=\"elementor-element elementor-element-12826c1 elementor-widget elementor-widget-text-editor\" data-id=\"12826c1\" data-element_type=\"widget\" data-widget_type=\"text-editor.default\">\n<div class=\"elementor-widget-container\">Willkommen zum Kauf von keramischen Bad-Accessoires in gro\u00dfen Mengen. Diese keramischen Bad-Sets sind sehr attraktiv; die wei\u00dfe Farbe f\u00fcgt sich leicht in jeden Stil der Baddekoration ein, zeigt die Eleganz voll und ganz und f\u00fcgt dem Bad umfassend Sch\u00f6nheit hinzu. Das keramische Material, das langlebig und sauber ist, ist mit viel Liebe zum Detail verarbeitet. Stilvoll und praktisch, jedes Set f\u00fcgt Sauberkeit und Gelassenheit in das Bad.<\/p>\n<h2>Badezimmer-Sets anpassen Spezifikationen:<\/h2>\n<\/div>\n<\/div>\n<div data-id=\"bef26dc\" data-element_type=\"widget\" data-widget_type=\"text-editor.default\">\n<div data-id=\"bef26dc\" data-element_type=\"widget\" data-widget_type=\"text-editor.default\">\n<table border=\"0\" width=\"476\" cellspacing=\"0\" cellpadding=\"0\">\n<tbody>\n<tr>\n<td width=\"187\" height=\"29\">Hersteller<\/td>\n<td width=\"289\">JINHUA<\/td>\n<\/tr>\n<tr>\n<td height=\"29\">Modell Nr.<\/td>\n<td>JHB68<\/td>\n<\/tr>\n<tr>\n<td height=\"29\">Gestaltung<\/td>\n<td>4-teiliges Set<\/td>\n<\/tr>\n<tr>\n<td height=\"29\">Material<\/td>\n<td>Keramik<\/td>\n<\/tr>\n<tr>\n<td height=\"29\">Farbe<\/td>\n<td width=\"289\">Wei\u00df<\/td>\n<\/tr>\n<tr>\n<td height=\"29\">Benutzerdefiniert<\/td>\n<td>Farbe\/Gr\u00f6\u00dfe\/Logo\/Verpackung<\/td>\n<\/tr>\n<tr>\n<td height=\"29\">MOQ<\/td>\n<td>500 S\u00e4tze<\/td>\n<\/tr>\n<tr>\n<td height=\"87\">Dimension<\/td>\n<td width=\"289\">Seifenflasche: 9.2*9.2*12.3cm<br \/>Becher: 9*9*9.9cm<br \/>Seifenschale: 13.8*8.4*2.9cm<\/td>\n<\/tr>\n<\/tbody>\n<\/table>\n<\/div>\n<\/div>","protected":false},"featured_media":1937,"comment_status":"open","ping_status":"closed","template":"","meta":{"_acf_changed":true},"certification":[63,64,66,58,65,61,60,62,57],"product_brand":[],"product_cat":[35,22],"product_tag":[],"class_list":{"0":"post-1935","1":"product","2":"type-product","3":"status-publish","4":"has-post-thumbnail","6":"certification-amfori","7":"certification-bsci","8":"certification-cnas","9":"certification-fda","10":"certification-iaf","11":"certification-iso-14001","12":"certification-iso-45001","13":"certification-iso-9001","14":"certification-lfgb","15":"product_cat-bathroom-ceramics-supply","16":"product_cat-ceramic-bathroom-set","18":"first","19":"instock","20":"shipping-taxable","21":"product-type-simple"},"acf":[],"_links":{"self":[{"href":"https:\/\/www.linkceramics.com\/de\/wp-json\/wp\/v2\/product\/1935","targetHints":{"allow":["GET"]}}],"collection":[{"href":"https:\/\/www.linkceramics.com\/de\/wp-json\/wp\/v2\/product"}],"about":[{"href":"https:\/\/www.linkceramics.com\/de\/wp-json\/wp\/v2\/types\/product"}],"replies":[{"embeddable":true,"href":"https:\/\/www.linkceramics.com\/de\/wp-json\/wp\/v2\/comments?post=1935"}],"wp:featuredmedia":[{"embeddable":true,"href":"https:\/\/www.linkceramics.com\/de\/wp-json\/wp\/v2\/media\/1937"}],"wp:attachment":[{"href":"https:\/\/www.linkceramics.com\/de\/wp-json\/wp\/v2\/media?parent=1935"}],"wp:term":[{"taxonomy":"certification","embeddable":true,"href":"https:\/\/www.linkceramics.com\/de\/wp-json\/wp\/v2\/certification?post=1935"},{"taxonomy":"product_brand","embeddable":true,"href":"https:\/\/www.linkceramics.com\/de\/wp-json\/wp\/v2\/product_brand?post=1935"},{"taxonomy":"product_cat","embeddable":true,"href":"https:\/\/www.linkceramics.com\/de\/wp-json\/wp\/v2\/product_cat?post=1935"},{"taxonomy":"product_tag","embeddable":true,"href":"https:\/\/www.linkceramics.com\/de\/wp-json\/wp\/v2\/product_tag?post=1935"}],"curies":[{"name":"wp","href":"https:\/\/api.w.org\/{rel}","templated":true}]}}