{"id":1941,"date":"2025-03-10T04:06:25","date_gmt":"2025-03-10T04:06:25","guid":{"rendered":"https:\/\/www.linkceramics.com\/?post_type=product&#038;p=1941"},"modified":"2025-03-10T04:06:26","modified_gmt":"2025-03-10T04:06:26","slug":"wholesale-5-piece-bathroom-accessories-set","status":"publish","type":"product","link":"https:\/\/www.linkceramics.com\/de\/product\/wholesale-5-piece-bathroom-accessories-set\/","title":{"rendered":"Gro\u00dfhandel 5-St\u00fcck Bad-Accessoires Set mit modernem Design"},"content":{"rendered":"<div class=\"wp-block-columns is-layout-flex wp-container-core-columns-is-layout-9d6595d7 wp-block-columns-is-layout-flex\">\n<div class=\"wp-block-column is-layout-flow wp-block-column-is-layout-flow\" style=\"flex-basis:50%\">\n<h3 class=\"wp-block-heading\">Premium-Gro\u00dfhandel 5-St\u00fcck-Badezimmer-Accessoires Set Features:<\/h3>\n\n\n\n<ul class=\"wp-block-list\">\n<li><strong>F\u00fcnf St\u00fccke sind in der Praktikabilit\u00e4t hart:<\/strong> Dieses Gro\u00dfhandels-Badezubeh\u00f6rset umfasst einen Seifenspender, eine Seifenschale, 2 Zahnputzbecher und ein Aufbewahrungsglas - alles f\u00fcr den Grundbedarf im Badezimmer, um es ordentlich, organisiert und bequem f\u00fcr den t\u00e4glichen Gebrauch zu halten.<\/li>\n\n\n\n<li><strong>Langlebig und schmutzabweisend:<\/strong> Unser 5-teiliges Badezimmerzubeh\u00f6rset f\u00fcr den Gro\u00dfhandel ist aus hochwertigen Materialien gefertigt und f\u00fcr eine lange Lebensdauer ausgelegt. Es ist robust, widerstandsf\u00e4hig gegen Flecken und so konzipiert, dass es sein makelloses Aussehen \u00fcber lange Zeit beibeh\u00e4lt.<\/li>\n\n\n\n<li><strong>Elegantes und funktionelles Design:<\/strong> Dieses 5-teilige Gro\u00dfhandelsset f\u00fcr Badaccessoires hat eine moderne quadratische Form in frischem Wei\u00df und verf\u00fcgt \u00fcber eine konkave Textur, die nicht nur den optischen Reiz erh\u00f6ht, sondern auch eine rutschfeste Oberfl\u00e4che f\u00fcr zus\u00e4tzliche Sicherheit und Bequemlichkeit bietet. Au\u00dferdem macht das Design die Reinigung schnell und m\u00fchelos.<\/li>\n\n\n\n<li><strong>Passt zu den meisten Badstilen:<\/strong> Dieses schlichte Badaccessoire passt zu den meisten Einrichtungsstilen, sei es ein modernes, einfaches oder ein traditionelles Badezimmer, und hilft dem Benutzer, das Ambiente und die Sch\u00f6nheit des Raumes zu verbessern.<\/li>\n<\/ul>\n<\/div>\n\n\n\n<div class=\"wp-block-column is-layout-flow wp-block-column-is-layout-flow\" style=\"flex-basis:50%\">\n<figure class=\"wp-block-image size-full\"><img decoding=\"async\" width=\"1500\" height=\"1500\" src=\"https:\/\/www.linkceramics.com\/wp-content\/uploads\/2025\/03\/ceramic-bathroom-set-2.webp\" alt=\"Gro\u00dfhandel 5-St\u00fcck Bad-Accessoires Set mit modernem Design-4\" class=\"wp-image-1944\" srcset=\"https:\/\/www.linkceramics.com\/wp-content\/uploads\/2025\/03\/ceramic-bathroom-set-2.webp 1500w, https:\/\/www.linkceramics.com\/wp-content\/uploads\/2025\/03\/ceramic-bathroom-set-2-300x300.webp 300w, https:\/\/www.linkceramics.com\/wp-content\/uploads\/2025\/03\/ceramic-bathroom-set-2-150x150.webp 150w, https:\/\/www.linkceramics.com\/wp-content\/uploads\/2025\/03\/ceramic-bathroom-set-2-768x768.webp 768w, https:\/\/www.linkceramics.com\/wp-content\/uploads\/2025\/03\/ceramic-bathroom-set-2-1200x1200.webp 1200w, https:\/\/www.linkceramics.com\/wp-content\/uploads\/2025\/03\/ceramic-bathroom-set-2-600x600.webp 600w, https:\/\/www.linkceramics.com\/wp-content\/uploads\/2025\/03\/ceramic-bathroom-set-2-100x100.webp 100w\" sizes=\"(max-width: 1500px) 100vw, 1500px\" \/><\/figure>\n<\/div>\n<\/div>\n\n\n\n<p><\/p>","protected":false},"excerpt":{"rendered":"<div class=\"elementor-element elementor-element-12826c1 elementor-widget elementor-widget-text-editor\" data-id=\"12826c1\" data-element_type=\"widget\" data-widget_type=\"text-editor.default\">\n<div class=\"elementor-widget-container\">Willkommen im Gro\u00dfhandel Bad-Accessoires. Diese moderne Gro\u00dfhandel 5-teilige Bad-Accessoires-Set ist in einem wei\u00dfen quadratischen Form mit einer einzigartigen konkaven Textur, zeigt eine stilvolle und einfache Atmosph\u00e4re. Hergestellt aus hochwertigen keramischen Materialien, wird dieses Produkt sicherlich stark, langlebig und leicht zu reinigen sein, entsprechend die grundlegenden Bed\u00fcrfnisse des Badezimmers zu erf\u00fcllen.<\/p>\n<h2 class=\"wp-block-heading\">Gro\u00dfhandel 5-Piece Badezimmer Zubeh\u00f6r Set Spezifikationen:<\/h2>\n<\/div>\n<\/div>\n<div data-id=\"bef26dc\" data-element_type=\"widget\" data-widget_type=\"text-editor.default\">\n<table border=\"0\" width=\"582\" cellspacing=\"0\" cellpadding=\"0\">\n<tbody>\n<tr>\n<td width=\"229\" height=\"33\">Hersteller<\/td>\n<td width=\"353\">JINHUA<\/td>\n<\/tr>\n<tr>\n<td height=\"33\">Modell Nr.<\/td>\n<td>JHB14<\/td>\n<\/tr>\n<tr>\n<td height=\"33\">Gestaltung<\/td>\n<td>F\u00fcnfteiliges Set<\/td>\n<\/tr>\n<tr>\n<td height=\"33\">Material<\/td>\n<td>Keramik<\/td>\n<\/tr>\n<tr>\n<td height=\"33\">Farbe<\/td>\n<td width=\"353\">Wei\u00df<\/td>\n<\/tr>\n<tr>\n<td height=\"33\">Benutzerdefiniert<\/td>\n<td>Farbe\/Gr\u00f6\u00dfe\/Logo\/Verpackung<\/td>\n<\/tr>\n<tr>\n<td height=\"33\">MOQ<\/td>\n<td>500 S\u00e4tze<\/td>\n<\/tr>\n<tr>\n<td height=\"132\">Dimension<\/td>\n<td width=\"353\">Seifenflasche:9*9*15cm<br \/>Tasse:7.7*7.7*10cm<br \/>Seifenschale:12.3*12.3*2.4cm<br \/>Gef\u00e4\u00df:9*9*11.4cm<\/td>\n<\/tr>\n<\/tbody>\n<\/table>\n<\/div>","protected":false},"featured_media":1942,"comment_status":"open","ping_status":"closed","template":"","meta":{"_acf_changed":true},"certification":[63,64,66,58,65,61,60,62,57],"product_brand":[],"product_cat":[35,22],"product_tag":[],"class_list":{"0":"post-1941","1":"product","2":"type-product","3":"status-publish","4":"has-post-thumbnail","6":"certification-amfori","7":"certification-bsci","8":"certification-cnas","9":"certification-fda","10":"certification-iaf","11":"certification-iso-14001","12":"certification-iso-45001","13":"certification-iso-9001","14":"certification-lfgb","15":"product_cat-bathroom-ceramics-supply","16":"product_cat-ceramic-bathroom-set","18":"first","19":"instock","20":"shipping-taxable","21":"product-type-simple"},"acf":[],"_links":{"self":[{"href":"https:\/\/www.linkceramics.com\/de\/wp-json\/wp\/v2\/product\/1941","targetHints":{"allow":["GET"]}}],"collection":[{"href":"https:\/\/www.linkceramics.com\/de\/wp-json\/wp\/v2\/product"}],"about":[{"href":"https:\/\/www.linkceramics.com\/de\/wp-json\/wp\/v2\/types\/product"}],"replies":[{"embeddable":true,"href":"https:\/\/www.linkceramics.com\/de\/wp-json\/wp\/v2\/comments?post=1941"}],"wp:featuredmedia":[{"embeddable":true,"href":"https:\/\/www.linkceramics.com\/de\/wp-json\/wp\/v2\/media\/1942"}],"wp:attachment":[{"href":"https:\/\/www.linkceramics.com\/de\/wp-json\/wp\/v2\/media?parent=1941"}],"wp:term":[{"taxonomy":"certification","embeddable":true,"href":"https:\/\/www.linkceramics.com\/de\/wp-json\/wp\/v2\/certification?post=1941"},{"taxonomy":"product_brand","embeddable":true,"href":"https:\/\/www.linkceramics.com\/de\/wp-json\/wp\/v2\/product_brand?post=1941"},{"taxonomy":"product_cat","embeddable":true,"href":"https:\/\/www.linkceramics.com\/de\/wp-json\/wp\/v2\/product_cat?post=1941"},{"taxonomy":"product_tag","embeddable":true,"href":"https:\/\/www.linkceramics.com\/de\/wp-json\/wp\/v2\/product_tag?post=1941"}],"curies":[{"name":"wp","href":"https:\/\/api.w.org\/{rel}","templated":true}]}}