{"id":1997,"date":"2025-03-24T03:35:13","date_gmt":"2025-03-24T03:35:13","guid":{"rendered":"https:\/\/www.linkceramics.com\/?post_type=product&#038;p=1997"},"modified":"2025-09-22T10:25:15","modified_gmt":"2025-09-22T10:25:15","slug":"ceramic-tableware-set-in-bulk","status":"publish","type":"product","link":"https:\/\/www.linkceramics.com\/de\/product\/ceramic-tableware-set-in-bulk\/","title":{"rendered":"Hochzeit Keramik-Geschirr-Set in Bulk mit Bogen dekoriert"},"content":{"rendered":"<div class=\"wp-block-columns is-layout-flex wp-container-core-columns-is-layout-9d6595d7 wp-block-columns-is-layout-flex\">\n<div class=\"wp-block-column is-layout-flow wp-block-column-is-layout-flow\" style=\"flex-basis:50%\">\n<h3 class=\"wp-block-heading\">Keramik-Geschirrset in Bulk Eigenschaften:<\/h3>\n\n\n\n<p><strong>Romantische Schleife als Dekoration:<\/strong> Dieses Hochzeitsgeschirr aus Keramik ist mit sch\u00f6nen roten und rosafarbenen Schleifen verziert, die Eleganz und Romantik ausstrahlen und eine warme Atmosph\u00e4re f\u00fcr Hochzeitsbankette oder andere besondere Anl\u00e4sse schaffen und ein Blickfang auf dem Tisch sind.<\/p>\n\n\n\n<p><strong>Verschiedene Gr\u00f6\u00dfen:<\/strong> Unser Keramikgeschirr in gro\u00dfen Mengen besteht aus Tellern, Sch\u00fcsseln und Tassen in verschiedenen Gr\u00f6\u00dfen, um all Ihren pers\u00f6nlichen Bed\u00fcrfnissen gerecht zu werden, egal ob Sie eine Vorspeise, ein Hauptgericht, ein Dessert oder ein Getr\u00e4nk zu sich nehmen, wir haben die erforderlichen Gr\u00f6\u00dfen.<\/p>\n\n\n\n<p><strong>Hochwertiges keramisches Material:<\/strong> Hochwertiges keramisches Material wird f\u00fcr die Herstellung unseres keramischen Hochzeitsgeschirrsets verwendet, das eine gute Rissbest\u00e4ndigkeit und Haltbarkeit aufweist. Gleichzeitig ist die Oberfl\u00e4che des Geschirrs glatt und leicht zu reinigen, so dass es f\u00fcr einen effizienten Bankettservice geeignet ist.<\/p>\n\n\n\n<p><strong>Geeignet f\u00fcr Ofen, Mikrowelle und Sp\u00fclmaschine:<\/strong> Dieses individuelle Keramikgeschirr kann bei hohen Temperaturen im Backofen und in der Mikrowelle erhitzt werden und h\u00e4lt auch der Sp\u00fclmaschine stand. Es ist praktisch und schnell und entspricht perfekt den Bed\u00fcrfnissen der modernen K\u00fcche.<\/p>\n\n\n\n<p><strong>Geeignet f\u00fcr Hochzeiten und andere besondere Anl\u00e4sse: <\/strong>Diese Geschirrsets f\u00fcr den Gro\u00dfhandel sorgen f\u00fcr ein einzigartiges und romantisches Esserlebnis bei verschiedenen Anl\u00e4ssen wie Hochzeiten, Geburtstagsfeiern, Feiertagen und Jubil\u00e4en.<\/p>\n<\/div>\n\n\n\n<div class=\"wp-block-column is-layout-flow wp-block-column-is-layout-flow\" style=\"flex-basis:50%\">\n<figure class=\"wp-block-image size-full\"><img decoding=\"async\" width=\"1200\" height=\"1200\" src=\"https:\/\/www.linkceramics.com\/wp-content\/uploads\/2025\/03\/wedding-ceramic-tableware-set-in-bulk-with-bow-decorated-1.webp\" alt=\"Hochzeits-Keramik-Geschirr-Set-mit-Schleife-verziert-1\" class=\"wp-image-2608\" srcset=\"https:\/\/www.linkceramics.com\/wp-content\/uploads\/2025\/03\/wedding-ceramic-tableware-set-in-bulk-with-bow-decorated-1.webp 1200w, https:\/\/www.linkceramics.com\/wp-content\/uploads\/2025\/03\/wedding-ceramic-tableware-set-in-bulk-with-bow-decorated-1-300x300.webp 300w, https:\/\/www.linkceramics.com\/wp-content\/uploads\/2025\/03\/wedding-ceramic-tableware-set-in-bulk-with-bow-decorated-1-150x150.webp 150w, https:\/\/www.linkceramics.com\/wp-content\/uploads\/2025\/03\/wedding-ceramic-tableware-set-in-bulk-with-bow-decorated-1-768x768.webp 768w, https:\/\/www.linkceramics.com\/wp-content\/uploads\/2025\/03\/wedding-ceramic-tableware-set-in-bulk-with-bow-decorated-1-12x12.webp 12w, https:\/\/www.linkceramics.com\/wp-content\/uploads\/2025\/03\/wedding-ceramic-tableware-set-in-bulk-with-bow-decorated-1-600x600.webp 600w, https:\/\/www.linkceramics.com\/wp-content\/uploads\/2025\/03\/wedding-ceramic-tableware-set-in-bulk-with-bow-decorated-1-100x100.webp 100w\" sizes=\"(max-width: 1200px) 100vw, 1200px\" \/><\/figure>\n<\/div>\n<\/div>","protected":false},"excerpt":{"rendered":"<p>Willkommen zum Kauf unserer Keramik-Geschirr-Set in gro\u00dfen Mengen. Unser Hochzeitsgeschirr Gro\u00dfhandel, verziert mit roten und rosa Schleifen, zeigt ein romantisches Design. Teller, Sch\u00fcsseln und Tassen sind in verschiedenen Gr\u00f6\u00dfen erh\u00e4ltlich. Gefertigt aus hochwertiger Keramik, hat diese Geschirrkollektion eine elegante \u00c4sthetik und ist gleichzeitig sicher im Ofen, in der Mikrowelle und in der Sp\u00fclmaschine f\u00fcr zus\u00e4tzlichen Komfort.<\/p>\n<h2>Keramik-Geschirr-Set Parameter:<\/h2>\n<div id=\"brxe-8c5ca9\">\n<div>\n<table width=\"338\">\n<tbody>\n<tr>\n<td width=\"124\">Hersteller<\/td>\n<td width=\"214\">Liebevolles Zuhause<\/td>\n<\/tr>\n<tr>\n<td width=\"124\">Sammlung Name<\/td>\n<td width=\"214\">B\u00e4ndchen Gnade<\/td>\n<\/tr>\n<tr>\n<td width=\"124\">Verwendung<\/td>\n<td width=\"214\">Haus, Restaurant, Hotel<\/td>\n<\/tr>\n<tr>\n<td width=\"124\">Essgeschirr Typ<\/td>\n<td width=\"214\">Krug, Tasse, Becher, Milchk\u00e4nnchen, Teller, Sch\u00fcssel, Tapas-Set<\/td>\n<\/tr>\n<tr>\n<td width=\"124\">Material<\/td>\n<td width=\"214\">Dauerhaftes Porzellan<\/td>\n<\/tr>\n<tr>\n<td width=\"124\">Dimension<\/td>\n<td width=\"214\">Wie Detailbild<\/td>\n<\/tr>\n<tr>\n<td width=\"124\">Verkaufende Einheiten<\/td>\n<td width=\"214\">Einzelnes Element<\/td>\n<\/tr>\n<tr>\n<td width=\"124\">MOQ<\/td>\n<td width=\"214\">1200\/St\u00fcck pro Artikel<\/td>\n<\/tr>\n<tr>\n<td width=\"124\">Kundenspezifische Option<\/td>\n<td width=\"214\">Farbe\/Gr\u00f6\u00dfe\/Glasur\/Logo\/Verpackung<\/td>\n<\/tr>\n<\/tbody>\n<\/table>\n<\/div>\n<\/div>","protected":false},"featured_media":2611,"comment_status":"open","ping_status":"closed","template":"","meta":{"_acf_changed":false},"certification":[63,64,66,58,65,61,60,62],"product_brand":[],"product_cat":[34,18],"product_tag":[],"class_list":{"0":"post-1997","1":"product","2":"type-product","3":"status-publish","4":"has-post-thumbnail","6":"certification-amfori","7":"certification-bsci","8":"certification-cnas","9":"certification-fda","10":"certification-iaf","11":"certification-iso-14001","12":"certification-iso-45001","13":"certification-iso-9001","14":"product_cat-custom-household-ceramics","15":"product_cat-ceramic-tableware-wholesale","17":"first","18":"instock","19":"shipping-taxable","20":"product-type-simple"},"acf":[],"_links":{"self":[{"href":"https:\/\/www.linkceramics.com\/de\/wp-json\/wp\/v2\/product\/1997","targetHints":{"allow":["GET"]}}],"collection":[{"href":"https:\/\/www.linkceramics.com\/de\/wp-json\/wp\/v2\/product"}],"about":[{"href":"https:\/\/www.linkceramics.com\/de\/wp-json\/wp\/v2\/types\/product"}],"replies":[{"embeddable":true,"href":"https:\/\/www.linkceramics.com\/de\/wp-json\/wp\/v2\/comments?post=1997"}],"wp:featuredmedia":[{"embeddable":true,"href":"https:\/\/www.linkceramics.com\/de\/wp-json\/wp\/v2\/media\/2611"}],"wp:attachment":[{"href":"https:\/\/www.linkceramics.com\/de\/wp-json\/wp\/v2\/media?parent=1997"}],"wp:term":[{"taxonomy":"certification","embeddable":true,"href":"https:\/\/www.linkceramics.com\/de\/wp-json\/wp\/v2\/certification?post=1997"},{"taxonomy":"product_brand","embeddable":true,"href":"https:\/\/www.linkceramics.com\/de\/wp-json\/wp\/v2\/product_brand?post=1997"},{"taxonomy":"product_cat","embeddable":true,"href":"https:\/\/www.linkceramics.com\/de\/wp-json\/wp\/v2\/product_cat?post=1997"},{"taxonomy":"product_tag","embeddable":true,"href":"https:\/\/www.linkceramics.com\/de\/wp-json\/wp\/v2\/product_tag?post=1997"}],"curies":[{"name":"wp","href":"https:\/\/api.w.org\/{rel}","templated":true}]}}