{"id":2006,"date":"2025-03-24T03:48:29","date_gmt":"2025-03-24T03:48:29","guid":{"rendered":"https:\/\/www.linkceramics.com\/?post_type=product&#038;p=2006"},"modified":"2025-09-22T03:57:34","modified_gmt":"2025-09-22T03:57:34","slug":"bulk-ceramic-flower-vase","status":"publish","type":"product","link":"https:\/\/www.linkceramics.com\/de\/product\/bulk-ceramic-flower-vase\/","title":{"rendered":"Bulk-Keramik-Blumenvase, weiche gr\u00fcne Farbe Kunst Ornamente"},"content":{"rendered":"<div class=\"wp-block-columns is-layout-flex wp-container-core-columns-is-layout-9d6595d7 wp-block-columns-is-layout-flex\">\n<div class=\"wp-block-column is-layout-flow wp-block-column-is-layout-flow\">\n<h3 class=\"wp-block-heading\">Bulk Keramik Blumenvase Merkmale:<\/h3>\n\n\n\n<p><strong>Umweltfreundliche und ungiftige Materialien: <\/strong>Die keramische Blumenvase wird aus nat\u00fcrlichem Ton und ungiftiger Glasur hergestellt und ist gesund und sicher f\u00fcr den Gebrauch in Ihrem Haus, B\u00fcro und an allen kommerziellen Orten.<\/p>\n\n\n\n<p><strong>Robust und langlebig:<\/strong> Unsere Gro\u00dfhandel Keramik Vase ist aus hochwertigem Ton bei hohen Temperaturen gebrannt, es ist langlebig und rissfest, mit der Oberfl\u00e4che leicht zu reinigen, und geeignet f\u00fcr den langfristigen Einsatz.<\/p>\n\n\n\n<p><strong>Dekorative Vielseitigkeit:<\/strong> Diese Blumenvasen aus Keramik sind in drei Gr\u00f6\u00dfen erh\u00e4ltlich und bieten viel Platz f\u00fcr alle Arten von Pr\u00e4sentationen, vom B\u00fccherregal im Arbeitszimmer bis zum Couchtisch im Wohnzimmer.<\/p>\n\n\n\n<p><strong>\u00c4sthetische Anziehungskraft:<\/strong> Diese Blumenvasen aus Keramik sind mit einer hellgr\u00fcnen Farbe, einer feinen Craquel\u00e9-Glasur und d\u00fcnnen Farnmustern versehen, die einen besonderen Reiz aus\u00fcben.<\/p>\n\n\n\n<p><strong>F\u00e4higkeit zur Massenproduktion:<\/strong> Als Lieferant und Exporteur von Vasen verf\u00fcgen wir \u00fcber einen hochmodernen Maschinenpark und qualifiziertes Personal, das die Vasen in gro\u00dfen Mengen entsprechend der Nachfrage aus aller Welt f\u00fcr Gro\u00dfhandelsauftr\u00e4ge herstellt.<\/p>\n<\/div>\n<\/div>\n\n\n\n<div class=\"wp-block-columns is-layout-flex wp-container-core-columns-is-layout-9d6595d7 wp-block-columns-is-layout-flex\">\n<div class=\"wp-block-column is-layout-flow wp-block-column-is-layout-flow\">\n<figure class=\"wp-block-image size-full\"><img decoding=\"async\" width=\"2843\" height=\"2369\" src=\"https:\/\/www.linkceramics.com\/wp-content\/uploads\/2025\/03\/bulk-ceramic-flower-vase-soft-green-color-art-ornaments-6.webp\" alt=\"bulk-keramik-blumen-vase-weich-gr\u00fcn-farbe-art-ornamente-6\" class=\"wp-image-2566\" srcset=\"https:\/\/www.linkceramics.com\/wp-content\/uploads\/2025\/03\/bulk-ceramic-flower-vase-soft-green-color-art-ornaments-6.webp 2843w, https:\/\/www.linkceramics.com\/wp-content\/uploads\/2025\/03\/bulk-ceramic-flower-vase-soft-green-color-art-ornaments-6-300x250.webp 300w, https:\/\/www.linkceramics.com\/wp-content\/uploads\/2025\/03\/bulk-ceramic-flower-vase-soft-green-color-art-ornaments-6-768x640.webp 768w, https:\/\/www.linkceramics.com\/wp-content\/uploads\/2025\/03\/bulk-ceramic-flower-vase-soft-green-color-art-ornaments-6-14x12.webp 14w, https:\/\/www.linkceramics.com\/wp-content\/uploads\/2025\/03\/bulk-ceramic-flower-vase-soft-green-color-art-ornaments-6-1200x1000.webp 1200w, https:\/\/www.linkceramics.com\/wp-content\/uploads\/2025\/03\/bulk-ceramic-flower-vase-soft-green-color-art-ornaments-6-600x500.webp 600w\" sizes=\"(max-width: 2843px) 100vw, 2843px\" \/><\/figure>\n<\/div>\n\n\n\n<div class=\"wp-block-column is-layout-flow wp-block-column-is-layout-flow\">\n<figure class=\"wp-block-image size-full\"><img decoding=\"async\" width=\"2405\" height=\"2004\" src=\"https:\/\/www.linkceramics.com\/wp-content\/uploads\/2025\/03\/bulk-ceramic-flower-vase-soft-green-color-art-ornaments-5.webp\" alt=\"bulk-keramik-blumen-vase-weich-gr\u00fcn-farbe-art-ornaments-5\" class=\"wp-image-2565\" srcset=\"https:\/\/www.linkceramics.com\/wp-content\/uploads\/2025\/03\/bulk-ceramic-flower-vase-soft-green-color-art-ornaments-5.webp 2405w, https:\/\/www.linkceramics.com\/wp-content\/uploads\/2025\/03\/bulk-ceramic-flower-vase-soft-green-color-art-ornaments-5-300x250.webp 300w, https:\/\/www.linkceramics.com\/wp-content\/uploads\/2025\/03\/bulk-ceramic-flower-vase-soft-green-color-art-ornaments-5-768x640.webp 768w, https:\/\/www.linkceramics.com\/wp-content\/uploads\/2025\/03\/bulk-ceramic-flower-vase-soft-green-color-art-ornaments-5-14x12.webp 14w, https:\/\/www.linkceramics.com\/wp-content\/uploads\/2025\/03\/bulk-ceramic-flower-vase-soft-green-color-art-ornaments-5-1200x1000.webp 1200w, https:\/\/www.linkceramics.com\/wp-content\/uploads\/2025\/03\/bulk-ceramic-flower-vase-soft-green-color-art-ornaments-5-600x500.webp 600w\" sizes=\"(max-width: 2405px) 100vw, 2405px\" \/><\/figure>\n<\/div>\n<\/div>","protected":false},"excerpt":{"rendered":"<p>Willkommen beim Kauf von Keramikvasen mit Blumenarrangements und dekorativen Funktionen. Ihre einzigartige Textur und ihr handgefertigtes Design verleihen dem Raum eine k\u00fcnstlerische und nat\u00fcrliche Note und eignen sich f\u00fcr Hauseing\u00e4nge, Tischdekorationen und Kunstaufbewahrung.<\/p>\n<h2>Spezifikation von Bulk Keramik Blumenvasen<\/h2>\n<table width=\"1140\">\n<tbody>\n<tr>\n<td width=\"285\">Modellnummer<\/td>\n<td width=\"285\">A37659-LE24-A01<\/td>\n<td width=\"285\">A37659-LE24-A02<\/td>\n<td width=\"285\">A37659-LE24-A03<\/td>\n<\/tr>\n<tr>\n<td>Produktname<\/td>\n<td>Keramik-Vase<\/td>\n<td>Keramik-Vase<\/td>\n<td>Keramik-Vase<\/td>\n<\/tr>\n<tr>\n<td>Farbe<\/td>\n<td>Gr\u00fcn<\/td>\n<td>Gr\u00fcn<\/td>\n<td>Gr\u00fcn<\/td>\n<\/tr>\n<tr>\n<td>Material<\/td>\n<td>Keramik\u00a0<\/td>\n<td>Keramik\u00a0<\/td>\n<td>Keramik\u00a0<\/td>\n<\/tr>\n<tr>\n<td>Verwendungsszenarien<\/td>\n<td>Wohnungseinrichtung\u00a0<\/td>\n<td>Wohnungseinrichtung\u00a0<\/td>\n<td>Wohnungseinrichtung\u00a0<\/td>\n<\/tr>\n<tr>\n<td>Abmessungen<\/td>\n<td>T:15X19.5cm<\/td>\n<td>T:15X15cm<\/td>\n<td>T:11,5X12cm<\/td>\n<\/tr>\n<tr>\n<td>Gewicht<\/td>\n<td>0,8 kg\/St\u00fcck<\/td>\n<td>0,6 kg\/St\u00fcck<\/td>\n<td>0,3 kg\/St\u00fcck<\/td>\n<\/tr>\n<\/tbody>\n<\/table>","protected":false},"featured_media":2561,"comment_status":"open","ping_status":"closed","template":"","meta":{"_acf_changed":true},"certification":[63,64,66,65,61,60,62],"product_brand":[],"product_cat":[37,17],"product_tag":[],"class_list":{"0":"post-2006","1":"product","2":"type-product","3":"status-publish","4":"has-post-thumbnail","6":"certification-amfori","7":"certification-bsci","8":"certification-cnas","9":"certification-iaf","10":"certification-iso-14001","11":"certification-iso-45001","12":"certification-iso-9001","13":"product_cat-decorative-ceramic-wholesale","14":"product_cat-ceramic-vases-wholesale","16":"first","17":"instock","18":"shipping-taxable","19":"product-type-simple"},"acf":[],"_links":{"self":[{"href":"https:\/\/www.linkceramics.com\/de\/wp-json\/wp\/v2\/product\/2006","targetHints":{"allow":["GET"]}}],"collection":[{"href":"https:\/\/www.linkceramics.com\/de\/wp-json\/wp\/v2\/product"}],"about":[{"href":"https:\/\/www.linkceramics.com\/de\/wp-json\/wp\/v2\/types\/product"}],"replies":[{"embeddable":true,"href":"https:\/\/www.linkceramics.com\/de\/wp-json\/wp\/v2\/comments?post=2006"}],"wp:featuredmedia":[{"embeddable":true,"href":"https:\/\/www.linkceramics.com\/de\/wp-json\/wp\/v2\/media\/2561"}],"wp:attachment":[{"href":"https:\/\/www.linkceramics.com\/de\/wp-json\/wp\/v2\/media?parent=2006"}],"wp:term":[{"taxonomy":"certification","embeddable":true,"href":"https:\/\/www.linkceramics.com\/de\/wp-json\/wp\/v2\/certification?post=2006"},{"taxonomy":"product_brand","embeddable":true,"href":"https:\/\/www.linkceramics.com\/de\/wp-json\/wp\/v2\/product_brand?post=2006"},{"taxonomy":"product_cat","embeddable":true,"href":"https:\/\/www.linkceramics.com\/de\/wp-json\/wp\/v2\/product_cat?post=2006"},{"taxonomy":"product_tag","embeddable":true,"href":"https:\/\/www.linkceramics.com\/de\/wp-json\/wp\/v2\/product_tag?post=2006"}],"curies":[{"name":"wp","href":"https:\/\/api.w.org\/{rel}","templated":true}]}}