{"id":2019,"date":"2025-03-31T07:49:47","date_gmt":"2025-03-31T07:49:47","guid":{"rendered":"https:\/\/www.linkceramics.com\/?post_type=product&#038;p=2019"},"modified":"2025-09-22T08:27:24","modified_gmt":"2025-09-22T08:27:24","slug":"wholesale-ceramic-wax-warmer","status":"publish","type":"product","link":"https:\/\/www.linkceramics.com\/de\/product\/wholesale-ceramic-wax-warmer\/","title":{"rendered":"Gro\u00dfhandel Keramik Wachs W\u00e4rmer, \u00e4therisches \u00d6l Diffusoren Bulk"},"content":{"rendered":"<div class=\"wp-block-columns is-layout-flex wp-container-core-columns-is-layout-9d6595d7 wp-block-columns-is-layout-flex\">\n<div class=\"wp-block-column is-layout-flow wp-block-column-is-layout-flow\" style=\"flex-basis:50%\">\n<h3 class=\"wp-block-heading\">Gro\u00dfhandel Keramik Wachs W\u00e4rmer Eigenschaften:<\/h3>\n\n\n\n<p><strong>Handwerkliche Qualit\u00e4t aus Keramik:<\/strong> Unser Gro\u00dfhandel Keramik-Wachsw\u00e4rmer verf\u00fcgt \u00fcber die h\u00f6chste Qualit\u00e4t Keramik, verwendet sorgt f\u00fcr die Langlebigkeit des Produkts zu erhitzen und gibt es eine seidige, spiegelnde Oberfl\u00e4che zu jedem Dekor passen.<\/p>\n\n\n\n<p><strong>Einfach zu benutzen und zu reinigen:<\/strong> Die geringe Gr\u00f6\u00dfe des Gro\u00dfhandels Keramik-Wachsw\u00e4rmer macht es einfach zu platzieren Wachs schmilzt oder eine Kerze im Inneren, w\u00e4hrend das keramische Material macht die Reinigung nach Gebrauch einfach.<\/p>\n\n\n\n<p><strong>Verschiedene Farben:<\/strong> Diese Gro\u00dfhandel \u00e4therisches \u00d6l Diffusoren kommen in verschiedenen Farben wie reine wei\u00dfe Farbe, reine schwarze Farbe, gr\u00fcn und schwarze Flecken, wei\u00dfe und schwarze Flecken, und farbige Flecken und wei\u00df. Sie sind stilvoll modern gestaltet und kann verwendet werden, um abwechslungsreiche Wohnkultur Designs passen.<\/p>\n\n\n\n<p><strong>Praktische Struktur:<\/strong> Diese Keramik-Duftdiffusoren in loser Sch\u00fcttung bestehen aus drei Teilen. Der obere Teil ist ein schalenf\u00f6rmiger Beh\u00e4lter f\u00fcr \u00e4therische \u00d6le, der untere Teil ist ein Sockel mit einem runden Hohlraum und einem kleinen l\u00f6ffel\u00e4hnlichen Tablett mit einem Griff zum Aufstellen von Teelichtkerzen.<\/p>\n\n\n\n<p><strong>Sanfte Dufterweiterung:<\/strong> Diese Gro\u00dfhandelsdiffusoren f\u00fcr \u00e4therische \u00d6le sind einfach zu bedienen. F\u00fcllen Sie einfach \u00e4therisches \u00d6l in die obere Schale und z\u00fcnden Sie die Teelichtkerze darunter an. Die W\u00e4rme der Kerze verdampft das \u00e4therische \u00d6l und dehnt es aus, wodurch sich der Duft langsam verbreitet und eine entspannende Atmosph\u00e4re entsteht.<\/p>\n<\/div>\n\n\n\n<div class=\"wp-block-column is-layout-flow wp-block-column-is-layout-flow\" style=\"flex-basis:50%\">\n<figure class=\"wp-block-image size-full\"><img decoding=\"async\" width=\"800\" height=\"800\" src=\"https:\/\/www.linkceramics.com\/wp-content\/uploads\/2025\/03\/wholesale-ceramic-wax-warmer-essential-oil-diffusers-bulk-5.webp\" alt=\"Gro\u00dfhandel-Keramik-Wachs-W\u00e4rmer-essentielle-\u00d6l-Diffusoren-Gro\u00dfpackung-5\" class=\"wp-image-2580\" srcset=\"https:\/\/www.linkceramics.com\/wp-content\/uploads\/2025\/03\/wholesale-ceramic-wax-warmer-essential-oil-diffusers-bulk-5.webp 800w, https:\/\/www.linkceramics.com\/wp-content\/uploads\/2025\/03\/wholesale-ceramic-wax-warmer-essential-oil-diffusers-bulk-5-300x300.webp 300w, https:\/\/www.linkceramics.com\/wp-content\/uploads\/2025\/03\/wholesale-ceramic-wax-warmer-essential-oil-diffusers-bulk-5-150x150.webp 150w, https:\/\/www.linkceramics.com\/wp-content\/uploads\/2025\/03\/wholesale-ceramic-wax-warmer-essential-oil-diffusers-bulk-5-768x768.webp 768w, https:\/\/www.linkceramics.com\/wp-content\/uploads\/2025\/03\/wholesale-ceramic-wax-warmer-essential-oil-diffusers-bulk-5-12x12.webp 12w, https:\/\/www.linkceramics.com\/wp-content\/uploads\/2025\/03\/wholesale-ceramic-wax-warmer-essential-oil-diffusers-bulk-5-600x600.webp 600w, https:\/\/www.linkceramics.com\/wp-content\/uploads\/2025\/03\/wholesale-ceramic-wax-warmer-essential-oil-diffusers-bulk-5-100x100.webp 100w\" sizes=\"(max-width: 800px) 100vw, 800px\" \/><\/figure>\n<\/div>\n<\/div>","protected":false},"excerpt":{"rendered":"<p>Willkommen zu kaufen Keramik Duft Diffusoren in der Masse. Unsere Gro\u00dfhandel Keramik Wachsw\u00e4rmer hat praktische Designs, ist sicher und einfach zu bedienen. Perfekt f\u00fcr die Schaffung einer Stimmung f\u00fcr eine warme, gem\u00fctliche Atmosph\u00e4re, langlebig und speziell entwickelt, um jede Wohnkultur zu erg\u00e4nzen.<\/p>\n<h2>Gro\u00dfhandel keramischen Wachs W\u00e4rmer Parameter:<\/h2>\n<table border=\"0\" width=\"476\" cellspacing=\"0\" cellpadding=\"0\">\n<tbody>\n<tr>\n<td width=\"187\" height=\"29\">Hersteller<\/td>\n<td width=\"289\">JINHUA<\/td>\n<\/tr>\n<tr>\n<td height=\"29\">Modell Nr.<\/td>\n<td>JHC52<\/td>\n<\/tr>\n<tr>\n<td height=\"29\">Gestaltung<\/td>\n<td>Zylindrische Form<\/td>\n<\/tr>\n<tr>\n<td height=\"29\">Material<\/td>\n<td>Keramik<\/td>\n<\/tr>\n<tr>\n<td height=\"29\">Farbe<\/td>\n<td width=\"289\">Schwarz, Wei\u00df, Gr\u00fcn<\/td>\n<\/tr>\n<tr>\n<td height=\"29\">Benutzerdefiniert<\/td>\n<td>Farbe\/Gr\u00f6\u00dfe\/Logo\/Verpackung<\/td>\n<\/tr>\n<tr>\n<td height=\"29\">MOQ<\/td>\n<td>500St\u00fcck<\/td>\n<\/tr>\n<tr>\n<td height=\"29\">Dimension<\/td>\n<td width=\"289\">9.5*9.5*11cm<\/td>\n<\/tr>\n<\/tbody>\n<\/table>","protected":false},"featured_media":2579,"comment_status":"open","ping_status":"closed","template":"","meta":{"_acf_changed":false},"certification":[63,64,66,58,65,61,60,62,57],"product_brand":[],"product_cat":[37,16],"product_tag":[],"class_list":{"0":"post-2019","1":"product","2":"type-product","3":"status-publish","4":"has-post-thumbnail","6":"certification-amfori","7":"certification-bsci","8":"certification-cnas","9":"certification-fda","10":"certification-iaf","11":"certification-iso-14001","12":"certification-iso-45001","13":"certification-iso-9001","14":"certification-lfgb","15":"product_cat-decorative-ceramic-wholesale","16":"product_cat-ceramic-candle-holder","18":"first","19":"instock","20":"shipping-taxable","21":"product-type-simple"},"acf":[],"_links":{"self":[{"href":"https:\/\/www.linkceramics.com\/de\/wp-json\/wp\/v2\/product\/2019","targetHints":{"allow":["GET"]}}],"collection":[{"href":"https:\/\/www.linkceramics.com\/de\/wp-json\/wp\/v2\/product"}],"about":[{"href":"https:\/\/www.linkceramics.com\/de\/wp-json\/wp\/v2\/types\/product"}],"replies":[{"embeddable":true,"href":"https:\/\/www.linkceramics.com\/de\/wp-json\/wp\/v2\/comments?post=2019"}],"wp:featuredmedia":[{"embeddable":true,"href":"https:\/\/www.linkceramics.com\/de\/wp-json\/wp\/v2\/media\/2579"}],"wp:attachment":[{"href":"https:\/\/www.linkceramics.com\/de\/wp-json\/wp\/v2\/media?parent=2019"}],"wp:term":[{"taxonomy":"certification","embeddable":true,"href":"https:\/\/www.linkceramics.com\/de\/wp-json\/wp\/v2\/certification?post=2019"},{"taxonomy":"product_brand","embeddable":true,"href":"https:\/\/www.linkceramics.com\/de\/wp-json\/wp\/v2\/product_brand?post=2019"},{"taxonomy":"product_cat","embeddable":true,"href":"https:\/\/www.linkceramics.com\/de\/wp-json\/wp\/v2\/product_cat?post=2019"},{"taxonomy":"product_tag","embeddable":true,"href":"https:\/\/www.linkceramics.com\/de\/wp-json\/wp\/v2\/product_tag?post=2019"}],"curies":[{"name":"wp","href":"https:\/\/api.w.org\/{rel}","templated":true}]}}