{"id":2035,"date":"2025-04-06T09:38:33","date_gmt":"2025-04-06T09:38:33","guid":{"rendered":"https:\/\/www.linkceramics.com\/?post_type=product&#038;p=2035"},"modified":"2025-09-30T10:09:36","modified_gmt":"2025-09-30T10:09:36","slug":"ceramic-bathroom-accessories-set-wholesale","status":"publish","type":"product","link":"https:\/\/www.linkceramics.com\/de\/product\/ceramic-bathroom-accessories-set-wholesale\/","title":{"rendered":"Luxus-Keramik-Badezimmer-Accessoires Set Gro\u00dfhandel im r\u00f6mischen Stil"},"content":{"rendered":"<div class=\"wp-block-columns is-layout-flex wp-container-core-columns-is-layout-9d6595d7 wp-block-columns-is-layout-flex\">\n<div class=\"wp-block-column is-layout-flow wp-block-column-is-layout-flow\" style=\"flex-basis:50%\">\n<h3 class=\"wp-block-heading\">Bad-Accessoires Set Gro\u00dfhandel Eigenschaften:<\/h3>\n\n\n\n<p><strong>Au\u00dfergew\u00f6hnliche Qualit\u00e4t: <\/strong>Unser luxuri\u00f6ses Keramik-Badezimmer-Accessoires-Set f\u00fcr den Gro\u00dfhandel wird mit au\u00dfergew\u00f6hnlicher Qualit\u00e4t hergestellt, wobei jeder Aspekt des Design- und Produktionsprozesses ber\u00fccksichtigt wird, um sowohl Qualit\u00e4t als auch ein luxuri\u00f6ses Aussehen zu gew\u00e4hrleisten.<\/p>\n\n\n\n<p><strong>Au\u00dfergew\u00f6hnliches Design:<\/strong> Dieses Gro\u00dfhandels-Badezimmer-Accessoire-Set besteht aus klassischer wei\u00dfer Keramik mit einem klassischen Muster, das f\u00fcr ein zeitloses Gef\u00fchl im r\u00f6mischen Stil sorgt und den Badezimmerbereich mit Eleganz und einem sch\u00f6nen historischen Ambiente erf\u00fcllt.<\/p>\n\n\n\n<p><strong>Mehrteiliges Kombinationsset: <\/strong>Die Bad-Accessoires Set Gro\u00dfhandel h\u00e4ufig verwendeten Toilettenartikel sind in diesem, wie Seife Boxen, Mundwasser Tassen, und Hand Desinfektionsmittel bottles.this Sammlung kann f\u00fcr verschiedene Verwendungen des Badezimmers aufgrund seiner Bequemlichkeit und Praktikabilit\u00e4t verwendet werden.<\/p>\n\n\n\n<p><strong>Leicht zu reinigendes Design:<\/strong> Das Badzubeh\u00f6rset f\u00fcr den Gro\u00dfhandel ist mit einer glatten und f\u00e4ulnishemmenden Oberfl\u00e4che ausgestattet, wodurch es leicht zu reinigen ist und t\u00e4glich nur mit einem weichen Tuch abgewischt werden muss.<\/p>\n\n\n\n<p><strong>Wettbewerbsf\u00e4hige Preise:<\/strong> Als Hersteller von Bad-Accessoires k\u00f6nnen wir keramische Bad-Accessoires im Gro\u00dfhandel zu wettbewerbsf\u00e4higen Preisen anbieten, die es den Kunden erm\u00f6glichen, hochwertige Luxus-Keramik-Bad-Accessoires g\u00fcnstig zu kaufen.<\/p>\n<\/div>\n\n\n\n<div class=\"wp-block-column is-layout-flow wp-block-column-is-layout-flow\" style=\"flex-basis:50%\">\n<figure class=\"wp-block-image size-full\"><img decoding=\"async\" width=\"1500\" height=\"1500\" src=\"https:\/\/www.linkceramics.com\/wp-content\/uploads\/2025\/04\/luxury-ceramic-bathroom-accessories-set-wholesale-in-roman-style-2.webp\" alt=\"Luxus-Keramik-Badezimmer-Accessoires-Set-Gro\u00dfhandel-im-r\u00f6mischen-Stil-2\" class=\"wp-image-2705\" srcset=\"https:\/\/www.linkceramics.com\/wp-content\/uploads\/2025\/04\/luxury-ceramic-bathroom-accessories-set-wholesale-in-roman-style-2.webp 1500w, https:\/\/www.linkceramics.com\/wp-content\/uploads\/2025\/04\/luxury-ceramic-bathroom-accessories-set-wholesale-in-roman-style-2-300x300.webp 300w, https:\/\/www.linkceramics.com\/wp-content\/uploads\/2025\/04\/luxury-ceramic-bathroom-accessories-set-wholesale-in-roman-style-2-150x150.webp 150w, https:\/\/www.linkceramics.com\/wp-content\/uploads\/2025\/04\/luxury-ceramic-bathroom-accessories-set-wholesale-in-roman-style-2-768x768.webp 768w, https:\/\/www.linkceramics.com\/wp-content\/uploads\/2025\/04\/luxury-ceramic-bathroom-accessories-set-wholesale-in-roman-style-2-12x12.webp 12w, https:\/\/www.linkceramics.com\/wp-content\/uploads\/2025\/04\/luxury-ceramic-bathroom-accessories-set-wholesale-in-roman-style-2-1200x1200.webp 1200w, https:\/\/www.linkceramics.com\/wp-content\/uploads\/2025\/04\/luxury-ceramic-bathroom-accessories-set-wholesale-in-roman-style-2-600x600.webp 600w, https:\/\/www.linkceramics.com\/wp-content\/uploads\/2025\/04\/luxury-ceramic-bathroom-accessories-set-wholesale-in-roman-style-2-100x100.webp 100w\" sizes=\"(max-width: 1500px) 100vw, 1500px\" \/><\/figure>\n<\/div>\n<\/div>","protected":false},"excerpt":{"rendered":"<p>Wir kaufen Keramik Bad-Accessoires Set Gro\u00dfhandel in einer Vielzahl von Designs. Unsere Sammlung von Luxus-Keramik-Badezimmer-Accessoires Gro\u00dfhandel Sets verf\u00fcgt \u00fcber hochwertige Materialien mit einer breiten Palette von Auswahlen und gesund Preise, es ist sicher, umweltfreundlich, leicht zu reinigen, und kann leicht in verschiedenen Szenarien des Hauses und Hotel genutzt werden.<\/p>\n<h2>Bad-Accessoires Set Gro\u00dfhandel Parameter:<\/h2>\n<table border=\"0\" width=\"476\" cellspacing=\"0\" cellpadding=\"0\">\n<tbody>\n<tr>\n<td width=\"187\" height=\"29\">Hersteller<\/td>\n<td width=\"289\">JINHUA<\/td>\n<\/tr>\n<tr>\n<td height=\"29\">Modell Nr.<\/td>\n<td>JHB08<\/td>\n<\/tr>\n<tr>\n<td height=\"29\">Typ<\/td>\n<td width=\"289\">Vierteiliges Set<\/td>\n<\/tr>\n<tr>\n<td height=\"29\">Material<\/td>\n<td>Keramik<\/td>\n<\/tr>\n<tr>\n<td height=\"29\">Farbe<\/td>\n<td width=\"289\">Wei\u00df<\/td>\n<\/tr>\n<tr>\n<td height=\"29\">Benutzerdefiniert<\/td>\n<td>Farbe\/Gr\u00f6\u00dfe\/Logo\/Verpackung<\/td>\n<\/tr>\n<tr>\n<td height=\"29\">MOQ<\/td>\n<td>500 S\u00e4tze<\/td>\n<\/tr>\n<tr>\n<td height=\"174\">Dimension<\/td>\n<td width=\"289\">Tasse:7.6*7.6*9.5cm<br \/>Seifenspender: 7,5*7,5*17cm<br \/>Zahnb\u00fcrstenhalter:13*6.5*9cm<br \/>Seifenschale: 12*8,5*2cm<\/td>\n<\/tr>\n<\/tbody>\n<\/table>","protected":false},"featured_media":2706,"comment_status":"open","ping_status":"closed","template":"","meta":{"_acf_changed":true},"certification":[63,64,66,58,65,61,60,62,57],"product_brand":[],"product_cat":[35,22],"product_tag":[],"class_list":{"0":"post-2035","1":"product","2":"type-product","3":"status-publish","4":"has-post-thumbnail","6":"certification-amfori","7":"certification-bsci","8":"certification-cnas","9":"certification-fda","10":"certification-iaf","11":"certification-iso-14001","12":"certification-iso-45001","13":"certification-iso-9001","14":"certification-lfgb","15":"product_cat-bathroom-ceramics-supply","16":"product_cat-ceramic-bathroom-set","18":"first","19":"instock","20":"shipping-taxable","21":"product-type-simple"},"acf":[],"_links":{"self":[{"href":"https:\/\/www.linkceramics.com\/de\/wp-json\/wp\/v2\/product\/2035","targetHints":{"allow":["GET"]}}],"collection":[{"href":"https:\/\/www.linkceramics.com\/de\/wp-json\/wp\/v2\/product"}],"about":[{"href":"https:\/\/www.linkceramics.com\/de\/wp-json\/wp\/v2\/types\/product"}],"replies":[{"embeddable":true,"href":"https:\/\/www.linkceramics.com\/de\/wp-json\/wp\/v2\/comments?post=2035"}],"wp:featuredmedia":[{"embeddable":true,"href":"https:\/\/www.linkceramics.com\/de\/wp-json\/wp\/v2\/media\/2706"}],"wp:attachment":[{"href":"https:\/\/www.linkceramics.com\/de\/wp-json\/wp\/v2\/media?parent=2035"}],"wp:term":[{"taxonomy":"certification","embeddable":true,"href":"https:\/\/www.linkceramics.com\/de\/wp-json\/wp\/v2\/certification?post=2035"},{"taxonomy":"product_brand","embeddable":true,"href":"https:\/\/www.linkceramics.com\/de\/wp-json\/wp\/v2\/product_brand?post=2035"},{"taxonomy":"product_cat","embeddable":true,"href":"https:\/\/www.linkceramics.com\/de\/wp-json\/wp\/v2\/product_cat?post=2035"},{"taxonomy":"product_tag","embeddable":true,"href":"https:\/\/www.linkceramics.com\/de\/wp-json\/wp\/v2\/product_tag?post=2035"}],"curies":[{"name":"wp","href":"https:\/\/api.w.org\/{rel}","templated":true}]}}