{"id":2051,"date":"2025-04-10T02:13:13","date_gmt":"2025-04-10T02:13:13","guid":{"rendered":"https:\/\/www.linkceramics.com\/?post_type=product&#038;p=2051"},"modified":"2025-09-22T09:23:42","modified_gmt":"2025-09-22T09:23:42","slug":"wholesale-coffee-mugs","status":"publish","type":"product","link":"https:\/\/www.linkceramics.com\/de\/product\/wholesale-coffee-mugs\/","title":{"rendered":"Gro\u00dfhandel Kaffeebecher mit Deckel, reaktive Glasur Becher Bulk"},"content":{"rendered":"<div class=\"wp-block-columns is-layout-flex wp-container-core-columns-is-layout-9d6595d7 wp-block-columns-is-layout-flex\">\n<div class=\"wp-block-column is-layout-flow wp-block-column-is-layout-flow\" style=\"flex-basis:50%\">\n<h3 class=\"wp-block-heading\">Gro\u00dfhandel Kaffeebecher Eigenschaften:<\/h3>\n\n\n\n<p><strong>Umweltfreundliches Design des Bambusdeckels, sch\u00f6n und praktisch zugleich:<\/strong> Unsere Kaffeebecher sind mit nat\u00fcrlichen Bambusdeckel gepaart, die umweltfreundlich und gesund sind, mit einer warmen Textur. Es kann nicht nur Staub zu verhindern und warm zu halten, sondern auch nat\u00fcrliche Elemente, um das gesamte Design der Tasse, perfekt ausbalanciert Praktikabilit\u00e4t und \u00c4sthetik.<\/p>\n\n\n\n<p><strong>Hochwertiges Keramikmaterial, langlebig und sicher:<\/strong> Diese Gro\u00dfhandel Kaffeebecher sind aus hochwertigen keramischen Materialien und gebrannt bei hohen Temperaturen, um sicherzustellen, dass die Produkte sind robust und langlebig, leicht zu reinigen und nicht leicht zu absorbieren Ger\u00fcche, die Erf\u00fcllung langfristige Nutzung braucht, w\u00e4hrend die Lebensmittel-Grade-Sicherheitsstandards, und mit ihnen mehr sicher.<\/p>\n\n\n\n<p><strong>Eine Vielzahl von Farboptionen zur Erf\u00fcllung pers\u00f6nlicher Bed\u00fcrfnisse:<\/strong> Unsere Kaffeebecher bieten eine Vielzahl von Farboptionen, jede Farbe ist sorgf\u00e4ltig entworfen, um zu einer Vielzahl von Einrichtungsstilen zu passen, und eignet sich als Geschenk oder f\u00fcr den kommerziellen Gebrauch, so dass die Benutzer eine gro\u00dfe Auswahl haben.<\/p>\n\n\n\n<p><strong>Ergonomischer Griff: <\/strong>Das Fr\u00fchst\u00fccksbecher-Set Gro\u00dfhandel Tasse K\u00f6rper ist gebogen, und der Griff ist ergonomisch gestaltet, bequem zu halten, und nicht leicht zu rutschen.<\/p>\n\n\n\n<p><strong>Kratzfeste, verschlei\u00dffeste Glasur:<\/strong> Die Glasur dieser Gro\u00dfhandels-Kaffeebecher ist neu, gleichm\u00e4\u00dfig und fein, verschlei\u00dffest und kratzfest, hinterl\u00e4sst keine Flecken und ist auch nach vielen Eins\u00e4tzen noch wie neu und gl\u00e4nzend.<\/p>\n<\/div>\n\n\n\n<div class=\"wp-block-column is-layout-flow wp-block-column-is-layout-flow\" style=\"flex-basis:50%\">\n<figure class=\"wp-block-image size-full\"><img decoding=\"async\" width=\"719\" height=\"720\" src=\"https:\/\/www.linkceramics.com\/wp-content\/uploads\/2025\/04\/wholesale-coffee-mugs-with-lids-reactive-glaze-mugs-bulk-2.jpg\" alt=\"Gro\u00dfhandel-Kaffeebecher-mit-Deckel-reaktive-Glasur-Becher-Gro\u00dfpackung-2\" class=\"wp-image-2591\" srcset=\"https:\/\/www.linkceramics.com\/wp-content\/uploads\/2025\/04\/wholesale-coffee-mugs-with-lids-reactive-glaze-mugs-bulk-2.jpg 719w, https:\/\/www.linkceramics.com\/wp-content\/uploads\/2025\/04\/wholesale-coffee-mugs-with-lids-reactive-glaze-mugs-bulk-2-300x300.jpg 300w, https:\/\/www.linkceramics.com\/wp-content\/uploads\/2025\/04\/wholesale-coffee-mugs-with-lids-reactive-glaze-mugs-bulk-2-150x150.jpg 150w, https:\/\/www.linkceramics.com\/wp-content\/uploads\/2025\/04\/wholesale-coffee-mugs-with-lids-reactive-glaze-mugs-bulk-2-12x12.jpg 12w, https:\/\/www.linkceramics.com\/wp-content\/uploads\/2025\/04\/wholesale-coffee-mugs-with-lids-reactive-glaze-mugs-bulk-2-600x601.jpg 600w, https:\/\/www.linkceramics.com\/wp-content\/uploads\/2025\/04\/wholesale-coffee-mugs-with-lids-reactive-glaze-mugs-bulk-2-100x100.jpg 100w\" sizes=\"(max-width: 719px) 100vw, 719px\" \/><\/figure>\n<\/div>\n<\/div>","protected":false},"excerpt":{"rendered":"<p>Willkommen zum Kauf von Kaffeebechern in gro\u00dfen Mengen. Diese im Ofen gebrannten Gro\u00dfhandels-Kaffeebecher mit nat\u00fcrlichem Bambusdeckel kombinieren perfekt Natur und modernes Design. Die einzigartige Textur, mehrere Farboptionen, hochwertiges Keramikmaterial, und die gro\u00dfe Kapazit\u00e4t verschlei\u00dffesten Tassen mit einer kratzfesten Glasur sind ideal f\u00fcr den Einsatz mit Kaffee, Tee oder Fr\u00fchst\u00fccksgetr\u00e4nke.<\/p>\n<h2>Porzellan Gro\u00dfhandel Kaffeebecher Parameter:<\/h2>\n<table border=\"0\" width=\"322\" cellspacing=\"0\" cellpadding=\"0\">\n<tbody>\n<tr>\n<td width=\"120\" height=\"17\">Hersteller<\/td>\n<td width=\"202\">Yongjian<\/td>\n<\/tr>\n<tr>\n<td height=\"18\">Modell Nr.<\/td>\n<td width=\"202\">YJ-C04<\/td>\n<\/tr>\n<tr>\n<td height=\"18\">Produkttyp<\/td>\n<td width=\"202\">Tassen &amp; Untertassen<\/td>\n<\/tr>\n<tr>\n<td height=\"17\">Material<\/td>\n<td>Keramik+Bambus-Deckel<\/td>\n<\/tr>\n<tr>\n<td height=\"17\">Farbe<\/td>\n<td>Wei\u00df\/Schwarz\/Dunkelblau<\/td>\n<\/tr>\n<tr>\n<td height=\"17\">Dimension<\/td>\n<td>Als Bild<\/td>\n<\/tr>\n<tr>\n<td height=\"17\">Kapazit\u00e4t<\/td>\n<td>275ml<\/td>\n<\/tr>\n<tr>\n<td height=\"17\">MOQ<\/td>\n<td>500St\u00fcck<\/td>\n<\/tr>\n<tr>\n<td height=\"17\">Benutzerdefiniert<\/td>\n<td>Farbe\/Gr\u00f6\u00dfe\/Logo\/Verpackung<\/td>\n<\/tr>\n<\/tbody>\n<\/table>","protected":false},"featured_media":2593,"comment_status":"open","ping_status":"closed","template":"","meta":{"_acf_changed":true},"certification":[63,64,66,58,65,61,60,62,57],"product_brand":[],"product_cat":[34,19],"product_tag":[],"class_list":{"0":"post-2051","1":"product","2":"type-product","3":"status-publish","4":"has-post-thumbnail","6":"certification-amfori","7":"certification-bsci","8":"certification-cnas","9":"certification-fda","10":"certification-iaf","11":"certification-iso-14001","12":"certification-iso-45001","13":"certification-iso-9001","14":"certification-lfgb","15":"product_cat-custom-household-ceramics","16":"product_cat-ceramic-tea-set-wholesale","18":"first","19":"instock","20":"shipping-taxable","21":"product-type-simple"},"acf":[],"_links":{"self":[{"href":"https:\/\/www.linkceramics.com\/de\/wp-json\/wp\/v2\/product\/2051","targetHints":{"allow":["GET"]}}],"collection":[{"href":"https:\/\/www.linkceramics.com\/de\/wp-json\/wp\/v2\/product"}],"about":[{"href":"https:\/\/www.linkceramics.com\/de\/wp-json\/wp\/v2\/types\/product"}],"replies":[{"embeddable":true,"href":"https:\/\/www.linkceramics.com\/de\/wp-json\/wp\/v2\/comments?post=2051"}],"wp:featuredmedia":[{"embeddable":true,"href":"https:\/\/www.linkceramics.com\/de\/wp-json\/wp\/v2\/media\/2593"}],"wp:attachment":[{"href":"https:\/\/www.linkceramics.com\/de\/wp-json\/wp\/v2\/media?parent=2051"}],"wp:term":[{"taxonomy":"certification","embeddable":true,"href":"https:\/\/www.linkceramics.com\/de\/wp-json\/wp\/v2\/certification?post=2051"},{"taxonomy":"product_brand","embeddable":true,"href":"https:\/\/www.linkceramics.com\/de\/wp-json\/wp\/v2\/product_brand?post=2051"},{"taxonomy":"product_cat","embeddable":true,"href":"https:\/\/www.linkceramics.com\/de\/wp-json\/wp\/v2\/product_cat?post=2051"},{"taxonomy":"product_tag","embeddable":true,"href":"https:\/\/www.linkceramics.com\/de\/wp-json\/wp\/v2\/product_tag?post=2051"}],"curies":[{"name":"wp","href":"https:\/\/api.w.org\/{rel}","templated":true}]}}