{"id":2073,"date":"2025-04-14T09:11:46","date_gmt":"2025-04-14T09:11:46","guid":{"rendered":"https:\/\/www.linkceramics.com\/?post_type=product&#038;p=2073"},"modified":"2025-09-30T08:23:11","modified_gmt":"2025-09-30T08:23:11","slug":"bulk-ceramic-candle-jars","status":"publish","type":"product","link":"https:\/\/www.linkceramics.com\/de\/product\/bulk-ceramic-candle-jars\/","title":{"rendered":"Bulk Keramik Kerze Gl\u00e4ser, Premium-Duftkerzen f\u00fcr Home Decor"},"content":{"rendered":"<div class=\"wp-block-columns is-layout-flex wp-container-core-columns-is-layout-9d6595d7 wp-block-columns-is-layout-flex\">\n<div class=\"wp-block-column is-layout-flow wp-block-column-is-layout-flow\" style=\"flex-basis:50%\">\n<h3 class=\"wp-block-heading\">Bulk Keramik Kerze Gl\u00e4ser Merkmale:<\/h3>\n\n\n\n<p><strong>Luxuri\u00f6ses Keramikgef\u00e4\u00df-Design:<\/strong> Diese Keramik-Kerzengl\u00e4ser in loser Sch\u00fcttung sind elegante, einzigartig gestaltete Gl\u00e4ser aus best\u00e4ndiger Keramik, die die Eleganz der Inneneinrichtung unterstreichen und gleichzeitig in allen Einrichtungsstilen sehr modisch sind.<\/p>\n\n\n\n<p><strong>Aromatherapie der Qualit\u00e4t: <\/strong>Unsere Keramikgef\u00e4\u00dfe enthalten Sojawachs und nat\u00fcrliche Duftstoffe, die f\u00fcr eine lange Brenndauer ausgelegt sind, rauchfrei sind und keine giftigen Nebenprodukte freisetzen. So schaffen sie eine gem\u00fctliche, warme Atmosph\u00e4re und erh\u00f6hen Ihre Lebensqualit\u00e4t.<\/p>\n\n\n\n<p><strong>Dezentes, mattes Finish:<\/strong> Unsere gro\u00dfen Keramikkerzengl\u00e4ser haben ein modernes Aussehen mit einer matten Oberfl\u00e4che, die die gew\u00fcnschte \u00c4sthetik f\u00fcr jedes Einrichtungskonzept bietet. Die Gl\u00e4ser passen zu minimalistischen und modernen Einrichtungen.<\/p>\n\n\n\n<p><strong>Flexibilit\u00e4t bei Gro\u00dfbestellungen:<\/strong> Unterst\u00fctzen Sie Gro\u00dfeink\u00e4ufe im Gro\u00dfhandel, um den Bedarf von gewerblichen Kunden, Geschenkanfertigungen und Gro\u00dfveranstaltungen zu decken. Wir stellen sicher, dass unsere Duftkerzen in loser Sch\u00fcttung in ausreichender Menge vorhanden sind und genie\u00dfen Vorzugspreise.<\/p>\n\n\n\n<p><strong>Vielseitig einsetzbar:<\/strong> Alle Keramikkerzengl\u00e4ser k\u00f6nnen nicht nur als Beh\u00e4lter f\u00fcr Duftkerzen verwendet werden, sondern auch als Geschenkbeh\u00e4lter oder als Wohndekoration, bei der Funktionalit\u00e4t und Design miteinander verbunden werden.<\/p>\n<\/div>\n\n\n\n<div class=\"wp-block-column is-layout-flow wp-block-column-is-layout-flow\" style=\"flex-basis:50%\">\n<figure class=\"wp-block-image size-full\"><img decoding=\"async\" width=\"1200\" height=\"1200\" src=\"https:\/\/www.linkceramics.com\/wp-content\/uploads\/2025\/04\/bulk-ceramic-candle-jars-premium-scented-candles-for-home-decor-3.webp\" alt=\"Bulk-Keramik-Kerzen-Gl\u00e4ser-Premium-Duftkerzen-f\u00fcr-Heim-Dekor-3\" class=\"wp-image-2685\" srcset=\"https:\/\/www.linkceramics.com\/wp-content\/uploads\/2025\/04\/bulk-ceramic-candle-jars-premium-scented-candles-for-home-decor-3.webp 1200w, https:\/\/www.linkceramics.com\/wp-content\/uploads\/2025\/04\/bulk-ceramic-candle-jars-premium-scented-candles-for-home-decor-3-300x300.webp 300w, https:\/\/www.linkceramics.com\/wp-content\/uploads\/2025\/04\/bulk-ceramic-candle-jars-premium-scented-candles-for-home-decor-3-150x150.webp 150w, https:\/\/www.linkceramics.com\/wp-content\/uploads\/2025\/04\/bulk-ceramic-candle-jars-premium-scented-candles-for-home-decor-3-768x768.webp 768w, https:\/\/www.linkceramics.com\/wp-content\/uploads\/2025\/04\/bulk-ceramic-candle-jars-premium-scented-candles-for-home-decor-3-12x12.webp 12w, https:\/\/www.linkceramics.com\/wp-content\/uploads\/2025\/04\/bulk-ceramic-candle-jars-premium-scented-candles-for-home-decor-3-600x600.webp 600w, https:\/\/www.linkceramics.com\/wp-content\/uploads\/2025\/04\/bulk-ceramic-candle-jars-premium-scented-candles-for-home-decor-3-100x100.webp 100w\" sizes=\"(max-width: 1200px) 100vw, 1200px\" \/><\/figure>\n<\/div>\n<\/div>","protected":false},"excerpt":{"rendered":"<p>Willkommen beim Kauf dieser gro\u00dfen Keramikkerzengl\u00e4ser mit hochwertigen Duftkerzen, die nach dem Designprinzip von Sch\u00f6nheit und Funktion entworfen wurden. Sie bestehen aus hochwertigem, dickem Sojawachs mit nat\u00fcrlichen Duftstoffen f\u00fcr ein lang anhaltendes, verbessertes Dufterlebnis. Es kombiniert Funktionalit\u00e4t und Sch\u00f6nheit, so dass sie perfekt f\u00fcr beide Duftkerze Gl\u00e4ser oder die Anwendung von Wohnkultur sind.<\/p>\n<h2>Bulk-Keramik-Kerzengl\u00e4ser Parameter:<\/h2>\n<table border=\"0\" width=\"338\" cellspacing=\"0\" cellpadding=\"0\">\n<tbody>\n<tr>\n<td width=\"124\" height=\"18\">Hersteller<\/td>\n<td width=\"214\">Liebevolles Zuhause<\/td>\n<\/tr>\n<tr>\n<td width=\"124\" height=\"18\">Sammlung Name<\/td>\n<td width=\"214\">Duftkerze<\/td>\n<\/tr>\n<tr>\n<td width=\"124\" height=\"18\">Design-Stil<\/td>\n<td width=\"214\">Retro-Luxus-Stil<\/td>\n<\/tr>\n<tr>\n<td width=\"124\" height=\"18\">Verwendung<\/td>\n<td width=\"214\">Haus, Restaurant, Hotel<\/td>\n<\/tr>\n<tr>\n<td width=\"124\" height=\"18\">Kerze Typ<\/td>\n<td width=\"214\">Glaskerze, Duftkerze<\/td>\n<\/tr>\n<tr>\n<td width=\"124\" height=\"18\">Material<\/td>\n<td width=\"214\">Dauerhaftes Porzellan<\/td>\n<\/tr>\n<tr>\n<td width=\"124\" height=\"18\">Dimension<\/td>\n<td width=\"214\">Wie Detailbild<\/td>\n<\/tr>\n<tr>\n<td width=\"124\" height=\"18\">Verkaufende Einheiten<\/td>\n<td width=\"214\">Einzelnes Element<\/td>\n<\/tr>\n<tr>\n<td width=\"124\" height=\"18\">MOQ<\/td>\n<td width=\"214\">1200\/St\u00fcck pro Artikel<\/td>\n<\/tr>\n<tr>\n<td width=\"124\" height=\"18\">Kundenspezifische Option<\/td>\n<td width=\"214\">Farbe\/Gr\u00f6\u00dfe\/Glasur\/Logo\/Verpackung<\/td>\n<\/tr>\n<\/tbody>\n<\/table>","protected":false},"featured_media":2683,"comment_status":"open","ping_status":"closed","template":"","meta":{"_acf_changed":false},"certification":[63,64,66,58,65,61,60,62],"product_brand":[],"product_cat":[37,16],"product_tag":[],"class_list":{"0":"post-2073","1":"product","2":"type-product","3":"status-publish","4":"has-post-thumbnail","6":"certification-amfori","7":"certification-bsci","8":"certification-cnas","9":"certification-fda","10":"certification-iaf","11":"certification-iso-14001","12":"certification-iso-45001","13":"certification-iso-9001","14":"product_cat-decorative-ceramic-wholesale","15":"product_cat-ceramic-candle-holder","17":"first","18":"instock","19":"shipping-taxable","20":"product-type-simple"},"acf":[],"_links":{"self":[{"href":"https:\/\/www.linkceramics.com\/de\/wp-json\/wp\/v2\/product\/2073","targetHints":{"allow":["GET"]}}],"collection":[{"href":"https:\/\/www.linkceramics.com\/de\/wp-json\/wp\/v2\/product"}],"about":[{"href":"https:\/\/www.linkceramics.com\/de\/wp-json\/wp\/v2\/types\/product"}],"replies":[{"embeddable":true,"href":"https:\/\/www.linkceramics.com\/de\/wp-json\/wp\/v2\/comments?post=2073"}],"wp:featuredmedia":[{"embeddable":true,"href":"https:\/\/www.linkceramics.com\/de\/wp-json\/wp\/v2\/media\/2683"}],"wp:attachment":[{"href":"https:\/\/www.linkceramics.com\/de\/wp-json\/wp\/v2\/media?parent=2073"}],"wp:term":[{"taxonomy":"certification","embeddable":true,"href":"https:\/\/www.linkceramics.com\/de\/wp-json\/wp\/v2\/certification?post=2073"},{"taxonomy":"product_brand","embeddable":true,"href":"https:\/\/www.linkceramics.com\/de\/wp-json\/wp\/v2\/product_brand?post=2073"},{"taxonomy":"product_cat","embeddable":true,"href":"https:\/\/www.linkceramics.com\/de\/wp-json\/wp\/v2\/product_cat?post=2073"},{"taxonomy":"product_tag","embeddable":true,"href":"https:\/\/www.linkceramics.com\/de\/wp-json\/wp\/v2\/product_tag?post=2073"}],"curies":[{"name":"wp","href":"https:\/\/api.w.org\/{rel}","templated":true}]}}