{"id":2078,"date":"2025-04-21T01:57:44","date_gmt":"2025-04-21T01:57:44","guid":{"rendered":"https:\/\/www.linkceramics.com\/?post_type=product&#038;p=2078"},"modified":"2025-10-08T02:31:32","modified_gmt":"2025-10-08T02:31:32","slug":"custom-ceramic-wax-melter","status":"publish","type":"product","link":"https:\/\/www.linkceramics.com\/de\/product\/custom-ceramic-wax-melter\/","title":{"rendered":"Benutzerdefinierte keramische Wachsschmelzer, Schornstein Palo Santo Halter Bulk"},"content":{"rendered":"<div class=\"wp-block-columns is-layout-flex wp-container-core-columns-is-layout-9d6595d7 wp-block-columns-is-layout-flex\">\n<div class=\"wp-block-column is-layout-flow wp-block-column-is-layout-flow\" style=\"flex-basis:50%\">\n<h3 class=\"wp-block-heading\">Custom Ceramic Wax Melter Merkmale:<\/h3>\n\n\n\n<p><strong>Keramisches Material:<\/strong> Diese benutzerdefinierte Wachsschmelzer Bulk verwendet ein hochwertiges keramisches Material, halten eine h\u00f6here und l\u00e4ngere Haltbarkeit, die hohe Temperaturen aushalten kann, ohne zu brechen.<\/p>\n\n\n\n<p><strong>Einzigartige Form:<\/strong> Die Form dieser Palo Santo Halter Gro\u00dfhandel ist einzigartig, mit glatten Linien und abgerundeten Kanten. Die \u00d6ffnung ist gro\u00df genug, um eine bestimmte Menge an Palo Santos oder Salbeib\u00fcndeln aufzunehmen. An der Oberseite befindet sich eine kaminartige \u00d6ffnung, aus der das Aroma des brennenden Holzes diffundiert und f\u00fcr ein lang anhaltendes Dufterlebnis sorgt.<\/p>\n\n\n\n<p><strong>Lebendige Farbe:<\/strong> Dieser Keramik-R\u00e4ucherst\u00e4bchenhalter verwendet Orange als Hauptfarbe und strahlt W\u00e4rme, Helligkeit, Lebendigkeit und Energie voller Kraft aus.<\/p>\n\n\n\n<p><strong>Vielseitigkeit:<\/strong> Diese benutzerdefinierte Keramik Wachsschmelzer Bulk hat eine breite Funktionalit\u00e4t, wo brennende Palo Santo Holz kann auch mit anderen Arten von Brennholz und sogar mit Gew\u00fcrzen Sorten wie ein Salbei-B\u00fcndel f\u00fcr die Schaffung einer warmen Atmosph\u00e4re und Duft erweitert werden.<\/p>\n<\/div>\n\n\n\n<div class=\"wp-block-column is-layout-flow wp-block-column-is-layout-flow\" style=\"flex-basis:50%\">\n<figure class=\"wp-block-image size-full\"><img decoding=\"async\" width=\"1500\" height=\"1500\" src=\"https:\/\/www.linkceramics.com\/wp-content\/uploads\/2025\/04\/custom-ceramic-wax-melter-chimney-palo-santo-holder-bulk-3.webp\" alt=\"benutzerdefinierte Keramik-Wachsschmelzer-Schornstein-Palo-Santo-Halter-3\" class=\"wp-image-2724\" srcset=\"https:\/\/www.linkceramics.com\/wp-content\/uploads\/2025\/04\/custom-ceramic-wax-melter-chimney-palo-santo-holder-bulk-3.webp 1500w, https:\/\/www.linkceramics.com\/wp-content\/uploads\/2025\/04\/custom-ceramic-wax-melter-chimney-palo-santo-holder-bulk-3-300x300.webp 300w, https:\/\/www.linkceramics.com\/wp-content\/uploads\/2025\/04\/custom-ceramic-wax-melter-chimney-palo-santo-holder-bulk-3-150x150.webp 150w, https:\/\/www.linkceramics.com\/wp-content\/uploads\/2025\/04\/custom-ceramic-wax-melter-chimney-palo-santo-holder-bulk-3-768x768.webp 768w, https:\/\/www.linkceramics.com\/wp-content\/uploads\/2025\/04\/custom-ceramic-wax-melter-chimney-palo-santo-holder-bulk-3-12x12.webp 12w, https:\/\/www.linkceramics.com\/wp-content\/uploads\/2025\/04\/custom-ceramic-wax-melter-chimney-palo-santo-holder-bulk-3-1200x1200.webp 1200w, https:\/\/www.linkceramics.com\/wp-content\/uploads\/2025\/04\/custom-ceramic-wax-melter-chimney-palo-santo-holder-bulk-3-600x600.webp 600w, https:\/\/www.linkceramics.com\/wp-content\/uploads\/2025\/04\/custom-ceramic-wax-melter-chimney-palo-santo-holder-bulk-3-100x100.webp 100w\" sizes=\"(max-width: 1500px) 100vw, 1500px\" \/><\/figure>\n<\/div>\n<\/div>","protected":false},"excerpt":{"rendered":"<p>Willkommen in unserem Gro\u00dfhandel Palo Santo Halter zu kaufen. Unsere Masse benutzerdefinierte Keramik Wachsschmelzer ist mit einem hochwertigen Keramik-Material gefertigt. Dieses stilvolle Accessoire ist ideal f\u00fcr die Verbrennung von Weihrauch, Salbei-B\u00fcndel, Smudge-Sticks, Palo Santo, oder einfach nur um einige nat\u00fcrliche Aromen zu verbreiten. Hochwertiges keramisches Material ist nicht nur effektiv bei der Verbreitung von duftenden nat\u00fcrlichen Aromen \u00fcber lange Zeitr\u00e4ume, sondern f\u00fcgt auch einen retro und eleganten Charme zu jedem Heim Raum.<\/p>\n<h2>Kundenspezifischer keramischer Wachsschmelzer Parameter:<\/h2>\n<table border=\"0\" width=\"476\" cellspacing=\"0\" cellpadding=\"0\">\n<tbody>\n<tr>\n<td width=\"187\" height=\"29\">Hersteller<\/td>\n<td width=\"289\">JINHUA<\/td>\n<\/tr>\n<tr>\n<td height=\"29\">Modell Nr.<\/td>\n<td>JHC42<\/td>\n<\/tr>\n<tr>\n<td height=\"29\">Gestaltung<\/td>\n<td>Form des Schornsteins<\/td>\n<\/tr>\n<tr>\n<td height=\"29\">Material<\/td>\n<td>Keramik<\/td>\n<\/tr>\n<tr>\n<td height=\"29\">Farbe<\/td>\n<td width=\"289\">Orange<\/td>\n<\/tr>\n<tr>\n<td height=\"29\">Benutzerdefiniert<\/td>\n<td>Farbe\/Gr\u00f6\u00dfe\/Logo\/Verpackung<\/td>\n<\/tr>\n<tr>\n<td height=\"29\">MOQ<\/td>\n<td>500St\u00fcck<\/td>\n<\/tr>\n<tr>\n<td height=\"29\">Dimension<\/td>\n<td width=\"289\">11,9*10,9*9cm<\/td>\n<\/tr>\n<\/tbody>\n<\/table>","protected":false},"featured_media":2725,"comment_status":"open","ping_status":"closed","template":"","meta":{"_acf_changed":false},"certification":[66,58,65,61,60,62,57],"product_brand":[],"product_cat":[37,16],"product_tag":[],"class_list":{"0":"post-2078","1":"product","2":"type-product","3":"status-publish","4":"has-post-thumbnail","6":"certification-cnas","7":"certification-fda","8":"certification-iaf","9":"certification-iso-14001","10":"certification-iso-45001","11":"certification-iso-9001","12":"certification-lfgb","13":"product_cat-decorative-ceramic-wholesale","14":"product_cat-ceramic-candle-holder","16":"first","17":"instock","18":"shipping-taxable","19":"product-type-simple"},"acf":[],"_links":{"self":[{"href":"https:\/\/www.linkceramics.com\/de\/wp-json\/wp\/v2\/product\/2078","targetHints":{"allow":["GET"]}}],"collection":[{"href":"https:\/\/www.linkceramics.com\/de\/wp-json\/wp\/v2\/product"}],"about":[{"href":"https:\/\/www.linkceramics.com\/de\/wp-json\/wp\/v2\/types\/product"}],"replies":[{"embeddable":true,"href":"https:\/\/www.linkceramics.com\/de\/wp-json\/wp\/v2\/comments?post=2078"}],"wp:featuredmedia":[{"embeddable":true,"href":"https:\/\/www.linkceramics.com\/de\/wp-json\/wp\/v2\/media\/2725"}],"wp:attachment":[{"href":"https:\/\/www.linkceramics.com\/de\/wp-json\/wp\/v2\/media?parent=2078"}],"wp:term":[{"taxonomy":"certification","embeddable":true,"href":"https:\/\/www.linkceramics.com\/de\/wp-json\/wp\/v2\/certification?post=2078"},{"taxonomy":"product_brand","embeddable":true,"href":"https:\/\/www.linkceramics.com\/de\/wp-json\/wp\/v2\/product_brand?post=2078"},{"taxonomy":"product_cat","embeddable":true,"href":"https:\/\/www.linkceramics.com\/de\/wp-json\/wp\/v2\/product_cat?post=2078"},{"taxonomy":"product_tag","embeddable":true,"href":"https:\/\/www.linkceramics.com\/de\/wp-json\/wp\/v2\/product_tag?post=2078"}],"curies":[{"name":"wp","href":"https:\/\/api.w.org\/{rel}","templated":true}]}}