{"id":2083,"date":"2025-04-21T02:30:26","date_gmt":"2025-04-21T02:30:26","guid":{"rendered":"https:\/\/www.linkceramics.com\/?post_type=product&#038;p=2083"},"modified":"2025-09-30T09:35:59","modified_gmt":"2025-09-30T09:35:59","slug":"bath-accessories-in-bulk","status":"publish","type":"product","link":"https:\/\/www.linkceramics.com\/de\/product\/bath-accessories-in-bulk\/","title":{"rendered":"4-teilige Luxus-Bad-Accessoires in Bulk, benutzerdefinierte Keramik-Bad-Sets"},"content":{"rendered":"<div class=\"wp-block-columns is-layout-flex wp-container-core-columns-is-layout-9d6595d7 wp-block-columns-is-layout-flex\">\n<div class=\"wp-block-column is-layout-flow wp-block-column-is-layout-flow\" style=\"flex-basis:50%\">\n<h3 class=\"wp-block-heading\">Bad-Accessoires in Bulk Eigenschaften:<\/h3>\n\n\n\n<p><strong>Stilvolles Design:<\/strong> Diese kundenspezifischen Keramik-Badezimmer-Sets sind haupts\u00e4chlich wei\u00df, mit goldener Seidentextur und goldenen Pumps, die exquisit, aber nicht anspruchsvoll sind. Die vertikalen Streifen auf der Oberfl\u00e4che verst\u00e4rken das dreidimensionale Erscheinungsbild, das ein modisches und exquisites Gef\u00fchl in das Badezimmer bringen kann.<\/p>\n\n\n\n<p><strong>Hochwertiges keramisches Material: <\/strong>Unsere Badaccessoires in gro\u00dfen Mengen sind aus hochwertiger Keramik gefertigt, die schwer und robust, glatt und sanft ist, angenehm in der Hand liegt und nach langem Gebrauch nicht so leicht bricht.<\/p>\n\n\n\n<p><strong>Komplettes Set mit Badzubeh\u00f6r:<\/strong> Diese individuellen Keramiksets f\u00fcr das Badezimmer umfassen Zahnb\u00fcrstenhalter, Seifenspender, Aufbewahrungsgl\u00e4ser und Seifenschalen, die jeden Bedarf f\u00fcr regelm\u00e4\u00dfiges Waschen befriedigen und die verschiedenen Toilettenartikel so sortieren und gruppieren, dass das Badezimmer ordentlich und sauber bleibt.<\/p>\n\n\n\n<p><strong>Gro\u00dfhandel &amp; Personalisierung:<\/strong> Wir bieten Gro\u00dfhandelsrabatte f\u00fcr Gro\u00dfabnehmer, damit Sie Geld sparen k\u00f6nnen. Neben den Rabatten unterst\u00fctzen wir auch die individuelle Personalisierung. Ob ein Hotel, eine Wohnung oder ein luxuri\u00f6ses Haus, Sie k\u00f6nnen Ihre speziellen Bad-Accessoires in der Masse anpassen, um verschiedene Bed\u00fcrfnisse zu erf\u00fcllen.<\/p>\n\n\n\n<p><strong>Gr\u00fcn und sicher: <\/strong>Diese Bad-Accessoires in loser Sch\u00fcttung sind aus gr\u00fcnem keramischen Material, sicher und ungiftig, verursachen keinen Schaden und sorgen f\u00fcr die Gesundheit Ihrer Familie und Ihrer selbst.<\/p>\n<\/div>\n\n\n\n<div class=\"wp-block-column is-layout-flow wp-block-column-is-layout-flow\" style=\"flex-basis:50%\">\n<figure class=\"wp-block-image size-full\"><img decoding=\"async\" width=\"1600\" height=\"1600\" src=\"https:\/\/www.linkceramics.com\/wp-content\/uploads\/2025\/04\/4-piece-luxury-bath-accessories-in-bulk-custom-bathroom-set-1.webp\" alt=\"4-teiliges Luxus-Badezimmer-Zubeh\u00f6r-im-Gro\u00dfpack-individuelles-Badezimmer-Set-1\" class=\"wp-image-2697\" srcset=\"https:\/\/www.linkceramics.com\/wp-content\/uploads\/2025\/04\/4-piece-luxury-bath-accessories-in-bulk-custom-bathroom-set-1.webp 1600w, https:\/\/www.linkceramics.com\/wp-content\/uploads\/2025\/04\/4-piece-luxury-bath-accessories-in-bulk-custom-bathroom-set-1-300x300.webp 300w, https:\/\/www.linkceramics.com\/wp-content\/uploads\/2025\/04\/4-piece-luxury-bath-accessories-in-bulk-custom-bathroom-set-1-150x150.webp 150w, https:\/\/www.linkceramics.com\/wp-content\/uploads\/2025\/04\/4-piece-luxury-bath-accessories-in-bulk-custom-bathroom-set-1-768x768.webp 768w, https:\/\/www.linkceramics.com\/wp-content\/uploads\/2025\/04\/4-piece-luxury-bath-accessories-in-bulk-custom-bathroom-set-1-12x12.webp 12w, https:\/\/www.linkceramics.com\/wp-content\/uploads\/2025\/04\/4-piece-luxury-bath-accessories-in-bulk-custom-bathroom-set-1-1200x1200.webp 1200w, https:\/\/www.linkceramics.com\/wp-content\/uploads\/2025\/04\/4-piece-luxury-bath-accessories-in-bulk-custom-bathroom-set-1-600x600.webp 600w, https:\/\/www.linkceramics.com\/wp-content\/uploads\/2025\/04\/4-piece-luxury-bath-accessories-in-bulk-custom-bathroom-set-1-100x100.webp 100w\" sizes=\"(max-width: 1600px) 100vw, 1600px\" \/><\/figure>\n<\/div>\n<\/div>\n\n\n\n<p><\/p>","protected":false},"excerpt":{"rendered":"<p>Kundenspezifische Keramik-Badsets direkt von der Quelle. Diese 4-teiligen Badaccessoires in loser Sch\u00fcttung haben ein einfaches und stilvolles Design und umfassen voll funktionsf\u00e4hige Badaccessoires wie Seifenspender, Seifenschalen usw. Sie sind sowohl sch\u00f6n als auch praktisch und verleihen Haushalten und Hotels einen Hauch von Eleganz.<\/p>\n<h2>Bad-Accessoires in gro\u00dfen Mengen Parameter:<\/h2>\n<table border=\"0\" width=\"476\" cellspacing=\"0\" cellpadding=\"0\">\n<tbody>\n<tr>\n<td width=\"187\" height=\"29\">Hersteller<\/td>\n<td width=\"289\">JINHUA<\/td>\n<\/tr>\n<tr>\n<td height=\"29\">Modell Nr.<\/td>\n<td>JHB71<\/td>\n<\/tr>\n<tr>\n<td height=\"29\">Gestaltung<\/td>\n<td>4-teiliges Set<\/td>\n<\/tr>\n<tr>\n<td height=\"29\">Material<\/td>\n<td>Keramik<\/td>\n<\/tr>\n<tr>\n<td height=\"29\">Farbe<\/td>\n<td width=\"289\">Wei\u00df<\/td>\n<\/tr>\n<tr>\n<td height=\"29\">Benutzerdefiniert<\/td>\n<td>Farbe\/Gr\u00f6\u00dfe\/Logo\/Verpackung<\/td>\n<\/tr>\n<tr>\n<td height=\"29\">MOQ<\/td>\n<td>500 S\u00e4tze<\/td>\n<\/tr>\n<tr>\n<td height=\"145\">Dimension<\/td>\n<td width=\"289\">Seifenflasche: 8*8*17cm<br \/>Zahnb\u00fcrstenhalter: 8*8*11cm<br \/>Seifenschale: 14*10*3cm<br \/>Gef\u00e4\u00df: 10,5*10,5*10,5cm<\/td>\n<\/tr>\n<\/tbody>\n<\/table>","protected":false},"featured_media":2702,"comment_status":"open","ping_status":"closed","template":"","meta":{"_acf_changed":true},"certification":[63,64,66,58,65,61,60,62,57],"product_brand":[],"product_cat":[35,22],"product_tag":[],"class_list":{"0":"post-2083","1":"product","2":"type-product","3":"status-publish","4":"has-post-thumbnail","6":"certification-amfori","7":"certification-bsci","8":"certification-cnas","9":"certification-fda","10":"certification-iaf","11":"certification-iso-14001","12":"certification-iso-45001","13":"certification-iso-9001","14":"certification-lfgb","15":"product_cat-bathroom-ceramics-supply","16":"product_cat-ceramic-bathroom-set","18":"first","19":"instock","20":"shipping-taxable","21":"product-type-simple"},"acf":[],"_links":{"self":[{"href":"https:\/\/www.linkceramics.com\/de\/wp-json\/wp\/v2\/product\/2083","targetHints":{"allow":["GET"]}}],"collection":[{"href":"https:\/\/www.linkceramics.com\/de\/wp-json\/wp\/v2\/product"}],"about":[{"href":"https:\/\/www.linkceramics.com\/de\/wp-json\/wp\/v2\/types\/product"}],"replies":[{"embeddable":true,"href":"https:\/\/www.linkceramics.com\/de\/wp-json\/wp\/v2\/comments?post=2083"}],"wp:featuredmedia":[{"embeddable":true,"href":"https:\/\/www.linkceramics.com\/de\/wp-json\/wp\/v2\/media\/2702"}],"wp:attachment":[{"href":"https:\/\/www.linkceramics.com\/de\/wp-json\/wp\/v2\/media?parent=2083"}],"wp:term":[{"taxonomy":"certification","embeddable":true,"href":"https:\/\/www.linkceramics.com\/de\/wp-json\/wp\/v2\/certification?post=2083"},{"taxonomy":"product_brand","embeddable":true,"href":"https:\/\/www.linkceramics.com\/de\/wp-json\/wp\/v2\/product_brand?post=2083"},{"taxonomy":"product_cat","embeddable":true,"href":"https:\/\/www.linkceramics.com\/de\/wp-json\/wp\/v2\/product_cat?post=2083"},{"taxonomy":"product_tag","embeddable":true,"href":"https:\/\/www.linkceramics.com\/de\/wp-json\/wp\/v2\/product_tag?post=2083"}],"curies":[{"name":"wp","href":"https:\/\/api.w.org\/{rel}","templated":true}]}}