{"id":2103,"date":"2025-05-05T03:02:14","date_gmt":"2025-05-05T03:02:14","guid":{"rendered":"https:\/\/www.linkceramics.com\/?post_type=product&#038;p=2103"},"modified":"2025-09-30T07:22:59","modified_gmt":"2025-09-30T07:22:59","slug":"wholesale-ceramic-dessert-bowls","status":"publish","type":"product","link":"https:\/\/www.linkceramics.com\/de\/product\/wholesale-ceramic-dessert-bowls\/","title":{"rendered":"Kleine Gro\u00dfhandel Keramik Dessertschalen f\u00fcr Salat, Pudding"},"content":{"rendered":"<div class=\"wp-block-columns is-layout-flex wp-container-core-columns-is-layout-9d6595d7 wp-block-columns-is-layout-flex\">\n<div class=\"wp-block-column is-layout-flow wp-block-column-is-layout-flow\" style=\"flex-basis:50%\">\n<h3 class=\"wp-block-heading\">Gro\u00dfhandel Keramik Dessert Schalen Merkmale:<\/h3>\n\n\n\n<ul class=\"wp-block-list\">\n<li><strong>Reaktive Glasur, nat\u00fcrlich und einzigartig:<\/strong> Diese kleinen keramischen Dessertschalen f\u00fcr den Gro\u00dfhandel werden mit der traditionellen reaktiven Glasurtechnik gebrannt. Jedes St\u00fcck der Ware hat eine nat\u00fcrliche Glasur Farbwechsel und reiche Farbschichten, die so einzigartig wie ein Kunstwerk ist, zeigt die Sch\u00f6nheit der Handwerkskunst.<\/li>\n\n\n\n<li><strong>Vielf\u00e4ltige Sch\u00fcsselkombinationen, hohe Praktikabilit\u00e4t: <\/strong>Dazu geh\u00f6ren lose M\u00fcslischalen, Puddingschalen, Salatschalen und andere Gr\u00f6\u00dfen und Formen f\u00fcr unterschiedliche Ern\u00e4hrungsbed\u00fcrfnisse, geeignet f\u00fcr Fr\u00fchst\u00fcck, Desserts, Salate, Nudeln und andere Gerichte.<\/li>\n\n\n\n<li><strong>Lebensmittelsicherheit, bleifrei und ungiftig:<\/strong> Hergestellt aus gesunden und umweltfreundlichen Keramikmaterialien, frei von Blei und anderen giftigen Chemikalien, lebensmittelecht, mit glatter Glasur, nicht leicht mit \u00d6lflecken zu verschmutzen und leicht zu reinigen.<\/li>\n\n\n\n<li><strong>Orientalische \u00c4sthetik, moderne Verschmelzung: <\/strong>Diese Dessertschalen aus Keramik f\u00fcr den Gro\u00dfhandel zeichnen sich durch ihre schlichte und gro\u00dfz\u00fcgige Form aus, die traditionelle orientalische Handwerkskunst und moderne \u00c4sthetik nahtlos miteinander verbindet. Sie eignen sich f\u00fcr verschiedene Tischsituationen und werten das gesamte Esserlebnis auf.<\/li>\n<\/ul>\n<\/div>\n\n\n\n<div class=\"wp-block-column is-layout-flow wp-block-column-is-layout-flow\" style=\"flex-basis:50%\">\n<figure class=\"wp-block-image size-full\"><img decoding=\"async\" width=\"800\" height=\"800\" src=\"https:\/\/www.linkceramics.com\/wp-content\/uploads\/2025\/05\/small-wholesale-ceramic-dessert-bowls-for-salad-pudding-1.webp\" alt=\"klein-gro\u00dfhandel-keramik-dessert-schalen-f\u00fcr-salat-pudding-1\" class=\"wp-image-2675\" srcset=\"https:\/\/www.linkceramics.com\/wp-content\/uploads\/2025\/05\/small-wholesale-ceramic-dessert-bowls-for-salad-pudding-1.webp 800w, https:\/\/www.linkceramics.com\/wp-content\/uploads\/2025\/05\/small-wholesale-ceramic-dessert-bowls-for-salad-pudding-1-300x300.webp 300w, https:\/\/www.linkceramics.com\/wp-content\/uploads\/2025\/05\/small-wholesale-ceramic-dessert-bowls-for-salad-pudding-1-150x150.webp 150w, https:\/\/www.linkceramics.com\/wp-content\/uploads\/2025\/05\/small-wholesale-ceramic-dessert-bowls-for-salad-pudding-1-768x768.webp 768w, https:\/\/www.linkceramics.com\/wp-content\/uploads\/2025\/05\/small-wholesale-ceramic-dessert-bowls-for-salad-pudding-1-12x12.webp 12w, https:\/\/www.linkceramics.com\/wp-content\/uploads\/2025\/05\/small-wholesale-ceramic-dessert-bowls-for-salad-pudding-1-600x600.webp 600w, https:\/\/www.linkceramics.com\/wp-content\/uploads\/2025\/05\/small-wholesale-ceramic-dessert-bowls-for-salad-pudding-1-100x100.webp 100w\" sizes=\"(max-width: 800px) 100vw, 800px\" \/><\/figure>\n<\/div>\n<\/div>\n\n\n\n<p><\/p>","protected":false},"excerpt":{"rendered":"<p data-pm-slice=\"1 1 []\">Willkommen in unserem Gro\u00dfhandel Keramik Dessertschalen kaufen. Diese kleinen Keramiksch\u00fcsseln Gro\u00dfhandel sind mit reaktiven glasierten Technologie gebrannt, mit nat\u00fcrlichen und satten Farben und einem einzigartigen Charme. Die Kombination von verschiedenen Sch\u00fcsselformen ist praktisch und sch\u00f6n, geeignet f\u00fcr Fr\u00fchst\u00fcck, Desserts, Salate und andere Essensszenen.<\/p>\n<h2>Gro\u00dfhandel keramische Dessertschalen Parameter:<\/h2>\n<table border=\"0\" width=\"654\" cellspacing=\"0\" cellpadding=\"0\">\n<tbody>\n<tr>\n<td width=\"254\" height=\"33\">Hersteller<\/td>\n<td width=\"400\">Yongjian<\/td>\n<\/tr>\n<tr>\n<td height=\"33\">Modell Nr.<\/td>\n<td width=\"400\">YJ-121<\/td>\n<\/tr>\n<tr>\n<td height=\"33\">Produkttyp<\/td>\n<td>Servier- und Salatsch\u00fcsseln<\/td>\n<\/tr>\n<tr>\n<td height=\"33\">Material<\/td>\n<td>Porzellan<\/td>\n<\/tr>\n<tr>\n<td height=\"33\">Farbe<\/td>\n<td>Als Bild<\/td>\n<\/tr>\n<tr>\n<td height=\"66\">Dimension<\/td>\n<td width=\"400\">15.4*15.4*4.2cm 18*18*2.3cm<\/td>\n<\/tr>\n<tr>\n<td height=\"33\">MOQ<\/td>\n<td>500St\u00fcck<\/td>\n<\/tr>\n<tr>\n<td height=\"33\">Benutzerdefiniert<\/td>\n<td>Farbe\/Gr\u00f6\u00dfe\/Logo\/Verpackung<\/td>\n<\/tr>\n<\/tbody>\n<\/table>","protected":false},"featured_media":2676,"comment_status":"open","ping_status":"closed","template":"","meta":{"_acf_changed":false},"certification":[63,64,66,58,65,61,60,62,57],"product_brand":[],"product_cat":[34,18],"product_tag":[],"class_list":{"0":"post-2103","1":"product","2":"type-product","3":"status-publish","4":"has-post-thumbnail","6":"certification-amfori","7":"certification-bsci","8":"certification-cnas","9":"certification-fda","10":"certification-iaf","11":"certification-iso-14001","12":"certification-iso-45001","13":"certification-iso-9001","14":"certification-lfgb","15":"product_cat-custom-household-ceramics","16":"product_cat-ceramic-tableware-wholesale","18":"first","19":"instock","20":"shipping-taxable","21":"product-type-simple"},"acf":[],"_links":{"self":[{"href":"https:\/\/www.linkceramics.com\/de\/wp-json\/wp\/v2\/product\/2103","targetHints":{"allow":["GET"]}}],"collection":[{"href":"https:\/\/www.linkceramics.com\/de\/wp-json\/wp\/v2\/product"}],"about":[{"href":"https:\/\/www.linkceramics.com\/de\/wp-json\/wp\/v2\/types\/product"}],"replies":[{"embeddable":true,"href":"https:\/\/www.linkceramics.com\/de\/wp-json\/wp\/v2\/comments?post=2103"}],"wp:featuredmedia":[{"embeddable":true,"href":"https:\/\/www.linkceramics.com\/de\/wp-json\/wp\/v2\/media\/2676"}],"wp:attachment":[{"href":"https:\/\/www.linkceramics.com\/de\/wp-json\/wp\/v2\/media?parent=2103"}],"wp:term":[{"taxonomy":"certification","embeddable":true,"href":"https:\/\/www.linkceramics.com\/de\/wp-json\/wp\/v2\/certification?post=2103"},{"taxonomy":"product_brand","embeddable":true,"href":"https:\/\/www.linkceramics.com\/de\/wp-json\/wp\/v2\/product_brand?post=2103"},{"taxonomy":"product_cat","embeddable":true,"href":"https:\/\/www.linkceramics.com\/de\/wp-json\/wp\/v2\/product_cat?post=2103"},{"taxonomy":"product_tag","embeddable":true,"href":"https:\/\/www.linkceramics.com\/de\/wp-json\/wp\/v2\/product_tag?post=2103"}],"curies":[{"name":"wp","href":"https:\/\/api.w.org\/{rel}","templated":true}]}}