{"id":2107,"date":"2025-05-12T03:01:37","date_gmt":"2025-05-12T03:01:37","guid":{"rendered":"https:\/\/www.linkceramics.com\/?post_type=product&#038;p=2107"},"modified":"2025-09-30T06:46:34","modified_gmt":"2025-09-30T06:46:34","slug":"custom-ceramic-tableware-set","status":"publish","type":"product","link":"https:\/\/www.linkceramics.com\/de\/product\/custom-ceramic-tableware-set\/","title":{"rendered":"Individuelles Keramik-Geschirr-Set, niedliches Alltagsgeschirr in gro\u00dfen Mengen"},"content":{"rendered":"<div class=\"wp-block-columns is-layout-flex wp-container-core-columns-is-layout-9d6595d7 wp-block-columns-is-layout-flex\">\n<div class=\"wp-block-column is-layout-flow wp-block-column-is-layout-flow\" style=\"flex-basis:50%\">\n<h3 class=\"wp-block-heading\">Individuelles Keramik-Geschirr-Set Merkmale:<\/h3>\n\n\n\n<p>Exquisite Cartoon-Illustration Design: Die benutzerdefinierte Keramik-Geschirr-Set mit handgezeichneten Charakter-Illustrationen, weich und romantischen Stil, kombiniert mit einem niedlichen Farbe Fleck Hintergrund, kann die Atmosph\u00e4re des Essens zu verbessern<\/p>\n\n\n\n<p><strong>Komplettes Geschirrset:<\/strong> Dieses ungiftige Alltagsgeschirr in gro\u00dfen Mengen umfasst Teller, Teekanne, Kaffeetassen, Milchk\u00e4nnchen, Zuckerdose und vieles mehr - perfekt f\u00fcr das Fr\u00fchst\u00fcck, den Nachmittagstee und das t\u00e4gliche Essen.<\/p>\n\n\n\n<p><strong>Vielseitig einsetzbar:<\/strong> Das individuell gestaltete Keramikgeschirr eignet sich f\u00fcr den Hausgebrauch, Caf\u00e9s, Dessertshops und zum Verschenken und verbindet Sch\u00f6nheit und Zweckm\u00e4\u00dfigkeit.<\/p>\n\n\n\n<p><strong>OEM\/ODM-Dienstleistung:<\/strong> Wir k\u00f6nnen je nach Kundenwunsch Markenlogos, exklusive Muster oder weihnachtliche Illustrationen entwerfen, um den Wiedererkennungswert des Geschirrs zu erh\u00f6hen.<\/p>\n\n\n\n<p><strong>Gutes keramisches Material: <\/strong>Das kundenspezifische Keramikgeschirrset verwendet gute Keramik, um jedes Geschirrteil robust und langlebig zu machen, mit verbesserter Hitzebest\u00e4ndigkeit und Sturzfestigkeit, ideal f\u00fcr den t\u00e4glichen Gebrauch.<\/p>\n\n\n\n<p><strong>Universelle Verwendung:<\/strong> Diese Cartoon niedlichen Gro\u00dfhandel allt\u00e4glichen Geschirr ist eine Mikrowelle, Backofen oder Induktionsherd; sie k\u00f6nnen sicher unter verschiedenen Bedingungen Kochen, die bequem und zeitsparend ist verwendet werden.<\/p>\n<\/div>\n\n\n\n<div class=\"wp-block-column is-layout-flow wp-block-column-is-layout-flow\" style=\"flex-basis:50%\">\n<figure class=\"wp-block-image size-full\"><img decoding=\"async\" width=\"700\" height=\"700\" src=\"https:\/\/www.linkceramics.com\/wp-content\/uploads\/2025\/05\/custom-ceramic-tableware-set-cute-everyday-tableware-bulk-1.webp\" alt=\"kundenspezifisches-keramisches-geschirr-set-geschnittenes-alltagsgeschirr-bulk-1\" class=\"wp-image-2671\" srcset=\"https:\/\/www.linkceramics.com\/wp-content\/uploads\/2025\/05\/custom-ceramic-tableware-set-cute-everyday-tableware-bulk-1.webp 700w, https:\/\/www.linkceramics.com\/wp-content\/uploads\/2025\/05\/custom-ceramic-tableware-set-cute-everyday-tableware-bulk-1-300x300.webp 300w, https:\/\/www.linkceramics.com\/wp-content\/uploads\/2025\/05\/custom-ceramic-tableware-set-cute-everyday-tableware-bulk-1-150x150.webp 150w, https:\/\/www.linkceramics.com\/wp-content\/uploads\/2025\/05\/custom-ceramic-tableware-set-cute-everyday-tableware-bulk-1-12x12.webp 12w, https:\/\/www.linkceramics.com\/wp-content\/uploads\/2025\/05\/custom-ceramic-tableware-set-cute-everyday-tableware-bulk-1-600x600.webp 600w, https:\/\/www.linkceramics.com\/wp-content\/uploads\/2025\/05\/custom-ceramic-tableware-set-cute-everyday-tableware-bulk-1-100x100.webp 100w\" sizes=\"(max-width: 700px) 100vw, 700px\" \/><\/figure>\n<\/div>\n<\/div>\n\n\n\n<p><\/p>","protected":false},"excerpt":{"rendered":"<p>Willkommen zum Kauf unserer benutzerdefinierten Keramik-Geschirr-Set, \u00e4sthetische Cartoon-Charakter Illustrationen Stil, mehrere Farben und Kombinationen, hohe Qualit\u00e4t und langlebig, perfekt f\u00fcr zu Hause, Caf\u00e9, und Geschenk verwenden. Lianyuan bietet eine Vielzahl von Gr\u00f6\u00dfen und ein komplettes Geschirrset an und unterst\u00fctzt OEM &amp; ODM. Kontaktieren Sie uns jetzt f\u00fcr ein Angebot!<\/p>\n<h2>Keramik-Geschirr-Set Parameter:<\/h2>\n<table border=\"0\" width=\"618\" cellspacing=\"0\" cellpadding=\"0\">\n<tbody>\n<tr>\n<td width=\"180\" height=\"26\">Hersteller<\/td>\n<td width=\"438\">Lianyuan<\/td>\n<\/tr>\n<tr>\n<td height=\"26\">Produkttyp<\/td>\n<td>Speiseteller und -schalen, Teeservice, Kuchenst\u00e4nder, Dessertteller, Zuckerdosen, Tabletts,<\/td>\n<\/tr>\n<tr>\n<td height=\"26\">Muster<\/td>\n<td>Modischer Stil<\/td>\n<\/tr>\n<tr>\n<td height=\"26\">Farbe<\/td>\n<td>Multi<\/td>\n<\/tr>\n<tr>\n<td height=\"26\">Material<\/td>\n<td>Dauerhaftes Porzellan<\/td>\n<\/tr>\n<tr>\n<td height=\"26\">Handwerkliches K\u00f6nnen<\/td>\n<td>In-Glasur-Abziehbild<\/td>\n<\/tr>\n<tr>\n<td height=\"26\">Anmeldung<\/td>\n<td>Mikrowellen- und sp\u00fclmaschinenfest, ofenfest<\/td>\n<\/tr>\n<tr>\n<td height=\"26\">Benutzerdefiniert<\/td>\n<td>Farbe\/Gr\u00f6\u00dfe\/Logo\/Verpackung<\/td>\n<\/tr>\n<\/tbody>\n<\/table>","protected":false},"featured_media":2671,"comment_status":"open","ping_status":"closed","template":"","meta":{"_acf_changed":false},"certification":[66,58,65,61,60,62,57],"product_brand":[],"product_cat":[34,18],"product_tag":[],"class_list":{"0":"post-2107","1":"product","2":"type-product","3":"status-publish","4":"has-post-thumbnail","6":"certification-cnas","7":"certification-fda","8":"certification-iaf","9":"certification-iso-14001","10":"certification-iso-45001","11":"certification-iso-9001","12":"certification-lfgb","13":"product_cat-custom-household-ceramics","14":"product_cat-ceramic-tableware-wholesale","16":"first","17":"instock","18":"shipping-taxable","19":"product-type-simple"},"acf":[],"_links":{"self":[{"href":"https:\/\/www.linkceramics.com\/de\/wp-json\/wp\/v2\/product\/2107","targetHints":{"allow":["GET"]}}],"collection":[{"href":"https:\/\/www.linkceramics.com\/de\/wp-json\/wp\/v2\/product"}],"about":[{"href":"https:\/\/www.linkceramics.com\/de\/wp-json\/wp\/v2\/types\/product"}],"replies":[{"embeddable":true,"href":"https:\/\/www.linkceramics.com\/de\/wp-json\/wp\/v2\/comments?post=2107"}],"wp:featuredmedia":[{"embeddable":true,"href":"https:\/\/www.linkceramics.com\/de\/wp-json\/wp\/v2\/media\/2671"}],"wp:attachment":[{"href":"https:\/\/www.linkceramics.com\/de\/wp-json\/wp\/v2\/media?parent=2107"}],"wp:term":[{"taxonomy":"certification","embeddable":true,"href":"https:\/\/www.linkceramics.com\/de\/wp-json\/wp\/v2\/certification?post=2107"},{"taxonomy":"product_brand","embeddable":true,"href":"https:\/\/www.linkceramics.com\/de\/wp-json\/wp\/v2\/product_brand?post=2107"},{"taxonomy":"product_cat","embeddable":true,"href":"https:\/\/www.linkceramics.com\/de\/wp-json\/wp\/v2\/product_cat?post=2107"},{"taxonomy":"product_tag","embeddable":true,"href":"https:\/\/www.linkceramics.com\/de\/wp-json\/wp\/v2\/product_tag?post=2107"}],"curies":[{"name":"wp","href":"https:\/\/api.w.org\/{rel}","templated":true}]}}